{"id":8106,"date":"2023-08-29T20:00:25","date_gmt":"2023-08-29T18:00:25","guid":{"rendered":"https:\/\/berdoalutechnic.hu\/?page_id=8106"},"modified":"2024-07-13T11:04:17","modified_gmt":"2024-07-13T09:04:17","slug":"o-nama","status":"publish","type":"page","link":"https:\/\/berdoalutechnic.hu\/hr\/o-nama\/","title":{"rendered":"O nama"},"content":{"rendered":"<div id='av-layout-grid-1'  class='av-layout-grid-container av-gyhth-582043bc032b02085970e83050b086c8 entry-content-wrapper socket_color av-flex-cells  avia-builder-el-0  el_before_av_section  avia-builder-el-first   container_wrap fullsize'  >\n<div class='flex_cell av-350cud-b278a0d3d714af88ee79b85c1016a751 av-gridrow-cell av_one_full no_margin  avia-builder-el-1  avia-builder-el-no-sibling '  ><div class='flex_cell_inner'>\n<style type=\"text\/css\" data-created_by=\"avia_inline_auto\" id=\"style-css-av-lmg3813u-a0c50c286e2eed7016cbd2c2702caf17\">\n#top .av-special-heading.av-lmg3813u-a0c50c286e2eed7016cbd2c2702caf17{\npadding-bottom:10px;\n}\nbody .av-special-heading.av-lmg3813u-a0c50c286e2eed7016cbd2c2702caf17 .av-special-heading-tag .heading-char{\nfont-size:25px;\n}\n.av-special-heading.av-lmg3813u-a0c50c286e2eed7016cbd2c2702caf17 .av-subheading{\nfont-size:15px;\n}\n<\/style>\n<div  class='av-special-heading av-lmg3813u-a0c50c286e2eed7016cbd2c2702caf17 av-special-heading-h1 blockquote modern-quote modern-centered  avia-builder-el-2  avia-builder-el-no-sibling '><h1 class='av-special-heading-tag'  itemprop=\"headline\"  >O nama<\/h1><div class=\"special-heading-border\"><div class=\"special-heading-inner-border\"><\/div><\/div><\/div>\n<\/div><\/div><\/div><div id='av_section_1'  class='avia-section av-lmg3b1ep-7ef4481a94bd814963534e945b06e864 main_color avia-section-default avia-no-border-styling  avia-builder-el-3  el_after_av_layout_row  el_before_av_section  avia-bg-style-scroll container_wrap fullsize'  ><div class='container av-section-cont-open' ><div class='template-page content  av-content-full alpha units'><div class='post-entry post-entry-type-page post-entry-8106'><div class='entry-content-wrapper clearfix'>\n<div  class='flex_column av-48d3xh-1a54df0f1e47deb2d2b5ea4fc270e31e av_one_half  avia-builder-el-4  el_before_av_one_half  avia-builder-el-first  first flex_column_div  '     ><p>\n<style type=\"text\/css\" data-created_by=\"avia_inline_auto\" id=\"style-css-av-14fvjs5-939f81aa82efeb520f0fe6f8fdd3eee7\">\n#top .av-special-heading.av-14fvjs5-939f81aa82efeb520f0fe6f8fdd3eee7{\nmargin:10px 0 0 0;\npadding-bottom:0;\ncolor:#08001a;\n}\nbody .av-special-heading.av-14fvjs5-939f81aa82efeb520f0fe6f8fdd3eee7 .av-special-heading-tag .heading-char{\nfont-size:25px;\n}\n#top #wrap_all .av-special-heading.av-14fvjs5-939f81aa82efeb520f0fe6f8fdd3eee7 .av-special-heading-tag{\npadding:0 0 0 0;\n}\n.av-special-heading.av-14fvjs5-939f81aa82efeb520f0fe6f8fdd3eee7 .special-heading-inner-border{\nborder-color:#08001a;\n}\n.av-special-heading.av-14fvjs5-939f81aa82efeb520f0fe6f8fdd3eee7 .av-subheading{\nfont-size:15px;\n}\n<\/style>\n<div  class='av-special-heading av-14fvjs5-939f81aa82efeb520f0fe6f8fdd3eee7 av-special-heading-h3 custom-color-heading blockquote modern-quote  avia-builder-el-5  el_before_av_hr  avia-builder-el-first '><h3 class='av-special-heading-tag'  itemprop=\"headline\"  >Berdo Alutechnic: Visoka kvaliteta i tri desetlje\u0107a iskustva<\/h3><div class=\"special-heading-border\"><div class=\"special-heading-inner-border\"><\/div><\/div><\/div><br \/>\n\n<style type=\"text\/css\" data-created_by=\"avia_inline_auto\" id=\"style-css-av-129weol-ce5a6aa4c8f0d1dc271425d909db30e1\">\n#top .hr.av-129weol-ce5a6aa4c8f0d1dc271425d909db30e1{\nmargin-top:10px;\nmargin-bottom:10px;\n}\n.hr.av-129weol-ce5a6aa4c8f0d1dc271425d909db30e1 .hr-inner{\nwidth:50px;\nborder-color:#066cff;\n}\n<\/style>\n<div  class='hr av-129weol-ce5a6aa4c8f0d1dc271425d909db30e1 hr-custom  avia-builder-el-6  el_after_av_heading  el_before_av_textblock  hr-left hr-icon-no'><span class='hr-inner inner-border-av-border-fat'><span class=\"hr-inner-style\"><\/span><\/span><\/div><br \/>\n<section  class='av_textblock_section av-lmg3cy2p-747b42167774aae6463177f2f864be88 '   itemscope=\"itemscope\" itemtype=\"https:\/\/schema.org\/CreativeWork\" ><div class='avia_textblock'  itemprop=\"text\" ><p>Dobrodo\u0161li na slu\u017ebenu web stranicu na\u0161e tvrtke, mjesto na kojem se susre\u0107u pouzdanost i kvaliteta na podru\u010dju sjenila. Na\u0161a tvrtka, koju je 1991. godine osnovao J\u00f3zsef Berd\u00f3, kao izvanredan igra\u010d u ma\u0111arskoj povijesti sjenila ponosno gleda na svoju na svoju 30-godi\u0161nju povijest. Kao tvrtka krenuli smo od jedne maloprodaje, a od 2001. godine tvrtka djeluje isklju\u010divo na podru\u010dju veleprodaje.<\/p>\n<\/div><\/section><br \/>\n<section  class='av_textblock_section av-29w8rp-4179967e0601b653efcd830331cc49d2 '   itemscope=\"itemscope\" itemtype=\"https:\/\/schema.org\/CreativeWork\" ><div class='avia_textblock'  itemprop=\"text\" ><p><strong><span class=\"HwtZe\" lang=\"hr\"><span class=\"jCAhz JxVs2d ChMk0b\"><span class=\"ryNqvb\">Od oca do sina<\/span><\/span><\/span><\/strong><\/p>\n<p>Upravljanje tvrtkom se usko vezuje uz obitelsku tradiciju. Osniva\u010d J\u00f3zsef Berd\u00f3, kao iskusan poduzetnik i voditelj tvrtke je stvorio temelje. Od po\u010detka 2010-ih godina tvrtkom upravlja ve\u0107 i durga generacija stoga se tvrtka neprestano prilago\u0111ava i razvija novim izazovima. Tre\u0107a generacija prisutna je u \u017eivotu tvrtke od 2019 godine, dok najmla\u0111i \u010dlan obitelji svojim radom podr\u017eava BERDO Alutechnic od 2022 godine.<\/p>\n<p>Ova dugoro\u010dna obiteljska predanosti kontinuirani prijenos znanja novim generacijama stvara dinamiku koja je rijetka i posebna u poduzetni\u010dkom okru\u017eenju. Tvrtka ne samo da \u010duva obiteljsku tradiciju, ve\u0107 je sve sna\u017enije spaja sa svje\u017eim razmi\u0161ljanjem i inovativnim idejama novih generacija.<\/p>\n<p>Rad novih generacija ja\u010da prilagodljivost tvrtke i poma\u017ee da tvrtka ostane konkurentna u dinami\u010dnom poslovnom okru\u017eenju. Takva dugoro\u010dna i vi\u0161erazinska generacijska prisutnost ima jedinstvenu i izvanrednu vrijednost.<\/p>\n<\/div><\/section><\/p><\/div><div  class='flex_column av-10uk76t-1122e36cd15058215e2d5377bf6c549b av_one_half  avia-builder-el-9  el_after_av_one_half  avia-builder-el-last  flex_column_div  '     ><p>\n<style type=\"text\/css\" data-created_by=\"avia_inline_auto\" id=\"style-css-av-lmg3haua-95c15fa00ea109e3c1dee269bcb321c5\">\n#top .hr.hr-invisible.av-lmg3haua-95c15fa00ea109e3c1dee269bcb321c5{\nheight:40px;\n}\n<\/style>\n<div  class='hr av-lmg3haua-95c15fa00ea109e3c1dee269bcb321c5 hr-invisible  avia-builder-el-10  el_before_av_image  avia-builder-el-first '><span class='hr-inner '><span class=\"hr-inner-style\"><\/span><\/span><\/div><br \/>\n\n<style type=\"text\/css\" data-created_by=\"avia_inline_auto\" id=\"style-css-av-lmg3grt6-bb0d2935e9ad8fb977fe022866e9d832\">\n.avia-image-container.av-lmg3grt6-bb0d2935e9ad8fb977fe022866e9d832 img.avia_image{\nbox-shadow:none;\n}\n.avia-image-container.av-lmg3grt6-bb0d2935e9ad8fb977fe022866e9d832 .av-image-caption-overlay-center{\ncolor:#ffffff;\n}\n<\/style>\n<div  class='avia-image-container av-lmg3grt6-bb0d2935e9ad8fb977fe022866e9d832 av-styling- avia-align-center  avia-builder-el-11  el_after_av_hr  el_before_av_textblock '   itemprop=\"image\" itemscope=\"itemscope\" itemtype=\"https:\/\/schema.org\/ImageObject\" ><div class=\"avia-image-container-inner\"><div class=\"avia-image-overlay-wrap\"><img decoding=\"async\" class='wp-image-6017 avia-img-lazy-loading-not-6017 avia_image ' src=\"https:\/\/berdoalutechnic.hu\/wp-content\/uploads\/kesztermekek.jpeg\" alt='' title='kesztermekek'  height=\"616\" width=\"954\"  itemprop=\"thumbnailUrl\" srcset=\"https:\/\/berdoalutechnic.hu\/wp-content\/uploads\/kesztermekek.jpeg 954w, https:\/\/berdoalutechnic.hu\/wp-content\/uploads\/kesztermekek-300x194.jpeg 300w, https:\/\/berdoalutechnic.hu\/wp-content\/uploads\/kesztermekek-768x496.jpeg 768w, https:\/\/berdoalutechnic.hu\/wp-content\/uploads\/kesztermekek-705x455.jpeg 705w, https:\/\/berdoalutechnic.hu\/wp-content\/uploads\/kesztermekek-450x291.jpeg 450w, https:\/\/berdoalutechnic.hu\/wp-content\/uploads\/kesztermekek-600x387.jpeg 600w\" sizes=\"(max-width: 954px) 100vw, 954px\" \/><\/div><\/div><\/div><br \/>\n<section  class='av_textblock_section av-lmg3d1z7-4a9926ab8e1fba682bdbf49be07d6589 '   itemscope=\"itemscope\" itemtype=\"https:\/\/schema.org\/CreativeWork\" ><div class='avia_textblock'  itemprop=\"text\" ><p><strong>\u0160irok asortiman i visoka kvaliteta<\/strong><\/p>\n<p>Distribucija vanjskih i unutarnjih sustava sjenila po narud\u017ebi jedinstvenih veli\u010dina su jedna od perjanica na\u0161e tvrtke. Uspostavili smo uspje\u0161nu suradnju s mnogim velikim tvrtkama diljem Europe stoga na\u0161im kupcima mo\u017eemo ponuditi visokokvalitetne proizvode.<\/p>\n<p><strong>Inovativnost i fleksibilnost<\/strong><\/p>\n<p>Berdo Alutechnic razvija,\u00a0proizvodi i prodaje vlastite i jedinstvene sustave roleta i komarnika.\u00a0 Na\u0161e poslovanje karakterizira inovativnost i fleksibilnost.<\/p>\n<\/div><\/section><br \/>\n<section  class='av_textblock_section av-lq0k0mgm-9b7dd4cdf244c4acd5d833ddb83a01ca '   itemscope=\"itemscope\" itemtype=\"https:\/\/schema.org\/CreativeWork\" ><div class='avia_textblock'  itemprop=\"text\" ><p>Zahvaljuju\u0107i tome, da Berdo Alutechnic pored kontinuiranog razvoja i izvrsnosti smatra va\u017enim i kontinuirano obnavljanje i inovacije, na\u0161i partneri mogu nas odabrati s povjerenjem, znaju\u0107i da iza na\u0161ih proizvoda i uslga stoji tri desetlje\u0107a iskustva i obiteljska predanost.<\/p>\n<\/div><\/section><\/p><\/div><\/div><\/div><\/div><!-- close content main div --><\/div><\/div><div id='av_section_2'  class='avia-section av-z0pnol-f70b02fd3ca6d3174daa6d15fe1c67f0 alternate_color avia-section-default avia-no-border-styling  avia-builder-el-14  el_after_av_section  avia-builder-el-last  avia-bg-style-scroll container_wrap fullsize'  ><div class='container av-section-cont-open' ><div class='template-page content  av-content-full alpha units'><div class='post-entry post-entry-type-page post-entry-8106'><div class='entry-content-wrapper clearfix'>\n<div  class='flex_column av-3bphed-26fdd2f1b452c63eeeae8ded2f5b9f2f av_one_full  avia-builder-el-15  el_before_av_one_full  avia-builder-el-first  first flex_column_div  '     ><p>\n<style type=\"text\/css\" data-created_by=\"avia_inline_auto\" id=\"style-css-av-lmg3bjz3-72e5bc2293d431ffea54fdae0d373c1e\">\n#top .av-special-heading.av-lmg3bjz3-72e5bc2293d431ffea54fdae0d373c1e{\nmargin:10px 0 0 0;\npadding-bottom:0;\ncolor:#08001a;\n}\nbody .av-special-heading.av-lmg3bjz3-72e5bc2293d431ffea54fdae0d373c1e .av-special-heading-tag .heading-char{\nfont-size:25px;\n}\n#top #wrap_all .av-special-heading.av-lmg3bjz3-72e5bc2293d431ffea54fdae0d373c1e .av-special-heading-tag{\npadding:0 0 0 0;\n}\n.av-special-heading.av-lmg3bjz3-72e5bc2293d431ffea54fdae0d373c1e .special-heading-inner-border{\nborder-color:#08001a;\n}\n.av-special-heading.av-lmg3bjz3-72e5bc2293d431ffea54fdae0d373c1e .av-subheading{\nfont-size:15px;\n}\n<\/style>\n<div  class='av-special-heading av-lmg3bjz3-72e5bc2293d431ffea54fdae0d373c1e av-special-heading-h3 custom-color-heading blockquote modern-quote  avia-builder-el-16  el_before_av_hr  avia-builder-el-first '><h3 class='av-special-heading-tag'  itemprop=\"headline\"  >Na\u0161a povijest<\/h3><div class=\"special-heading-border\"><div class=\"special-heading-inner-border\"><\/div><\/div><\/div><br \/>\n\n<style type=\"text\/css\" data-created_by=\"avia_inline_auto\" id=\"style-css-av-vxy6at-d2a2c195f9a73fb1592f6abe668b0032\">\n#top .hr.av-vxy6at-d2a2c195f9a73fb1592f6abe668b0032{\nmargin-top:10px;\nmargin-bottom:10px;\n}\n.hr.av-vxy6at-d2a2c195f9a73fb1592f6abe668b0032 .hr-inner{\nwidth:50px;\nborder-color:#066cff;\n}\n<\/style>\n<div  class='hr av-vxy6at-d2a2c195f9a73fb1592f6abe668b0032 hr-custom  avia-builder-el-17  el_after_av_heading  avia-builder-el-last  hr-left hr-icon-no'><span class='hr-inner inner-border-av-border-fat'><span class=\"hr-inner-style\"><\/span><\/span><\/div><\/p><\/div>\n<style type=\"text\/css\" data-created_by=\"avia_inline_auto\" id=\"style-css-av-40vwkl-cd6139b1434412551c599d47da76721b\">\n.flex_column.av-40vwkl-cd6139b1434412551c599d47da76721b{\nwidth:100%;\n}\n<\/style>\n<div  class='flex_column av-40vwkl-cd6139b1434412551c599d47da76721b av_one_full  avia-builder-el-18  el_after_av_one_full  avia-builder-el-last  first flex_column_div  column-top-margin'     ><style type=\"text\/css\" data-created_by=\"avia_inline_auto\" id=\"style-css-av-lmg3fgah-fb54a2de59a065c81e676749f867634a\">\n.avia-timeline-container.av-lmg3fgah-fb54a2de59a065c81e676749f867634a .av-milestone-date{\ncolor:#066cff;\n}\n.avia-timeline-container.av-lmg3fgah-fb54a2de59a065c81e676749f867634a .av-milestone-title{\ncolor:#ffffff;\n}\n.avia-timeline-container.av-lmg3fgah-fb54a2de59a065c81e676749f867634a .av-milestone-content{\ncolor:#ffffff;\n}\n.avia-timeline-container.av-lmg3fgah-fb54a2de59a065c81e676749f867634a .av-milestone-contentbox{\nbackground-color:#11274d;\n}\n.avia-timeline-container.av-lmg3fgah-fb54a2de59a065c81e676749f867634a .av-milestone-icon-inner{\nbackground-color:#033a7d;\n}\n.avia-timeline-container.av-lmg3fgah-fb54a2de59a065c81e676749f867634a .av-milestone-indicator{\nbackground-color:#033a7d;\n}\n.avia-timeline-container.av-lmg3fgah-fb54a2de59a065c81e676749f867634a .av-milestone-article-footer{\nbackground-color:#033a7d;\n}\n<\/style>\n<div  id=\"avia-timeline-1\"  class='avia-timeline-container av-lmg3fgah-fb54a2de59a065c81e676749f867634a av-slideshow-ui  avia-builder-el-19  avia-builder-el-no-sibling ' ><ul class='avia-timeline avia-timeline-vertical av-milestone-placement-alternate avia-timeline-boxshadow avia_animate_when_almost_visible avia-timeline-animate'>\n<li  class='av-milestone av-vae9lx-172acb2922ae50b1bf8741fc0f572b60 av-animated-generic fade-in av-milestone-valign-baseline av-milestone-odd'><h2 class='av-milestone-date ' id='milestone-1991'><strong>1991<span class='av-milestone-indicator'><\/span><\/strong><\/h2><div class=\"av-milestone-icon-wrap\"><span class='av-milestone-icon milestone_icon avia-font-entypo-fontello'><span class='av-milestone-icon-inner milestone_inner'><i class='milestone-char' aria-hidden='true' data-av_icon='\ue8a8' data-av_iconfont='entypo-fontello'><\/i><\/span><\/span><\/div><article class='av-milestone-content-wrap'><div class='av-milestone-contentbox'><header class=\"entry-content-header\"><h4 class='av-milestone-title '>Godina osnivanja<\/h4><\/header><div class='av-milestone-content'><p>Tvrtku je osnovao J\u00f3zsef Berd\u00f3 1991 godine<\/p>\n<\/div><\/div><footer class='av-milestone-article-footer entry-footer'><\/footer><\/article><\/li>\n<li  class='av-milestone av-tg8d5h-768426f729682d5b7b25d61d765f8070 av-animated-generic fade-in av-milestone-valign-baseline av-milestone-even'><h2 class='av-milestone-date ' id='milestone-2001'><strong>2001<span class='av-milestone-indicator'><\/span><\/strong><\/h2><article class='av-milestone-content-wrap'><div class='av-milestone-contentbox'><header class=\"entry-content-header\"><h4 class='av-milestone-title '>Veleprodaja<\/h4><\/header><div class='av-milestone-content'><p>Od 2001. godine tvrtka djeluje isklju\u010divo na podru\u010dju veleprodaje<\/p>\n<\/div><\/div><footer class='av-milestone-article-footer entry-footer'><\/footer><\/article><div class=\"av-milestone-icon-wrap\"><span class='av-milestone-icon milestone_icon avia-font-entypo-fontello'><span class='av-milestone-icon-inner milestone_inner'><i class='milestone-char' aria-hidden='true' data-av_icon='\ue859' data-av_iconfont='entypo-fontello'><\/i><\/span><\/span><\/div><h2 class='av-milestone-date ' id='milestone-2001'><strong>2001<span class='av-milestone-indicator'><\/span><\/strong><\/h2><\/li>\n<li  class='av-milestone av-rg9245-7e8c94cb706606dcfe3e5cc33bc882f2 av-animated-generic fade-in av-milestone-valign-baseline av-milestone-odd'><h2 class='av-milestone-date ' id='milestone-2010'><strong>2010<span class='av-milestone-indicator'><\/span><\/strong><\/h2><div class=\"av-milestone-icon-wrap\"><span class='av-milestone-icon milestone_icon avia-font-entypo-fontello'><span class='av-milestone-icon-inner milestone_inner'><i class='milestone-char' aria-hidden='true' data-av_icon='\ue80b' data-av_iconfont='entypo-fontello'><\/i><\/span><\/span><\/div><article class='av-milestone-content-wrap'><div class='av-milestone-contentbox'><header class=\"entry-content-header\"><h4 class='av-milestone-title '>Druga generacija<\/h4><\/header><div class='av-milestone-content'><p>Od po\u010detka 2010-ih godina tvrtkom upravlja ve\u0107 i durga generacija<\/p>\n<\/div><\/div><footer class='av-milestone-article-footer entry-footer'><\/footer><\/article><\/li>\n<li  class='av-milestone av-lmg3ez1w-c2a7816997927d39def59f913f20d059 av-animated-generic fade-in av-milestone-valign-baseline av-milestone-even'><h2 class='av-milestone-date ' id='milestone-2019'><strong>2019<span class='av-milestone-indicator'><\/span><\/strong><\/h2><article class='av-milestone-content-wrap'><div class='av-milestone-contentbox'><header class=\"entry-content-header\"><h4 class='av-milestone-title '>Tre\u0107a generacija<\/h4><\/header><div class='av-milestone-content'><p>Tre\u0107a generacija prisutna je u \u017eivotu tvrtke od 2019 godine<\/p>\n<\/div><\/div><footer class='av-milestone-article-footer entry-footer'><\/footer><\/article><div class=\"av-milestone-icon-wrap\"><span class='av-milestone-icon milestone_icon avia-font-entypo-fontello'><span class='av-milestone-icon-inner milestone_inner'><i class='milestone-char' aria-hidden='true' data-av_icon='\ue80c' data-av_iconfont='entypo-fontello'><\/i><\/span><\/span><\/div><h2 class='av-milestone-date ' id='milestone-2019'><strong>2019<span class='av-milestone-indicator'><\/span><\/strong><\/h2><\/li>\n<li  class='av-milestone av-lmg3f7zg-01cf78f01fc5cca735b7a91e124e743f av-animated-generic fade-in av-milestone-valign-baseline av-milestone-odd'><h2 class='av-milestone-date ' id='milestone-2024'><strong>2024<span class='av-milestone-indicator'><\/span><\/strong><\/h2><div class=\"av-milestone-icon-wrap\"><span class='av-milestone-icon milestone_icon avia-font-entypo-fontello'><span class='av-milestone-icon-inner milestone_inner'><i class='milestone-char' aria-hidden='true' data-av_icon='\ue8b1' data-av_iconfont='entypo-fontello'><\/i><\/span><\/span><\/div><article class='av-milestone-content-wrap'><div class='av-milestone-contentbox'><header class=\"entry-content-header\"><h4 class='av-milestone-title '>Berdo Alutechnic<\/h4><\/header><div class='av-milestone-content'><\/div><\/div><footer class='av-milestone-article-footer entry-footer'><\/footer><\/article><\/li>\n<\/ul><\/div><\/div><\/p>\n","protected":false},"excerpt":{"rendered":"","protected":false},"author":1,"featured_media":0,"parent":0,"menu_order":0,"comment_status":"closed","ping_status":"closed","template":"","meta":{"_monsterinsights_skip_tracking":false,"_monsterinsights_sitenote_active":false,"_monsterinsights_sitenote_note":"","_monsterinsights_sitenote_category":0,"footnotes":""},"class_list":["post-8106","page","type-page","status-publish","hentry"],"yoast_head":"<!-- This site is optimized with the Yoast SEO Premium plugin v27.1 (Yoast SEO v27.1.1) - https:\/\/yoast.com\/product\/yoast-seo-premium-wordpress\/ -->\n<title>O nama - Berdo Alutechnic<\/title>\n<meta name=\"robots\" content=\"index, follow, max-snippet:-1, max-image-preview:large, max-video-preview:-1\" \/>\n<link rel=\"canonical\" href=\"https:\/\/berdoalutechnic.hu\/hr\/o-nama\/\" \/>\n<meta property=\"og:locale\" content=\"hr_HR\" \/>\n<meta property=\"og:type\" content=\"article\" \/>\n<meta property=\"og:title\" content=\"O nama\" \/>\n<meta property=\"og:url\" content=\"https:\/\/berdoalutechnic.hu\/hr\/o-nama\/\" \/>\n<meta property=\"og:site_name\" content=\"Berdo Alutechnic\" \/>\n<meta property=\"article:modified_time\" content=\"2024-07-13T09:04:17+00:00\" \/>\n<meta name=\"twitter:card\" content=\"summary_large_image\" \/>\n<meta name=\"twitter:label1\" content=\"Procijenjeno vrijeme \u010ditanja\" \/>\n\t<meta name=\"twitter:data1\" content=\"3 minute\" \/>\n<script type=\"application\/ld+json\" class=\"yoast-schema-graph\">{\"@context\":\"https:\/\/schema.org\",\"@graph\":[{\"@type\":\"WebPage\",\"@id\":\"https:\/\/berdoalutechnic.hu\/hr\/o-nama\/\",\"url\":\"https:\/\/berdoalutechnic.hu\/hr\/o-nama\/\",\"name\":\"O nama - Berdo Alutechnic\",\"isPartOf\":{\"@id\":\"https:\/\/berdoalutechnic.hu\/#website\"},\"datePublished\":\"2023-08-29T18:00:25+00:00\",\"dateModified\":\"2024-07-13T09:04:17+00:00\",\"breadcrumb\":{\"@id\":\"https:\/\/berdoalutechnic.hu\/hr\/o-nama\/#breadcrumb\"},\"inLanguage\":\"hr\",\"potentialAction\":[{\"@type\":\"ReadAction\",\"target\":[\"https:\/\/berdoalutechnic.hu\/hr\/o-nama\/\"]}]},{\"@type\":\"BreadcrumbList\",\"@id\":\"https:\/\/berdoalutechnic.hu\/hr\/o-nama\/#breadcrumb\",\"itemListElement\":[{\"@type\":\"ListItem\",\"position\":1,\"name\":\"Kezd\u0151lap\",\"item\":\"https:\/\/berdoalutechnic.hu\/hr\/naslovna-stranica\/\"},{\"@type\":\"ListItem\",\"position\":2,\"name\":\"O nama\"}]},{\"@type\":\"WebSite\",\"@id\":\"https:\/\/berdoalutechnic.hu\/#website\",\"url\":\"https:\/\/berdoalutechnic.hu\/\",\"name\":\"Berdo Alutechnic\",\"description\":\"\",\"publisher\":{\"@id\":\"https:\/\/berdoalutechnic.hu\/#organization\"},\"potentialAction\":[{\"@type\":\"SearchAction\",\"target\":{\"@type\":\"EntryPoint\",\"urlTemplate\":\"https:\/\/berdoalutechnic.hu\/?s={search_term_string}\"},\"query-input\":{\"@type\":\"PropertyValueSpecification\",\"valueRequired\":true,\"valueName\":\"search_term_string\"}}],\"inLanguage\":\"hr\"},{\"@type\":\"Organization\",\"@id\":\"https:\/\/berdoalutechnic.hu\/#organization\",\"name\":\"Berdo Alutechnic\",\"url\":\"https:\/\/berdoalutechnic.hu\/\",\"logo\":{\"@type\":\"ImageObject\",\"inLanguage\":\"hr\",\"@id\":\"https:\/\/berdoalutechnic.hu\/#\/schema\/logo\/image\/\",\"url\":\"https:\/\/berdoalutechnic.hu\/wp-content\/uploads\/BALogo_email_tiny.png\",\"contentUrl\":\"https:\/\/berdoalutechnic.hu\/wp-content\/uploads\/BALogo_email_tiny.png\",\"width\":338,\"height\":167,\"caption\":\"Berdo Alutechnic\"},\"image\":{\"@id\":\"https:\/\/berdoalutechnic.hu\/#\/schema\/logo\/image\/\"}}]}<\/script>\n<!-- \/ Yoast SEO Premium plugin. -->","yoast_head_json":{"title":"O nama - Berdo Alutechnic","robots":{"index":"index","follow":"follow","max-snippet":"max-snippet:-1","max-image-preview":"max-image-preview:large","max-video-preview":"max-video-preview:-1"},"canonical":"https:\/\/berdoalutechnic.hu\/hr\/o-nama\/","og_locale":"hr_HR","og_type":"article","og_title":"O nama","og_url":"https:\/\/berdoalutechnic.hu\/hr\/o-nama\/","og_site_name":"Berdo Alutechnic","article_modified_time":"2024-07-13T09:04:17+00:00","twitter_card":"summary_large_image","twitter_misc":{"Procijenjeno vrijeme \u010ditanja":"3 minute"},"schema":{"@context":"https:\/\/schema.org","@graph":[{"@type":"WebPage","@id":"https:\/\/berdoalutechnic.hu\/hr\/o-nama\/","url":"https:\/\/berdoalutechnic.hu\/hr\/o-nama\/","name":"O nama - Berdo Alutechnic","isPartOf":{"@id":"https:\/\/berdoalutechnic.hu\/#website"},"datePublished":"2023-08-29T18:00:25+00:00","dateModified":"2024-07-13T09:04:17+00:00","breadcrumb":{"@id":"https:\/\/berdoalutechnic.hu\/hr\/o-nama\/#breadcrumb"},"inLanguage":"hr","potentialAction":[{"@type":"ReadAction","target":["https:\/\/berdoalutechnic.hu\/hr\/o-nama\/"]}]},{"@type":"BreadcrumbList","@id":"https:\/\/berdoalutechnic.hu\/hr\/o-nama\/#breadcrumb","itemListElement":[{"@type":"ListItem","position":1,"name":"Kezd\u0151lap","item":"https:\/\/berdoalutechnic.hu\/hr\/naslovna-stranica\/"},{"@type":"ListItem","position":2,"name":"O nama"}]},{"@type":"WebSite","@id":"https:\/\/berdoalutechnic.hu\/#website","url":"https:\/\/berdoalutechnic.hu\/","name":"Berdo Alutechnic","description":"","publisher":{"@id":"https:\/\/berdoalutechnic.hu\/#organization"},"potentialAction":[{"@type":"SearchAction","target":{"@type":"EntryPoint","urlTemplate":"https:\/\/berdoalutechnic.hu\/?s={search_term_string}"},"query-input":{"@type":"PropertyValueSpecification","valueRequired":true,"valueName":"search_term_string"}}],"inLanguage":"hr"},{"@type":"Organization","@id":"https:\/\/berdoalutechnic.hu\/#organization","name":"Berdo Alutechnic","url":"https:\/\/berdoalutechnic.hu\/","logo":{"@type":"ImageObject","inLanguage":"hr","@id":"https:\/\/berdoalutechnic.hu\/#\/schema\/logo\/image\/","url":"https:\/\/berdoalutechnic.hu\/wp-content\/uploads\/BALogo_email_tiny.png","contentUrl":"https:\/\/berdoalutechnic.hu\/wp-content\/uploads\/BALogo_email_tiny.png","width":338,"height":167,"caption":"Berdo Alutechnic"},"image":{"@id":"https:\/\/berdoalutechnic.hu\/#\/schema\/logo\/image\/"}}]}},"_links":{"self":[{"href":"https:\/\/berdoalutechnic.hu\/hr\/wp-json\/wp\/v2\/pages\/8106","targetHints":{"allow":["GET"]}}],"collection":[{"href":"https:\/\/berdoalutechnic.hu\/hr\/wp-json\/wp\/v2\/pages"}],"about":[{"href":"https:\/\/berdoalutechnic.hu\/hr\/wp-json\/wp\/v2\/types\/page"}],"author":[{"embeddable":true,"href":"https:\/\/berdoalutechnic.hu\/hr\/wp-json\/wp\/v2\/users\/1"}],"replies":[{"embeddable":true,"href":"https:\/\/berdoalutechnic.hu\/hr\/wp-json\/wp\/v2\/comments?post=8106"}],"version-history":[{"count":2,"href":"https:\/\/berdoalutechnic.hu\/hr\/wp-json\/wp\/v2\/pages\/8106\/revisions"}],"predecessor-version":[{"id":8108,"href":"https:\/\/berdoalutechnic.hu\/hr\/wp-json\/wp\/v2\/pages\/8106\/revisions\/8108"}],"wp:attachment":[{"href":"https:\/\/berdoalutechnic.hu\/hr\/wp-json\/wp\/v2\/media?parent=8106"}],"curies":[{"name":"wp","href":"https:\/\/api.w.org\/{rel}","templated":true}]}}