{"id":8169,"date":"2024-02-11T12:38:34","date_gmt":"2024-02-11T11:38:34","guid":{"rendered":"https:\/\/berdoalutechnic.hu\/?page_id=8169"},"modified":"2024-07-13T12:21:47","modified_gmt":"2024-07-13T10:21:47","slug":"korisnicki-prirucnici","status":"publish","type":"page","link":"https:\/\/berdoalutechnic.hu\/hr\/sirovine-za-prozvodnju\/pomocni-dokumenti\/korisnicki-prirucnici\/","title":{"rendered":"Korisni\u010dki priru\u010dnici"},"content":{"rendered":"<div class='clear'><\/div><div id='sub_menu1'  class='av-submenu-container av-ay3qpc-29a0e9a35c0174370cf9d0e784fe5b50 main_color  avia-builder-el-0  el_before_av_one_full  avia-builder-el-first  av-sticky-submenu container_wrap fullsize' style='z-index:301' ><div class='container av-menu-mobile-disabled av-submenu-pos-center'><ul id=\"menu-alapanyagmenuhr\" class=\"av-subnav-menu\"><li role=\"menuitem\" id=\"menu-item-8190\" class=\"menu-item menu-item-type-post_type menu-item-object-page menu-item-top-level menu-item-top-level-1\"><a href=\"https:\/\/berdoalutechnic.hu\/hr\/sirovine-za-prozvodnju\/\" itemprop=\"url\" tabindex=\"0\"><span class=\"avia-bullet\"><\/span><span class=\"avia-menu-text\">Sirovine za prozvodnju<\/span><span class=\"avia-menu-fx\"><span class=\"avia-arrow-wrap\"><span class=\"avia-arrow\"><\/span><\/span><\/span><\/a><\/li>\n<li role=\"menuitem\" id=\"menu-item-8191\" class=\"menu-item menu-item-type-custom menu-item-object-custom menu-item-top-level menu-item-top-level-2\"><a target=\"_blank\" href=\"http:\/\/37.17.161.111\/hr\/\" itemprop=\"url\" tabindex=\"0\" rel=\"noopener\"><span class=\"avia-bullet\"><\/span><span class=\"avia-menu-text\">Dijelovi<\/span><span class=\"avia-menu-fx\"><span class=\"avia-arrow-wrap\"><span class=\"avia-arrow\"><\/span><\/span><\/span><\/a><\/li>\n<li role=\"menuitem\" id=\"menu-item-8192\" class=\"menu-item menu-item-type-post_type menu-item-object-page menu-item-top-level menu-item-top-level-3\"><a href=\"https:\/\/berdoalutechnic.hu\/hr\/sirovine-za-prozvodnju\/pomocni-dokumenti\/\" itemprop=\"url\" tabindex=\"0\"><span class=\"avia-bullet\"><\/span><span class=\"avia-menu-text\">Pomo\u0107ni dokumenti<\/span><span class=\"avia-menu-fx\"><span class=\"avia-arrow-wrap\"><span class=\"avia-arrow\"><\/span><\/span><\/span><\/a><\/li>\n<li role=\"menuitem\" id=\"menu-item-8193\" class=\"menu-item menu-item-type-post_type menu-item-object-page menu-item-top-level menu-item-top-level-4\"><a href=\"https:\/\/berdoalutechnic.hu\/hr\/sirovine-za-prozvodnju\/kontakt\/\" itemprop=\"url\" tabindex=\"0\"><span class=\"avia-bullet\"><\/span><span class=\"avia-menu-text\">Kontakt<\/span><span class=\"avia-menu-fx\"><span class=\"avia-arrow-wrap\"><span class=\"avia-arrow\"><\/span><\/span><\/span><\/a><\/li>\n<\/ul><\/div><\/div><div class='sticky_placeholder'><\/div><div id='after_submenu_1'  class='main_color av_default_container_wrap container_wrap fullsize'  ><div class='container av-section-cont-open' ><div class='template-page content  av-content-full alpha units'><div class='post-entry post-entry-type-page post-entry-8169'><div class='entry-content-wrapper clearfix'>\n<div  class='flex_column av-6b6840-c04f6e9284438df5aba6a7bc531216ef av_one_full  avia-builder-el-1  el_after_av_submenu  el_before_av_section  avia-builder-el-no-sibling  first flex_column_div  '     ><style type=\"text\/css\" data-created_by=\"avia_inline_auto\" id=\"style-css-av-lmgbejct-7eb8719d822e2ae461615f3bbe8170c1\">\n#top .av-special-heading.av-lmgbejct-7eb8719d822e2ae461615f3bbe8170c1{\nmargin:10px 0 0 0;\npadding-bottom:0;\n}\nbody .av-special-heading.av-lmgbejct-7eb8719d822e2ae461615f3bbe8170c1 .av-special-heading-tag .heading-char{\nfont-size:25px;\n}\n#top #wrap_all .av-special-heading.av-lmgbejct-7eb8719d822e2ae461615f3bbe8170c1 .av-special-heading-tag{\npadding:0 0 0 0;\n}\n.av-special-heading.av-lmgbejct-7eb8719d822e2ae461615f3bbe8170c1 .av-subheading{\nfont-size:15px;\n}\n<\/style>\n<div  class='av-special-heading av-lmgbejct-7eb8719d822e2ae461615f3bbe8170c1 av-special-heading-h2 blockquote modern-quote  avia-builder-el-2  avia-builder-el-no-sibling '><h2 class='av-special-heading-tag'  itemprop=\"headline\"  >Korisni\u010dki priru\u010dnici<\/h2><div class=\"special-heading-border\"><div class=\"special-heading-inner-border\"><\/div><\/div><\/div><\/div><\/div><\/div><\/div><!-- close content main div --><\/div><\/div><div id='av_section_1'  class='avia-section av-hdkuzk-58acafc396bd58fd7d464fb897fada97 main_color avia-section-default avia-no-border-styling  avia-builder-el-3  el_after_av_one_full  avia-builder-el-last  avia-bg-style-scroll container_wrap fullsize'  ><div class='container av-section-cont-open' ><div class='template-page content  av-content-full alpha units'><div class='post-entry post-entry-type-page post-entry-8169'><div class='entry-content-wrapper clearfix'>\n<div  class='flex_column av-bqtxyy-9d2a47799ba04fc041356f6c844a7c5c av_one_fourth  avia-builder-el-4  el_before_av_one_fourth  avia-builder-el-first  first flex_column_div avia-link-column av-column-link  '    data-link-column-url=\"https:\/\/berdoalutechnic.hu\/wp-content\/uploads\/Motorok_PRIMO.pdf\"  data-link-column-target=\"_blank\"   ><a class=\"av-screen-reader-only\" href=\"https:\/\/berdoalutechnic.hu\/wp-content\/uploads\/Motorok_PRIMO.pdf\" target=\"_blank\" rel=\"noopener\">Pra\u0107enje ru\u010dno dodane veze<\/a><p>\n<style type=\"text\/css\" data-created_by=\"avia_inline_auto\" id=\"style-css-av-asmdju-c0f51a83677098abe099adb38bf9c042\">\n.avia-image-container.av-asmdju-c0f51a83677098abe099adb38bf9c042 img.avia_image{\nbox-shadow:none;\n}\n.avia-image-container.av-asmdju-c0f51a83677098abe099adb38bf9c042 .av-image-caption-overlay-center{\ncolor:#ffffff;\n}\n<\/style>\n<div  class='avia-image-container av-asmdju-c0f51a83677098abe099adb38bf9c042 av-styling- avia-align-center  avia-builder-el-5  el_before_av_textblock  avia-builder-el-first '   itemprop=\"image\" itemscope=\"itemscope\" itemtype=\"https:\/\/schema.org\/ImageObject\" ><div class=\"avia-image-container-inner\"><div class=\"avia-image-overlay-wrap\"><img decoding=\"async\" class='wp-image-7451 avia-img-lazy-loading-not-7451 avia_image ' src=\"https:\/\/berdoalutechnic.hu\/wp-content\/uploads\/primo_logo.png\" alt='' title='primo_logo'  height=\"326\" width=\"863\"  itemprop=\"thumbnailUrl\" srcset=\"https:\/\/berdoalutechnic.hu\/wp-content\/uploads\/primo_logo.png 863w, https:\/\/berdoalutechnic.hu\/wp-content\/uploads\/primo_logo-300x113.png 300w, https:\/\/berdoalutechnic.hu\/wp-content\/uploads\/primo_logo-768x290.png 768w, https:\/\/berdoalutechnic.hu\/wp-content\/uploads\/primo_logo-705x266.png 705w, https:\/\/berdoalutechnic.hu\/wp-content\/uploads\/primo_logo-450x170.png 450w, https:\/\/berdoalutechnic.hu\/wp-content\/uploads\/primo_logo-600x227.png 600w\" sizes=\"(max-width: 863px) 100vw, 863px\" \/><\/div><\/div><\/div><br \/>\n<section  class='av_textblock_section av-8hwu6y-6df98332e5dd523d6e2fda52f8542d6c '   itemscope=\"itemscope\" itemtype=\"https:\/\/schema.org\/CreativeWork\" ><div class='avia_textblock'  itemprop=\"text\" ><h4 style=\"text-align: center;\">V\u00e9g\u00e1ll\u00e1s be\u00e1ll\u00edt\u00e1sa<\/h4>\n<\/div><\/section><\/p><\/div><div  class='flex_column av-lshfgr2m-90f18ad7bece9acbdbab3df87426cc57 av_one_fourth  avia-builder-el-7  el_after_av_one_fourth  el_before_av_one_fourth  flex_column_div avia-link-column av-column-link  '    data-link-column-url=\"https:\/\/berdoalutechnic.hu\/wp-content\/uploads\/Mech_VegallBeall_PRIMO.pdf\"  data-link-column-target=\"_blank\"   ><a class=\"av-screen-reader-only\" href=\"https:\/\/berdoalutechnic.hu\/wp-content\/uploads\/Mech_VegallBeall_PRIMO.pdf\" target=\"_blank\" rel=\"noopener\">Pra\u0107enje ru\u010dno dodane veze<\/a><p>\n<style type=\"text\/css\" data-created_by=\"avia_inline_auto\" id=\"style-css-av-83y822-648f17b4597e604e115c581d1f7c4d82\">\n.avia-image-container.av-83y822-648f17b4597e604e115c581d1f7c4d82 img.avia_image{\nbox-shadow:none;\n}\n.avia-image-container.av-83y822-648f17b4597e604e115c581d1f7c4d82 .av-image-caption-overlay-center{\ncolor:#ffffff;\n}\n<\/style>\n<div  class='avia-image-container av-83y822-648f17b4597e604e115c581d1f7c4d82 av-styling- avia-align-center  avia-builder-el-8  el_before_av_textblock  avia-builder-el-first '   itemprop=\"image\" itemscope=\"itemscope\" itemtype=\"https:\/\/schema.org\/ImageObject\" ><div class=\"avia-image-container-inner\"><div class=\"avia-image-overlay-wrap\"><img decoding=\"async\" class='wp-image-7451 avia-img-lazy-loading-not-7451 avia_image ' src=\"https:\/\/berdoalutechnic.hu\/wp-content\/uploads\/primo_logo.png\" alt='' title='primo_logo'  height=\"326\" width=\"863\"  itemprop=\"thumbnailUrl\" srcset=\"https:\/\/berdoalutechnic.hu\/wp-content\/uploads\/primo_logo.png 863w, https:\/\/berdoalutechnic.hu\/wp-content\/uploads\/primo_logo-300x113.png 300w, https:\/\/berdoalutechnic.hu\/wp-content\/uploads\/primo_logo-768x290.png 768w, https:\/\/berdoalutechnic.hu\/wp-content\/uploads\/primo_logo-705x266.png 705w, https:\/\/berdoalutechnic.hu\/wp-content\/uploads\/primo_logo-450x170.png 450w, https:\/\/berdoalutechnic.hu\/wp-content\/uploads\/primo_logo-600x227.png 600w\" sizes=\"(max-width: 863px) 100vw, 863px\" \/><\/div><\/div><\/div><br \/>\n<section  class='av_textblock_section av-lshfgglu-8dcdf49f2a27094ffd63b00e96aa026c '   itemscope=\"itemscope\" itemtype=\"https:\/\/schema.org\/CreativeWork\" ><div class='avia_textblock'  itemprop=\"text\" ><h4 style=\"text-align: center;\">V\u00e9g\u00e1ll\u00e1s be\u00e1ll\u00edt\u00e1sa mechanikus motorokn\u00e1l<\/h4>\n<\/div><\/section><\/p><\/div><div  class='flex_column av-lshfhdez-21395e796416730573e6c32a7a2d11bc av_one_fourth  avia-builder-el-10  el_after_av_one_fourth  el_before_av_one_fourth  flex_column_div avia-link-column av-column-link  '    data-link-column-url=\"https:\/\/berdoalutechnic.hu\/wp-content\/uploads\/AkadalyErz_TavirProgr_PRIMO.pdf\"  data-link-column-target=\"_blank\"   ><a class=\"av-screen-reader-only\" href=\"https:\/\/berdoalutechnic.hu\/wp-content\/uploads\/AkadalyErz_TavirProgr_PRIMO.pdf\" target=\"_blank\" rel=\"noopener\">Pra\u0107enje ru\u010dno dodane veze<\/a><p>\n<style type=\"text\/css\" data-created_by=\"avia_inline_auto\" id=\"style-css-av-641hm2-1fb89d4ba091ad5554c9fc69a5e2fb80\">\n.avia-image-container.av-641hm2-1fb89d4ba091ad5554c9fc69a5e2fb80 img.avia_image{\nbox-shadow:none;\n}\n.avia-image-container.av-641hm2-1fb89d4ba091ad5554c9fc69a5e2fb80 .av-image-caption-overlay-center{\ncolor:#ffffff;\n}\n<\/style>\n<div  class='avia-image-container av-641hm2-1fb89d4ba091ad5554c9fc69a5e2fb80 av-styling- avia-align-center  avia-builder-el-11  el_before_av_textblock  avia-builder-el-first '   itemprop=\"image\" itemscope=\"itemscope\" itemtype=\"https:\/\/schema.org\/ImageObject\" ><div class=\"avia-image-container-inner\"><div class=\"avia-image-overlay-wrap\"><img decoding=\"async\" class='wp-image-7451 avia-img-lazy-loading-not-7451 avia_image ' src=\"https:\/\/berdoalutechnic.hu\/wp-content\/uploads\/primo_logo.png\" alt='' title='primo_logo'  height=\"326\" width=\"863\"  itemprop=\"thumbnailUrl\" srcset=\"https:\/\/berdoalutechnic.hu\/wp-content\/uploads\/primo_logo.png 863w, https:\/\/berdoalutechnic.hu\/wp-content\/uploads\/primo_logo-300x113.png 300w, https:\/\/berdoalutechnic.hu\/wp-content\/uploads\/primo_logo-768x290.png 768w, https:\/\/berdoalutechnic.hu\/wp-content\/uploads\/primo_logo-705x266.png 705w, https:\/\/berdoalutechnic.hu\/wp-content\/uploads\/primo_logo-450x170.png 450w, https:\/\/berdoalutechnic.hu\/wp-content\/uploads\/primo_logo-600x227.png 600w\" sizes=\"(max-width: 863px) 100vw, 863px\" \/><\/div><\/div><\/div><br \/>\n<section  class='av_textblock_section av-lshfh7ve-716ecfc0070cc08e4e0e82eaa2fe5d15 '   itemscope=\"itemscope\" itemtype=\"https:\/\/schema.org\/CreativeWork\" ><div class='avia_textblock'  itemprop=\"text\" ><h4 style=\"text-align: center;\">Akad\u00e1ly\u00e9rz\u00e9kel\u0151s motorok, be\u00e1ll\u00edt\u00e1sa, programoz\u00e1sa<\/h4>\n<\/div><\/section><\/p><\/div><div  class='flex_column av-lshfi8tl-980395e6269c35e85ccc72769730aa3e av_one_fourth  avia-builder-el-13  el_after_av_one_fourth  el_before_av_one_fourth  flex_column_div avia-link-column av-column-link  '    data-link-column-url=\"https:\/\/berdoalutechnic.hu\/wp-content\/uploads\/Ipod_StileTavirProgr_PRIMO.pdf\"  data-link-column-target=\"_blank\"   ><a class=\"av-screen-reader-only\" href=\"https:\/\/berdoalutechnic.hu\/wp-content\/uploads\/Ipod_StileTavirProgr_PRIMO.pdf\" target=\"_blank\" rel=\"noopener\">Pra\u0107enje ru\u010dno dodane veze<\/a><p>\n<style type=\"text\/css\" data-created_by=\"avia_inline_auto\" id=\"style-css-av-fvya2-24061a521d47a70f8016aa37e1c2785c\">\n.avia-image-container.av-fvya2-24061a521d47a70f8016aa37e1c2785c img.avia_image{\nbox-shadow:none;\n}\n.avia-image-container.av-fvya2-24061a521d47a70f8016aa37e1c2785c .av-image-caption-overlay-center{\ncolor:#ffffff;\n}\n<\/style>\n<div  class='avia-image-container av-fvya2-24061a521d47a70f8016aa37e1c2785c av-styling- avia-align-center  avia-builder-el-14  el_before_av_textblock  avia-builder-el-first '   itemprop=\"image\" itemscope=\"itemscope\" itemtype=\"https:\/\/schema.org\/ImageObject\" ><div class=\"avia-image-container-inner\"><div class=\"avia-image-overlay-wrap\"><img decoding=\"async\" class='wp-image-7451 avia-img-lazy-loading-not-7451 avia_image ' src=\"https:\/\/berdoalutechnic.hu\/wp-content\/uploads\/primo_logo.png\" alt='' title='primo_logo'  height=\"326\" width=\"863\"  itemprop=\"thumbnailUrl\" srcset=\"https:\/\/berdoalutechnic.hu\/wp-content\/uploads\/primo_logo.png 863w, https:\/\/berdoalutechnic.hu\/wp-content\/uploads\/primo_logo-300x113.png 300w, https:\/\/berdoalutechnic.hu\/wp-content\/uploads\/primo_logo-768x290.png 768w, https:\/\/berdoalutechnic.hu\/wp-content\/uploads\/primo_logo-705x266.png 705w, https:\/\/berdoalutechnic.hu\/wp-content\/uploads\/primo_logo-450x170.png 450w, https:\/\/berdoalutechnic.hu\/wp-content\/uploads\/primo_logo-600x227.png 600w\" sizes=\"(max-width: 863px) 100vw, 863px\" \/><\/div><\/div><\/div><br \/>\n<section  class='av_textblock_section av-lshfi2kd-733693d8963bd8517bb188daed0ab8d6 '   itemscope=\"itemscope\" itemtype=\"https:\/\/schema.org\/CreativeWork\" ><div class='avia_textblock'  itemprop=\"text\" ><h4 style=\"text-align: center;\">1. csatorn\u00e1s iPod \u00e9s STYLE t\u00e1vir\u00e1ny\u00edt\u00f3k programoz\u00e1sa<\/h4>\n<\/div><\/section><\/p><\/div><div  class='flex_column av-lsg2e6qj-9f373e3d0597e700400148f46f817106 av_one_fourth  avia-builder-el-16  el_after_av_one_fourth  avia-builder-el-last  first flex_column_div avia-link-column av-column-link  column-top-margin'    data-link-column-url=\"https:\/\/berdoalutechnic.hu\/wp-content\/uploads\/RM-Okos-otthon-rendszer-telepitese.pdf\"  data-link-column-target=\"_blank\"   ><a class=\"av-screen-reader-only\" href=\"https:\/\/berdoalutechnic.hu\/wp-content\/uploads\/RM-Okos-otthon-rendszer-telepitese.pdf\" target=\"_blank\" rel=\"noopener\">Pra\u0107enje ru\u010dno dodane veze<\/a><p>\n<style type=\"text\/css\" data-created_by=\"avia_inline_auto\" id=\"style-css-av-lsg2dr5j-a96041ea262af071dd52857b11108dde\">\n.avia-image-container.av-lsg2dr5j-a96041ea262af071dd52857b11108dde img.avia_image{\nbox-shadow:none;\n}\n.avia-image-container.av-lsg2dr5j-a96041ea262af071dd52857b11108dde .av-image-caption-overlay-center{\ncolor:#ffffff;\n}\n<\/style>\n<div  class='avia-image-container av-lsg2dr5j-a96041ea262af071dd52857b11108dde av-styling- avia-align-center  avia-builder-el-17  el_before_av_textblock  avia-builder-el-first '   itemprop=\"image\" itemscope=\"itemscope\" itemtype=\"https:\/\/schema.org\/ImageObject\" ><div class=\"avia-image-container-inner\"><div class=\"avia-image-overlay-wrap\"><img decoding=\"async\" class='wp-image-7479 avia-img-lazy-loading-not-7479 avia_image ' src=\"https:\/\/berdoalutechnic.hu\/wp-content\/uploads\/Okosotthonok-1030x752.jpeg\" alt='' title='Okosotthonok'  height=\"752\" width=\"1030\"  itemprop=\"thumbnailUrl\" srcset=\"https:\/\/berdoalutechnic.hu\/wp-content\/uploads\/Okosotthonok-1030x752.jpeg 1030w, https:\/\/berdoalutechnic.hu\/wp-content\/uploads\/Okosotthonok-300x219.jpeg 300w, https:\/\/berdoalutechnic.hu\/wp-content\/uploads\/Okosotthonok-768x561.jpeg 768w, https:\/\/berdoalutechnic.hu\/wp-content\/uploads\/Okosotthonok-705x515.jpeg 705w, https:\/\/berdoalutechnic.hu\/wp-content\/uploads\/Okosotthonok-450x329.jpeg 450w, https:\/\/berdoalutechnic.hu\/wp-content\/uploads\/Okosotthonok-600x438.jpeg 600w, https:\/\/berdoalutechnic.hu\/wp-content\/uploads\/Okosotthonok.jpeg 1034w\" sizes=\"(max-width: 1030px) 100vw, 1030px\" \/><\/div><\/div><\/div><br \/>\n<section  class='av_textblock_section av-lsg2by0d-c492ea112944523d8ec997910a4466fc '   itemscope=\"itemscope\" itemtype=\"https:\/\/schema.org\/CreativeWork\" ><div class='avia_textblock'  itemprop=\"text\" ><h4 style=\"text-align: center;\">Okosotthon telep\u00edt\u00e9si \u00fatmutat\u00f3<\/h4>\n<\/div><\/section><\/p><\/div>\n<\/p>\n","protected":false},"excerpt":{"rendered":"","protected":false},"author":1,"featured_media":0,"parent":8165,"menu_order":0,"comment_status":"closed","ping_status":"closed","template":"","meta":{"_monsterinsights_skip_tracking":false,"_monsterinsights_sitenote_active":false,"_monsterinsights_sitenote_note":"","_monsterinsights_sitenote_category":0,"footnotes":""},"class_list":["post-8169","page","type-page","status-publish","hentry"],"yoast_head":"<!-- This site is optimized with the Yoast SEO Premium plugin v27.1 (Yoast SEO v27.1.1) - https:\/\/yoast.com\/product\/yoast-seo-premium-wordpress\/ -->\n<title>Korisni\u010dki priru\u010dnici - Berdo Alutechnic<\/title>\n<meta name=\"robots\" content=\"index, follow, max-snippet:-1, max-image-preview:large, max-video-preview:-1\" \/>\n<link rel=\"canonical\" href=\"https:\/\/berdoalutechnic.hu\/hr\/sirovine-za-prozvodnju\/pomocni-dokumenti\/korisnicki-prirucnici\/\" \/>\n<meta property=\"og:locale\" content=\"hr_HR\" \/>\n<meta property=\"og:type\" content=\"article\" \/>\n<meta property=\"og:title\" content=\"Korisni\u010dki priru\u010dnici\" \/>\n<meta property=\"og:url\" content=\"https:\/\/berdoalutechnic.hu\/hr\/sirovine-za-prozvodnju\/pomocni-dokumenti\/korisnicki-prirucnici\/\" \/>\n<meta property=\"og:site_name\" content=\"Berdo Alutechnic\" \/>\n<meta property=\"article:modified_time\" content=\"2024-07-13T10:21:47+00:00\" \/>\n<meta name=\"twitter:card\" content=\"summary_large_image\" \/>\n<meta name=\"twitter:label1\" content=\"Procijenjeno vrijeme \u010ditanja\" \/>\n\t<meta name=\"twitter:data1\" content=\"2 minute\" \/>\n<script type=\"application\/ld+json\" class=\"yoast-schema-graph\">{\"@context\":\"https:\/\/schema.org\",\"@graph\":[{\"@type\":\"WebPage\",\"@id\":\"https:\/\/berdoalutechnic.hu\/hr\/sirovine-za-prozvodnju\/pomocni-dokumenti\/korisnicki-prirucnici\/\",\"url\":\"https:\/\/berdoalutechnic.hu\/hr\/sirovine-za-prozvodnju\/pomocni-dokumenti\/korisnicki-prirucnici\/\",\"name\":\"Korisni\u010dki priru\u010dnici - Berdo Alutechnic\",\"isPartOf\":{\"@id\":\"https:\/\/berdoalutechnic.hu\/#website\"},\"datePublished\":\"2024-02-11T11:38:34+00:00\",\"dateModified\":\"2024-07-13T10:21:47+00:00\",\"breadcrumb\":{\"@id\":\"https:\/\/berdoalutechnic.hu\/hr\/sirovine-za-prozvodnju\/pomocni-dokumenti\/korisnicki-prirucnici\/#breadcrumb\"},\"inLanguage\":\"hr\",\"potentialAction\":[{\"@type\":\"ReadAction\",\"target\":[\"https:\/\/berdoalutechnic.hu\/hr\/sirovine-za-prozvodnju\/pomocni-dokumenti\/korisnicki-prirucnici\/\"]}]},{\"@type\":\"BreadcrumbList\",\"@id\":\"https:\/\/berdoalutechnic.hu\/hr\/sirovine-za-prozvodnju\/pomocni-dokumenti\/korisnicki-prirucnici\/#breadcrumb\",\"itemListElement\":[{\"@type\":\"ListItem\",\"position\":1,\"name\":\"Kezd\u0151lap\",\"item\":\"https:\/\/berdoalutechnic.hu\/hr\/naslovna-stranica\/\"},{\"@type\":\"ListItem\",\"position\":2,\"name\":\"Sirovine za prozvodnju\",\"item\":\"https:\/\/berdoalutechnic.hu\/hr\/sirovine-za-prozvodnju\/\"},{\"@type\":\"ListItem\",\"position\":3,\"name\":\"Pomo\u0107ni dokumenti\",\"item\":\"https:\/\/berdoalutechnic.hu\/hr\/sirovine-za-prozvodnju\/pomocni-dokumenti\/\"},{\"@type\":\"ListItem\",\"position\":4,\"name\":\"Korisni\u010dki priru\u010dnici\"}]},{\"@type\":\"WebSite\",\"@id\":\"https:\/\/berdoalutechnic.hu\/#website\",\"url\":\"https:\/\/berdoalutechnic.hu\/\",\"name\":\"Berdo Alutechnic\",\"description\":\"\",\"publisher\":{\"@id\":\"https:\/\/berdoalutechnic.hu\/#organization\"},\"potentialAction\":[{\"@type\":\"SearchAction\",\"target\":{\"@type\":\"EntryPoint\",\"urlTemplate\":\"https:\/\/berdoalutechnic.hu\/?s={search_term_string}\"},\"query-input\":{\"@type\":\"PropertyValueSpecification\",\"valueRequired\":true,\"valueName\":\"search_term_string\"}}],\"inLanguage\":\"hr\"},{\"@type\":\"Organization\",\"@id\":\"https:\/\/berdoalutechnic.hu\/#organization\",\"name\":\"Berdo Alutechnic\",\"url\":\"https:\/\/berdoalutechnic.hu\/\",\"logo\":{\"@type\":\"ImageObject\",\"inLanguage\":\"hr\",\"@id\":\"https:\/\/berdoalutechnic.hu\/#\/schema\/logo\/image\/\",\"url\":\"https:\/\/berdoalutechnic.hu\/wp-content\/uploads\/BALogo_email_tiny.png\",\"contentUrl\":\"https:\/\/berdoalutechnic.hu\/wp-content\/uploads\/BALogo_email_tiny.png\",\"width\":338,\"height\":167,\"caption\":\"Berdo Alutechnic\"},\"image\":{\"@id\":\"https:\/\/berdoalutechnic.hu\/#\/schema\/logo\/image\/\"}}]}<\/script>\n<!-- \/ Yoast SEO Premium plugin. -->","yoast_head_json":{"title":"Korisni\u010dki priru\u010dnici - Berdo Alutechnic","robots":{"index":"index","follow":"follow","max-snippet":"max-snippet:-1","max-image-preview":"max-image-preview:large","max-video-preview":"max-video-preview:-1"},"canonical":"https:\/\/berdoalutechnic.hu\/hr\/sirovine-za-prozvodnju\/pomocni-dokumenti\/korisnicki-prirucnici\/","og_locale":"hr_HR","og_type":"article","og_title":"Korisni\u010dki priru\u010dnici","og_url":"https:\/\/berdoalutechnic.hu\/hr\/sirovine-za-prozvodnju\/pomocni-dokumenti\/korisnicki-prirucnici\/","og_site_name":"Berdo Alutechnic","article_modified_time":"2024-07-13T10:21:47+00:00","twitter_card":"summary_large_image","twitter_misc":{"Procijenjeno vrijeme \u010ditanja":"2 minute"},"schema":{"@context":"https:\/\/schema.org","@graph":[{"@type":"WebPage","@id":"https:\/\/berdoalutechnic.hu\/hr\/sirovine-za-prozvodnju\/pomocni-dokumenti\/korisnicki-prirucnici\/","url":"https:\/\/berdoalutechnic.hu\/hr\/sirovine-za-prozvodnju\/pomocni-dokumenti\/korisnicki-prirucnici\/","name":"Korisni\u010dki priru\u010dnici - Berdo Alutechnic","isPartOf":{"@id":"https:\/\/berdoalutechnic.hu\/#website"},"datePublished":"2024-02-11T11:38:34+00:00","dateModified":"2024-07-13T10:21:47+00:00","breadcrumb":{"@id":"https:\/\/berdoalutechnic.hu\/hr\/sirovine-za-prozvodnju\/pomocni-dokumenti\/korisnicki-prirucnici\/#breadcrumb"},"inLanguage":"hr","potentialAction":[{"@type":"ReadAction","target":["https:\/\/berdoalutechnic.hu\/hr\/sirovine-za-prozvodnju\/pomocni-dokumenti\/korisnicki-prirucnici\/"]}]},{"@type":"BreadcrumbList","@id":"https:\/\/berdoalutechnic.hu\/hr\/sirovine-za-prozvodnju\/pomocni-dokumenti\/korisnicki-prirucnici\/#breadcrumb","itemListElement":[{"@type":"ListItem","position":1,"name":"Kezd\u0151lap","item":"https:\/\/berdoalutechnic.hu\/hr\/naslovna-stranica\/"},{"@type":"ListItem","position":2,"name":"Sirovine za prozvodnju","item":"https:\/\/berdoalutechnic.hu\/hr\/sirovine-za-prozvodnju\/"},{"@type":"ListItem","position":3,"name":"Pomo\u0107ni dokumenti","item":"https:\/\/berdoalutechnic.hu\/hr\/sirovine-za-prozvodnju\/pomocni-dokumenti\/"},{"@type":"ListItem","position":4,"name":"Korisni\u010dki priru\u010dnici"}]},{"@type":"WebSite","@id":"https:\/\/berdoalutechnic.hu\/#website","url":"https:\/\/berdoalutechnic.hu\/","name":"Berdo Alutechnic","description":"","publisher":{"@id":"https:\/\/berdoalutechnic.hu\/#organization"},"potentialAction":[{"@type":"SearchAction","target":{"@type":"EntryPoint","urlTemplate":"https:\/\/berdoalutechnic.hu\/?s={search_term_string}"},"query-input":{"@type":"PropertyValueSpecification","valueRequired":true,"valueName":"search_term_string"}}],"inLanguage":"hr"},{"@type":"Organization","@id":"https:\/\/berdoalutechnic.hu\/#organization","name":"Berdo Alutechnic","url":"https:\/\/berdoalutechnic.hu\/","logo":{"@type":"ImageObject","inLanguage":"hr","@id":"https:\/\/berdoalutechnic.hu\/#\/schema\/logo\/image\/","url":"https:\/\/berdoalutechnic.hu\/wp-content\/uploads\/BALogo_email_tiny.png","contentUrl":"https:\/\/berdoalutechnic.hu\/wp-content\/uploads\/BALogo_email_tiny.png","width":338,"height":167,"caption":"Berdo Alutechnic"},"image":{"@id":"https:\/\/berdoalutechnic.hu\/#\/schema\/logo\/image\/"}}]}},"_links":{"self":[{"href":"https:\/\/berdoalutechnic.hu\/hr\/wp-json\/wp\/v2\/pages\/8169","targetHints":{"allow":["GET"]}}],"collection":[{"href":"https:\/\/berdoalutechnic.hu\/hr\/wp-json\/wp\/v2\/pages"}],"about":[{"href":"https:\/\/berdoalutechnic.hu\/hr\/wp-json\/wp\/v2\/types\/page"}],"author":[{"embeddable":true,"href":"https:\/\/berdoalutechnic.hu\/hr\/wp-json\/wp\/v2\/users\/1"}],"replies":[{"embeddable":true,"href":"https:\/\/berdoalutechnic.hu\/hr\/wp-json\/wp\/v2\/comments?post=8169"}],"version-history":[{"count":2,"href":"https:\/\/berdoalutechnic.hu\/hr\/wp-json\/wp\/v2\/pages\/8169\/revisions"}],"predecessor-version":[{"id":8183,"href":"https:\/\/berdoalutechnic.hu\/hr\/wp-json\/wp\/v2\/pages\/8169\/revisions\/8183"}],"up":[{"embeddable":true,"href":"https:\/\/berdoalutechnic.hu\/hr\/wp-json\/wp\/v2\/pages\/8165"}],"wp:attachment":[{"href":"https:\/\/berdoalutechnic.hu\/hr\/wp-json\/wp\/v2\/media?parent=8169"}],"curies":[{"name":"wp","href":"https:\/\/api.w.org\/{rel}","templated":true}]}}