{"id":8205,"date":"2023-11-04T08:50:16","date_gmt":"2023-11-04T07:50:16","guid":{"rendered":"https:\/\/berdoalutechnic.hu\/?page_id=8205"},"modified":"2024-07-13T17:49:44","modified_gmt":"2024-07-13T15:49:44","slug":"ostali-proizvodi","status":"publish","type":"page","link":"https:\/\/berdoalutechnic.hu\/hr\/gotovi-proizvodi\/proizvodi\/ostali-proizvodi\/","title":{"rendered":"Ostali proizvodi"},"content":{"rendered":"<div id='av-layout-grid-1'  class='av-layout-grid-container av-25q0t3s-8c10b9a845f8f3ae04754c71773a59b7 entry-content-wrapper socket_color av-flex-cells  avia-builder-el-0  el_before_av_submenu  avia-builder-el-first   container_wrap fullsize'  >\n<div class='flex_cell av-23uc1c8-c17cc5bec941e8363ec4e3f0d65e2d19 av-gridrow-cell av_one_full no_margin  avia-builder-el-1  avia-builder-el-no-sibling '  ><div class='flex_cell_inner'>\n<style type=\"text\/css\" data-created_by=\"avia_inline_auto\" id=\"style-css-av-lmgd09tv-bc4c735c7da2b823d0ba01ddd888da53\">\n#top .av-special-heading.av-lmgd09tv-bc4c735c7da2b823d0ba01ddd888da53{\npadding-bottom:10px;\n}\nbody .av-special-heading.av-lmgd09tv-bc4c735c7da2b823d0ba01ddd888da53 .av-special-heading-tag .heading-char{\nfont-size:25px;\n}\n.av-special-heading.av-lmgd09tv-bc4c735c7da2b823d0ba01ddd888da53 .av-subheading{\nfont-size:15px;\n}\n<\/style>\n<div  class='av-special-heading av-lmgd09tv-bc4c735c7da2b823d0ba01ddd888da53 av-special-heading-h1 blockquote modern-quote  avia-builder-el-2  avia-builder-el-no-sibling '><h1 class='av-special-heading-tag'  itemprop=\"headline\"  >Ostali proizvodi<\/h1><div class=\"special-heading-border\"><div class=\"special-heading-inner-border\"><\/div><\/div><\/div>\n<\/div><\/div>\n<\/div>\n<div class='clear'><\/div><div id='sub_menu1'  class='av-submenu-container av-lmgd04nz-7bbf13fd725ff1b5a91c19ab825cb2a1 main_color  avia-builder-el-3  el_after_av_layout_row  el_before_av_section  av-sticky-submenu submenu-not-first container_wrap fullsize' style='z-index:301' ><div class='container av-menu-mobile-disabled av-submenu-pos-center'><ul id=\"menu-kesztermekmenuhr\" class=\"av-subnav-menu\"><li role=\"menuitem\" id=\"menu-item-8319\" class=\"menu-item menu-item-type-post_type menu-item-object-page menu-item-top-level menu-item-top-level-1\"><a href=\"https:\/\/berdoalutechnic.hu\/hr\/gotovi-proizvodi\/proizvodi\/\" itemprop=\"url\" tabindex=\"0\"><span class=\"avia-bullet\"><\/span><span class=\"avia-menu-text\">Proizvodi<\/span><span class=\"avia-menu-fx\"><span class=\"avia-arrow-wrap\"><span class=\"avia-arrow\"><\/span><\/span><\/span><\/a><\/li>\n<li role=\"menuitem\" id=\"menu-item-8320\" class=\"menu-item menu-item-type-post_type menu-item-object-page menu-item-top-level menu-item-top-level-2\"><a href=\"https:\/\/berdoalutechnic.hu\/hr\/gotovi-proizvodi\/preuzimanja\/\" itemprop=\"url\" tabindex=\"0\"><span class=\"avia-bullet\"><\/span><span class=\"avia-menu-text\">Preuzimanja<\/span><span class=\"avia-menu-fx\"><span class=\"avia-arrow-wrap\"><span class=\"avia-arrow\"><\/span><\/span><\/span><\/a><\/li>\n<li role=\"menuitem\" id=\"menu-item-8321\" class=\"menu-item menu-item-type-post_type menu-item-object-page menu-item-top-level menu-item-top-level-3\"><a href=\"https:\/\/berdoalutechnic.hu\/hr\/gotovi-proizvodi\/informacije\/\" itemprop=\"url\" tabindex=\"0\"><span class=\"avia-bullet\"><\/span><span class=\"avia-menu-text\">Informacije<\/span><span class=\"avia-menu-fx\"><span class=\"avia-arrow-wrap\"><span class=\"avia-arrow\"><\/span><\/span><\/span><\/a><\/li>\n<li role=\"menuitem\" id=\"menu-item-8353\" class=\"menu-item menu-item-type-post_type menu-item-object-page menu-item-top-level menu-item-top-level-4\"><a href=\"https:\/\/berdoalutechnic.hu\/hr\/gotovi-proizvodi\/galerija\/\" itemprop=\"url\" tabindex=\"0\"><span class=\"avia-bullet\"><\/span><span class=\"avia-menu-text\">Galerija<\/span><span class=\"avia-menu-fx\"><span class=\"avia-arrow-wrap\"><span class=\"avia-arrow\"><\/span><\/span><\/span><\/a><\/li>\n<li role=\"menuitem\" id=\"menu-item-8354\" class=\"menu-item menu-item-type-post_type menu-item-object-page menu-item-top-level menu-item-top-level-5\"><a href=\"https:\/\/berdoalutechnic.hu\/hr\/gotovi-proizvodi\/kontakt\/\" itemprop=\"url\" tabindex=\"0\"><span class=\"avia-bullet\"><\/span><span class=\"avia-menu-text\">Kontakt<\/span><span class=\"avia-menu-fx\"><span class=\"avia-arrow-wrap\"><span class=\"avia-arrow\"><\/span><\/span><\/span><\/a><\/li>\n<\/ul><\/div><\/div><div class='sticky_placeholder'><\/div>\n<div id='av_section_1'  class='avia-section av-smfuef-666b305a8f5d4992db9ad70b94364498 main_color avia-section-default avia-no-border-styling  avia-builder-el-4  el_after_av_submenu  avia-builder-el-last  avia-bg-style-scroll container_wrap fullsize'  ><div class='container av-section-cont-open' ><div class='template-page content  av-content-full alpha units'><div class='post-entry post-entry-type-page post-entry-8205'><div class='entry-content-wrapper clearfix'>\n<div  class='flex_column av-raaazr-d0ead73806f53d5de638522806a380d2 av_one_half  avia-builder-el-5  el_before_av_one_half  avia-builder-el-first  first flex_column_div  '     ><style type=\"text\/css\" data-created_by=\"avia_inline_auto\" id=\"style-css-av-pfyehj-ebb914cacb533bfa99cf9d062d07a7b3\">\n.avia-image-container.av-pfyehj-ebb914cacb533bfa99cf9d062d07a7b3 img.avia_image{\nbox-shadow:none;\n}\n.avia-image-container.av-pfyehj-ebb914cacb533bfa99cf9d062d07a7b3 .av-image-caption-overlay-center{\ncolor:#ffffff;\n}\n<\/style>\n<div  class='avia-image-container av-pfyehj-ebb914cacb533bfa99cf9d062d07a7b3 av-styling- avia-align-center  avia-builder-el-6  avia-builder-el-no-sibling '   itemprop=\"image\" itemscope=\"itemscope\" itemtype=\"https:\/\/schema.org\/ImageObject\" ><div class=\"avia-image-container-inner\"><div class=\"avia-image-overlay-wrap\"><img decoding=\"async\" class='wp-image-6122 avia-img-lazy-loading-not-6122 avia_image ' src=\"https:\/\/berdoalutechnic.hu\/wp-content\/uploads\/toloajto_2-1500x630.jpeg\" alt='' title='toloajto_2'  height=\"630\" width=\"1500\"  itemprop=\"thumbnailUrl\"  \/><\/div><\/div><\/div><\/div><div  class='flex_column av-nlvac7-1d3530dacd05dbb823e9564ee461ab13 av_one_half  avia-builder-el-7  el_after_av_one_half  el_before_av_hr  flex_column_div  '     ><p>\n<style type=\"text\/css\" data-created_by=\"avia_inline_auto\" id=\"style-css-av-n29p3r-f551ba5e80b88bd0597d29e79a19e655\">\n#top .av-special-heading.av-n29p3r-f551ba5e80b88bd0597d29e79a19e655{\nmargin:10px 0 0 0;\npadding-bottom:0;\n}\nbody .av-special-heading.av-n29p3r-f551ba5e80b88bd0597d29e79a19e655 .av-special-heading-tag .heading-char{\nfont-size:25px;\n}\n#top #wrap_all .av-special-heading.av-n29p3r-f551ba5e80b88bd0597d29e79a19e655 .av-special-heading-tag{\npadding:0 0 0 0;\n}\n.av-special-heading.av-n29p3r-f551ba5e80b88bd0597d29e79a19e655 .av-subheading{\nfont-size:15px;\n}\n<\/style>\n<div  class='av-special-heading av-n29p3r-f551ba5e80b88bd0597d29e79a19e655 av-special-heading-h3 blockquote modern-quote  avia-builder-el-8  el_before_av_hr  avia-builder-el-first '><h3 class='av-special-heading-tag'  itemprop=\"headline\"  >Ostali proizvodi<\/h3><div class=\"special-heading-border\"><div class=\"special-heading-inner-border\"><\/div><\/div><\/div><br \/>\n\n<style type=\"text\/css\" data-created_by=\"avia_inline_auto\" id=\"style-css-av-lan3on-b496b1d715e5755b32e9ab12d0308a2e\">\n#top .hr.av-lan3on-b496b1d715e5755b32e9ab12d0308a2e{\nmargin-top:10px;\nmargin-bottom:10px;\n}\n.hr.av-lan3on-b496b1d715e5755b32e9ab12d0308a2e .hr-inner{\nwidth:50px;\nborder-color:#066cff;\n}\n<\/style>\n<div  class='hr av-lan3on-b496b1d715e5755b32e9ab12d0308a2e hr-custom  avia-builder-el-9  el_after_av_heading  el_before_av_textblock  hr-left hr-icon-no'><span class='hr-inner inner-border-av-border-fat'><span class=\"hr-inner-style\"><\/span><\/span><\/div><br \/>\n<section  class='av_textblock_section av-ih11vb-3ccebdbbacebb8882103cffbadbae575 '   itemscope=\"itemscope\" itemtype=\"https:\/\/schema.org\/CreativeWork\" ><div class='avia_textblock'  itemprop=\"text\" ><p>Pogledajte na\u0161e ostale proizvode. S na\u0161im izvrsnim sustavima komarnika mo\u017eete u\u017eivati \u200b\u200bu svje\u017eem zraku bez dosadnih kukaca koji uzrokuju neugodne trenutke. Osim toga, otkrijte na\u0161e ekskluzivne staklene stijene, na\u0161 profesionalni sustav giljotine, na\u0161e sklopive staklene stijene, koje su idealne za stvaranje opu\u0161tene atmosfere terase i za pove\u0107anje udobnosti i funkcionalnosti na\u0161ih pergola.<\/p>\n<\/div><\/section><\/p><\/div>\n<style type=\"text\/css\" data-created_by=\"avia_inline_auto\" id=\"style-css-av-hy4jev-02ec3e2a384beb89e6cef6f634a31ac5\">\n#top .hr.hr-invisible.av-hy4jev-02ec3e2a384beb89e6cef6f634a31ac5{\nheight:50px;\n}\n<\/style>\n<div  class='hr av-hy4jev-02ec3e2a384beb89e6cef6f634a31ac5 hr-invisible  avia-builder-el-11  el_after_av_one_half  el_before_av_buttonrow '><span class='hr-inner '><span class=\"hr-inner-style\"><\/span><\/span><\/div>\n<div  class='avia-buttonrow-wrap av-fu7rs7-e5f9939a7c608781a634d3e804c73ad7 avia-buttonrow-center  avia-builder-el-12  el_after_av_hr  avia-builder-el-last '>\n\n<style type=\"text\/css\" data-created_by=\"avia_inline_auto\" id=\"style-css-av-dmdyzr-2b2a96d01e3992fba0836e3007764d13\">\n#top #wrap_all .avia-button.av-dmdyzr-2b2a96d01e3992fba0836e3007764d13{\nbackground-color:#066cff;\nborder-color:#066cff;\ntransition:all 0.4s ease-in-out;\nmargin-bottom:5px;\nmargin-right:3px;\nmargin-left:3px;\n}\n#top #wrap_all .avia-button.av-dmdyzr-2b2a96d01e3992fba0836e3007764d13:hover{\nbackground-color:#033a7d;\ncolor:white;\ntransition:all 0.4s ease-in-out;\n}\n<\/style>\n<a href='https:\/\/berdoalutechnic.hu\/hr\/gotovi-proizvodi\/proizvodi\/ostali-proizvodi\/komarnici\/'  class='avia-button av-dmdyzr-2b2a96d01e3992fba0836e3007764d13 avia-icon_select-no avia-size-small avia-font-color-theme-color'  ><span class='avia_iconbox_title' >Komarnici<\/span><\/a>\n\n<style type=\"text\/css\" data-created_by=\"avia_inline_auto\" id=\"style-css-av-cvgjav-64fd3591044d87db763f7bc3d53ccd28\">\n#top #wrap_all .avia-button.av-cvgjav-64fd3591044d87db763f7bc3d53ccd28{\nbackground-color:#066cff;\nborder-color:#066cff;\ntransition:all 0.4s ease-in-out;\nmargin-bottom:5px;\nmargin-right:3px;\nmargin-left:3px;\n}\n#top #wrap_all .avia-button.av-cvgjav-64fd3591044d87db763f7bc3d53ccd28:hover{\nbackground-color:#033a7d;\ncolor:white;\ntransition:all 0.4s ease-in-out;\n}\n<\/style>\n<a href='https:\/\/berdoalutechnic.hu\/hr\/gotovi-proizvodi\/proizvodi\/ostali-proizvodi\/klizni-stakleni-sustavi\/'  class='avia-button av-cvgjav-64fd3591044d87db763f7bc3d53ccd28 avia-icon_select-no avia-size-small avia-font-color-theme-color'  ><span class='avia_iconbox_title' >Klizni stakleni sustavi<\/span><\/a>\n\n<style type=\"text\/css\" data-created_by=\"avia_inline_auto\" id=\"style-css-av-aym6mf-16df066f4a25024689b66910b2ad910a\">\n#top #wrap_all .avia-button.av-aym6mf-16df066f4a25024689b66910b2ad910a{\nbackground-color:#066cff;\nborder-color:#066cff;\ntransition:all 0.4s ease-in-out;\nmargin-bottom:5px;\nmargin-right:3px;\nmargin-left:3px;\n}\n#top #wrap_all .avia-button.av-aym6mf-16df066f4a25024689b66910b2ad910a:hover{\nbackground-color:#033a7d;\ncolor:white;\ntransition:all 0.4s ease-in-out;\n}\n<\/style>\n<a href='https:\/\/berdoalutechnic.hu\/hr\/gotovi-proizvodi\/proizvodi\/ostali-proizvodi\/klizni-i-preklopni-sustav-ostakljenja\/'  class='avia-button av-aym6mf-16df066f4a25024689b66910b2ad910a avia-icon_select-no avia-size-small avia-font-color-theme-color'  ><span class='avia_iconbox_title' >Klizni i preklopni sustav ostakljenja<\/span><\/a>\n\n<style type=\"text\/css\" data-created_by=\"avia_inline_auto\" id=\"style-css-av-7kaw3r-fcd3f5b62b40751fcb876006b044b6f7\">\n#top #wrap_all .avia-button.av-7kaw3r-fcd3f5b62b40751fcb876006b044b6f7{\nbackground-color:#066cff;\nborder-color:#066cff;\ntransition:all 0.4s ease-in-out;\nmargin-bottom:5px;\nmargin-right:3px;\nmargin-left:3px;\n}\n#top #wrap_all .avia-button.av-7kaw3r-fcd3f5b62b40751fcb876006b044b6f7:hover{\nbackground-color:#033a7d;\ncolor:white;\ntransition:all 0.4s ease-in-out;\n}\n<\/style>\n<a href='https:\/\/berdoalutechnic.hu\/hr\/gotovi-proizvodi\/proizvodi\/ostali-proizvodi\/giljotina\/'  class='avia-button av-7kaw3r-fcd3f5b62b40751fcb876006b044b6f7 avia-icon_select-no avia-size-small avia-font-color-theme-color'  ><span class='avia_iconbox_title' >Giljotina<\/span><\/a>\n\n<style type=\"text\/css\" data-created_by=\"avia_inline_auto\" id=\"style-css-av-2xzvp3-d6ae1ee2bf58c52a42ec461c7103e44e\">\n#top #wrap_all .avia-button.av-2xzvp3-d6ae1ee2bf58c52a42ec461c7103e44e{\nbackground-color:#066cff;\nborder-color:#066cff;\ntransition:all 0.4s ease-in-out;\nmargin-bottom:5px;\nmargin-right:3px;\nmargin-left:3px;\n}\n#top #wrap_all .avia-button.av-2xzvp3-d6ae1ee2bf58c52a42ec461c7103e44e:hover{\nbackground-color:#033a7d;\ncolor:white;\ntransition:all 0.4s ease-in-out;\n}\n<\/style>\n<a href='https:\/\/berdoalutechnic.hu\/hr\/gotovi-proizvodi\/proizvodi\/ostali-proizvodi\/tekstili-i-boje\/'  class='avia-button av-2xzvp3-d6ae1ee2bf58c52a42ec461c7103e44e avia-icon_select-no avia-size-small avia-font-color-theme-color'  ><span class='avia_iconbox_title' >Tekstili i boje<\/span><\/a>\n<\/div>\n\n","protected":false},"excerpt":{"rendered":"","protected":false},"author":1,"featured_media":0,"parent":8197,"menu_order":0,"comment_status":"closed","ping_status":"closed","template":"","meta":{"_monsterinsights_skip_tracking":false,"_monsterinsights_sitenote_active":false,"_monsterinsights_sitenote_note":"","_monsterinsights_sitenote_category":0,"footnotes":""},"class_list":["post-8205","page","type-page","status-publish","hentry"],"yoast_head":"<!-- This site is optimized with the Yoast SEO Premium plugin v27.1 (Yoast SEO v27.1.1) - https:\/\/yoast.com\/product\/yoast-seo-premium-wordpress\/ -->\n<title>Ostali proizvodi - Berdo Alutechnic<\/title>\n<meta name=\"robots\" content=\"index, follow, max-snippet:-1, max-image-preview:large, max-video-preview:-1\" \/>\n<link rel=\"canonical\" href=\"https:\/\/berdoalutechnic.hu\/hr\/gotovi-proizvodi\/proizvodi\/ostali-proizvodi\/\" \/>\n<meta property=\"og:locale\" content=\"hr_HR\" \/>\n<meta property=\"og:type\" content=\"article\" \/>\n<meta property=\"og:title\" content=\"Ostali proizvodi\" \/>\n<meta property=\"og:url\" content=\"https:\/\/berdoalutechnic.hu\/hr\/gotovi-proizvodi\/proizvodi\/ostali-proizvodi\/\" \/>\n<meta property=\"og:site_name\" content=\"Berdo Alutechnic\" \/>\n<meta property=\"article:modified_time\" content=\"2024-07-13T15:49:44+00:00\" \/>\n<meta name=\"twitter:card\" content=\"summary_large_image\" \/>\n<meta name=\"twitter:label1\" content=\"Procijenjeno vrijeme \u010ditanja\" \/>\n\t<meta name=\"twitter:data1\" content=\"1 minuta\" \/>\n<script type=\"application\/ld+json\" class=\"yoast-schema-graph\">{\"@context\":\"https:\/\/schema.org\",\"@graph\":[{\"@type\":\"WebPage\",\"@id\":\"https:\/\/berdoalutechnic.hu\/hr\/gotovi-proizvodi\/proizvodi\/ostali-proizvodi\/\",\"url\":\"https:\/\/berdoalutechnic.hu\/hr\/gotovi-proizvodi\/proizvodi\/ostali-proizvodi\/\",\"name\":\"Ostali proizvodi - Berdo Alutechnic\",\"isPartOf\":{\"@id\":\"https:\/\/berdoalutechnic.hu\/#website\"},\"datePublished\":\"2023-11-04T07:50:16+00:00\",\"dateModified\":\"2024-07-13T15:49:44+00:00\",\"breadcrumb\":{\"@id\":\"https:\/\/berdoalutechnic.hu\/hr\/gotovi-proizvodi\/proizvodi\/ostali-proizvodi\/#breadcrumb\"},\"inLanguage\":\"hr\",\"potentialAction\":[{\"@type\":\"ReadAction\",\"target\":[\"https:\/\/berdoalutechnic.hu\/hr\/gotovi-proizvodi\/proizvodi\/ostali-proizvodi\/\"]}]},{\"@type\":\"BreadcrumbList\",\"@id\":\"https:\/\/berdoalutechnic.hu\/hr\/gotovi-proizvodi\/proizvodi\/ostali-proizvodi\/#breadcrumb\",\"itemListElement\":[{\"@type\":\"ListItem\",\"position\":1,\"name\":\"Kezd\u0151lap\",\"item\":\"https:\/\/berdoalutechnic.hu\/hr\/naslovna-stranica\/\"},{\"@type\":\"ListItem\",\"position\":2,\"name\":\"Gotovi proizvodi\",\"item\":\"https:\/\/berdoalutechnic.hu\/hr\/gotovi-proizvodi\/\"},{\"@type\":\"ListItem\",\"position\":3,\"name\":\"Proizvodi\",\"item\":\"https:\/\/berdoalutechnic.hu\/hr\/gotovi-proizvodi\/proizvodi\/\"},{\"@type\":\"ListItem\",\"position\":4,\"name\":\"Ostali proizvodi\"}]},{\"@type\":\"WebSite\",\"@id\":\"https:\/\/berdoalutechnic.hu\/#website\",\"url\":\"https:\/\/berdoalutechnic.hu\/\",\"name\":\"Berdo Alutechnic\",\"description\":\"\",\"publisher\":{\"@id\":\"https:\/\/berdoalutechnic.hu\/#organization\"},\"potentialAction\":[{\"@type\":\"SearchAction\",\"target\":{\"@type\":\"EntryPoint\",\"urlTemplate\":\"https:\/\/berdoalutechnic.hu\/?s={search_term_string}\"},\"query-input\":{\"@type\":\"PropertyValueSpecification\",\"valueRequired\":true,\"valueName\":\"search_term_string\"}}],\"inLanguage\":\"hr\"},{\"@type\":\"Organization\",\"@id\":\"https:\/\/berdoalutechnic.hu\/#organization\",\"name\":\"Berdo Alutechnic\",\"url\":\"https:\/\/berdoalutechnic.hu\/\",\"logo\":{\"@type\":\"ImageObject\",\"inLanguage\":\"hr\",\"@id\":\"https:\/\/berdoalutechnic.hu\/#\/schema\/logo\/image\/\",\"url\":\"https:\/\/berdoalutechnic.hu\/wp-content\/uploads\/BALogo_email_tiny.png\",\"contentUrl\":\"https:\/\/berdoalutechnic.hu\/wp-content\/uploads\/BALogo_email_tiny.png\",\"width\":338,\"height\":167,\"caption\":\"Berdo Alutechnic\"},\"image\":{\"@id\":\"https:\/\/berdoalutechnic.hu\/#\/schema\/logo\/image\/\"}}]}<\/script>\n<!-- \/ Yoast SEO Premium plugin. -->","yoast_head_json":{"title":"Ostali proizvodi - Berdo Alutechnic","robots":{"index":"index","follow":"follow","max-snippet":"max-snippet:-1","max-image-preview":"max-image-preview:large","max-video-preview":"max-video-preview:-1"},"canonical":"https:\/\/berdoalutechnic.hu\/hr\/gotovi-proizvodi\/proizvodi\/ostali-proizvodi\/","og_locale":"hr_HR","og_type":"article","og_title":"Ostali proizvodi","og_url":"https:\/\/berdoalutechnic.hu\/hr\/gotovi-proizvodi\/proizvodi\/ostali-proizvodi\/","og_site_name":"Berdo Alutechnic","article_modified_time":"2024-07-13T15:49:44+00:00","twitter_card":"summary_large_image","twitter_misc":{"Procijenjeno vrijeme \u010ditanja":"1 minuta"},"schema":{"@context":"https:\/\/schema.org","@graph":[{"@type":"WebPage","@id":"https:\/\/berdoalutechnic.hu\/hr\/gotovi-proizvodi\/proizvodi\/ostali-proizvodi\/","url":"https:\/\/berdoalutechnic.hu\/hr\/gotovi-proizvodi\/proizvodi\/ostali-proizvodi\/","name":"Ostali proizvodi - Berdo Alutechnic","isPartOf":{"@id":"https:\/\/berdoalutechnic.hu\/#website"},"datePublished":"2023-11-04T07:50:16+00:00","dateModified":"2024-07-13T15:49:44+00:00","breadcrumb":{"@id":"https:\/\/berdoalutechnic.hu\/hr\/gotovi-proizvodi\/proizvodi\/ostali-proizvodi\/#breadcrumb"},"inLanguage":"hr","potentialAction":[{"@type":"ReadAction","target":["https:\/\/berdoalutechnic.hu\/hr\/gotovi-proizvodi\/proizvodi\/ostali-proizvodi\/"]}]},{"@type":"BreadcrumbList","@id":"https:\/\/berdoalutechnic.hu\/hr\/gotovi-proizvodi\/proizvodi\/ostali-proizvodi\/#breadcrumb","itemListElement":[{"@type":"ListItem","position":1,"name":"Kezd\u0151lap","item":"https:\/\/berdoalutechnic.hu\/hr\/naslovna-stranica\/"},{"@type":"ListItem","position":2,"name":"Gotovi proizvodi","item":"https:\/\/berdoalutechnic.hu\/hr\/gotovi-proizvodi\/"},{"@type":"ListItem","position":3,"name":"Proizvodi","item":"https:\/\/berdoalutechnic.hu\/hr\/gotovi-proizvodi\/proizvodi\/"},{"@type":"ListItem","position":4,"name":"Ostali proizvodi"}]},{"@type":"WebSite","@id":"https:\/\/berdoalutechnic.hu\/#website","url":"https:\/\/berdoalutechnic.hu\/","name":"Berdo Alutechnic","description":"","publisher":{"@id":"https:\/\/berdoalutechnic.hu\/#organization"},"potentialAction":[{"@type":"SearchAction","target":{"@type":"EntryPoint","urlTemplate":"https:\/\/berdoalutechnic.hu\/?s={search_term_string}"},"query-input":{"@type":"PropertyValueSpecification","valueRequired":true,"valueName":"search_term_string"}}],"inLanguage":"hr"},{"@type":"Organization","@id":"https:\/\/berdoalutechnic.hu\/#organization","name":"Berdo Alutechnic","url":"https:\/\/berdoalutechnic.hu\/","logo":{"@type":"ImageObject","inLanguage":"hr","@id":"https:\/\/berdoalutechnic.hu\/#\/schema\/logo\/image\/","url":"https:\/\/berdoalutechnic.hu\/wp-content\/uploads\/BALogo_email_tiny.png","contentUrl":"https:\/\/berdoalutechnic.hu\/wp-content\/uploads\/BALogo_email_tiny.png","width":338,"height":167,"caption":"Berdo Alutechnic"},"image":{"@id":"https:\/\/berdoalutechnic.hu\/#\/schema\/logo\/image\/"}}]}},"_links":{"self":[{"href":"https:\/\/berdoalutechnic.hu\/hr\/wp-json\/wp\/v2\/pages\/8205","targetHints":{"allow":["GET"]}}],"collection":[{"href":"https:\/\/berdoalutechnic.hu\/hr\/wp-json\/wp\/v2\/pages"}],"about":[{"href":"https:\/\/berdoalutechnic.hu\/hr\/wp-json\/wp\/v2\/types\/page"}],"author":[{"embeddable":true,"href":"https:\/\/berdoalutechnic.hu\/hr\/wp-json\/wp\/v2\/users\/1"}],"replies":[{"embeddable":true,"href":"https:\/\/berdoalutechnic.hu\/hr\/wp-json\/wp\/v2\/comments?post=8205"}],"version-history":[{"count":3,"href":"https:\/\/berdoalutechnic.hu\/hr\/wp-json\/wp\/v2\/pages\/8205\/revisions"}],"predecessor-version":[{"id":8385,"href":"https:\/\/berdoalutechnic.hu\/hr\/wp-json\/wp\/v2\/pages\/8205\/revisions\/8385"}],"up":[{"embeddable":true,"href":"https:\/\/berdoalutechnic.hu\/hr\/wp-json\/wp\/v2\/pages\/8197"}],"wp:attachment":[{"href":"https:\/\/berdoalutechnic.hu\/hr\/wp-json\/wp\/v2\/media?parent=8205"}],"curies":[{"name":"wp","href":"https:\/\/api.w.org\/{rel}","templated":true}]}}