{"id":8230,"date":"2023-11-04T09:19:26","date_gmt":"2023-11-04T08:19:26","guid":{"rendered":"https:\/\/berdoalutechnic.hu\/?page_id=8230"},"modified":"2024-07-13T15:13:11","modified_gmt":"2024-07-13T13:13:11","slug":"zaluzine","status":"publish","type":"page","link":"https:\/\/berdoalutechnic.hu\/hr\/gotovi-proizvodi\/proizvodi\/vanjska-sjenila\/zaluzine\/","title":{"rendered":"\u017daluzine"},"content":{"rendered":"<div class='clear'><\/div><div id='sub_menu1'  class='av-submenu-container av-42p2mh-5708a451660439a2f8d457a4c8bc974b main_color  avia-builder-el-0  el_before_av_slideshow_full  avia-builder-el-first  av-sticky-submenu container_wrap fullsize' style='z-index:301' ><div class='container av-menu-mobile-disabled av-submenu-pos-center'><ul id=\"menu-kesztermekmenuhr\" class=\"av-subnav-menu\"><li role=\"menuitem\" id=\"menu-item-8319\" class=\"menu-item menu-item-type-post_type menu-item-object-page menu-item-top-level menu-item-top-level-1\"><a href=\"https:\/\/berdoalutechnic.hu\/hr\/gotovi-proizvodi\/proizvodi\/\" itemprop=\"url\" tabindex=\"0\"><span class=\"avia-bullet\"><\/span><span class=\"avia-menu-text\">Proizvodi<\/span><span class=\"avia-menu-fx\"><span class=\"avia-arrow-wrap\"><span class=\"avia-arrow\"><\/span><\/span><\/span><\/a><\/li>\n<li role=\"menuitem\" id=\"menu-item-8320\" class=\"menu-item menu-item-type-post_type menu-item-object-page menu-item-top-level menu-item-top-level-2\"><a href=\"https:\/\/berdoalutechnic.hu\/hr\/gotovi-proizvodi\/preuzimanja\/\" itemprop=\"url\" tabindex=\"0\"><span class=\"avia-bullet\"><\/span><span class=\"avia-menu-text\">Preuzimanja<\/span><span class=\"avia-menu-fx\"><span class=\"avia-arrow-wrap\"><span class=\"avia-arrow\"><\/span><\/span><\/span><\/a><\/li>\n<li role=\"menuitem\" id=\"menu-item-8321\" class=\"menu-item menu-item-type-post_type menu-item-object-page menu-item-top-level menu-item-top-level-3\"><a href=\"https:\/\/berdoalutechnic.hu\/hr\/gotovi-proizvodi\/informacije\/\" itemprop=\"url\" tabindex=\"0\"><span class=\"avia-bullet\"><\/span><span class=\"avia-menu-text\">Informacije<\/span><span class=\"avia-menu-fx\"><span class=\"avia-arrow-wrap\"><span class=\"avia-arrow\"><\/span><\/span><\/span><\/a><\/li>\n<li role=\"menuitem\" id=\"menu-item-8353\" class=\"menu-item menu-item-type-post_type menu-item-object-page menu-item-top-level menu-item-top-level-4\"><a href=\"https:\/\/berdoalutechnic.hu\/hr\/gotovi-proizvodi\/galerija\/\" itemprop=\"url\" tabindex=\"0\"><span class=\"avia-bullet\"><\/span><span class=\"avia-menu-text\">Galerija<\/span><span class=\"avia-menu-fx\"><span class=\"avia-arrow-wrap\"><span class=\"avia-arrow\"><\/span><\/span><\/span><\/a><\/li>\n<li role=\"menuitem\" id=\"menu-item-8354\" class=\"menu-item menu-item-type-post_type menu-item-object-page menu-item-top-level menu-item-top-level-5\"><a href=\"https:\/\/berdoalutechnic.hu\/hr\/gotovi-proizvodi\/kontakt\/\" itemprop=\"url\" tabindex=\"0\"><span class=\"avia-bullet\"><\/span><span class=\"avia-menu-text\">Kontakt<\/span><span class=\"avia-menu-fx\"><span class=\"avia-arrow-wrap\"><span class=\"avia-arrow\"><\/span><\/span><\/span><\/a><\/li>\n<\/ul><\/div><\/div><div class='sticky_placeholder'><\/div>\n<div id='full_slider_1'  class='avia-fullwidth-slider main_color avia-shadow   avia-builder-el-1  el_after_av_submenu  el_before_av_section   slider-not-first container_wrap fullsize'  ><div  class='avia-slideshow av-lp53wc6z-7405b22577016de205b167772b935cad avia-slideshow-featured av_slideshow_full avia-slide-slider av-slideshow-ui av-control-default av-slideshow-manual av-loop-once av-loop-manual-endless av-default-height-applied   avia-slideshow-1' data-slideshow-options=\"{&quot;animation&quot;:&quot;slide&quot;,&quot;autoplay&quot;:false,&quot;loop_autoplay&quot;:&quot;once&quot;,&quot;interval&quot;:5,&quot;loop_manual&quot;:&quot;manual-endless&quot;,&quot;autoplay_stopper&quot;:false,&quot;noNavigation&quot;:false,&quot;bg_slider&quot;:false,&quot;keep_padding&quot;:false,&quot;hoverpause&quot;:false,&quot;show_slide_delay&quot;:0}\"  itemprop=\"image\" itemscope=\"itemscope\" itemtype=\"https:\/\/schema.org\/ImageObject\" ><ul class='avia-slideshow-inner ' style='padding-bottom: 28.666666666667%;'><li  class='avia-slideshow-slide av-lp53wc6z-7405b22577016de205b167772b935cad__0  av-single-slide slide-1 slide-odd'><div data-rel='slideshow-1' class='avia-slide-wrap '   ><div class='av-slideshow-caption av-lp53wc6z-7405b22577016de205b167772b935cad__0 caption_fullwidth caption_center caption_center_framed caption_framed'><div class=\"container caption_container\"><div class=\"slideshow_caption\"><div class=\"slideshow_inner_caption\"><div class=\"slideshow_align_caption\"><h2 class='avia-caption-title '  itemprop=\"name\" >\u017daluzine<\/h2><\/div><\/div><\/div><\/div><\/div><img decoding=\"async\" class=\"wp-image-6673 avia-img-lazy-loading-not-6673\"  src=\"https:\/\/berdoalutechnic.hu\/wp-content\/uploads\/RM_13-1500x430.jpg\" width=\"1500\" height=\"430\" title='RM_13' alt=''  itemprop=\"thumbnailUrl\"   \/><\/div><\/li><\/ul><\/div><\/div>\n<div id='av_section_1'  class='avia-section av-z6td09-c7ef05091e8e0897cc58aacf32b73df0 main_color avia-section-default avia-no-border-styling  avia-builder-el-2  el_after_av_slideshow_full  el_before_av_section  avia-bg-style-scroll container_wrap fullsize'  ><div class='container av-section-cont-open' ><div class='template-page content  av-content-full alpha units'><div class='post-entry post-entry-type-page post-entry-8230'><div class='entry-content-wrapper clearfix'>\n<div  class='flex_column av-xd8w5l-006b6d496c660b36ad423cba7a7a204a av_one_full  avia-builder-el-3  avia-builder-el-no-sibling  first flex_column_div  '     ><section  class='av_textblock_section av-uyh6g9-fd254e258c9613f853f1e280a49176d2 '   itemscope=\"itemscope\" itemtype=\"https:\/\/schema.org\/CreativeWork\" ><div class='avia_textblock'  itemprop=\"text\" ><p>Aluminijska \u017ealuzina je trenutno najmoderniji proizvod na podru\u010dju zasjenjivanja koji se najdinami\u010dnije razvija. Pru\u017ea izrazito moderan izgled za javne zgrade, urede, industrijske objekte i obiteljske ku\u0107e. Pode\u0161avanjem beskona\u010dnog kuta nagiba lamele mo\u017eete kontrolirati koli\u010dinu sun\u010deve svjetlosti koja ulazi u prostoriju. Zahvaljuju\u0107i suvremenom lakiranju i povr\u0161inskoj obradi lamele su otporne na vremenske uvjete, dugo zadr\u017eavaju svoju izvornu boju i lako se \u010diste.<\/p>\n<p><strong>Vrste lamela<\/strong><\/p>\n<p>Lamele po izboru: s rubom ili bez ruba C-80 a u slu\u010daju ve\u0107eg optere\u0107enja mo\u017ee se koristiti lamela oblika Z-90.<\/p>\n<p>\u0160to se ti\u010de oblika lamele se mogu odabrati u obliku &#8220;c&#8221; \u0161irine 80 mm (porubljena). Zahvaljuju\u0107i rubu lamela \u0107e biti tvr\u0111a a stime raste i otpornost na vjetar pa mo\u017eemo sigurno koristiti i za pokrivanje ve\u0107ih povr\u0161ina.<\/p>\n<p>Prednost tako\u0111er 80 mm \u0161iroke &#8220;c&#8221; lamele bez ruba je \u0161to imaju odli\u010dnu visinu \u201esakupljeno\u201d, pa podignute lamele zahtijevaju manje prostora. Pod utjecajem jakog vjetra, ako se lamela deformira, lako se vratiti u svoj izvorni oblik kada se sila ukloni.<\/p>\n<p>Zbog svog oblika lamela u obliku &#8220;z&#8221; od 90 mm omogu\u0107uje puno bolje blokiranje svjetla u odnosu na stariji tip u obliku &#8220;c&#8221;.<\/p>\n<p>U donji dio lamele postavljen je gumeni PVC umetak koji je otporan na UV zra\u010denje, zahvaljuju\u0107i tome lamele se bolje zatvaraju a tako\u0111er je minimalizirana buka lamela.<\/p>\n<p><strong>Vrste vodilice <\/strong><strong>\u017ealuzine<\/strong><\/p>\n<p>Vrste vodilice: aluminijskom vodilicom, bovdenom ili kombinacijom istih ili u skladu s dana\u0161njim trendom sa samonosivom sistemom.<\/p>\n<p><strong>Upravljanje \u017ealuzine<\/strong><\/p>\n<p>\u017daluzine se mogu upravljati ru\u010dno sa kurblom ili motorizirano \u010dime zadovoljavaju razli\u010dite potrebe.<\/p>\n<p><strong>Motori i upravljanje<\/strong><\/p>\n<p>Automatizirania sjenila omogu\u0107uju vam udobnije upravljanje. Zahvaljuju\u0107i raznim inteligentnim funkcijama, ne morate brinuti \u010dak ni ako ste daleko od ku\u0107e, jer se automatizacija brine o optimalnim kutu nagiba.<\/p>\n<p>Jamstvo visoke kvalitete i udobnosti:<\/p>\n<p><a href=\"https:\/\/www.somfy.hu\/termekek\/napellenzok-es-pergolakVez%C3%A9rl%C3%A9sek\" target=\"_blank\" rel=\"noopener\">Somfy motori<\/a><\/p>\n<p>Upravljanje, pametna rje\u0161enja za va\u0161 dom.<\/p>\n<p><a href=\"https:\/\/www.fibaro.com\/hu\/\" target=\"_blank\" rel=\"noopener\">Fibaro <u>upravljanje<\/u><\/a><\/p>\n<p><a href=\"https:\/\/www.somfy.hu\/termekek\/okoskoezpontok-es-taviranyitok\" target=\"_blank\" rel=\"noopener\">Somfy <u>upravljanje<\/u><\/a><\/p>\n<\/div><\/section><\/div><\/div><\/div><\/div><!-- close content main div --><\/div><\/div>\n<style type=\"text\/css\" data-created_by=\"avia_inline_auto\" id=\"style-css-av-av_section-b65eed151f6a53e4fd7b9b1c75020f26\">\n.avia-section.av-av_section-b65eed151f6a53e4fd7b9b1c75020f26{\nbackground-color:#033a7d;\nbackground-image:unset;\n}\n<\/style>\n<div id='av_section_2'  class='avia-section av-av_section-b65eed151f6a53e4fd7b9b1c75020f26 main_color avia-section-default avia-no-border-styling  avia-builder-el-5  el_after_av_section  avia-builder-el-last  avia-bg-style-scroll container_wrap fullsize'  ><div class='container av-section-cont-open' ><div class='template-page content  av-content-full alpha units'><div class='post-entry post-entry-type-page post-entry-8230'><div class='entry-content-wrapper clearfix'>\n<div  class='flex_column av-av_one_full-fcc54ba6e1056dfba2660000655d0540 av_one_full  avia-builder-el-6  avia-builder-el-no-sibling  first flex_column_div  '     ><p>\n<style type=\"text\/css\" data-created_by=\"avia_inline_auto\" id=\"style-css-av-lyk5btam-ae34727b00326518d7d735d72a29a19f\">\n#top .av-special-heading.av-lyk5btam-ae34727b00326518d7d735d72a29a19f{\npadding-bottom:10px;\ncolor:#ffffff;\n}\nbody .av-special-heading.av-lyk5btam-ae34727b00326518d7d735d72a29a19f .av-special-heading-tag .heading-char{\nfont-size:25px;\n}\n.av-special-heading.av-lyk5btam-ae34727b00326518d7d735d72a29a19f .special-heading-inner-border{\nborder-color:#ffffff;\n}\n.av-special-heading.av-lyk5btam-ae34727b00326518d7d735d72a29a19f .av-subheading{\nfont-size:15px;\n}\n<\/style>\n<div  class='av-special-heading av-lyk5btam-ae34727b00326518d7d735d72a29a19f av-special-heading-h3 custom-color-heading blockquote modern-quote  avia-builder-el-7  el_before_av_codeblock  avia-builder-el-first '><h3 class='av-special-heading-tag'  itemprop=\"headline\"  >Uskoro&#8230;<\/h3><div class=\"special-heading-border\"><div class=\"special-heading-inner-border\"><\/div><\/div><\/div><br \/>\n<\/p><\/div><\/p>\n","protected":false},"excerpt":{"rendered":"","protected":false},"author":1,"featured_media":0,"parent":8206,"menu_order":0,"comment_status":"closed","ping_status":"closed","template":"","meta":{"_monsterinsights_skip_tracking":false,"_monsterinsights_sitenote_active":false,"_monsterinsights_sitenote_note":"","_monsterinsights_sitenote_category":0,"footnotes":""},"class_list":["post-8230","page","type-page","status-publish","hentry"],"yoast_head":"<!-- This site is optimized with the Yoast SEO Premium plugin v27.1 (Yoast SEO v27.1.1) - https:\/\/yoast.com\/product\/yoast-seo-premium-wordpress\/ -->\n<title>\u017daluzine - Berdo Alutechnic<\/title>\n<meta name=\"robots\" content=\"index, follow, max-snippet:-1, max-image-preview:large, max-video-preview:-1\" \/>\n<link rel=\"canonical\" href=\"https:\/\/berdoalutechnic.hu\/hr\/gotovi-proizvodi\/proizvodi\/vanjska-sjenila\/zaluzine\/\" \/>\n<meta property=\"og:locale\" content=\"hr_HR\" \/>\n<meta property=\"og:type\" content=\"article\" \/>\n<meta property=\"og:title\" content=\"\u017daluzine\" \/>\n<meta property=\"og:url\" content=\"https:\/\/berdoalutechnic.hu\/hr\/gotovi-proizvodi\/proizvodi\/vanjska-sjenila\/zaluzine\/\" \/>\n<meta property=\"og:site_name\" content=\"Berdo Alutechnic\" \/>\n<meta property=\"article:modified_time\" content=\"2024-07-13T13:13:11+00:00\" \/>\n<meta name=\"twitter:card\" content=\"summary_large_image\" \/>\n<meta name=\"twitter:label1\" content=\"Procijenjeno vrijeme \u010ditanja\" \/>\n\t<meta name=\"twitter:data1\" content=\"2 minute\" \/>\n<script type=\"application\/ld+json\" class=\"yoast-schema-graph\">{\"@context\":\"https:\/\/schema.org\",\"@graph\":[{\"@type\":\"WebPage\",\"@id\":\"https:\/\/berdoalutechnic.hu\/hr\/gotovi-proizvodi\/proizvodi\/vanjska-sjenila\/zaluzine\/\",\"url\":\"https:\/\/berdoalutechnic.hu\/hr\/gotovi-proizvodi\/proizvodi\/vanjska-sjenila\/zaluzine\/\",\"name\":\"\u017daluzine - Berdo Alutechnic\",\"isPartOf\":{\"@id\":\"https:\/\/berdoalutechnic.hu\/#website\"},\"datePublished\":\"2023-11-04T08:19:26+00:00\",\"dateModified\":\"2024-07-13T13:13:11+00:00\",\"breadcrumb\":{\"@id\":\"https:\/\/berdoalutechnic.hu\/hr\/gotovi-proizvodi\/proizvodi\/vanjska-sjenila\/zaluzine\/#breadcrumb\"},\"inLanguage\":\"hr\",\"potentialAction\":[{\"@type\":\"ReadAction\",\"target\":[\"https:\/\/berdoalutechnic.hu\/hr\/gotovi-proizvodi\/proizvodi\/vanjska-sjenila\/zaluzine\/\"]}]},{\"@type\":\"BreadcrumbList\",\"@id\":\"https:\/\/berdoalutechnic.hu\/hr\/gotovi-proizvodi\/proizvodi\/vanjska-sjenila\/zaluzine\/#breadcrumb\",\"itemListElement\":[{\"@type\":\"ListItem\",\"position\":1,\"name\":\"Kezd\u0151lap\",\"item\":\"https:\/\/berdoalutechnic.hu\/hr\/naslovna-stranica\/\"},{\"@type\":\"ListItem\",\"position\":2,\"name\":\"Gotovi proizvodi\",\"item\":\"https:\/\/berdoalutechnic.hu\/hr\/gotovi-proizvodi\/\"},{\"@type\":\"ListItem\",\"position\":3,\"name\":\"Proizvodi\",\"item\":\"https:\/\/berdoalutechnic.hu\/hr\/gotovi-proizvodi\/proizvodi\/\"},{\"@type\":\"ListItem\",\"position\":4,\"name\":\"Vanjska sjenila\",\"item\":\"https:\/\/berdoalutechnic.hu\/hr\/gotovi-proizvodi\/proizvodi\/vanjska-sjenila\/\"},{\"@type\":\"ListItem\",\"position\":5,\"name\":\"\u017daluzine\"}]},{\"@type\":\"WebSite\",\"@id\":\"https:\/\/berdoalutechnic.hu\/#website\",\"url\":\"https:\/\/berdoalutechnic.hu\/\",\"name\":\"Berdo Alutechnic\",\"description\":\"\",\"publisher\":{\"@id\":\"https:\/\/berdoalutechnic.hu\/#organization\"},\"potentialAction\":[{\"@type\":\"SearchAction\",\"target\":{\"@type\":\"EntryPoint\",\"urlTemplate\":\"https:\/\/berdoalutechnic.hu\/?s={search_term_string}\"},\"query-input\":{\"@type\":\"PropertyValueSpecification\",\"valueRequired\":true,\"valueName\":\"search_term_string\"}}],\"inLanguage\":\"hr\"},{\"@type\":\"Organization\",\"@id\":\"https:\/\/berdoalutechnic.hu\/#organization\",\"name\":\"Berdo Alutechnic\",\"url\":\"https:\/\/berdoalutechnic.hu\/\",\"logo\":{\"@type\":\"ImageObject\",\"inLanguage\":\"hr\",\"@id\":\"https:\/\/berdoalutechnic.hu\/#\/schema\/logo\/image\/\",\"url\":\"https:\/\/berdoalutechnic.hu\/wp-content\/uploads\/BALogo_email_tiny.png\",\"contentUrl\":\"https:\/\/berdoalutechnic.hu\/wp-content\/uploads\/BALogo_email_tiny.png\",\"width\":338,\"height\":167,\"caption\":\"Berdo Alutechnic\"},\"image\":{\"@id\":\"https:\/\/berdoalutechnic.hu\/#\/schema\/logo\/image\/\"}}]}<\/script>\n<!-- \/ Yoast SEO Premium plugin. -->","yoast_head_json":{"title":"\u017daluzine - Berdo Alutechnic","robots":{"index":"index","follow":"follow","max-snippet":"max-snippet:-1","max-image-preview":"max-image-preview:large","max-video-preview":"max-video-preview:-1"},"canonical":"https:\/\/berdoalutechnic.hu\/hr\/gotovi-proizvodi\/proizvodi\/vanjska-sjenila\/zaluzine\/","og_locale":"hr_HR","og_type":"article","og_title":"\u017daluzine","og_url":"https:\/\/berdoalutechnic.hu\/hr\/gotovi-proizvodi\/proizvodi\/vanjska-sjenila\/zaluzine\/","og_site_name":"Berdo Alutechnic","article_modified_time":"2024-07-13T13:13:11+00:00","twitter_card":"summary_large_image","twitter_misc":{"Procijenjeno vrijeme \u010ditanja":"2 minute"},"schema":{"@context":"https:\/\/schema.org","@graph":[{"@type":"WebPage","@id":"https:\/\/berdoalutechnic.hu\/hr\/gotovi-proizvodi\/proizvodi\/vanjska-sjenila\/zaluzine\/","url":"https:\/\/berdoalutechnic.hu\/hr\/gotovi-proizvodi\/proizvodi\/vanjska-sjenila\/zaluzine\/","name":"\u017daluzine - Berdo Alutechnic","isPartOf":{"@id":"https:\/\/berdoalutechnic.hu\/#website"},"datePublished":"2023-11-04T08:19:26+00:00","dateModified":"2024-07-13T13:13:11+00:00","breadcrumb":{"@id":"https:\/\/berdoalutechnic.hu\/hr\/gotovi-proizvodi\/proizvodi\/vanjska-sjenila\/zaluzine\/#breadcrumb"},"inLanguage":"hr","potentialAction":[{"@type":"ReadAction","target":["https:\/\/berdoalutechnic.hu\/hr\/gotovi-proizvodi\/proizvodi\/vanjska-sjenila\/zaluzine\/"]}]},{"@type":"BreadcrumbList","@id":"https:\/\/berdoalutechnic.hu\/hr\/gotovi-proizvodi\/proizvodi\/vanjska-sjenila\/zaluzine\/#breadcrumb","itemListElement":[{"@type":"ListItem","position":1,"name":"Kezd\u0151lap","item":"https:\/\/berdoalutechnic.hu\/hr\/naslovna-stranica\/"},{"@type":"ListItem","position":2,"name":"Gotovi proizvodi","item":"https:\/\/berdoalutechnic.hu\/hr\/gotovi-proizvodi\/"},{"@type":"ListItem","position":3,"name":"Proizvodi","item":"https:\/\/berdoalutechnic.hu\/hr\/gotovi-proizvodi\/proizvodi\/"},{"@type":"ListItem","position":4,"name":"Vanjska sjenila","item":"https:\/\/berdoalutechnic.hu\/hr\/gotovi-proizvodi\/proizvodi\/vanjska-sjenila\/"},{"@type":"ListItem","position":5,"name":"\u017daluzine"}]},{"@type":"WebSite","@id":"https:\/\/berdoalutechnic.hu\/#website","url":"https:\/\/berdoalutechnic.hu\/","name":"Berdo Alutechnic","description":"","publisher":{"@id":"https:\/\/berdoalutechnic.hu\/#organization"},"potentialAction":[{"@type":"SearchAction","target":{"@type":"EntryPoint","urlTemplate":"https:\/\/berdoalutechnic.hu\/?s={search_term_string}"},"query-input":{"@type":"PropertyValueSpecification","valueRequired":true,"valueName":"search_term_string"}}],"inLanguage":"hr"},{"@type":"Organization","@id":"https:\/\/berdoalutechnic.hu\/#organization","name":"Berdo Alutechnic","url":"https:\/\/berdoalutechnic.hu\/","logo":{"@type":"ImageObject","inLanguage":"hr","@id":"https:\/\/berdoalutechnic.hu\/#\/schema\/logo\/image\/","url":"https:\/\/berdoalutechnic.hu\/wp-content\/uploads\/BALogo_email_tiny.png","contentUrl":"https:\/\/berdoalutechnic.hu\/wp-content\/uploads\/BALogo_email_tiny.png","width":338,"height":167,"caption":"Berdo Alutechnic"},"image":{"@id":"https:\/\/berdoalutechnic.hu\/#\/schema\/logo\/image\/"}}]}},"_links":{"self":[{"href":"https:\/\/berdoalutechnic.hu\/hr\/wp-json\/wp\/v2\/pages\/8230","targetHints":{"allow":["GET"]}}],"collection":[{"href":"https:\/\/berdoalutechnic.hu\/hr\/wp-json\/wp\/v2\/pages"}],"about":[{"href":"https:\/\/berdoalutechnic.hu\/hr\/wp-json\/wp\/v2\/types\/page"}],"author":[{"embeddable":true,"href":"https:\/\/berdoalutechnic.hu\/hr\/wp-json\/wp\/v2\/users\/1"}],"replies":[{"embeddable":true,"href":"https:\/\/berdoalutechnic.hu\/hr\/wp-json\/wp\/v2\/comments?post=8230"}],"version-history":[{"count":2,"href":"https:\/\/berdoalutechnic.hu\/hr\/wp-json\/wp\/v2\/pages\/8230\/revisions"}],"predecessor-version":[{"id":8234,"href":"https:\/\/berdoalutechnic.hu\/hr\/wp-json\/wp\/v2\/pages\/8230\/revisions\/8234"}],"up":[{"embeddable":true,"href":"https:\/\/berdoalutechnic.hu\/hr\/wp-json\/wp\/v2\/pages\/8206"}],"wp:attachment":[{"href":"https:\/\/berdoalutechnic.hu\/hr\/wp-json\/wp\/v2\/media?parent=8230"}],"curies":[{"name":"wp","href":"https:\/\/api.w.org\/{rel}","templated":true}]}}