{"id":8242,"date":"2023-11-04T10:20:17","date_gmt":"2023-11-04T09:20:17","guid":{"rendered":"https:\/\/berdoalutechnic.hu\/?page_id=8242"},"modified":"2024-07-13T15:19:09","modified_gmt":"2024-07-13T13:19:09","slug":"brisolej","status":"publish","type":"page","link":"https:\/\/berdoalutechnic.hu\/hr\/gotovi-proizvodi\/proizvodi\/vanjska-sjenila\/brisolej\/","title":{"rendered":"Brisolej"},"content":{"rendered":"<div class='clear'><\/div><div id='sub_menu1'  class='av-submenu-container av-14u53v2-279d2dc442fade4969fa4dcf96d4b507 main_color  avia-builder-el-0  el_before_av_slideshow_full  avia-builder-el-first  av-sticky-submenu container_wrap fullsize' style='z-index:301' ><div class='container av-menu-mobile-disabled av-submenu-pos-center'><ul id=\"menu-kesztermekmenuhr\" class=\"av-subnav-menu\"><li role=\"menuitem\" id=\"menu-item-8319\" class=\"menu-item menu-item-type-post_type menu-item-object-page menu-item-top-level menu-item-top-level-1\"><a href=\"https:\/\/berdoalutechnic.hu\/hr\/gotovi-proizvodi\/proizvodi\/\" itemprop=\"url\" tabindex=\"0\"><span class=\"avia-bullet\"><\/span><span class=\"avia-menu-text\">Proizvodi<\/span><span class=\"avia-menu-fx\"><span class=\"avia-arrow-wrap\"><span class=\"avia-arrow\"><\/span><\/span><\/span><\/a><\/li>\n<li role=\"menuitem\" id=\"menu-item-8320\" class=\"menu-item menu-item-type-post_type menu-item-object-page menu-item-top-level menu-item-top-level-2\"><a href=\"https:\/\/berdoalutechnic.hu\/hr\/gotovi-proizvodi\/preuzimanja\/\" itemprop=\"url\" tabindex=\"0\"><span class=\"avia-bullet\"><\/span><span class=\"avia-menu-text\">Preuzimanja<\/span><span class=\"avia-menu-fx\"><span class=\"avia-arrow-wrap\"><span class=\"avia-arrow\"><\/span><\/span><\/span><\/a><\/li>\n<li role=\"menuitem\" id=\"menu-item-8321\" class=\"menu-item menu-item-type-post_type menu-item-object-page menu-item-top-level menu-item-top-level-3\"><a href=\"https:\/\/berdoalutechnic.hu\/hr\/gotovi-proizvodi\/informacije\/\" itemprop=\"url\" tabindex=\"0\"><span class=\"avia-bullet\"><\/span><span class=\"avia-menu-text\">Informacije<\/span><span class=\"avia-menu-fx\"><span class=\"avia-arrow-wrap\"><span class=\"avia-arrow\"><\/span><\/span><\/span><\/a><\/li>\n<li role=\"menuitem\" id=\"menu-item-8353\" class=\"menu-item menu-item-type-post_type menu-item-object-page menu-item-top-level menu-item-top-level-4\"><a href=\"https:\/\/berdoalutechnic.hu\/hr\/gotovi-proizvodi\/galerija\/\" itemprop=\"url\" tabindex=\"0\"><span class=\"avia-bullet\"><\/span><span class=\"avia-menu-text\">Galerija<\/span><span class=\"avia-menu-fx\"><span class=\"avia-arrow-wrap\"><span class=\"avia-arrow\"><\/span><\/span><\/span><\/a><\/li>\n<li role=\"menuitem\" id=\"menu-item-8354\" class=\"menu-item menu-item-type-post_type menu-item-object-page menu-item-top-level menu-item-top-level-5\"><a href=\"https:\/\/berdoalutechnic.hu\/hr\/gotovi-proizvodi\/kontakt\/\" itemprop=\"url\" tabindex=\"0\"><span class=\"avia-bullet\"><\/span><span class=\"avia-menu-text\">Kontakt<\/span><span class=\"avia-menu-fx\"><span class=\"avia-arrow-wrap\"><span class=\"avia-arrow\"><\/span><\/span><\/span><\/a><\/li>\n<\/ul><\/div><\/div><div class='sticky_placeholder'><\/div>\n<div id='full_slider_1'  class='avia-fullwidth-slider main_color avia-shadow   avia-builder-el-1  el_after_av_submenu  el_before_av_section   slider-not-first container_wrap fullsize'  ><div  class='avia-slideshow av-lp540dwr-e35630da2d7c519c240f0fff3b2e641e avia-slideshow-featured av_slideshow_full avia-slide-slider av-slideshow-ui av-control-default av-slideshow-manual av-loop-once av-loop-manual-endless av-default-height-applied   avia-slideshow-1' data-slideshow-options=\"{&quot;animation&quot;:&quot;slide&quot;,&quot;autoplay&quot;:false,&quot;loop_autoplay&quot;:&quot;once&quot;,&quot;interval&quot;:5,&quot;loop_manual&quot;:&quot;manual-endless&quot;,&quot;autoplay_stopper&quot;:false,&quot;noNavigation&quot;:false,&quot;bg_slider&quot;:false,&quot;keep_padding&quot;:false,&quot;hoverpause&quot;:false,&quot;show_slide_delay&quot;:0}\"  itemprop=\"image\" itemscope=\"itemscope\" itemtype=\"https:\/\/schema.org\/ImageObject\" ><ul class='avia-slideshow-inner ' style='padding-bottom: 29.861111111111%;'><li  class='avia-slideshow-slide av-lp540dwr-e35630da2d7c519c240f0fff3b2e641e__0  av-single-slide slide-1 slide-odd'><div data-rel='slideshow-1' class='avia-slide-wrap '   ><div class='av-slideshow-caption av-lp540dwr-e35630da2d7c519c240f0fff3b2e641e__0 caption_fullwidth caption_center caption_center_framed caption_framed'><div class=\"container caption_container\"><div class=\"slideshow_caption\"><div class=\"slideshow_inner_caption\"><div class=\"slideshow_align_caption\"><h2 class='avia-caption-title '  itemprop=\"name\" >Brisolej<\/h2><\/div><\/div><\/div><\/div><\/div><img decoding=\"async\" class=\"wp-image-7311 avia-img-lazy-loading-not-7311\"  src=\"https:\/\/berdoalutechnic.hu\/wp-content\/uploads\/BERDOALU_GAL_33-1440x430.jpg\" width=\"1440\" height=\"430\" title='BERDOALU_GAL_33' alt=''  itemprop=\"thumbnailUrl\"   \/><\/div><\/li><\/ul><\/div><\/div>\n<div id='av_section_1'  class='avia-section av-zfskv2-1b0487dfdc68f7a4b3e2de0f18decc25 main_color avia-section-default avia-no-border-styling  avia-builder-el-2  el_after_av_slideshow_full  el_before_av_section  avia-bg-style-scroll container_wrap fullsize'  ><div class='container av-section-cont-open' ><div class='template-page content  av-content-full alpha units'><div class='post-entry post-entry-type-page post-entry-8242'><div class='entry-content-wrapper clearfix'>\n<div  class='flex_column av-ynlpda-eb3d144c05232e0d6278a9e243d25364 av_one_full  avia-builder-el-3  avia-builder-el-no-sibling  first flex_column_div  '     ><section  class='av_textblock_section av-v9g76m-c208ba06cc13572b7fd1a36b45521e27 '   itemscope=\"itemscope\" itemtype=\"https:\/\/schema.org\/CreativeWork\" ><div class='avia_textblock'  itemprop=\"text\" ><p>U dana\u0161nje vrijeme je energetska u\u010dinkovitost neophodno za poslovne zgrade i industrijske objekte. Veliki, ekstrudirani i po zahtjevu plastificirani profili ne samo da ukra\u0161avaju zgrade, ve\u0107 pru\u017eaju u\u010dinkovitu za\u0161titu od pregrijavanja a pored toga mogu smanjiti prodiranje \u0161tetnih UV zraka. Ovakvi proizvodi ve\u0107 su postali neophodan dio mnogih zgrada jer omogu\u0107uju zna\u010dajne u\u0161tede energije u usporedbi s radom klima ure\u0111aja.<\/p>\n<p>Kut nagiba lamela u slu\u010daju pojedinih fiksnih lamela je unaprijed odre\u0111en, dok kod pokretnih motoriziranih lamela unutar odre\u0111enih granica slobodno podesiv. Ako se radi o pomi\u0107nim lamelama ugradnjom senzora za svjetlost kut nagiba se mijenja automatski.<\/p>\n<p>Kori\u0161teni materijali: Lamele su uvijek izra\u0111ene od ekstrudiranog aluminija. Odre\u0111eni tipovi lamela ne zahtijevaju spojne elemente tijekom ugradnje, jer njihov dizajn omogu\u0107ava brzo postavljanje na konzoln ili na nosa\u010d (klips).<\/p>\n<p>Kut nagiba lamela u slu\u010daju pojedinih fiksnih lamela (<strong>fix lattice<\/strong>) je unaprijed odre\u0111en, dok kod pokretnih motoriziranih lamela ( <strong>louvers<\/strong> ) unutar odre\u0111enih granica slobodno podesiv. Ako se radi o pomi\u0107nim lamelama ugradnjom senzora za svjetlost kut nagiba se mijenja automatski.<\/p>\n<\/div><\/section><\/div><\/div><\/div><\/div><!-- close content main div --><\/div><\/div>\n<style type=\"text\/css\" data-created_by=\"avia_inline_auto\" id=\"style-css-av-7v7c9a-8634b52bb1c24517721f1b7c1ee768a7\">\n.avia-section.av-7v7c9a-8634b52bb1c24517721f1b7c1ee768a7{\nbackground-color:#033a7d;\nbackground-image:unset;\n}\n<\/style>\n<div id='av_section_2'  class='avia-section av-7v7c9a-8634b52bb1c24517721f1b7c1ee768a7 main_color avia-section-default avia-no-border-styling  avia-builder-el-5  el_after_av_section  avia-builder-el-last  avia-bg-style-scroll container_wrap fullsize'  ><div class='container av-section-cont-open' ><div class='template-page content  av-content-full alpha units'><div class='post-entry post-entry-type-page post-entry-8242'><div class='entry-content-wrapper clearfix'>\n<div  class='flex_column av-57lrni-0f51686ae3f65ccaf934d845decc4c78 av_one_full  avia-builder-el-6  avia-builder-el-no-sibling  first flex_column_div  '     ><p>\n<style type=\"text\/css\" data-created_by=\"avia_inline_auto\" id=\"style-css-av-3pfr1a-f4d71c2bd31ca551c9a8338353c79885\">\n#top .av-special-heading.av-3pfr1a-f4d71c2bd31ca551c9a8338353c79885{\npadding-bottom:10px;\ncolor:#ffffff;\n}\nbody .av-special-heading.av-3pfr1a-f4d71c2bd31ca551c9a8338353c79885 .av-special-heading-tag .heading-char{\nfont-size:25px;\n}\n.av-special-heading.av-3pfr1a-f4d71c2bd31ca551c9a8338353c79885 .special-heading-inner-border{\nborder-color:#ffffff;\n}\n.av-special-heading.av-3pfr1a-f4d71c2bd31ca551c9a8338353c79885 .av-subheading{\nfont-size:15px;\n}\n<\/style>\n<div  class='av-special-heading av-3pfr1a-f4d71c2bd31ca551c9a8338353c79885 av-special-heading-h3 custom-color-heading blockquote modern-quote  avia-builder-el-7  el_before_av_codeblock  avia-builder-el-first '><h3 class='av-special-heading-tag'  itemprop=\"headline\"  >Uskoro&#8230;<\/h3><div class=\"special-heading-border\"><div class=\"special-heading-inner-border\"><\/div><\/div><\/div><br \/>\n<\/p><\/div><\/p>\n","protected":false},"excerpt":{"rendered":"","protected":false},"author":1,"featured_media":0,"parent":8206,"menu_order":0,"comment_status":"closed","ping_status":"closed","template":"","meta":{"_monsterinsights_skip_tracking":false,"_monsterinsights_sitenote_active":false,"_monsterinsights_sitenote_note":"","_monsterinsights_sitenote_category":0,"footnotes":""},"class_list":["post-8242","page","type-page","status-publish","hentry"],"yoast_head":"<!-- This site is optimized with the Yoast SEO Premium plugin v27.1 (Yoast SEO v27.1.1) - https:\/\/yoast.com\/product\/yoast-seo-premium-wordpress\/ -->\n<title>Brisolej - Berdo Alutechnic<\/title>\n<meta name=\"robots\" content=\"index, follow, max-snippet:-1, max-image-preview:large, max-video-preview:-1\" \/>\n<link rel=\"canonical\" href=\"https:\/\/berdoalutechnic.hu\/hr\/gotovi-proizvodi\/proizvodi\/vanjska-sjenila\/brisolej\/\" \/>\n<meta property=\"og:locale\" content=\"hr_HR\" \/>\n<meta property=\"og:type\" content=\"article\" \/>\n<meta property=\"og:title\" content=\"Brisolej\" \/>\n<meta property=\"og:url\" content=\"https:\/\/berdoalutechnic.hu\/hr\/gotovi-proizvodi\/proizvodi\/vanjska-sjenila\/brisolej\/\" \/>\n<meta property=\"og:site_name\" content=\"Berdo Alutechnic\" \/>\n<meta property=\"article:modified_time\" content=\"2024-07-13T13:19:09+00:00\" \/>\n<meta name=\"twitter:card\" content=\"summary_large_image\" \/>\n<meta name=\"twitter:label1\" content=\"Procijenjeno vrijeme \u010ditanja\" \/>\n\t<meta name=\"twitter:data1\" content=\"2 minute\" \/>\n<script type=\"application\/ld+json\" class=\"yoast-schema-graph\">{\"@context\":\"https:\/\/schema.org\",\"@graph\":[{\"@type\":\"WebPage\",\"@id\":\"https:\/\/berdoalutechnic.hu\/hr\/gotovi-proizvodi\/proizvodi\/vanjska-sjenila\/brisolej\/\",\"url\":\"https:\/\/berdoalutechnic.hu\/hr\/gotovi-proizvodi\/proizvodi\/vanjska-sjenila\/brisolej\/\",\"name\":\"Brisolej - Berdo Alutechnic\",\"isPartOf\":{\"@id\":\"https:\/\/berdoalutechnic.hu\/#website\"},\"datePublished\":\"2023-11-04T09:20:17+00:00\",\"dateModified\":\"2024-07-13T13:19:09+00:00\",\"breadcrumb\":{\"@id\":\"https:\/\/berdoalutechnic.hu\/hr\/gotovi-proizvodi\/proizvodi\/vanjska-sjenila\/brisolej\/#breadcrumb\"},\"inLanguage\":\"hr\",\"potentialAction\":[{\"@type\":\"ReadAction\",\"target\":[\"https:\/\/berdoalutechnic.hu\/hr\/gotovi-proizvodi\/proizvodi\/vanjska-sjenila\/brisolej\/\"]}]},{\"@type\":\"BreadcrumbList\",\"@id\":\"https:\/\/berdoalutechnic.hu\/hr\/gotovi-proizvodi\/proizvodi\/vanjska-sjenila\/brisolej\/#breadcrumb\",\"itemListElement\":[{\"@type\":\"ListItem\",\"position\":1,\"name\":\"Kezd\u0151lap\",\"item\":\"https:\/\/berdoalutechnic.hu\/hr\/naslovna-stranica\/\"},{\"@type\":\"ListItem\",\"position\":2,\"name\":\"Gotovi proizvodi\",\"item\":\"https:\/\/berdoalutechnic.hu\/hr\/gotovi-proizvodi\/\"},{\"@type\":\"ListItem\",\"position\":3,\"name\":\"Proizvodi\",\"item\":\"https:\/\/berdoalutechnic.hu\/hr\/gotovi-proizvodi\/proizvodi\/\"},{\"@type\":\"ListItem\",\"position\":4,\"name\":\"Vanjska sjenila\",\"item\":\"https:\/\/berdoalutechnic.hu\/hr\/gotovi-proizvodi\/proizvodi\/vanjska-sjenila\/\"},{\"@type\":\"ListItem\",\"position\":5,\"name\":\"Brisolej\"}]},{\"@type\":\"WebSite\",\"@id\":\"https:\/\/berdoalutechnic.hu\/#website\",\"url\":\"https:\/\/berdoalutechnic.hu\/\",\"name\":\"Berdo Alutechnic\",\"description\":\"\",\"publisher\":{\"@id\":\"https:\/\/berdoalutechnic.hu\/#organization\"},\"potentialAction\":[{\"@type\":\"SearchAction\",\"target\":{\"@type\":\"EntryPoint\",\"urlTemplate\":\"https:\/\/berdoalutechnic.hu\/?s={search_term_string}\"},\"query-input\":{\"@type\":\"PropertyValueSpecification\",\"valueRequired\":true,\"valueName\":\"search_term_string\"}}],\"inLanguage\":\"hr\"},{\"@type\":\"Organization\",\"@id\":\"https:\/\/berdoalutechnic.hu\/#organization\",\"name\":\"Berdo Alutechnic\",\"url\":\"https:\/\/berdoalutechnic.hu\/\",\"logo\":{\"@type\":\"ImageObject\",\"inLanguage\":\"hr\",\"@id\":\"https:\/\/berdoalutechnic.hu\/#\/schema\/logo\/image\/\",\"url\":\"https:\/\/berdoalutechnic.hu\/wp-content\/uploads\/BALogo_email_tiny.png\",\"contentUrl\":\"https:\/\/berdoalutechnic.hu\/wp-content\/uploads\/BALogo_email_tiny.png\",\"width\":338,\"height\":167,\"caption\":\"Berdo Alutechnic\"},\"image\":{\"@id\":\"https:\/\/berdoalutechnic.hu\/#\/schema\/logo\/image\/\"}}]}<\/script>\n<!-- \/ Yoast SEO Premium plugin. -->","yoast_head_json":{"title":"Brisolej - Berdo Alutechnic","robots":{"index":"index","follow":"follow","max-snippet":"max-snippet:-1","max-image-preview":"max-image-preview:large","max-video-preview":"max-video-preview:-1"},"canonical":"https:\/\/berdoalutechnic.hu\/hr\/gotovi-proizvodi\/proizvodi\/vanjska-sjenila\/brisolej\/","og_locale":"hr_HR","og_type":"article","og_title":"Brisolej","og_url":"https:\/\/berdoalutechnic.hu\/hr\/gotovi-proizvodi\/proizvodi\/vanjska-sjenila\/brisolej\/","og_site_name":"Berdo Alutechnic","article_modified_time":"2024-07-13T13:19:09+00:00","twitter_card":"summary_large_image","twitter_misc":{"Procijenjeno vrijeme \u010ditanja":"2 minute"},"schema":{"@context":"https:\/\/schema.org","@graph":[{"@type":"WebPage","@id":"https:\/\/berdoalutechnic.hu\/hr\/gotovi-proizvodi\/proizvodi\/vanjska-sjenila\/brisolej\/","url":"https:\/\/berdoalutechnic.hu\/hr\/gotovi-proizvodi\/proizvodi\/vanjska-sjenila\/brisolej\/","name":"Brisolej - Berdo Alutechnic","isPartOf":{"@id":"https:\/\/berdoalutechnic.hu\/#website"},"datePublished":"2023-11-04T09:20:17+00:00","dateModified":"2024-07-13T13:19:09+00:00","breadcrumb":{"@id":"https:\/\/berdoalutechnic.hu\/hr\/gotovi-proizvodi\/proizvodi\/vanjska-sjenila\/brisolej\/#breadcrumb"},"inLanguage":"hr","potentialAction":[{"@type":"ReadAction","target":["https:\/\/berdoalutechnic.hu\/hr\/gotovi-proizvodi\/proizvodi\/vanjska-sjenila\/brisolej\/"]}]},{"@type":"BreadcrumbList","@id":"https:\/\/berdoalutechnic.hu\/hr\/gotovi-proizvodi\/proizvodi\/vanjska-sjenila\/brisolej\/#breadcrumb","itemListElement":[{"@type":"ListItem","position":1,"name":"Kezd\u0151lap","item":"https:\/\/berdoalutechnic.hu\/hr\/naslovna-stranica\/"},{"@type":"ListItem","position":2,"name":"Gotovi proizvodi","item":"https:\/\/berdoalutechnic.hu\/hr\/gotovi-proizvodi\/"},{"@type":"ListItem","position":3,"name":"Proizvodi","item":"https:\/\/berdoalutechnic.hu\/hr\/gotovi-proizvodi\/proizvodi\/"},{"@type":"ListItem","position":4,"name":"Vanjska sjenila","item":"https:\/\/berdoalutechnic.hu\/hr\/gotovi-proizvodi\/proizvodi\/vanjska-sjenila\/"},{"@type":"ListItem","position":5,"name":"Brisolej"}]},{"@type":"WebSite","@id":"https:\/\/berdoalutechnic.hu\/#website","url":"https:\/\/berdoalutechnic.hu\/","name":"Berdo Alutechnic","description":"","publisher":{"@id":"https:\/\/berdoalutechnic.hu\/#organization"},"potentialAction":[{"@type":"SearchAction","target":{"@type":"EntryPoint","urlTemplate":"https:\/\/berdoalutechnic.hu\/?s={search_term_string}"},"query-input":{"@type":"PropertyValueSpecification","valueRequired":true,"valueName":"search_term_string"}}],"inLanguage":"hr"},{"@type":"Organization","@id":"https:\/\/berdoalutechnic.hu\/#organization","name":"Berdo Alutechnic","url":"https:\/\/berdoalutechnic.hu\/","logo":{"@type":"ImageObject","inLanguage":"hr","@id":"https:\/\/berdoalutechnic.hu\/#\/schema\/logo\/image\/","url":"https:\/\/berdoalutechnic.hu\/wp-content\/uploads\/BALogo_email_tiny.png","contentUrl":"https:\/\/berdoalutechnic.hu\/wp-content\/uploads\/BALogo_email_tiny.png","width":338,"height":167,"caption":"Berdo Alutechnic"},"image":{"@id":"https:\/\/berdoalutechnic.hu\/#\/schema\/logo\/image\/"}}]}},"_links":{"self":[{"href":"https:\/\/berdoalutechnic.hu\/hr\/wp-json\/wp\/v2\/pages\/8242","targetHints":{"allow":["GET"]}}],"collection":[{"href":"https:\/\/berdoalutechnic.hu\/hr\/wp-json\/wp\/v2\/pages"}],"about":[{"href":"https:\/\/berdoalutechnic.hu\/hr\/wp-json\/wp\/v2\/types\/page"}],"author":[{"embeddable":true,"href":"https:\/\/berdoalutechnic.hu\/hr\/wp-json\/wp\/v2\/users\/1"}],"replies":[{"embeddable":true,"href":"https:\/\/berdoalutechnic.hu\/hr\/wp-json\/wp\/v2\/comments?post=8242"}],"version-history":[{"count":2,"href":"https:\/\/berdoalutechnic.hu\/hr\/wp-json\/wp\/v2\/pages\/8242\/revisions"}],"predecessor-version":[{"id":8245,"href":"https:\/\/berdoalutechnic.hu\/hr\/wp-json\/wp\/v2\/pages\/8242\/revisions\/8245"}],"up":[{"embeddable":true,"href":"https:\/\/berdoalutechnic.hu\/hr\/wp-json\/wp\/v2\/pages\/8206"}],"wp:attachment":[{"href":"https:\/\/berdoalutechnic.hu\/hr\/wp-json\/wp\/v2\/media?parent=8242"}],"curies":[{"name":"wp","href":"https:\/\/api.w.org\/{rel}","templated":true}]}}