{"id":8261,"date":"2023-11-08T18:01:32","date_gmt":"2023-11-08T17:01:32","guid":{"rendered":"https:\/\/berdoalutechnic.hu\/?page_id=8261"},"modified":"2024-07-13T15:34:55","modified_gmt":"2024-07-13T13:34:55","slug":"sustavi-za-pametne-kuce","status":"publish","type":"page","link":"https:\/\/berdoalutechnic.hu\/hr\/gotovi-proizvodi\/proizvodi\/automatizacija\/sustavi-za-pametne-kuce\/","title":{"rendered":"Sustavi za pametne ku\u0107e"},"content":{"rendered":"<div class='clear'><\/div><div id='sub_menu1'  class='av-submenu-container av-11b07eg-4f1849f6920c348643fbdb1f777a7d4e main_color  avia-builder-el-0  el_before_av_slideshow_full  avia-builder-el-first  av-sticky-submenu container_wrap fullsize' style='z-index:301' ><div class='container av-menu-mobile-disabled av-submenu-pos-center'><ul id=\"menu-kesztermekmenuhr\" class=\"av-subnav-menu\"><li role=\"menuitem\" id=\"menu-item-8319\" class=\"menu-item menu-item-type-post_type menu-item-object-page menu-item-top-level menu-item-top-level-1\"><a href=\"https:\/\/berdoalutechnic.hu\/hr\/gotovi-proizvodi\/proizvodi\/\" itemprop=\"url\" tabindex=\"0\"><span class=\"avia-bullet\"><\/span><span class=\"avia-menu-text\">Proizvodi<\/span><span class=\"avia-menu-fx\"><span class=\"avia-arrow-wrap\"><span class=\"avia-arrow\"><\/span><\/span><\/span><\/a><\/li>\n<li role=\"menuitem\" id=\"menu-item-8320\" class=\"menu-item menu-item-type-post_type menu-item-object-page menu-item-top-level menu-item-top-level-2\"><a href=\"https:\/\/berdoalutechnic.hu\/hr\/gotovi-proizvodi\/preuzimanja\/\" itemprop=\"url\" tabindex=\"0\"><span class=\"avia-bullet\"><\/span><span class=\"avia-menu-text\">Preuzimanja<\/span><span class=\"avia-menu-fx\"><span class=\"avia-arrow-wrap\"><span class=\"avia-arrow\"><\/span><\/span><\/span><\/a><\/li>\n<li role=\"menuitem\" id=\"menu-item-8321\" class=\"menu-item menu-item-type-post_type menu-item-object-page menu-item-top-level menu-item-top-level-3\"><a href=\"https:\/\/berdoalutechnic.hu\/hr\/gotovi-proizvodi\/informacije\/\" itemprop=\"url\" tabindex=\"0\"><span class=\"avia-bullet\"><\/span><span class=\"avia-menu-text\">Informacije<\/span><span class=\"avia-menu-fx\"><span class=\"avia-arrow-wrap\"><span class=\"avia-arrow\"><\/span><\/span><\/span><\/a><\/li>\n<li role=\"menuitem\" id=\"menu-item-8353\" class=\"menu-item menu-item-type-post_type menu-item-object-page menu-item-top-level menu-item-top-level-4\"><a href=\"https:\/\/berdoalutechnic.hu\/hr\/gotovi-proizvodi\/galerija\/\" itemprop=\"url\" tabindex=\"0\"><span class=\"avia-bullet\"><\/span><span class=\"avia-menu-text\">Galerija<\/span><span class=\"avia-menu-fx\"><span class=\"avia-arrow-wrap\"><span class=\"avia-arrow\"><\/span><\/span><\/span><\/a><\/li>\n<li role=\"menuitem\" id=\"menu-item-8354\" class=\"menu-item menu-item-type-post_type menu-item-object-page menu-item-top-level menu-item-top-level-5\"><a href=\"https:\/\/berdoalutechnic.hu\/hr\/gotovi-proizvodi\/kontakt\/\" itemprop=\"url\" tabindex=\"0\"><span class=\"avia-bullet\"><\/span><span class=\"avia-menu-text\">Kontakt<\/span><span class=\"avia-menu-fx\"><span class=\"avia-arrow-wrap\"><span class=\"avia-arrow\"><\/span><\/span><\/span><\/a><\/li>\n<\/ul><\/div><\/div><div class='sticky_placeholder'><\/div>\n<div id='full_slider_1'  class='avia-fullwidth-slider main_color avia-shadow   avia-builder-el-1  el_after_av_submenu  el_before_av_section   slider-not-first container_wrap fullsize'  ><div  class='avia-slideshow av-lp54btrn-d70367bbcccef410dbad3544b5440bfe avia-slideshow-featured av_slideshow_full avia-slide-slider av-slideshow-ui av-control-default av-slideshow-manual av-loop-once av-loop-manual-endless av-default-height-applied   avia-slideshow-1' data-slideshow-options=\"{&quot;animation&quot;:&quot;slide&quot;,&quot;autoplay&quot;:false,&quot;loop_autoplay&quot;:&quot;once&quot;,&quot;interval&quot;:5,&quot;loop_manual&quot;:&quot;manual-endless&quot;,&quot;autoplay_stopper&quot;:false,&quot;noNavigation&quot;:false,&quot;bg_slider&quot;:false,&quot;keep_padding&quot;:false,&quot;hoverpause&quot;:false,&quot;show_slide_delay&quot;:0}\"  itemprop=\"image\" itemscope=\"itemscope\" itemtype=\"https:\/\/schema.org\/ImageObject\" ><ul class='avia-slideshow-inner ' style='padding-bottom: 28.666666666667%;'><li  class='avia-slideshow-slide av-lp54btrn-d70367bbcccef410dbad3544b5440bfe__0  av-single-slide slide-1 slide-odd'><div data-rel='slideshow-1' class='avia-slide-wrap '   ><div class='av-slideshow-caption av-lp54btrn-d70367bbcccef410dbad3544b5440bfe__0 caption_fullwidth caption_center caption_center_framed caption_framed'><div class=\"container caption_container\"><div class=\"slideshow_caption\"><div class=\"slideshow_inner_caption\"><div class=\"slideshow_align_caption\"><h2 class='avia-caption-title '  itemprop=\"name\" >Sustavi za pametne ku\u0107e<\/h2><\/div><\/div><\/div><\/div><\/div><img decoding=\"async\" class=\"wp-image-6119 avia-img-lazy-loading-not-6119\"  src=\"https:\/\/berdoalutechnic.hu\/wp-content\/uploads\/Zipscreen-poolscene-homepage-1-1500x430.jpg\" width=\"1500\" height=\"430\" title='Zipscreen-poolscene-homepage' alt=''  itemprop=\"thumbnailUrl\"   \/><\/div><\/li><\/ul><\/div><\/div>\n<div id='av_section_1'  class='avia-section av-w2hxug-8f4e3c8213e8c06fa8b08865b66df93c main_color avia-section-default avia-no-border-styling  avia-builder-el-2  el_after_av_slideshow_full  el_before_av_section  avia-bg-style-scroll container_wrap fullsize'  ><div class='container av-section-cont-open' ><div class='template-page content  av-content-full alpha units'><div class='post-entry post-entry-type-page post-entry-8261'><div class='entry-content-wrapper clearfix'>\n<div  class='flex_column av-uyttt4-3f9e3972d736b541302419c2a13d203d av_one_full  avia-builder-el-3  avia-builder-el-no-sibling  first flex_column_div  '     ><p>\n<style type=\"text\/css\" data-created_by=\"avia_inline_auto\" id=\"style-css-av-tm6a94-bd3536b3c04f0f77856916147014a472\">\n#top .av-special-heading.av-tm6a94-bd3536b3c04f0f77856916147014a472{\npadding-bottom:10px;\n}\nbody .av-special-heading.av-tm6a94-bd3536b3c04f0f77856916147014a472 .av-special-heading-tag .heading-char{\nfont-size:25px;\n}\n.av-special-heading.av-tm6a94-bd3536b3c04f0f77856916147014a472 .av-subheading{\nfont-size:15px;\n}\n<\/style>\n<div  class='av-special-heading av-tm6a94-bd3536b3c04f0f77856916147014a472 av-special-heading-h3 blockquote modern-quote  avia-builder-el-4  el_before_av_textblock  avia-builder-el-first '><h3 class='av-special-heading-tag'  itemprop=\"headline\"  >Opis grupe proizvoda<\/h3><div class=\"special-heading-border\"><div class=\"special-heading-inner-border\"><\/div><\/div><\/div><br \/>\n<section  class='av_textblock_section av-r3fly0-1024046cb73e505e796eaba867a00471 '   itemscope=\"itemscope\" itemtype=\"https:\/\/schema.org\/CreativeWork\" ><div class='avia_textblock'  itemprop=\"text\" ><p>Sustavi pametne ku\u0107e omogu\u0107uju korisnicima da upravljanje sjenilima bude prakti\u010dno i u\u010dinkovito. Pomo\u0107u daljinskog upravlja\u010da, pametnog telefona ili drugog kontrolnog ure\u0111aja mo\u017eemo upravljati sjenilima iz daljine. Pomo\u0107u automatizacije na\u0161e okru\u017eenje lako se prilago\u0111ava vremenskim uvjetima i sun\u010devoj svjetlosti. Na primjer nakon zalaska sunca rolete se automatski zatvaraju osiguravaju\u0107i potrebnu privatnost. Osim toga, sustavi pametne ku\u0107e omogu\u0107uju vremensko programiranje i kori\u0161tenje senzora, tako da sjenila automatski reagiraju na promjene u okoli\u0161u, optimiziraju\u0107i u\u010dinkovitost grijanja i hla\u0111enja. Ova funkcionalnost ne samo da pru\u017ea udobnost ve\u0107 prouzrokuje u\u0161tede energije, \u0161to pridonosi stvaranju odr\u017eivog doma.<\/p>\n<\/div><\/section><\/p><\/div><\/div><\/div><\/div><!-- close content main div --><\/div><\/div><div id='av_section_2'  class='avia-section av-q3308-b1f54d186134ae57d02659a28a91eeeb main_color avia-section-default avia-no-border-styling  avia-builder-el-6  el_after_av_section  el_before_av_section  avia-bg-style-scroll container_wrap fullsize'  ><div class='container av-section-cont-open' ><div class='template-page content  av-content-full alpha units'><div class='post-entry post-entry-type-page post-entry-8261'><div class='entry-content-wrapper clearfix'>\n<div  class='flex_column av-5ks3bs-f198fa2f72d2bc0aa46b2504711736bb av_one_half  avia-builder-el-7  el_before_av_one_half  avia-builder-el-first  first flex_column_div  '     ><section  class='av_textblock_section av-3yi6mw-b6d5988d90992e29503829947d9a4dd9 '   itemscope=\"itemscope\" itemtype=\"https:\/\/schema.org\/CreativeWork\" ><div class='avia_textblock'  itemprop=\"text\" ><p>Jamstvo visoke kvalitete I udobnosti.<\/p>\n<p><a href=\"https:\/\/www.somfy.hu\/termekek\/\" target=\"_blank\" rel=\"noopener\"><img loading=\"lazy\" decoding=\"async\" class=\"aligncenter wp-image-4173 size-medium\" src=\"https:\/\/berdoalutechnic.hu\/wp-content\/uploads\/Somfy_logo-300x82.png\" alt=\"\" width=\"300\" height=\"82\" srcset=\"https:\/\/berdoalutechnic.hu\/wp-content\/uploads\/Somfy_logo-300x82.png 300w, https:\/\/berdoalutechnic.hu\/wp-content\/uploads\/Somfy_logo-1030x280.png 1030w, https:\/\/berdoalutechnic.hu\/wp-content\/uploads\/Somfy_logo-768x209.png 768w, https:\/\/berdoalutechnic.hu\/wp-content\/uploads\/Somfy_logo-705x192.png 705w, https:\/\/berdoalutechnic.hu\/wp-content\/uploads\/Somfy_logo-450x122.png 450w, https:\/\/berdoalutechnic.hu\/wp-content\/uploads\/Somfy_logo-600x163.png 600w, https:\/\/berdoalutechnic.hu\/wp-content\/uploads\/Somfy_logo.png 1280w\" sizes=\"auto, (max-width: 300px) 100vw, 300px\" \/><\/a><\/p>\n<\/div><\/section><\/div><div  class='flex_column av-2dkxhk-83719314f88aa58183e724d5c74df37c av_one_half  avia-builder-el-9  el_after_av_one_half  avia-builder-el-last  flex_column_div  '     ><section  class='av_textblock_section av-lrm475dh-1a028589fcada16a5bfbd281cf7294a6 '   itemscope=\"itemscope\" itemtype=\"https:\/\/schema.org\/CreativeWork\" ><div class='avia_textblock'  itemprop=\"text\" ><p><span class=\"HwtZe\" lang=\"hr\"><span class=\"jCAhz JxVs2d ChMk0b\"><span class=\"ryNqvb\">Pametna rje\u0161enja za va\u0161 dom.<\/span><\/span><\/span><\/p>\n<p><a href=\"https:\/\/www.balaton-smarthome.hu\/vezetek-nelkuli-okos-otthon\/\" target=\"_blank\" rel=\"noopener\"><img loading=\"lazy\" decoding=\"async\" class=\"aligncenter wp-image-4174 size-medium\" src=\"https:\/\/berdoalutechnic.hu\/wp-content\/uploads\/fibaro-homekit-logo-300x105.jpg\" alt=\"\" width=\"300\" height=\"105\" srcset=\"https:\/\/berdoalutechnic.hu\/wp-content\/uploads\/fibaro-homekit-logo-300x105.jpg 300w, https:\/\/berdoalutechnic.hu\/wp-content\/uploads\/fibaro-homekit-logo-495x175.jpg 495w, https:\/\/berdoalutechnic.hu\/wp-content\/uploads\/fibaro-homekit-logo-450x158.jpg 450w, https:\/\/berdoalutechnic.hu\/wp-content\/uploads\/fibaro-homekit-logo.jpg 500w\" sizes=\"auto, (max-width: 300px) 100vw, 300px\" \/><\/a><\/p>\n<\/div><\/section><\/div><\/div><\/div><\/div><!-- close content main div --><\/div><\/div>\n<style type=\"text\/css\" data-created_by=\"avia_inline_auto\" id=\"style-css-av-6u7gs8-7f4423f767f4814b92d344a71c5d5174\">\n.avia-section.av-6u7gs8-7f4423f767f4814b92d344a71c5d5174{\nbackground-color:#033a7d;\nbackground-image:unset;\n}\n<\/style>\n<div id='av_section_3'  class='avia-section av-6u7gs8-7f4423f767f4814b92d344a71c5d5174 main_color avia-section-default avia-no-border-styling  avia-builder-el-11  el_after_av_section  avia-builder-el-last  avia-bg-style-scroll container_wrap fullsize'  ><div class='container av-section-cont-open' ><div class='template-page content  av-content-full alpha units'><div class='post-entry post-entry-type-page post-entry-8261'><div class='entry-content-wrapper clearfix'>\n<div  class='flex_column av-58qa1k-c543a9064ea2059fe2ebac19bc5e3ee4 av_one_full  avia-builder-el-12  avia-builder-el-no-sibling  first flex_column_div  '     ><p>\n<style type=\"text\/css\" data-created_by=\"avia_inline_auto\" id=\"style-css-av-4ozrc8-1272dee19912118389089b62e0d321a3\">\n#top .av-special-heading.av-4ozrc8-1272dee19912118389089b62e0d321a3{\npadding-bottom:10px;\ncolor:#ffffff;\n}\nbody .av-special-heading.av-4ozrc8-1272dee19912118389089b62e0d321a3 .av-special-heading-tag .heading-char{\nfont-size:25px;\n}\n.av-special-heading.av-4ozrc8-1272dee19912118389089b62e0d321a3 .special-heading-inner-border{\nborder-color:#ffffff;\n}\n.av-special-heading.av-4ozrc8-1272dee19912118389089b62e0d321a3 .av-subheading{\nfont-size:15px;\n}\n<\/style>\n<div  class='av-special-heading av-4ozrc8-1272dee19912118389089b62e0d321a3 av-special-heading-h3 custom-color-heading blockquote modern-quote  avia-builder-el-13  el_before_av_codeblock  avia-builder-el-first '><h3 class='av-special-heading-tag'  itemprop=\"headline\"  >Uskoro&#8230;<\/h3><div class=\"special-heading-border\"><div class=\"special-heading-inner-border\"><\/div><\/div><\/div><br \/>\n<\/p><\/div><\/p>\n","protected":false},"excerpt":{"rendered":"","protected":false},"author":1,"featured_media":0,"parent":8203,"menu_order":0,"comment_status":"closed","ping_status":"closed","template":"","meta":{"_monsterinsights_skip_tracking":false,"_monsterinsights_sitenote_active":false,"_monsterinsights_sitenote_note":"","_monsterinsights_sitenote_category":0,"footnotes":""},"class_list":["post-8261","page","type-page","status-publish","hentry"],"yoast_head":"<!-- This site is optimized with the Yoast SEO Premium plugin v27.1 (Yoast SEO v27.1.1) - https:\/\/yoast.com\/product\/yoast-seo-premium-wordpress\/ -->\n<title>Sustavi za pametne ku\u0107e - Berdo Alutechnic<\/title>\n<meta name=\"robots\" content=\"index, follow, max-snippet:-1, max-image-preview:large, max-video-preview:-1\" \/>\n<link rel=\"canonical\" href=\"https:\/\/berdoalutechnic.hu\/hr\/gotovi-proizvodi\/proizvodi\/automatizacija\/sustavi-za-pametne-kuce\/\" \/>\n<meta property=\"og:locale\" content=\"hr_HR\" \/>\n<meta property=\"og:type\" content=\"article\" \/>\n<meta property=\"og:title\" content=\"Sustavi za pametne ku\u0107e\" \/>\n<meta property=\"og:url\" content=\"https:\/\/berdoalutechnic.hu\/hr\/gotovi-proizvodi\/proizvodi\/automatizacija\/sustavi-za-pametne-kuce\/\" \/>\n<meta property=\"og:site_name\" content=\"Berdo Alutechnic\" \/>\n<meta property=\"article:modified_time\" content=\"2024-07-13T13:34:55+00:00\" \/>\n<meta property=\"og:image\" content=\"https:\/\/berdoalutechnic.hu\/wp-content\/uploads\/Somfy_logo-300x82.png\" \/>\n<meta name=\"twitter:card\" content=\"summary_large_image\" \/>\n<meta name=\"twitter:label1\" content=\"Procijenjeno vrijeme \u010ditanja\" \/>\n\t<meta name=\"twitter:data1\" content=\"2 minute\" \/>\n<script type=\"application\/ld+json\" class=\"yoast-schema-graph\">{\"@context\":\"https:\/\/schema.org\",\"@graph\":[{\"@type\":\"WebPage\",\"@id\":\"https:\/\/berdoalutechnic.hu\/hr\/gotovi-proizvodi\/proizvodi\/automatizacija\/sustavi-za-pametne-kuce\/\",\"url\":\"https:\/\/berdoalutechnic.hu\/hr\/gotovi-proizvodi\/proizvodi\/automatizacija\/sustavi-za-pametne-kuce\/\",\"name\":\"Sustavi za pametne ku\u0107e - Berdo Alutechnic\",\"isPartOf\":{\"@id\":\"https:\/\/berdoalutechnic.hu\/#website\"},\"primaryImageOfPage\":{\"@id\":\"https:\/\/berdoalutechnic.hu\/hr\/gotovi-proizvodi\/proizvodi\/automatizacija\/sustavi-za-pametne-kuce\/#primaryimage\"},\"image\":{\"@id\":\"https:\/\/berdoalutechnic.hu\/hr\/gotovi-proizvodi\/proizvodi\/automatizacija\/sustavi-za-pametne-kuce\/#primaryimage\"},\"thumbnailUrl\":\"https:\/\/berdoalutechnic.hu\/wp-content\/uploads\/Somfy_logo-300x82.png\",\"datePublished\":\"2023-11-08T17:01:32+00:00\",\"dateModified\":\"2024-07-13T13:34:55+00:00\",\"breadcrumb\":{\"@id\":\"https:\/\/berdoalutechnic.hu\/hr\/gotovi-proizvodi\/proizvodi\/automatizacija\/sustavi-za-pametne-kuce\/#breadcrumb\"},\"inLanguage\":\"hr\",\"potentialAction\":[{\"@type\":\"ReadAction\",\"target\":[\"https:\/\/berdoalutechnic.hu\/hr\/gotovi-proizvodi\/proizvodi\/automatizacija\/sustavi-za-pametne-kuce\/\"]}]},{\"@type\":\"ImageObject\",\"inLanguage\":\"hr\",\"@id\":\"https:\/\/berdoalutechnic.hu\/hr\/gotovi-proizvodi\/proizvodi\/automatizacija\/sustavi-za-pametne-kuce\/#primaryimage\",\"url\":\"https:\/\/berdoalutechnic.hu\/wp-content\/uploads\/Somfy_logo-300x82.png\",\"contentUrl\":\"https:\/\/berdoalutechnic.hu\/wp-content\/uploads\/Somfy_logo-300x82.png\"},{\"@type\":\"BreadcrumbList\",\"@id\":\"https:\/\/berdoalutechnic.hu\/hr\/gotovi-proizvodi\/proizvodi\/automatizacija\/sustavi-za-pametne-kuce\/#breadcrumb\",\"itemListElement\":[{\"@type\":\"ListItem\",\"position\":1,\"name\":\"Kezd\u0151lap\",\"item\":\"https:\/\/berdoalutechnic.hu\/hr\/naslovna-stranica\/\"},{\"@type\":\"ListItem\",\"position\":2,\"name\":\"Gotovi proizvodi\",\"item\":\"https:\/\/berdoalutechnic.hu\/hr\/gotovi-proizvodi\/\"},{\"@type\":\"ListItem\",\"position\":3,\"name\":\"Proizvodi\",\"item\":\"https:\/\/berdoalutechnic.hu\/hr\/gotovi-proizvodi\/proizvodi\/\"},{\"@type\":\"ListItem\",\"position\":4,\"name\":\"Automatizacija\",\"item\":\"https:\/\/berdoalutechnic.hu\/hr\/gotovi-proizvodi\/proizvodi\/automatizacija\/\"},{\"@type\":\"ListItem\",\"position\":5,\"name\":\"Sustavi za pametne ku\u0107e\"}]},{\"@type\":\"WebSite\",\"@id\":\"https:\/\/berdoalutechnic.hu\/#website\",\"url\":\"https:\/\/berdoalutechnic.hu\/\",\"name\":\"Berdo Alutechnic\",\"description\":\"\",\"publisher\":{\"@id\":\"https:\/\/berdoalutechnic.hu\/#organization\"},\"potentialAction\":[{\"@type\":\"SearchAction\",\"target\":{\"@type\":\"EntryPoint\",\"urlTemplate\":\"https:\/\/berdoalutechnic.hu\/?s={search_term_string}\"},\"query-input\":{\"@type\":\"PropertyValueSpecification\",\"valueRequired\":true,\"valueName\":\"search_term_string\"}}],\"inLanguage\":\"hr\"},{\"@type\":\"Organization\",\"@id\":\"https:\/\/berdoalutechnic.hu\/#organization\",\"name\":\"Berdo Alutechnic\",\"url\":\"https:\/\/berdoalutechnic.hu\/\",\"logo\":{\"@type\":\"ImageObject\",\"inLanguage\":\"hr\",\"@id\":\"https:\/\/berdoalutechnic.hu\/#\/schema\/logo\/image\/\",\"url\":\"https:\/\/berdoalutechnic.hu\/wp-content\/uploads\/BALogo_email_tiny.png\",\"contentUrl\":\"https:\/\/berdoalutechnic.hu\/wp-content\/uploads\/BALogo_email_tiny.png\",\"width\":338,\"height\":167,\"caption\":\"Berdo Alutechnic\"},\"image\":{\"@id\":\"https:\/\/berdoalutechnic.hu\/#\/schema\/logo\/image\/\"}}]}<\/script>\n<!-- \/ Yoast SEO Premium plugin. -->","yoast_head_json":{"title":"Sustavi za pametne ku\u0107e - Berdo Alutechnic","robots":{"index":"index","follow":"follow","max-snippet":"max-snippet:-1","max-image-preview":"max-image-preview:large","max-video-preview":"max-video-preview:-1"},"canonical":"https:\/\/berdoalutechnic.hu\/hr\/gotovi-proizvodi\/proizvodi\/automatizacija\/sustavi-za-pametne-kuce\/","og_locale":"hr_HR","og_type":"article","og_title":"Sustavi za pametne ku\u0107e","og_url":"https:\/\/berdoalutechnic.hu\/hr\/gotovi-proizvodi\/proizvodi\/automatizacija\/sustavi-za-pametne-kuce\/","og_site_name":"Berdo Alutechnic","article_modified_time":"2024-07-13T13:34:55+00:00","og_image":[{"url":"https:\/\/berdoalutechnic.hu\/wp-content\/uploads\/Somfy_logo-300x82.png","type":"","width":"","height":""}],"twitter_card":"summary_large_image","twitter_misc":{"Procijenjeno vrijeme \u010ditanja":"2 minute"},"schema":{"@context":"https:\/\/schema.org","@graph":[{"@type":"WebPage","@id":"https:\/\/berdoalutechnic.hu\/hr\/gotovi-proizvodi\/proizvodi\/automatizacija\/sustavi-za-pametne-kuce\/","url":"https:\/\/berdoalutechnic.hu\/hr\/gotovi-proizvodi\/proizvodi\/automatizacija\/sustavi-za-pametne-kuce\/","name":"Sustavi za pametne ku\u0107e - Berdo Alutechnic","isPartOf":{"@id":"https:\/\/berdoalutechnic.hu\/#website"},"primaryImageOfPage":{"@id":"https:\/\/berdoalutechnic.hu\/hr\/gotovi-proizvodi\/proizvodi\/automatizacija\/sustavi-za-pametne-kuce\/#primaryimage"},"image":{"@id":"https:\/\/berdoalutechnic.hu\/hr\/gotovi-proizvodi\/proizvodi\/automatizacija\/sustavi-za-pametne-kuce\/#primaryimage"},"thumbnailUrl":"https:\/\/berdoalutechnic.hu\/wp-content\/uploads\/Somfy_logo-300x82.png","datePublished":"2023-11-08T17:01:32+00:00","dateModified":"2024-07-13T13:34:55+00:00","breadcrumb":{"@id":"https:\/\/berdoalutechnic.hu\/hr\/gotovi-proizvodi\/proizvodi\/automatizacija\/sustavi-za-pametne-kuce\/#breadcrumb"},"inLanguage":"hr","potentialAction":[{"@type":"ReadAction","target":["https:\/\/berdoalutechnic.hu\/hr\/gotovi-proizvodi\/proizvodi\/automatizacija\/sustavi-za-pametne-kuce\/"]}]},{"@type":"ImageObject","inLanguage":"hr","@id":"https:\/\/berdoalutechnic.hu\/hr\/gotovi-proizvodi\/proizvodi\/automatizacija\/sustavi-za-pametne-kuce\/#primaryimage","url":"https:\/\/berdoalutechnic.hu\/wp-content\/uploads\/Somfy_logo-300x82.png","contentUrl":"https:\/\/berdoalutechnic.hu\/wp-content\/uploads\/Somfy_logo-300x82.png"},{"@type":"BreadcrumbList","@id":"https:\/\/berdoalutechnic.hu\/hr\/gotovi-proizvodi\/proizvodi\/automatizacija\/sustavi-za-pametne-kuce\/#breadcrumb","itemListElement":[{"@type":"ListItem","position":1,"name":"Kezd\u0151lap","item":"https:\/\/berdoalutechnic.hu\/hr\/naslovna-stranica\/"},{"@type":"ListItem","position":2,"name":"Gotovi proizvodi","item":"https:\/\/berdoalutechnic.hu\/hr\/gotovi-proizvodi\/"},{"@type":"ListItem","position":3,"name":"Proizvodi","item":"https:\/\/berdoalutechnic.hu\/hr\/gotovi-proizvodi\/proizvodi\/"},{"@type":"ListItem","position":4,"name":"Automatizacija","item":"https:\/\/berdoalutechnic.hu\/hr\/gotovi-proizvodi\/proizvodi\/automatizacija\/"},{"@type":"ListItem","position":5,"name":"Sustavi za pametne ku\u0107e"}]},{"@type":"WebSite","@id":"https:\/\/berdoalutechnic.hu\/#website","url":"https:\/\/berdoalutechnic.hu\/","name":"Berdo Alutechnic","description":"","publisher":{"@id":"https:\/\/berdoalutechnic.hu\/#organization"},"potentialAction":[{"@type":"SearchAction","target":{"@type":"EntryPoint","urlTemplate":"https:\/\/berdoalutechnic.hu\/?s={search_term_string}"},"query-input":{"@type":"PropertyValueSpecification","valueRequired":true,"valueName":"search_term_string"}}],"inLanguage":"hr"},{"@type":"Organization","@id":"https:\/\/berdoalutechnic.hu\/#organization","name":"Berdo Alutechnic","url":"https:\/\/berdoalutechnic.hu\/","logo":{"@type":"ImageObject","inLanguage":"hr","@id":"https:\/\/berdoalutechnic.hu\/#\/schema\/logo\/image\/","url":"https:\/\/berdoalutechnic.hu\/wp-content\/uploads\/BALogo_email_tiny.png","contentUrl":"https:\/\/berdoalutechnic.hu\/wp-content\/uploads\/BALogo_email_tiny.png","width":338,"height":167,"caption":"Berdo Alutechnic"},"image":{"@id":"https:\/\/berdoalutechnic.hu\/#\/schema\/logo\/image\/"}}]}},"_links":{"self":[{"href":"https:\/\/berdoalutechnic.hu\/hr\/wp-json\/wp\/v2\/pages\/8261","targetHints":{"allow":["GET"]}}],"collection":[{"href":"https:\/\/berdoalutechnic.hu\/hr\/wp-json\/wp\/v2\/pages"}],"about":[{"href":"https:\/\/berdoalutechnic.hu\/hr\/wp-json\/wp\/v2\/types\/page"}],"author":[{"embeddable":true,"href":"https:\/\/berdoalutechnic.hu\/hr\/wp-json\/wp\/v2\/users\/1"}],"replies":[{"embeddable":true,"href":"https:\/\/berdoalutechnic.hu\/hr\/wp-json\/wp\/v2\/comments?post=8261"}],"version-history":[{"count":2,"href":"https:\/\/berdoalutechnic.hu\/hr\/wp-json\/wp\/v2\/pages\/8261\/revisions"}],"predecessor-version":[{"id":8269,"href":"https:\/\/berdoalutechnic.hu\/hr\/wp-json\/wp\/v2\/pages\/8261\/revisions\/8269"}],"up":[{"embeddable":true,"href":"https:\/\/berdoalutechnic.hu\/hr\/wp-json\/wp\/v2\/pages\/8203"}],"wp:attachment":[{"href":"https:\/\/berdoalutechnic.hu\/hr\/wp-json\/wp\/v2\/media?parent=8261"}],"curies":[{"name":"wp","href":"https:\/\/api.w.org\/{rel}","templated":true}]}}