{"id":8265,"date":"2023-11-04T17:13:06","date_gmt":"2023-11-04T16:13:06","guid":{"rendered":"https:\/\/berdoalutechnic.hu\/?page_id=8265"},"modified":"2024-07-13T15:41:16","modified_gmt":"2024-07-13T13:41:16","slug":"klizni-i-preklopni-sustav-ostakljenja","status":"publish","type":"page","link":"https:\/\/berdoalutechnic.hu\/hr\/gotovi-proizvodi\/proizvodi\/ostali-proizvodi\/klizni-i-preklopni-sustav-ostakljenja\/","title":{"rendered":"Klizni i preklopni sustav ostakljenja"},"content":{"rendered":"<div class='clear'><\/div><div id='sub_menu1'  class='av-submenu-container av-10w45jj-1523f54411fb3720e9ab679737a76c32 main_color  avia-builder-el-0  el_before_av_slideshow_full  avia-builder-el-first  av-sticky-submenu container_wrap fullsize' style='z-index:301' ><div class='container av-menu-mobile-disabled av-submenu-pos-center'><ul id=\"menu-kesztermekmenuhr\" class=\"av-subnav-menu\"><li role=\"menuitem\" id=\"menu-item-8319\" class=\"menu-item menu-item-type-post_type menu-item-object-page menu-item-top-level menu-item-top-level-1\"><a href=\"https:\/\/berdoalutechnic.hu\/hr\/gotovi-proizvodi\/proizvodi\/\" itemprop=\"url\" tabindex=\"0\"><span class=\"avia-bullet\"><\/span><span class=\"avia-menu-text\">Proizvodi<\/span><span class=\"avia-menu-fx\"><span class=\"avia-arrow-wrap\"><span class=\"avia-arrow\"><\/span><\/span><\/span><\/a><\/li>\n<li role=\"menuitem\" id=\"menu-item-8320\" class=\"menu-item menu-item-type-post_type menu-item-object-page menu-item-top-level menu-item-top-level-2\"><a href=\"https:\/\/berdoalutechnic.hu\/hr\/gotovi-proizvodi\/preuzimanja\/\" itemprop=\"url\" tabindex=\"0\"><span class=\"avia-bullet\"><\/span><span class=\"avia-menu-text\">Preuzimanja<\/span><span class=\"avia-menu-fx\"><span class=\"avia-arrow-wrap\"><span class=\"avia-arrow\"><\/span><\/span><\/span><\/a><\/li>\n<li role=\"menuitem\" id=\"menu-item-8321\" class=\"menu-item menu-item-type-post_type menu-item-object-page menu-item-top-level menu-item-top-level-3\"><a href=\"https:\/\/berdoalutechnic.hu\/hr\/gotovi-proizvodi\/informacije\/\" itemprop=\"url\" tabindex=\"0\"><span class=\"avia-bullet\"><\/span><span class=\"avia-menu-text\">Informacije<\/span><span class=\"avia-menu-fx\"><span class=\"avia-arrow-wrap\"><span class=\"avia-arrow\"><\/span><\/span><\/span><\/a><\/li>\n<li role=\"menuitem\" id=\"menu-item-8353\" class=\"menu-item menu-item-type-post_type menu-item-object-page menu-item-top-level menu-item-top-level-4\"><a href=\"https:\/\/berdoalutechnic.hu\/hr\/gotovi-proizvodi\/galerija\/\" itemprop=\"url\" tabindex=\"0\"><span class=\"avia-bullet\"><\/span><span class=\"avia-menu-text\">Galerija<\/span><span class=\"avia-menu-fx\"><span class=\"avia-arrow-wrap\"><span class=\"avia-arrow\"><\/span><\/span><\/span><\/a><\/li>\n<li role=\"menuitem\" id=\"menu-item-8354\" class=\"menu-item menu-item-type-post_type menu-item-object-page menu-item-top-level menu-item-top-level-5\"><a href=\"https:\/\/berdoalutechnic.hu\/hr\/gotovi-proizvodi\/kontakt\/\" itemprop=\"url\" tabindex=\"0\"><span class=\"avia-bullet\"><\/span><span class=\"avia-menu-text\">Kontakt<\/span><span class=\"avia-menu-fx\"><span class=\"avia-arrow-wrap\"><span class=\"avia-arrow\"><\/span><\/span><\/span><\/a><\/li>\n<\/ul><\/div><\/div><div class='sticky_placeholder'><\/div>\n<div id='full_slider_1'  class='avia-fullwidth-slider main_color avia-shadow   avia-builder-el-1  el_after_av_submenu  el_before_av_section   slider-not-first container_wrap fullsize'  ><div  class='avia-slideshow av-lp54gtfr-8cc8863d97741f9d41963ff38a9d4aee avia-slideshow-featured av_slideshow_full avia-slide-slider av-slideshow-ui av-control-default av-slideshow-manual av-loop-once av-loop-manual-endless av-default-height-applied   avia-slideshow-1' data-slideshow-options=\"{&quot;animation&quot;:&quot;slide&quot;,&quot;autoplay&quot;:false,&quot;loop_autoplay&quot;:&quot;once&quot;,&quot;interval&quot;:5,&quot;loop_manual&quot;:&quot;manual-endless&quot;,&quot;autoplay_stopper&quot;:false,&quot;noNavigation&quot;:false,&quot;bg_slider&quot;:false,&quot;keep_padding&quot;:false,&quot;hoverpause&quot;:false,&quot;show_slide_delay&quot;:0}\"  itemprop=\"image\" itemscope=\"itemscope\" itemtype=\"https:\/\/schema.org\/ImageObject\" ><ul class='avia-slideshow-inner ' style='padding-bottom: 28.666666666667%;'><li  class='avia-slideshow-slide av-lp54gtfr-8cc8863d97741f9d41963ff38a9d4aee__0  av-single-slide slide-1 slide-odd'><div data-rel='slideshow-1' class='avia-slide-wrap '   ><div class='av-slideshow-caption av-lp54gtfr-8cc8863d97741f9d41963ff38a9d4aee__0 caption_fullwidth caption_center caption_center_framed caption_framed'><div class=\"container caption_container\"><div class=\"slideshow_caption\"><div class=\"slideshow_inner_caption\"><div class=\"slideshow_align_caption\"><h2 class='avia-caption-title '  itemprop=\"name\" >Klizni i preklopni sustav ostakljenja<\/h2><\/div><\/div><\/div><\/div><\/div><img decoding=\"async\" class=\"wp-image-7673 avia-img-lazy-loading-not-7673\"  src=\"https:\/\/berdoalutechnic.hu\/wp-content\/uploads\/B_32-1500x430.jpg\" width=\"1500\" height=\"430\" title='B_32' alt=''  itemprop=\"thumbnailUrl\"   \/><\/div><\/li><\/ul><\/div><\/div>\n<div id='av_section_1'  class='avia-section av-wwrtxr-d8dd60fd16a50bcbeea1934e3c329b43 main_color avia-section-default avia-no-border-styling  avia-builder-el-2  el_after_av_slideshow_full  el_before_av_section  avia-bg-style-scroll container_wrap fullsize'  ><div class='container av-section-cont-open' ><div class='template-page content  av-content-full alpha units'><div class='post-entry post-entry-type-page post-entry-8265'><div class='entry-content-wrapper clearfix'>\n<div  class='flex_column av-u7cgi7-2ee8cf6a3eef3ef629aae1f5aa6473c4 av_one_full  avia-builder-el-3  avia-builder-el-no-sibling  first flex_column_div  '     ><section  class='av_textblock_section av-qyi51b-780b4c602579b12e815a114e3f3a202f '   itemscope=\"itemscope\" itemtype=\"https:\/\/schema.org\/CreativeWork\" ><div class='avia_textblock'  itemprop=\"text\" ><p>Ova vrsta ostakljenja omogu\u0107uje va\u0161oj ku\u0107i ili poslovnim prostoru lako i u\u010dinkovito bo\u010dno ostakljenje. Instalacija zahtjeva samo minimalne dodatne gra\u0111evinske radove i ne smanjuje raspolo\u017eivi prostor<\/p>\n<p>Stakleni paneli debljine 10 mm.<\/p>\n<p>Sustavi klizanja i preklapanja stakla dizajnirani su za stambene prostore i tvrtke u kojima je potrebno ostvariti dodatni prostor a gdje su va\u017eni komfor i estetika.<\/p>\n<p><strong>Stanovi<\/strong><\/p>\n<p>Sustav pru\u017ea inovativno rje\u0161enje za stanove tako da dodaje novi korisni prostor va\u0161oj ku\u0107i stvaranjem novih unutarnjih pregrada ili zatvaranjem neiskori\u0161tenih prostora (kao npr. balkoni) kako bi se postigla svijetla i udobna\u00a0 povr\u0161ina.<\/p>\n<p><strong>Restorani, hoteli i tvrtke<\/strong><\/p>\n<p>Ova vrsta staklenih stijena\u00a0 nudi idealno rje\u0161enje za sve vrste u poslovnom\u00a0\u00a0 segmentu\u00a0 zahvaljuju\u0107i laganom pokretanju\u00a0\u00a0 staklenih panela i estetskom dizajnu.<\/p>\n<p><strong>Unutarnja podjela interijera<\/strong><\/p>\n<p>Klizni stakleni sustavi\u00a0 su prihvatljivo\u00a0 rje\u0161enje\u00a0 za podjelu ureda i interijera, jer se staklene plo\u010de-paneli\u00a0 mogu pomicati s jedne na drugu stranu , stvaraju\u0107i novi korisni prostor ili dijele\u0107i\u00a0 postoje\u0107i.<\/p>\n<p><strong>Kombiniraju\u0107i sa pergolom<\/strong><\/p>\n<p>Dobitna je kombinacija u spoju na\u0161e pergole kao \u0161to je npr. pergola pod nazivom \u201eElegant\u201c,. Uporabom posti\u017eemo funkcionalnost a\u00a0 sve uz visoku razinu elegancije i modernog dizajna..<\/p>\n<p><strong>Balkoni<\/strong><\/p>\n<p>Optimalno\u00a0 rje\u0161enje za zatvaranje i ostakljivanje\u00a0 balkona bez vertikalnih\u00a0 okvira s neograni\u010denim pogledom i dodavanjem nove dimenzije ovom\u00a0 dijelu na\u0161eg stambenog prostora.<\/p>\n<p><strong>Verande i terase<\/strong><\/p>\n<p>Zahvaljuju\u0107i na\u0161em kliznom staklenom sustavu mo\u017eemo stvoriti udobne i svijetle korisne vanjske prostore s neograni\u010denim pogledima, pru\u017eaju\u0107i za\u0161titu od o\u0161trih\u00a0 vremenskih uvjeta.<\/p>\n<p><strong>Odr\u017eavanje:<\/strong><\/p>\n<p>Lako \u010di\u0161\u0107enje i odr\u017eavanje<\/p>\n<p>Sustav\u00a0 pokazuje zna\u010dajke\u00a0 jednostavnog\u00a0 pristupa radi odr\u017eavanja i \u010di\u0161\u0107enja, budu\u0107i su svi dijelovi sustava sigurno i lako dostupni iznutra.<\/p>\n<p><strong>Ni lo\u0161e vrijeme vi\u0161e nije problem:<\/strong><\/p>\n<p>Sustav je savr\u0161eno prilago\u0111en hladnoj i vla\u017enoj klimi. Pru\u017ea izvrsno brtvljenje i za\u0161titu od o\u0161trih vanjskih vremenskih uvjeta.<\/p>\n<\/div><\/section><\/div><\/div><\/div><\/div><!-- close content main div --><\/div><\/div>\n<style type=\"text\/css\" data-created_by=\"avia_inline_auto\" id=\"style-css-av-7ewa1b-231dc225f9da5395e3342e351471cd56\">\n.avia-section.av-7ewa1b-231dc225f9da5395e3342e351471cd56{\nbackground-color:#033a7d;\nbackground-image:unset;\n}\n<\/style>\n<div id='av_section_2'  class='avia-section av-7ewa1b-231dc225f9da5395e3342e351471cd56 main_color avia-section-default avia-no-border-styling  avia-builder-el-5  el_after_av_section  avia-builder-el-last  avia-bg-style-scroll container_wrap fullsize'  ><div class='container av-section-cont-open' ><div class='template-page content  av-content-full alpha units'><div class='post-entry post-entry-type-page post-entry-8265'><div class='entry-content-wrapper clearfix'>\n<div  class='flex_column av-6b4qjj-d77023a4cbd3fd8a97867ecff6bfeba0 av_one_full  avia-builder-el-6  avia-builder-el-no-sibling  first flex_column_div  '     ><p>\n<style type=\"text\/css\" data-created_by=\"avia_inline_auto\" id=\"style-css-av-4fwomn-710d1a6a1d45a864957410d9579833b3\">\n#top .av-special-heading.av-4fwomn-710d1a6a1d45a864957410d9579833b3{\npadding-bottom:10px;\ncolor:#ffffff;\n}\nbody .av-special-heading.av-4fwomn-710d1a6a1d45a864957410d9579833b3 .av-special-heading-tag .heading-char{\nfont-size:25px;\n}\n.av-special-heading.av-4fwomn-710d1a6a1d45a864957410d9579833b3 .special-heading-inner-border{\nborder-color:#ffffff;\n}\n.av-special-heading.av-4fwomn-710d1a6a1d45a864957410d9579833b3 .av-subheading{\nfont-size:15px;\n}\n<\/style>\n<div  class='av-special-heading av-4fwomn-710d1a6a1d45a864957410d9579833b3 av-special-heading-h3 custom-color-heading blockquote modern-quote  avia-builder-el-7  el_before_av_codeblock  avia-builder-el-first '><h3 class='av-special-heading-tag'  itemprop=\"headline\"  >Uskoro&#8230;<\/h3><div class=\"special-heading-border\"><div class=\"special-heading-inner-border\"><\/div><\/div><\/div><br \/>\n<\/p><\/div><\/p>\n","protected":false},"excerpt":{"rendered":"","protected":false},"author":1,"featured_media":0,"parent":8205,"menu_order":0,"comment_status":"closed","ping_status":"closed","template":"","meta":{"_monsterinsights_skip_tracking":false,"_monsterinsights_sitenote_active":false,"_monsterinsights_sitenote_note":"","_monsterinsights_sitenote_category":0,"footnotes":""},"class_list":["post-8265","page","type-page","status-publish","hentry"],"yoast_head":"<!-- This site is optimized with the Yoast SEO Premium plugin v27.1 (Yoast SEO v27.1.1) - https:\/\/yoast.com\/product\/yoast-seo-premium-wordpress\/ -->\n<title>Klizni i preklopni sustav ostakljenja - Berdo Alutechnic<\/title>\n<meta name=\"robots\" content=\"index, follow, max-snippet:-1, max-image-preview:large, max-video-preview:-1\" \/>\n<link rel=\"canonical\" href=\"https:\/\/berdoalutechnic.hu\/hr\/gotovi-proizvodi\/proizvodi\/ostali-proizvodi\/klizni-i-preklopni-sustav-ostakljenja\/\" \/>\n<meta property=\"og:locale\" content=\"hr_HR\" \/>\n<meta property=\"og:type\" content=\"article\" \/>\n<meta property=\"og:title\" content=\"Klizni i preklopni sustav ostakljenja\" \/>\n<meta property=\"og:url\" content=\"https:\/\/berdoalutechnic.hu\/hr\/gotovi-proizvodi\/proizvodi\/ostali-proizvodi\/klizni-i-preklopni-sustav-ostakljenja\/\" \/>\n<meta property=\"og:site_name\" content=\"Berdo Alutechnic\" \/>\n<meta property=\"article:modified_time\" content=\"2024-07-13T13:41:16+00:00\" \/>\n<meta name=\"twitter:card\" content=\"summary_large_image\" \/>\n<meta name=\"twitter:label1\" content=\"Procijenjeno vrijeme \u010ditanja\" \/>\n\t<meta name=\"twitter:data1\" content=\"3 minute\" \/>\n<script type=\"application\/ld+json\" class=\"yoast-schema-graph\">{\"@context\":\"https:\/\/schema.org\",\"@graph\":[{\"@type\":\"WebPage\",\"@id\":\"https:\/\/berdoalutechnic.hu\/hr\/gotovi-proizvodi\/proizvodi\/ostali-proizvodi\/klizni-i-preklopni-sustav-ostakljenja\/\",\"url\":\"https:\/\/berdoalutechnic.hu\/hr\/gotovi-proizvodi\/proizvodi\/ostali-proizvodi\/klizni-i-preklopni-sustav-ostakljenja\/\",\"name\":\"Klizni i preklopni sustav ostakljenja - Berdo Alutechnic\",\"isPartOf\":{\"@id\":\"https:\/\/berdoalutechnic.hu\/#website\"},\"datePublished\":\"2023-11-04T16:13:06+00:00\",\"dateModified\":\"2024-07-13T13:41:16+00:00\",\"breadcrumb\":{\"@id\":\"https:\/\/berdoalutechnic.hu\/hr\/gotovi-proizvodi\/proizvodi\/ostali-proizvodi\/klizni-i-preklopni-sustav-ostakljenja\/#breadcrumb\"},\"inLanguage\":\"hr\",\"potentialAction\":[{\"@type\":\"ReadAction\",\"target\":[\"https:\/\/berdoalutechnic.hu\/hr\/gotovi-proizvodi\/proizvodi\/ostali-proizvodi\/klizni-i-preklopni-sustav-ostakljenja\/\"]}]},{\"@type\":\"BreadcrumbList\",\"@id\":\"https:\/\/berdoalutechnic.hu\/hr\/gotovi-proizvodi\/proizvodi\/ostali-proizvodi\/klizni-i-preklopni-sustav-ostakljenja\/#breadcrumb\",\"itemListElement\":[{\"@type\":\"ListItem\",\"position\":1,\"name\":\"Kezd\u0151lap\",\"item\":\"https:\/\/berdoalutechnic.hu\/hr\/naslovna-stranica\/\"},{\"@type\":\"ListItem\",\"position\":2,\"name\":\"Gotovi proizvodi\",\"item\":\"https:\/\/berdoalutechnic.hu\/hr\/gotovi-proizvodi\/\"},{\"@type\":\"ListItem\",\"position\":3,\"name\":\"Proizvodi\",\"item\":\"https:\/\/berdoalutechnic.hu\/hr\/gotovi-proizvodi\/proizvodi\/\"},{\"@type\":\"ListItem\",\"position\":4,\"name\":\"Ostali proizvodi\",\"item\":\"https:\/\/berdoalutechnic.hu\/hr\/gotovi-proizvodi\/proizvodi\/ostali-proizvodi\/\"},{\"@type\":\"ListItem\",\"position\":5,\"name\":\"Klizni i preklopni sustav ostakljenja\"}]},{\"@type\":\"WebSite\",\"@id\":\"https:\/\/berdoalutechnic.hu\/#website\",\"url\":\"https:\/\/berdoalutechnic.hu\/\",\"name\":\"Berdo Alutechnic\",\"description\":\"\",\"publisher\":{\"@id\":\"https:\/\/berdoalutechnic.hu\/#organization\"},\"potentialAction\":[{\"@type\":\"SearchAction\",\"target\":{\"@type\":\"EntryPoint\",\"urlTemplate\":\"https:\/\/berdoalutechnic.hu\/?s={search_term_string}\"},\"query-input\":{\"@type\":\"PropertyValueSpecification\",\"valueRequired\":true,\"valueName\":\"search_term_string\"}}],\"inLanguage\":\"hr\"},{\"@type\":\"Organization\",\"@id\":\"https:\/\/berdoalutechnic.hu\/#organization\",\"name\":\"Berdo Alutechnic\",\"url\":\"https:\/\/berdoalutechnic.hu\/\",\"logo\":{\"@type\":\"ImageObject\",\"inLanguage\":\"hr\",\"@id\":\"https:\/\/berdoalutechnic.hu\/#\/schema\/logo\/image\/\",\"url\":\"https:\/\/berdoalutechnic.hu\/wp-content\/uploads\/BALogo_email_tiny.png\",\"contentUrl\":\"https:\/\/berdoalutechnic.hu\/wp-content\/uploads\/BALogo_email_tiny.png\",\"width\":338,\"height\":167,\"caption\":\"Berdo Alutechnic\"},\"image\":{\"@id\":\"https:\/\/berdoalutechnic.hu\/#\/schema\/logo\/image\/\"}}]}<\/script>\n<!-- \/ Yoast SEO Premium plugin. -->","yoast_head_json":{"title":"Klizni i preklopni sustav ostakljenja - Berdo Alutechnic","robots":{"index":"index","follow":"follow","max-snippet":"max-snippet:-1","max-image-preview":"max-image-preview:large","max-video-preview":"max-video-preview:-1"},"canonical":"https:\/\/berdoalutechnic.hu\/hr\/gotovi-proizvodi\/proizvodi\/ostali-proizvodi\/klizni-i-preklopni-sustav-ostakljenja\/","og_locale":"hr_HR","og_type":"article","og_title":"Klizni i preklopni sustav ostakljenja","og_url":"https:\/\/berdoalutechnic.hu\/hr\/gotovi-proizvodi\/proizvodi\/ostali-proizvodi\/klizni-i-preklopni-sustav-ostakljenja\/","og_site_name":"Berdo Alutechnic","article_modified_time":"2024-07-13T13:41:16+00:00","twitter_card":"summary_large_image","twitter_misc":{"Procijenjeno vrijeme \u010ditanja":"3 minute"},"schema":{"@context":"https:\/\/schema.org","@graph":[{"@type":"WebPage","@id":"https:\/\/berdoalutechnic.hu\/hr\/gotovi-proizvodi\/proizvodi\/ostali-proizvodi\/klizni-i-preklopni-sustav-ostakljenja\/","url":"https:\/\/berdoalutechnic.hu\/hr\/gotovi-proizvodi\/proizvodi\/ostali-proizvodi\/klizni-i-preklopni-sustav-ostakljenja\/","name":"Klizni i preklopni sustav ostakljenja - Berdo Alutechnic","isPartOf":{"@id":"https:\/\/berdoalutechnic.hu\/#website"},"datePublished":"2023-11-04T16:13:06+00:00","dateModified":"2024-07-13T13:41:16+00:00","breadcrumb":{"@id":"https:\/\/berdoalutechnic.hu\/hr\/gotovi-proizvodi\/proizvodi\/ostali-proizvodi\/klizni-i-preklopni-sustav-ostakljenja\/#breadcrumb"},"inLanguage":"hr","potentialAction":[{"@type":"ReadAction","target":["https:\/\/berdoalutechnic.hu\/hr\/gotovi-proizvodi\/proizvodi\/ostali-proizvodi\/klizni-i-preklopni-sustav-ostakljenja\/"]}]},{"@type":"BreadcrumbList","@id":"https:\/\/berdoalutechnic.hu\/hr\/gotovi-proizvodi\/proizvodi\/ostali-proizvodi\/klizni-i-preklopni-sustav-ostakljenja\/#breadcrumb","itemListElement":[{"@type":"ListItem","position":1,"name":"Kezd\u0151lap","item":"https:\/\/berdoalutechnic.hu\/hr\/naslovna-stranica\/"},{"@type":"ListItem","position":2,"name":"Gotovi proizvodi","item":"https:\/\/berdoalutechnic.hu\/hr\/gotovi-proizvodi\/"},{"@type":"ListItem","position":3,"name":"Proizvodi","item":"https:\/\/berdoalutechnic.hu\/hr\/gotovi-proizvodi\/proizvodi\/"},{"@type":"ListItem","position":4,"name":"Ostali proizvodi","item":"https:\/\/berdoalutechnic.hu\/hr\/gotovi-proizvodi\/proizvodi\/ostali-proizvodi\/"},{"@type":"ListItem","position":5,"name":"Klizni i preklopni sustav ostakljenja"}]},{"@type":"WebSite","@id":"https:\/\/berdoalutechnic.hu\/#website","url":"https:\/\/berdoalutechnic.hu\/","name":"Berdo Alutechnic","description":"","publisher":{"@id":"https:\/\/berdoalutechnic.hu\/#organization"},"potentialAction":[{"@type":"SearchAction","target":{"@type":"EntryPoint","urlTemplate":"https:\/\/berdoalutechnic.hu\/?s={search_term_string}"},"query-input":{"@type":"PropertyValueSpecification","valueRequired":true,"valueName":"search_term_string"}}],"inLanguage":"hr"},{"@type":"Organization","@id":"https:\/\/berdoalutechnic.hu\/#organization","name":"Berdo Alutechnic","url":"https:\/\/berdoalutechnic.hu\/","logo":{"@type":"ImageObject","inLanguage":"hr","@id":"https:\/\/berdoalutechnic.hu\/#\/schema\/logo\/image\/","url":"https:\/\/berdoalutechnic.hu\/wp-content\/uploads\/BALogo_email_tiny.png","contentUrl":"https:\/\/berdoalutechnic.hu\/wp-content\/uploads\/BALogo_email_tiny.png","width":338,"height":167,"caption":"Berdo Alutechnic"},"image":{"@id":"https:\/\/berdoalutechnic.hu\/#\/schema\/logo\/image\/"}}]}},"_links":{"self":[{"href":"https:\/\/berdoalutechnic.hu\/hr\/wp-json\/wp\/v2\/pages\/8265","targetHints":{"allow":["GET"]}}],"collection":[{"href":"https:\/\/berdoalutechnic.hu\/hr\/wp-json\/wp\/v2\/pages"}],"about":[{"href":"https:\/\/berdoalutechnic.hu\/hr\/wp-json\/wp\/v2\/types\/page"}],"author":[{"embeddable":true,"href":"https:\/\/berdoalutechnic.hu\/hr\/wp-json\/wp\/v2\/users\/1"}],"replies":[{"embeddable":true,"href":"https:\/\/berdoalutechnic.hu\/hr\/wp-json\/wp\/v2\/comments?post=8265"}],"version-history":[{"count":2,"href":"https:\/\/berdoalutechnic.hu\/hr\/wp-json\/wp\/v2\/pages\/8265\/revisions"}],"predecessor-version":[{"id":8278,"href":"https:\/\/berdoalutechnic.hu\/hr\/wp-json\/wp\/v2\/pages\/8265\/revisions\/8278"}],"up":[{"embeddable":true,"href":"https:\/\/berdoalutechnic.hu\/hr\/wp-json\/wp\/v2\/pages\/8205"}],"wp:attachment":[{"href":"https:\/\/berdoalutechnic.hu\/hr\/wp-json\/wp\/v2\/media?parent=8265"}],"curies":[{"name":"wp","href":"https:\/\/api.w.org\/{rel}","templated":true}]}}