{"id":8266,"date":"2023-11-04T17:15:21","date_gmt":"2023-11-04T16:15:21","guid":{"rendered":"https:\/\/berdoalutechnic.hu\/?page_id=8266"},"modified":"2024-07-13T15:42:05","modified_gmt":"2024-07-13T13:42:05","slug":"giljotina","status":"publish","type":"page","link":"https:\/\/berdoalutechnic.hu\/hr\/gotovi-proizvodi\/proizvodi\/ostali-proizvodi\/giljotina\/","title":{"rendered":"Giljotina"},"content":{"rendered":"<div class='clear'><\/div><div id='sub_menu1'  class='av-submenu-container av-11jtukj-ffea7c86eeb79efa54388a5f7b4cea6c main_color  avia-builder-el-0  el_before_av_slideshow_full  avia-builder-el-first  av-sticky-submenu container_wrap fullsize' style='z-index:301' ><div class='container av-menu-mobile-disabled av-submenu-pos-center'><ul id=\"menu-kesztermekmenuhr\" class=\"av-subnav-menu\"><li role=\"menuitem\" id=\"menu-item-8319\" class=\"menu-item menu-item-type-post_type menu-item-object-page menu-item-top-level menu-item-top-level-1\"><a href=\"https:\/\/berdoalutechnic.hu\/hr\/gotovi-proizvodi\/proizvodi\/\" itemprop=\"url\" tabindex=\"0\"><span class=\"avia-bullet\"><\/span><span class=\"avia-menu-text\">Proizvodi<\/span><span class=\"avia-menu-fx\"><span class=\"avia-arrow-wrap\"><span class=\"avia-arrow\"><\/span><\/span><\/span><\/a><\/li>\n<li role=\"menuitem\" id=\"menu-item-8320\" class=\"menu-item menu-item-type-post_type menu-item-object-page menu-item-top-level menu-item-top-level-2\"><a href=\"https:\/\/berdoalutechnic.hu\/hr\/gotovi-proizvodi\/preuzimanja\/\" itemprop=\"url\" tabindex=\"0\"><span class=\"avia-bullet\"><\/span><span class=\"avia-menu-text\">Preuzimanja<\/span><span class=\"avia-menu-fx\"><span class=\"avia-arrow-wrap\"><span class=\"avia-arrow\"><\/span><\/span><\/span><\/a><\/li>\n<li role=\"menuitem\" id=\"menu-item-8321\" class=\"menu-item menu-item-type-post_type menu-item-object-page menu-item-top-level menu-item-top-level-3\"><a href=\"https:\/\/berdoalutechnic.hu\/hr\/gotovi-proizvodi\/informacije\/\" itemprop=\"url\" tabindex=\"0\"><span class=\"avia-bullet\"><\/span><span class=\"avia-menu-text\">Informacije<\/span><span class=\"avia-menu-fx\"><span class=\"avia-arrow-wrap\"><span class=\"avia-arrow\"><\/span><\/span><\/span><\/a><\/li>\n<li role=\"menuitem\" id=\"menu-item-8353\" class=\"menu-item menu-item-type-post_type menu-item-object-page menu-item-top-level menu-item-top-level-4\"><a href=\"https:\/\/berdoalutechnic.hu\/hr\/gotovi-proizvodi\/galerija\/\" itemprop=\"url\" tabindex=\"0\"><span class=\"avia-bullet\"><\/span><span class=\"avia-menu-text\">Galerija<\/span><span class=\"avia-menu-fx\"><span class=\"avia-arrow-wrap\"><span class=\"avia-arrow\"><\/span><\/span><\/span><\/a><\/li>\n<li role=\"menuitem\" id=\"menu-item-8354\" class=\"menu-item menu-item-type-post_type menu-item-object-page menu-item-top-level menu-item-top-level-5\"><a href=\"https:\/\/berdoalutechnic.hu\/hr\/gotovi-proizvodi\/kontakt\/\" itemprop=\"url\" tabindex=\"0\"><span class=\"avia-bullet\"><\/span><span class=\"avia-menu-text\">Kontakt<\/span><span class=\"avia-menu-fx\"><span class=\"avia-arrow-wrap\"><span class=\"avia-arrow\"><\/span><\/span><\/span><\/a><\/li>\n<\/ul><\/div><\/div><div class='sticky_placeholder'><\/div>\n<div id='full_slider_1'  class='avia-fullwidth-slider main_color avia-shadow   avia-builder-el-1  el_after_av_submenu  el_before_av_section   slider-not-first container_wrap fullsize'  ><div  class='avia-slideshow av-lp54jh8p-b26d31313e657afbf24029f4a5dab69a avia-slideshow-featured av_slideshow_full avia-slide-slider av-slideshow-ui av-control-default av-slideshow-manual av-loop-once av-loop-manual-endless av-default-height-applied   avia-slideshow-1' data-slideshow-options=\"{&quot;animation&quot;:&quot;slide&quot;,&quot;autoplay&quot;:false,&quot;loop_autoplay&quot;:&quot;once&quot;,&quot;interval&quot;:5,&quot;loop_manual&quot;:&quot;manual-endless&quot;,&quot;autoplay_stopper&quot;:false,&quot;noNavigation&quot;:false,&quot;bg_slider&quot;:false,&quot;keep_padding&quot;:false,&quot;hoverpause&quot;:false,&quot;show_slide_delay&quot;:0}\"  itemprop=\"image\" itemscope=\"itemscope\" itemtype=\"https:\/\/schema.org\/ImageObject\" ><ul class='avia-slideshow-inner ' style='padding-bottom: 28.666666666667%;'><li  class='avia-slideshow-slide av-lp54jh8p-b26d31313e657afbf24029f4a5dab69a__0  av-single-slide slide-1 slide-odd'><div data-rel='slideshow-1' class='avia-slide-wrap '   ><div class='av-slideshow-caption av-lp54jh8p-b26d31313e657afbf24029f4a5dab69a__0 caption_fullwidth caption_center caption_center_framed caption_framed'><div class=\"container caption_container\"><div class=\"slideshow_caption\"><div class=\"slideshow_inner_caption\"><div class=\"slideshow_align_caption\"><h2 class='avia-caption-title '  itemprop=\"name\" >Giljotina<\/h2><\/div><\/div><\/div><\/div><\/div><img decoding=\"async\" class=\"wp-image-8003 avia-img-lazy-loading-not-8003\"  src=\"https:\/\/berdoalutechnic.hu\/wp-content\/uploads\/BERDOALU_GAL_17a-1500x430.jpg\" width=\"1500\" height=\"430\" title='BERDOALU_GAL_17a' alt=''  itemprop=\"thumbnailUrl\"   \/><\/div><\/li><\/ul><\/div><\/div>\n<div id='av_section_1'  class='avia-section av-vq99mr-c7e2b312483689c099edbfc5618c0d34 main_color avia-section-default avia-no-border-styling  avia-builder-el-2  el_after_av_slideshow_full  el_before_av_section  avia-bg-style-scroll container_wrap fullsize'  ><div class='container av-section-cont-open' ><div class='template-page content  av-content-full alpha units'><div class='post-entry post-entry-type-page post-entry-8266'><div class='entry-content-wrapper clearfix'>\n<div  class='flex_column av-u9djoj-6ff15a723144eb62d46878eabf748ccf av_one_full  avia-builder-el-3  avia-builder-el-no-sibling  first flex_column_div  '     ><section  class='av_textblock_section av-mhvlqr-76bfae7d38cc1932e5cb87a4ff64a865 '   itemscope=\"itemscope\" itemtype=\"https:\/\/schema.org\/CreativeWork\" ><div class='avia_textblock'  itemprop=\"text\" ><p>Horizontalno segmentirani, motorizirani stakleni sustav (sa 2-3 elemenata) na daljinsko upravljane koji kombinira funkcionalnost staklene stijene i ograde. Gornji dio je staklena stijena koja se uvla\u010di a u spu\u0161tenom stanju slu\u017ei kao staklena ograda. Donji dio \u010dine fiksni moduli dok su ostali elementi bazirani na motoriziranim staklenim dijelovima. Aluminijski okvir pru\u017ea izuzetno \u010dvrstu strukturu. Sustav se mo\u017ee naru\u010diti s toplinski izoliranim i toplinski neizoliranim staklom 8-10 mm. Mogu\u0107e je da se staklene plo\u010de rasporede vertikalno a ne horizontalno. Prema na\u0161em iskustvu odli\u010dno fukcioniraju u restoranima i hotelima jer okomito kretanje omogu\u0107uje da slu\u017ei i kao ograda i kao staklena stijena. Sigurnosne staklene plo\u010de otporne na udarce su stavljene u sustav aluminijskih profila. S njima se mo\u017ee upravljati pomo\u0107u motora. Upotrebom izo stakla sustav mo\u017ee iskoristiti efekt staklenika i zimi tako da se terasa mo\u017ee jednostavno, ekonomi\u010dno i ugodno mo\u017ee se pretvoriti u prostoriju s kontroliranom temperaturom. Zahvaljuju\u0107i pomi\u010dnim staklenim plo\u010dama \u010di\u0161\u0107enje je jednostavno i brzo.<\/p>\n<\/div><\/section><\/div><\/div><\/div><\/div><!-- close content main div --><\/div><\/div>\n<style type=\"text\/css\" data-created_by=\"avia_inline_auto\" id=\"style-css-av-av_section-b65eed151f6a53e4fd7b9b1c75020f26\">\n.avia-section.av-av_section-b65eed151f6a53e4fd7b9b1c75020f26{\nbackground-color:#033a7d;\nbackground-image:unset;\n}\n<\/style>\n<div id='av_section_2'  class='avia-section av-av_section-b65eed151f6a53e4fd7b9b1c75020f26 main_color avia-section-default avia-no-border-styling  avia-builder-el-5  el_after_av_section  avia-builder-el-last  avia-bg-style-scroll container_wrap fullsize'  ><div class='container av-section-cont-open' ><div class='template-page content  av-content-full alpha units'><div class='post-entry post-entry-type-page post-entry-8266'><div class='entry-content-wrapper clearfix'>\n<div  class='flex_column av-av_one_full-fcc54ba6e1056dfba2660000655d0540 av_one_full  avia-builder-el-6  avia-builder-el-no-sibling  first flex_column_div  '     ><p>\n<style type=\"text\/css\" data-created_by=\"avia_inline_auto\" id=\"style-css-av-lyk6arff-e976ecaff8df911e356c3e473dc4449b\">\n#top .av-special-heading.av-lyk6arff-e976ecaff8df911e356c3e473dc4449b{\npadding-bottom:10px;\ncolor:#ffffff;\n}\nbody .av-special-heading.av-lyk6arff-e976ecaff8df911e356c3e473dc4449b .av-special-heading-tag .heading-char{\nfont-size:25px;\n}\n.av-special-heading.av-lyk6arff-e976ecaff8df911e356c3e473dc4449b .special-heading-inner-border{\nborder-color:#ffffff;\n}\n.av-special-heading.av-lyk6arff-e976ecaff8df911e356c3e473dc4449b .av-subheading{\nfont-size:15px;\n}\n<\/style>\n<div  class='av-special-heading av-lyk6arff-e976ecaff8df911e356c3e473dc4449b av-special-heading-h3 custom-color-heading blockquote modern-quote  avia-builder-el-7  el_before_av_codeblock  avia-builder-el-first '><h3 class='av-special-heading-tag'  itemprop=\"headline\"  >Uskoro&#8230;<\/h3><div class=\"special-heading-border\"><div class=\"special-heading-inner-border\"><\/div><\/div><\/div><br \/>\n<\/p><\/div><\/p>\n","protected":false},"excerpt":{"rendered":"","protected":false},"author":1,"featured_media":0,"parent":8205,"menu_order":0,"comment_status":"closed","ping_status":"closed","template":"","meta":{"_monsterinsights_skip_tracking":false,"_monsterinsights_sitenote_active":false,"_monsterinsights_sitenote_note":"","_monsterinsights_sitenote_category":0,"footnotes":""},"class_list":["post-8266","page","type-page","status-publish","hentry"],"yoast_head":"<!-- This site is optimized with the Yoast SEO Premium plugin v27.1 (Yoast SEO v27.1.1) - https:\/\/yoast.com\/product\/yoast-seo-premium-wordpress\/ -->\n<title>Giljotina - Berdo Alutechnic<\/title>\n<meta name=\"robots\" content=\"index, follow, max-snippet:-1, max-image-preview:large, max-video-preview:-1\" \/>\n<link rel=\"canonical\" href=\"https:\/\/berdoalutechnic.hu\/hr\/gotovi-proizvodi\/proizvodi\/ostali-proizvodi\/giljotina\/\" \/>\n<meta property=\"og:locale\" content=\"hr_HR\" \/>\n<meta property=\"og:type\" content=\"article\" \/>\n<meta property=\"og:title\" content=\"Giljotina\" \/>\n<meta property=\"og:url\" content=\"https:\/\/berdoalutechnic.hu\/hr\/gotovi-proizvodi\/proizvodi\/ostali-proizvodi\/giljotina\/\" \/>\n<meta property=\"og:site_name\" content=\"Berdo Alutechnic\" \/>\n<meta property=\"article:modified_time\" content=\"2024-07-13T13:42:05+00:00\" \/>\n<meta name=\"twitter:card\" content=\"summary_large_image\" \/>\n<meta name=\"twitter:label1\" content=\"Procijenjeno vrijeme \u010ditanja\" \/>\n\t<meta name=\"twitter:data1\" content=\"1 minuta\" \/>\n<script type=\"application\/ld+json\" class=\"yoast-schema-graph\">{\"@context\":\"https:\/\/schema.org\",\"@graph\":[{\"@type\":\"WebPage\",\"@id\":\"https:\/\/berdoalutechnic.hu\/hr\/gotovi-proizvodi\/proizvodi\/ostali-proizvodi\/giljotina\/\",\"url\":\"https:\/\/berdoalutechnic.hu\/hr\/gotovi-proizvodi\/proizvodi\/ostali-proizvodi\/giljotina\/\",\"name\":\"Giljotina - Berdo Alutechnic\",\"isPartOf\":{\"@id\":\"https:\/\/berdoalutechnic.hu\/#website\"},\"datePublished\":\"2023-11-04T16:15:21+00:00\",\"dateModified\":\"2024-07-13T13:42:05+00:00\",\"breadcrumb\":{\"@id\":\"https:\/\/berdoalutechnic.hu\/hr\/gotovi-proizvodi\/proizvodi\/ostali-proizvodi\/giljotina\/#breadcrumb\"},\"inLanguage\":\"hr\",\"potentialAction\":[{\"@type\":\"ReadAction\",\"target\":[\"https:\/\/berdoalutechnic.hu\/hr\/gotovi-proizvodi\/proizvodi\/ostali-proizvodi\/giljotina\/\"]}]},{\"@type\":\"BreadcrumbList\",\"@id\":\"https:\/\/berdoalutechnic.hu\/hr\/gotovi-proizvodi\/proizvodi\/ostali-proizvodi\/giljotina\/#breadcrumb\",\"itemListElement\":[{\"@type\":\"ListItem\",\"position\":1,\"name\":\"Kezd\u0151lap\",\"item\":\"https:\/\/berdoalutechnic.hu\/hr\/naslovna-stranica\/\"},{\"@type\":\"ListItem\",\"position\":2,\"name\":\"Gotovi proizvodi\",\"item\":\"https:\/\/berdoalutechnic.hu\/hr\/gotovi-proizvodi\/\"},{\"@type\":\"ListItem\",\"position\":3,\"name\":\"Proizvodi\",\"item\":\"https:\/\/berdoalutechnic.hu\/hr\/gotovi-proizvodi\/proizvodi\/\"},{\"@type\":\"ListItem\",\"position\":4,\"name\":\"Ostali proizvodi\",\"item\":\"https:\/\/berdoalutechnic.hu\/hr\/gotovi-proizvodi\/proizvodi\/ostali-proizvodi\/\"},{\"@type\":\"ListItem\",\"position\":5,\"name\":\"Giljotina\"}]},{\"@type\":\"WebSite\",\"@id\":\"https:\/\/berdoalutechnic.hu\/#website\",\"url\":\"https:\/\/berdoalutechnic.hu\/\",\"name\":\"Berdo Alutechnic\",\"description\":\"\",\"publisher\":{\"@id\":\"https:\/\/berdoalutechnic.hu\/#organization\"},\"potentialAction\":[{\"@type\":\"SearchAction\",\"target\":{\"@type\":\"EntryPoint\",\"urlTemplate\":\"https:\/\/berdoalutechnic.hu\/?s={search_term_string}\"},\"query-input\":{\"@type\":\"PropertyValueSpecification\",\"valueRequired\":true,\"valueName\":\"search_term_string\"}}],\"inLanguage\":\"hr\"},{\"@type\":\"Organization\",\"@id\":\"https:\/\/berdoalutechnic.hu\/#organization\",\"name\":\"Berdo Alutechnic\",\"url\":\"https:\/\/berdoalutechnic.hu\/\",\"logo\":{\"@type\":\"ImageObject\",\"inLanguage\":\"hr\",\"@id\":\"https:\/\/berdoalutechnic.hu\/#\/schema\/logo\/image\/\",\"url\":\"https:\/\/berdoalutechnic.hu\/wp-content\/uploads\/BALogo_email_tiny.png\",\"contentUrl\":\"https:\/\/berdoalutechnic.hu\/wp-content\/uploads\/BALogo_email_tiny.png\",\"width\":338,\"height\":167,\"caption\":\"Berdo Alutechnic\"},\"image\":{\"@id\":\"https:\/\/berdoalutechnic.hu\/#\/schema\/logo\/image\/\"}}]}<\/script>\n<!-- \/ Yoast SEO Premium plugin. -->","yoast_head_json":{"title":"Giljotina - Berdo Alutechnic","robots":{"index":"index","follow":"follow","max-snippet":"max-snippet:-1","max-image-preview":"max-image-preview:large","max-video-preview":"max-video-preview:-1"},"canonical":"https:\/\/berdoalutechnic.hu\/hr\/gotovi-proizvodi\/proizvodi\/ostali-proizvodi\/giljotina\/","og_locale":"hr_HR","og_type":"article","og_title":"Giljotina","og_url":"https:\/\/berdoalutechnic.hu\/hr\/gotovi-proizvodi\/proizvodi\/ostali-proizvodi\/giljotina\/","og_site_name":"Berdo Alutechnic","article_modified_time":"2024-07-13T13:42:05+00:00","twitter_card":"summary_large_image","twitter_misc":{"Procijenjeno vrijeme \u010ditanja":"1 minuta"},"schema":{"@context":"https:\/\/schema.org","@graph":[{"@type":"WebPage","@id":"https:\/\/berdoalutechnic.hu\/hr\/gotovi-proizvodi\/proizvodi\/ostali-proizvodi\/giljotina\/","url":"https:\/\/berdoalutechnic.hu\/hr\/gotovi-proizvodi\/proizvodi\/ostali-proizvodi\/giljotina\/","name":"Giljotina - Berdo Alutechnic","isPartOf":{"@id":"https:\/\/berdoalutechnic.hu\/#website"},"datePublished":"2023-11-04T16:15:21+00:00","dateModified":"2024-07-13T13:42:05+00:00","breadcrumb":{"@id":"https:\/\/berdoalutechnic.hu\/hr\/gotovi-proizvodi\/proizvodi\/ostali-proizvodi\/giljotina\/#breadcrumb"},"inLanguage":"hr","potentialAction":[{"@type":"ReadAction","target":["https:\/\/berdoalutechnic.hu\/hr\/gotovi-proizvodi\/proizvodi\/ostali-proizvodi\/giljotina\/"]}]},{"@type":"BreadcrumbList","@id":"https:\/\/berdoalutechnic.hu\/hr\/gotovi-proizvodi\/proizvodi\/ostali-proizvodi\/giljotina\/#breadcrumb","itemListElement":[{"@type":"ListItem","position":1,"name":"Kezd\u0151lap","item":"https:\/\/berdoalutechnic.hu\/hr\/naslovna-stranica\/"},{"@type":"ListItem","position":2,"name":"Gotovi proizvodi","item":"https:\/\/berdoalutechnic.hu\/hr\/gotovi-proizvodi\/"},{"@type":"ListItem","position":3,"name":"Proizvodi","item":"https:\/\/berdoalutechnic.hu\/hr\/gotovi-proizvodi\/proizvodi\/"},{"@type":"ListItem","position":4,"name":"Ostali proizvodi","item":"https:\/\/berdoalutechnic.hu\/hr\/gotovi-proizvodi\/proizvodi\/ostali-proizvodi\/"},{"@type":"ListItem","position":5,"name":"Giljotina"}]},{"@type":"WebSite","@id":"https:\/\/berdoalutechnic.hu\/#website","url":"https:\/\/berdoalutechnic.hu\/","name":"Berdo Alutechnic","description":"","publisher":{"@id":"https:\/\/berdoalutechnic.hu\/#organization"},"potentialAction":[{"@type":"SearchAction","target":{"@type":"EntryPoint","urlTemplate":"https:\/\/berdoalutechnic.hu\/?s={search_term_string}"},"query-input":{"@type":"PropertyValueSpecification","valueRequired":true,"valueName":"search_term_string"}}],"inLanguage":"hr"},{"@type":"Organization","@id":"https:\/\/berdoalutechnic.hu\/#organization","name":"Berdo Alutechnic","url":"https:\/\/berdoalutechnic.hu\/","logo":{"@type":"ImageObject","inLanguage":"hr","@id":"https:\/\/berdoalutechnic.hu\/#\/schema\/logo\/image\/","url":"https:\/\/berdoalutechnic.hu\/wp-content\/uploads\/BALogo_email_tiny.png","contentUrl":"https:\/\/berdoalutechnic.hu\/wp-content\/uploads\/BALogo_email_tiny.png","width":338,"height":167,"caption":"Berdo Alutechnic"},"image":{"@id":"https:\/\/berdoalutechnic.hu\/#\/schema\/logo\/image\/"}}]}},"_links":{"self":[{"href":"https:\/\/berdoalutechnic.hu\/hr\/wp-json\/wp\/v2\/pages\/8266","targetHints":{"allow":["GET"]}}],"collection":[{"href":"https:\/\/berdoalutechnic.hu\/hr\/wp-json\/wp\/v2\/pages"}],"about":[{"href":"https:\/\/berdoalutechnic.hu\/hr\/wp-json\/wp\/v2\/types\/page"}],"author":[{"embeddable":true,"href":"https:\/\/berdoalutechnic.hu\/hr\/wp-json\/wp\/v2\/users\/1"}],"replies":[{"embeddable":true,"href":"https:\/\/berdoalutechnic.hu\/hr\/wp-json\/wp\/v2\/comments?post=8266"}],"version-history":[{"count":2,"href":"https:\/\/berdoalutechnic.hu\/hr\/wp-json\/wp\/v2\/pages\/8266\/revisions"}],"predecessor-version":[{"id":8280,"href":"https:\/\/berdoalutechnic.hu\/hr\/wp-json\/wp\/v2\/pages\/8266\/revisions\/8280"}],"up":[{"embeddable":true,"href":"https:\/\/berdoalutechnic.hu\/hr\/wp-json\/wp\/v2\/pages\/8205"}],"wp:attachment":[{"href":"https:\/\/berdoalutechnic.hu\/hr\/wp-json\/wp\/v2\/media?parent=8266"}],"curies":[{"name":"wp","href":"https:\/\/api.w.org\/{rel}","templated":true}]}}