{"id":8287,"date":"2023-12-06T15:51:11","date_gmt":"2023-12-06T14:51:11","guid":{"rendered":"https:\/\/berdoalutechnic.hu\/?page_id=8287"},"modified":"2024-07-13T15:50:14","modified_gmt":"2024-07-13T13:50:14","slug":"savjeti-za-odrzavanje","status":"publish","type":"page","link":"https:\/\/berdoalutechnic.hu\/hr\/gotovi-proizvodi\/preuzimanja\/savjeti-za-odrzavanje\/","title":{"rendered":"Savjeti za odr\u017eavanje"},"content":{"rendered":"<div class='clear'><\/div><div id='sub_menu1'  class='av-submenu-container av-57th1c-50b261e898177d33791c0f68c281df13 main_color  avia-builder-el-0  el_before_av_section  avia-builder-el-first  av-sticky-submenu container_wrap fullsize' style='z-index:301' ><div class='container av-menu-mobile-disabled av-submenu-pos-center'><ul id=\"menu-kesztermekmenuhr\" class=\"av-subnav-menu\"><li role=\"menuitem\" id=\"menu-item-8319\" class=\"menu-item menu-item-type-post_type menu-item-object-page menu-item-top-level menu-item-top-level-1\"><a href=\"https:\/\/berdoalutechnic.hu\/hr\/gotovi-proizvodi\/proizvodi\/\" itemprop=\"url\" tabindex=\"0\"><span class=\"avia-bullet\"><\/span><span class=\"avia-menu-text\">Proizvodi<\/span><span class=\"avia-menu-fx\"><span class=\"avia-arrow-wrap\"><span class=\"avia-arrow\"><\/span><\/span><\/span><\/a><\/li>\n<li role=\"menuitem\" id=\"menu-item-8320\" class=\"menu-item menu-item-type-post_type menu-item-object-page menu-item-top-level menu-item-top-level-2\"><a href=\"https:\/\/berdoalutechnic.hu\/hr\/gotovi-proizvodi\/preuzimanja\/\" itemprop=\"url\" tabindex=\"0\"><span class=\"avia-bullet\"><\/span><span class=\"avia-menu-text\">Preuzimanja<\/span><span class=\"avia-menu-fx\"><span class=\"avia-arrow-wrap\"><span class=\"avia-arrow\"><\/span><\/span><\/span><\/a><\/li>\n<li role=\"menuitem\" id=\"menu-item-8321\" class=\"menu-item menu-item-type-post_type menu-item-object-page menu-item-top-level menu-item-top-level-3\"><a href=\"https:\/\/berdoalutechnic.hu\/hr\/gotovi-proizvodi\/informacije\/\" itemprop=\"url\" tabindex=\"0\"><span class=\"avia-bullet\"><\/span><span class=\"avia-menu-text\">Informacije<\/span><span class=\"avia-menu-fx\"><span class=\"avia-arrow-wrap\"><span class=\"avia-arrow\"><\/span><\/span><\/span><\/a><\/li>\n<li role=\"menuitem\" id=\"menu-item-8353\" class=\"menu-item menu-item-type-post_type menu-item-object-page menu-item-top-level menu-item-top-level-4\"><a href=\"https:\/\/berdoalutechnic.hu\/hr\/gotovi-proizvodi\/galerija\/\" itemprop=\"url\" tabindex=\"0\"><span class=\"avia-bullet\"><\/span><span class=\"avia-menu-text\">Galerija<\/span><span class=\"avia-menu-fx\"><span class=\"avia-arrow-wrap\"><span class=\"avia-arrow\"><\/span><\/span><\/span><\/a><\/li>\n<li role=\"menuitem\" id=\"menu-item-8354\" class=\"menu-item menu-item-type-post_type menu-item-object-page menu-item-top-level menu-item-top-level-5\"><a href=\"https:\/\/berdoalutechnic.hu\/hr\/gotovi-proizvodi\/kontakt\/\" itemprop=\"url\" tabindex=\"0\"><span class=\"avia-bullet\"><\/span><span class=\"avia-menu-text\">Kontakt<\/span><span class=\"avia-menu-fx\"><span class=\"avia-arrow-wrap\"><span class=\"avia-arrow\"><\/span><\/span><\/span><\/a><\/li>\n<\/ul><\/div><\/div><div class='sticky_placeholder'><\/div>\n<div id='av_section_1'  class='avia-section av-33gncv-536ebbf45683f4edbb596a5f10966ffd main_color avia-section-default avia-no-border-styling  avia-builder-el-1  el_after_av_submenu  avia-builder-el-last  avia-bg-style-scroll container_wrap fullsize'  ><div class='container av-section-cont-open' ><div class='template-page content  av-content-full alpha units'><div class='post-entry post-entry-type-page post-entry-8287'><div class='entry-content-wrapper clearfix'>\n\n<style type=\"text\/css\" data-created_by=\"avia_inline_auto\" id=\"style-css-av-lmgclvvr-be3c815cc0c399c8051637c305605024\">\n#top .av-special-heading.av-lmgclvvr-be3c815cc0c399c8051637c305605024{\npadding-bottom:10px;\n}\nbody .av-special-heading.av-lmgclvvr-be3c815cc0c399c8051637c305605024 .av-special-heading-tag .heading-char{\nfont-size:25px;\n}\n.av-special-heading.av-lmgclvvr-be3c815cc0c399c8051637c305605024 .av-subheading{\nfont-size:15px;\n}\n<\/style>\n<div  class='av-special-heading av-lmgclvvr-be3c815cc0c399c8051637c305605024 av-special-heading-h1 blockquote modern-quote  avia-builder-el-2  el_before_av_one_fourth  avia-builder-el-first '><h1 class='av-special-heading-tag'  itemprop=\"headline\"  >Savjeti za odr\u017eavanje<\/h1><div class=\"special-heading-border\"><div class=\"special-heading-inner-border\"><\/div><\/div><\/div>\n<div  class='flex_column av-lpzgcz7r-8b9329efde9ed668aa3d5bb33eb7d582 av_one_fourth  avia-builder-el-3  el_after_av_heading  el_before_av_one_fourth  first flex_column_div avia-link-column av-column-link  '    data-link-column-url=\"https:\/\/berdoalutechnic.hu\/wp-content\/uploads\/karbantartas_redony.pdf\"  data-link-column-target=\"_blank\"   ><a class=\"av-screen-reader-only\" href=\"https:\/\/berdoalutechnic.hu\/wp-content\/uploads\/karbantartas_redony.pdf\" target=\"_blank\" rel=\"noopener\">Pra\u0107enje ru\u010dno dodane veze<\/a><p>\n<style type=\"text\/css\" data-created_by=\"avia_inline_auto\" id=\"style-css-av-lpzgb0sd-f9463b33b15ac9ed06c21ba2220db8f2\">\n.avia-image-container.av-lpzgb0sd-f9463b33b15ac9ed06c21ba2220db8f2 img.avia_image{\nbox-shadow:none;\n}\n.avia-image-container.av-lpzgb0sd-f9463b33b15ac9ed06c21ba2220db8f2 .av-image-caption-overlay-center{\ncolor:#ffffff;\n}\n<\/style>\n<div  class='avia-image-container av-lpzgb0sd-f9463b33b15ac9ed06c21ba2220db8f2 av-styling- avia-align-center  avia-builder-el-4  el_before_av_heading  avia-builder-el-first '   itemprop=\"image\" itemscope=\"itemscope\" itemtype=\"https:\/\/schema.org\/ImageObject\" ><div class=\"avia-image-container-inner\"><div class=\"avia-image-overlay-wrap\"><img decoding=\"async\" class='wp-image-6423 avia-img-lazy-loading-not-6423 avia_image ' src=\"https:\/\/berdoalutechnic.hu\/wp-content\/uploads\/4208479-300x300.png\" alt='' title='4208479'  height=\"300\" width=\"300\"  itemprop=\"thumbnailUrl\" srcset=\"https:\/\/berdoalutechnic.hu\/wp-content\/uploads\/4208479-300x300.png 300w, https:\/\/berdoalutechnic.hu\/wp-content\/uploads\/4208479-80x80.png 80w, https:\/\/berdoalutechnic.hu\/wp-content\/uploads\/4208479-36x36.png 36w, https:\/\/berdoalutechnic.hu\/wp-content\/uploads\/4208479-180x180.png 180w, https:\/\/berdoalutechnic.hu\/wp-content\/uploads\/4208479-120x120.png 120w, https:\/\/berdoalutechnic.hu\/wp-content\/uploads\/4208479-450x450.png 450w, https:\/\/berdoalutechnic.hu\/wp-content\/uploads\/4208479-100x100.png 100w, https:\/\/berdoalutechnic.hu\/wp-content\/uploads\/4208479.png 512w\" sizes=\"(max-width: 300px) 100vw, 300px\" \/><\/div><\/div><\/div><br \/>\n\n<style type=\"text\/css\" data-created_by=\"avia_inline_auto\" id=\"style-css-av-lpzgal17-087d06d4d33bb27a78cb0581821bcbac\">\n#top .av-special-heading.av-lpzgal17-087d06d4d33bb27a78cb0581821bcbac{\npadding-bottom:10px;\n}\nbody .av-special-heading.av-lpzgal17-087d06d4d33bb27a78cb0581821bcbac .av-special-heading-tag .heading-char{\nfont-size:25px;\n}\n.av-special-heading.av-lpzgal17-087d06d4d33bb27a78cb0581821bcbac .av-subheading{\nfont-size:15px;\n}\n<\/style>\n<div  class='av-special-heading av-lpzgal17-087d06d4d33bb27a78cb0581821bcbac av-special-heading-h3 blockquote modern-quote modern-centered  avia-builder-el-5  el_after_av_image  avia-builder-el-last '><h3 class='av-special-heading-tag'  itemprop=\"headline\"  >Red\u0151ny\u00f6k karbantart\u00e1si \u00fatmutat\u00f3<\/h3><div class=\"special-heading-border\"><div class=\"special-heading-inner-border\"><\/div><\/div><\/div><\/p><\/div><div  class='flex_column av-lpzge1wt-caa59e46fe5aed6d6cbcaafd18e20e20 av_one_fourth  avia-builder-el-6  el_after_av_one_fourth  el_before_av_one_fourth  flex_column_div avia-link-column av-column-link  '    data-link-column-url=\"https:\/\/berdoalutechnic.hu\/wp-content\/uploads\/karbantartas_konyokkarosnapellenzo.pdf\"  data-link-column-target=\"_blank\"   ><a class=\"av-screen-reader-only\" href=\"https:\/\/berdoalutechnic.hu\/wp-content\/uploads\/karbantartas_konyokkarosnapellenzo.pdf\" target=\"_blank\" rel=\"noopener\">Pra\u0107enje ru\u010dno dodane veze<\/a><p>\n<style type=\"text\/css\" data-created_by=\"avia_inline_auto\" id=\"style-css-av-cp1x5r-c1511c2f8fc82674e1c37d9b8e2c40b4\">\n.avia-image-container.av-cp1x5r-c1511c2f8fc82674e1c37d9b8e2c40b4 img.avia_image{\nbox-shadow:none;\n}\n.avia-image-container.av-cp1x5r-c1511c2f8fc82674e1c37d9b8e2c40b4 .av-image-caption-overlay-center{\ncolor:#ffffff;\n}\n<\/style>\n<div  class='avia-image-container av-cp1x5r-c1511c2f8fc82674e1c37d9b8e2c40b4 av-styling- avia-align-center  avia-builder-el-7  el_before_av_heading  avia-builder-el-first '   itemprop=\"image\" itemscope=\"itemscope\" itemtype=\"https:\/\/schema.org\/ImageObject\" ><div class=\"avia-image-container-inner\"><div class=\"avia-image-overlay-wrap\"><img decoding=\"async\" class='wp-image-6423 avia-img-lazy-loading-not-6423 avia_image ' src=\"https:\/\/berdoalutechnic.hu\/wp-content\/uploads\/4208479-300x300.png\" alt='' title='4208479'  height=\"300\" width=\"300\"  itemprop=\"thumbnailUrl\" srcset=\"https:\/\/berdoalutechnic.hu\/wp-content\/uploads\/4208479-300x300.png 300w, https:\/\/berdoalutechnic.hu\/wp-content\/uploads\/4208479-80x80.png 80w, https:\/\/berdoalutechnic.hu\/wp-content\/uploads\/4208479-36x36.png 36w, https:\/\/berdoalutechnic.hu\/wp-content\/uploads\/4208479-180x180.png 180w, https:\/\/berdoalutechnic.hu\/wp-content\/uploads\/4208479-120x120.png 120w, https:\/\/berdoalutechnic.hu\/wp-content\/uploads\/4208479-450x450.png 450w, https:\/\/berdoalutechnic.hu\/wp-content\/uploads\/4208479-100x100.png 100w, https:\/\/berdoalutechnic.hu\/wp-content\/uploads\/4208479.png 512w\" sizes=\"(max-width: 300px) 100vw, 300px\" \/><\/div><\/div><\/div><br \/>\n\n<style type=\"text\/css\" data-created_by=\"avia_inline_auto\" id=\"style-css-av-lpzgdu3o-1a8108730fd8e3a198d44e30e340abce\">\n#top .av-special-heading.av-lpzgdu3o-1a8108730fd8e3a198d44e30e340abce{\npadding-bottom:10px;\n}\nbody .av-special-heading.av-lpzgdu3o-1a8108730fd8e3a198d44e30e340abce .av-special-heading-tag .heading-char{\nfont-size:25px;\n}\n.av-special-heading.av-lpzgdu3o-1a8108730fd8e3a198d44e30e340abce .av-subheading{\nfont-size:15px;\n}\n<\/style>\n<div  class='av-special-heading av-lpzgdu3o-1a8108730fd8e3a198d44e30e340abce av-special-heading-h3 blockquote modern-quote modern-centered  avia-builder-el-8  el_after_av_image  avia-builder-el-last '><h3 class='av-special-heading-tag'  itemprop=\"headline\"  >Napellenz\u0151k karbantart\u00e1si \u00fatmutat\u00f3<\/h3><div class=\"special-heading-border\"><div class=\"special-heading-inner-border\"><\/div><\/div><\/div><\/p><\/div><div  class='flex_column av-b5rtn3-eff649c921b5e3ee5f0997c965bb86cc av_one_fourth  avia-builder-el-9  el_after_av_one_fourth  el_before_av_one_fourth  flex_column_div avia-link-column av-column-link  '    data-link-column-url=\"https:\/\/berdoalutechnic.hu\/wp-content\/uploads\/zsaluzia_karbantartas.pdf\"  data-link-column-target=\"_blank\"   ><a class=\"av-screen-reader-only\" href=\"https:\/\/berdoalutechnic.hu\/wp-content\/uploads\/zsaluzia_karbantartas.pdf\" target=\"_blank\" rel=\"noopener\">Pra\u0107enje ru\u010dno dodane veze<\/a><p>\n<style type=\"text\/css\" data-created_by=\"avia_inline_auto\" id=\"style-css-av-8ofqbj-4362d85b4277bd1c35524f25a3f51ea6\">\n.avia-image-container.av-8ofqbj-4362d85b4277bd1c35524f25a3f51ea6 img.avia_image{\nbox-shadow:none;\n}\n.avia-image-container.av-8ofqbj-4362d85b4277bd1c35524f25a3f51ea6 .av-image-caption-overlay-center{\ncolor:#ffffff;\n}\n<\/style>\n<div  class='avia-image-container av-8ofqbj-4362d85b4277bd1c35524f25a3f51ea6 av-styling- avia-align-center  avia-builder-el-10  el_before_av_heading  avia-builder-el-first '   itemprop=\"image\" itemscope=\"itemscope\" itemtype=\"https:\/\/schema.org\/ImageObject\" ><div class=\"avia-image-container-inner\"><div class=\"avia-image-overlay-wrap\"><img decoding=\"async\" class='wp-image-6423 avia-img-lazy-loading-not-6423 avia_image ' src=\"https:\/\/berdoalutechnic.hu\/wp-content\/uploads\/4208479-300x300.png\" alt='' title='4208479'  height=\"300\" width=\"300\"  itemprop=\"thumbnailUrl\" srcset=\"https:\/\/berdoalutechnic.hu\/wp-content\/uploads\/4208479-300x300.png 300w, https:\/\/berdoalutechnic.hu\/wp-content\/uploads\/4208479-80x80.png 80w, https:\/\/berdoalutechnic.hu\/wp-content\/uploads\/4208479-36x36.png 36w, https:\/\/berdoalutechnic.hu\/wp-content\/uploads\/4208479-180x180.png 180w, https:\/\/berdoalutechnic.hu\/wp-content\/uploads\/4208479-120x120.png 120w, https:\/\/berdoalutechnic.hu\/wp-content\/uploads\/4208479-450x450.png 450w, https:\/\/berdoalutechnic.hu\/wp-content\/uploads\/4208479-100x100.png 100w, https:\/\/berdoalutechnic.hu\/wp-content\/uploads\/4208479.png 512w\" sizes=\"(max-width: 300px) 100vw, 300px\" \/><\/div><\/div><\/div><br \/>\n\n<style type=\"text\/css\" data-created_by=\"avia_inline_auto\" id=\"style-css-av-6vwzhr-f471d9d8a79647752716928288ec850a\">\n#top .av-special-heading.av-6vwzhr-f471d9d8a79647752716928288ec850a{\npadding-bottom:10px;\n}\nbody .av-special-heading.av-6vwzhr-f471d9d8a79647752716928288ec850a .av-special-heading-tag .heading-char{\nfont-size:25px;\n}\n.av-special-heading.av-6vwzhr-f471d9d8a79647752716928288ec850a .av-subheading{\nfont-size:15px;\n}\n<\/style>\n<div  class='av-special-heading av-6vwzhr-f471d9d8a79647752716928288ec850a av-special-heading-h3 blockquote modern-quote modern-centered  avia-builder-el-11  el_after_av_image  avia-builder-el-last '><h3 class='av-special-heading-tag'  itemprop=\"headline\"  >Zsal\u00fazia karbantart\u00e1si \u00fatmutat\u00f3<\/h3><div class=\"special-heading-border\"><div class=\"special-heading-inner-border\"><\/div><\/div><\/div><\/p><\/div><div  class='flex_column av-6e5esv-ae81b7e59ea9c6967b40744957ee9ec4 av_one_fourth  avia-builder-el-12  el_after_av_one_fourth  avia-builder-el-last  flex_column_div avia-link-column av-column-link  '    data-link-column-url=\"https:\/\/berdoalutechnic.hu\/wp-content\/uploads\/karbantartas_veranda.pdf\"  data-link-column-target=\"_blank\"   ><a class=\"av-screen-reader-only\" href=\"https:\/\/berdoalutechnic.hu\/wp-content\/uploads\/karbantartas_veranda.pdf\" target=\"_blank\" rel=\"noopener\">Pra\u0107enje ru\u010dno dodane veze<\/a><p>\n<style type=\"text\/css\" data-created_by=\"avia_inline_auto\" id=\"style-css-av-h3fz3-ebc25736f3bb6a7d11d5adb10582fee8\">\n.avia-image-container.av-h3fz3-ebc25736f3bb6a7d11d5adb10582fee8 img.avia_image{\nbox-shadow:none;\n}\n.avia-image-container.av-h3fz3-ebc25736f3bb6a7d11d5adb10582fee8 .av-image-caption-overlay-center{\ncolor:#ffffff;\n}\n<\/style>\n<div  class='avia-image-container av-h3fz3-ebc25736f3bb6a7d11d5adb10582fee8 av-styling- avia-align-center  avia-builder-el-13  el_before_av_heading  avia-builder-el-first '   itemprop=\"image\" itemscope=\"itemscope\" itemtype=\"https:\/\/schema.org\/ImageObject\" ><div class=\"avia-image-container-inner\"><div class=\"avia-image-overlay-wrap\"><img decoding=\"async\" class='wp-image-6423 avia-img-lazy-loading-not-6423 avia_image ' src=\"https:\/\/berdoalutechnic.hu\/wp-content\/uploads\/4208479-300x300.png\" alt='' title='4208479'  height=\"300\" width=\"300\"  itemprop=\"thumbnailUrl\" srcset=\"https:\/\/berdoalutechnic.hu\/wp-content\/uploads\/4208479-300x300.png 300w, https:\/\/berdoalutechnic.hu\/wp-content\/uploads\/4208479-80x80.png 80w, https:\/\/berdoalutechnic.hu\/wp-content\/uploads\/4208479-36x36.png 36w, https:\/\/berdoalutechnic.hu\/wp-content\/uploads\/4208479-180x180.png 180w, https:\/\/berdoalutechnic.hu\/wp-content\/uploads\/4208479-120x120.png 120w, https:\/\/berdoalutechnic.hu\/wp-content\/uploads\/4208479-450x450.png 450w, https:\/\/berdoalutechnic.hu\/wp-content\/uploads\/4208479-100x100.png 100w, https:\/\/berdoalutechnic.hu\/wp-content\/uploads\/4208479.png 512w\" sizes=\"(max-width: 300px) 100vw, 300px\" \/><\/div><\/div><\/div><br \/>\n\n<style type=\"text\/css\" data-created_by=\"avia_inline_auto\" id=\"style-css-av-2o1qi7-e7c049b9455e4ee2833f0d0be03ed246\">\n#top .av-special-heading.av-2o1qi7-e7c049b9455e4ee2833f0d0be03ed246{\npadding-bottom:10px;\n}\nbody .av-special-heading.av-2o1qi7-e7c049b9455e4ee2833f0d0be03ed246 .av-special-heading-tag .heading-char{\nfont-size:25px;\n}\n.av-special-heading.av-2o1qi7-e7c049b9455e4ee2833f0d0be03ed246 .av-subheading{\nfont-size:15px;\n}\n<\/style>\n<div  class='av-special-heading av-2o1qi7-e7c049b9455e4ee2833f0d0be03ed246 av-special-heading-h3 blockquote modern-quote modern-centered  avia-builder-el-14  el_after_av_image  avia-builder-el-last '><h3 class='av-special-heading-tag'  itemprop=\"headline\"  >Veranda \u00e1rny\u00e9kol\u00f3k karbantart\u00e1si \u00fatmutat\u00f3<\/h3><div class=\"special-heading-border\"><div class=\"special-heading-inner-border\"><\/div><\/div><\/div><\/p><\/div>\n","protected":false},"excerpt":{"rendered":"","protected":false},"author":1,"featured_media":0,"parent":8285,"menu_order":0,"comment_status":"closed","ping_status":"closed","template":"","meta":{"_monsterinsights_skip_tracking":false,"_monsterinsights_sitenote_active":false,"_monsterinsights_sitenote_note":"","_monsterinsights_sitenote_category":0,"footnotes":""},"class_list":["post-8287","page","type-page","status-publish","hentry"],"yoast_head":"<!-- This site is optimized with the Yoast SEO Premium plugin v27.1 (Yoast SEO v27.1.1) - https:\/\/yoast.com\/product\/yoast-seo-premium-wordpress\/ -->\n<title>Savjeti za odr\u017eavanje - Berdo Alutechnic<\/title>\n<meta name=\"robots\" content=\"index, follow, max-snippet:-1, max-image-preview:large, max-video-preview:-1\" \/>\n<link rel=\"canonical\" href=\"https:\/\/berdoalutechnic.hu\/hr\/gotovi-proizvodi\/preuzimanja\/savjeti-za-odrzavanje\/\" \/>\n<meta property=\"og:locale\" content=\"hr_HR\" \/>\n<meta property=\"og:type\" content=\"article\" \/>\n<meta property=\"og:title\" content=\"Savjeti za odr\u017eavanje\" \/>\n<meta property=\"og:url\" content=\"https:\/\/berdoalutechnic.hu\/hr\/gotovi-proizvodi\/preuzimanja\/savjeti-za-odrzavanje\/\" \/>\n<meta property=\"og:site_name\" content=\"Berdo Alutechnic\" \/>\n<meta property=\"article:modified_time\" content=\"2024-07-13T13:50:14+00:00\" \/>\n<meta name=\"twitter:card\" content=\"summary_large_image\" \/>\n<meta name=\"twitter:label1\" content=\"Procijenjeno vrijeme \u010ditanja\" \/>\n\t<meta name=\"twitter:data1\" content=\"2 minute\" \/>\n<script type=\"application\/ld+json\" class=\"yoast-schema-graph\">{\"@context\":\"https:\/\/schema.org\",\"@graph\":[{\"@type\":\"WebPage\",\"@id\":\"https:\/\/berdoalutechnic.hu\/hr\/gotovi-proizvodi\/preuzimanja\/savjeti-za-odrzavanje\/\",\"url\":\"https:\/\/berdoalutechnic.hu\/hr\/gotovi-proizvodi\/preuzimanja\/savjeti-za-odrzavanje\/\",\"name\":\"Savjeti za odr\u017eavanje - Berdo Alutechnic\",\"isPartOf\":{\"@id\":\"https:\/\/berdoalutechnic.hu\/#website\"},\"datePublished\":\"2023-12-06T14:51:11+00:00\",\"dateModified\":\"2024-07-13T13:50:14+00:00\",\"breadcrumb\":{\"@id\":\"https:\/\/berdoalutechnic.hu\/hr\/gotovi-proizvodi\/preuzimanja\/savjeti-za-odrzavanje\/#breadcrumb\"},\"inLanguage\":\"hr\",\"potentialAction\":[{\"@type\":\"ReadAction\",\"target\":[\"https:\/\/berdoalutechnic.hu\/hr\/gotovi-proizvodi\/preuzimanja\/savjeti-za-odrzavanje\/\"]}]},{\"@type\":\"BreadcrumbList\",\"@id\":\"https:\/\/berdoalutechnic.hu\/hr\/gotovi-proizvodi\/preuzimanja\/savjeti-za-odrzavanje\/#breadcrumb\",\"itemListElement\":[{\"@type\":\"ListItem\",\"position\":1,\"name\":\"Kezd\u0151lap\",\"item\":\"https:\/\/berdoalutechnic.hu\/hr\/naslovna-stranica\/\"},{\"@type\":\"ListItem\",\"position\":2,\"name\":\"Gotovi proizvodi\",\"item\":\"https:\/\/berdoalutechnic.hu\/hr\/gotovi-proizvodi\/\"},{\"@type\":\"ListItem\",\"position\":3,\"name\":\"Preuzimanja\",\"item\":\"https:\/\/berdoalutechnic.hu\/hr\/gotovi-proizvodi\/preuzimanja\/\"},{\"@type\":\"ListItem\",\"position\":4,\"name\":\"Savjeti za odr\u017eavanje\"}]},{\"@type\":\"WebSite\",\"@id\":\"https:\/\/berdoalutechnic.hu\/#website\",\"url\":\"https:\/\/berdoalutechnic.hu\/\",\"name\":\"Berdo Alutechnic\",\"description\":\"\",\"publisher\":{\"@id\":\"https:\/\/berdoalutechnic.hu\/#organization\"},\"potentialAction\":[{\"@type\":\"SearchAction\",\"target\":{\"@type\":\"EntryPoint\",\"urlTemplate\":\"https:\/\/berdoalutechnic.hu\/?s={search_term_string}\"},\"query-input\":{\"@type\":\"PropertyValueSpecification\",\"valueRequired\":true,\"valueName\":\"search_term_string\"}}],\"inLanguage\":\"hr\"},{\"@type\":\"Organization\",\"@id\":\"https:\/\/berdoalutechnic.hu\/#organization\",\"name\":\"Berdo Alutechnic\",\"url\":\"https:\/\/berdoalutechnic.hu\/\",\"logo\":{\"@type\":\"ImageObject\",\"inLanguage\":\"hr\",\"@id\":\"https:\/\/berdoalutechnic.hu\/#\/schema\/logo\/image\/\",\"url\":\"https:\/\/berdoalutechnic.hu\/wp-content\/uploads\/BALogo_email_tiny.png\",\"contentUrl\":\"https:\/\/berdoalutechnic.hu\/wp-content\/uploads\/BALogo_email_tiny.png\",\"width\":338,\"height\":167,\"caption\":\"Berdo Alutechnic\"},\"image\":{\"@id\":\"https:\/\/berdoalutechnic.hu\/#\/schema\/logo\/image\/\"}}]}<\/script>\n<!-- \/ Yoast SEO Premium plugin. -->","yoast_head_json":{"title":"Savjeti za odr\u017eavanje - Berdo Alutechnic","robots":{"index":"index","follow":"follow","max-snippet":"max-snippet:-1","max-image-preview":"max-image-preview:large","max-video-preview":"max-video-preview:-1"},"canonical":"https:\/\/berdoalutechnic.hu\/hr\/gotovi-proizvodi\/preuzimanja\/savjeti-za-odrzavanje\/","og_locale":"hr_HR","og_type":"article","og_title":"Savjeti za odr\u017eavanje","og_url":"https:\/\/berdoalutechnic.hu\/hr\/gotovi-proizvodi\/preuzimanja\/savjeti-za-odrzavanje\/","og_site_name":"Berdo Alutechnic","article_modified_time":"2024-07-13T13:50:14+00:00","twitter_card":"summary_large_image","twitter_misc":{"Procijenjeno vrijeme \u010ditanja":"2 minute"},"schema":{"@context":"https:\/\/schema.org","@graph":[{"@type":"WebPage","@id":"https:\/\/berdoalutechnic.hu\/hr\/gotovi-proizvodi\/preuzimanja\/savjeti-za-odrzavanje\/","url":"https:\/\/berdoalutechnic.hu\/hr\/gotovi-proizvodi\/preuzimanja\/savjeti-za-odrzavanje\/","name":"Savjeti za odr\u017eavanje - Berdo Alutechnic","isPartOf":{"@id":"https:\/\/berdoalutechnic.hu\/#website"},"datePublished":"2023-12-06T14:51:11+00:00","dateModified":"2024-07-13T13:50:14+00:00","breadcrumb":{"@id":"https:\/\/berdoalutechnic.hu\/hr\/gotovi-proizvodi\/preuzimanja\/savjeti-za-odrzavanje\/#breadcrumb"},"inLanguage":"hr","potentialAction":[{"@type":"ReadAction","target":["https:\/\/berdoalutechnic.hu\/hr\/gotovi-proizvodi\/preuzimanja\/savjeti-za-odrzavanje\/"]}]},{"@type":"BreadcrumbList","@id":"https:\/\/berdoalutechnic.hu\/hr\/gotovi-proizvodi\/preuzimanja\/savjeti-za-odrzavanje\/#breadcrumb","itemListElement":[{"@type":"ListItem","position":1,"name":"Kezd\u0151lap","item":"https:\/\/berdoalutechnic.hu\/hr\/naslovna-stranica\/"},{"@type":"ListItem","position":2,"name":"Gotovi proizvodi","item":"https:\/\/berdoalutechnic.hu\/hr\/gotovi-proizvodi\/"},{"@type":"ListItem","position":3,"name":"Preuzimanja","item":"https:\/\/berdoalutechnic.hu\/hr\/gotovi-proizvodi\/preuzimanja\/"},{"@type":"ListItem","position":4,"name":"Savjeti za odr\u017eavanje"}]},{"@type":"WebSite","@id":"https:\/\/berdoalutechnic.hu\/#website","url":"https:\/\/berdoalutechnic.hu\/","name":"Berdo Alutechnic","description":"","publisher":{"@id":"https:\/\/berdoalutechnic.hu\/#organization"},"potentialAction":[{"@type":"SearchAction","target":{"@type":"EntryPoint","urlTemplate":"https:\/\/berdoalutechnic.hu\/?s={search_term_string}"},"query-input":{"@type":"PropertyValueSpecification","valueRequired":true,"valueName":"search_term_string"}}],"inLanguage":"hr"},{"@type":"Organization","@id":"https:\/\/berdoalutechnic.hu\/#organization","name":"Berdo Alutechnic","url":"https:\/\/berdoalutechnic.hu\/","logo":{"@type":"ImageObject","inLanguage":"hr","@id":"https:\/\/berdoalutechnic.hu\/#\/schema\/logo\/image\/","url":"https:\/\/berdoalutechnic.hu\/wp-content\/uploads\/BALogo_email_tiny.png","contentUrl":"https:\/\/berdoalutechnic.hu\/wp-content\/uploads\/BALogo_email_tiny.png","width":338,"height":167,"caption":"Berdo Alutechnic"},"image":{"@id":"https:\/\/berdoalutechnic.hu\/#\/schema\/logo\/image\/"}}]}},"_links":{"self":[{"href":"https:\/\/berdoalutechnic.hu\/hr\/wp-json\/wp\/v2\/pages\/8287","targetHints":{"allow":["GET"]}}],"collection":[{"href":"https:\/\/berdoalutechnic.hu\/hr\/wp-json\/wp\/v2\/pages"}],"about":[{"href":"https:\/\/berdoalutechnic.hu\/hr\/wp-json\/wp\/v2\/types\/page"}],"author":[{"embeddable":true,"href":"https:\/\/berdoalutechnic.hu\/hr\/wp-json\/wp\/v2\/users\/1"}],"replies":[{"embeddable":true,"href":"https:\/\/berdoalutechnic.hu\/hr\/wp-json\/wp\/v2\/comments?post=8287"}],"version-history":[{"count":2,"href":"https:\/\/berdoalutechnic.hu\/hr\/wp-json\/wp\/v2\/pages\/8287\/revisions"}],"predecessor-version":[{"id":8300,"href":"https:\/\/berdoalutechnic.hu\/hr\/wp-json\/wp\/v2\/pages\/8287\/revisions\/8300"}],"up":[{"embeddable":true,"href":"https:\/\/berdoalutechnic.hu\/hr\/wp-json\/wp\/v2\/pages\/8285"}],"wp:attachment":[{"href":"https:\/\/berdoalutechnic.hu\/hr\/wp-json\/wp\/v2\/media?parent=8287"}],"curies":[{"name":"wp","href":"https:\/\/api.w.org\/{rel}","templated":true}]}}