{"id":8292,"date":"2023-12-08T14:57:05","date_gmt":"2023-12-08T13:57:05","guid":{"rendered":"https:\/\/berdoalutechnic.hu\/?page_id=8292"},"modified":"2024-07-13T17:17:06","modified_gmt":"2024-07-13T15:17:06","slug":"informacije","status":"publish","type":"page","link":"https:\/\/berdoalutechnic.hu\/hr\/gotovi-proizvodi\/informacije\/","title":{"rendered":"Informacije"},"content":{"rendered":"<div class='clear'><\/div><div id='sub_menu1'  class='av-submenu-container av-57th1c-50b261e898177d33791c0f68c281df13 main_color  avia-builder-el-0  el_before_av_one_full  avia-builder-el-first  av-sticky-submenu container_wrap fullsize' style='z-index:301' ><div class='container av-menu-mobile-disabled av-submenu-pos-center'><ul id=\"menu-kesztermekmenuhr\" class=\"av-subnav-menu\"><li role=\"menuitem\" id=\"menu-item-8319\" class=\"menu-item menu-item-type-post_type menu-item-object-page menu-item-top-level menu-item-top-level-1\"><a href=\"https:\/\/berdoalutechnic.hu\/hr\/gotovi-proizvodi\/proizvodi\/\" itemprop=\"url\" tabindex=\"0\"><span class=\"avia-bullet\"><\/span><span class=\"avia-menu-text\">Proizvodi<\/span><span class=\"avia-menu-fx\"><span class=\"avia-arrow-wrap\"><span class=\"avia-arrow\"><\/span><\/span><\/span><\/a><\/li>\n<li role=\"menuitem\" id=\"menu-item-8320\" class=\"menu-item menu-item-type-post_type menu-item-object-page menu-item-top-level menu-item-top-level-2\"><a href=\"https:\/\/berdoalutechnic.hu\/hr\/gotovi-proizvodi\/preuzimanja\/\" itemprop=\"url\" tabindex=\"0\"><span class=\"avia-bullet\"><\/span><span class=\"avia-menu-text\">Preuzimanja<\/span><span class=\"avia-menu-fx\"><span class=\"avia-arrow-wrap\"><span class=\"avia-arrow\"><\/span><\/span><\/span><\/a><\/li>\n<li role=\"menuitem\" id=\"menu-item-8321\" class=\"menu-item menu-item-type-post_type menu-item-object-page menu-item-top-level menu-item-top-level-3\"><a href=\"https:\/\/berdoalutechnic.hu\/hr\/gotovi-proizvodi\/informacije\/\" itemprop=\"url\" tabindex=\"0\"><span class=\"avia-bullet\"><\/span><span class=\"avia-menu-text\">Informacije<\/span><span class=\"avia-menu-fx\"><span class=\"avia-arrow-wrap\"><span class=\"avia-arrow\"><\/span><\/span><\/span><\/a><\/li>\n<li role=\"menuitem\" id=\"menu-item-8353\" class=\"menu-item menu-item-type-post_type menu-item-object-page menu-item-top-level menu-item-top-level-4\"><a href=\"https:\/\/berdoalutechnic.hu\/hr\/gotovi-proizvodi\/galerija\/\" itemprop=\"url\" tabindex=\"0\"><span class=\"avia-bullet\"><\/span><span class=\"avia-menu-text\">Galerija<\/span><span class=\"avia-menu-fx\"><span class=\"avia-arrow-wrap\"><span class=\"avia-arrow\"><\/span><\/span><\/span><\/a><\/li>\n<li role=\"menuitem\" id=\"menu-item-8354\" class=\"menu-item menu-item-type-post_type menu-item-object-page menu-item-top-level menu-item-top-level-5\"><a href=\"https:\/\/berdoalutechnic.hu\/hr\/gotovi-proizvodi\/kontakt\/\" itemprop=\"url\" tabindex=\"0\"><span class=\"avia-bullet\"><\/span><span class=\"avia-menu-text\">Kontakt<\/span><span class=\"avia-menu-fx\"><span class=\"avia-arrow-wrap\"><span class=\"avia-arrow\"><\/span><\/span><\/span><\/a><\/li>\n<\/ul><\/div><\/div><div class='sticky_placeholder'><\/div><div id='after_submenu_1'  class='main_color av_default_container_wrap container_wrap fullsize'  ><div class='container av-section-cont-open' ><div class='template-page content  av-content-full alpha units'><div class='post-entry post-entry-type-page post-entry-8292'><div class='entry-content-wrapper clearfix'>\n<div  class='flex_column av-x9xqc9-362c6dc1a9a72974872c3e7489a216ac av_one_full  avia-builder-el-1  el_after_av_submenu  el_before_av_section  avia-builder-el-no-sibling  first flex_column_div  '     ><p>\n<style type=\"text\/css\" data-created_by=\"avia_inline_auto\" id=\"style-css-av-lptw3xhv-ea969c93f71a1724db755f0a27b9a378\">\n#top .av-special-heading.av-lptw3xhv-ea969c93f71a1724db755f0a27b9a378{\nmargin:10px 0 0 0;\npadding-bottom:0;\n}\nbody .av-special-heading.av-lptw3xhv-ea969c93f71a1724db755f0a27b9a378 .av-special-heading-tag .heading-char{\nfont-size:25px;\n}\n#top #wrap_all .av-special-heading.av-lptw3xhv-ea969c93f71a1724db755f0a27b9a378 .av-special-heading-tag{\npadding:0 0 0 0;\n}\n.av-special-heading.av-lptw3xhv-ea969c93f71a1724db755f0a27b9a378 .av-subheading{\nfont-size:15px;\n}\n<\/style>\n<div  class='av-special-heading av-lptw3xhv-ea969c93f71a1724db755f0a27b9a378 av-special-heading-h2 blockquote modern-quote  avia-builder-el-2  el_before_av_hr  avia-builder-el-first '><h2 class='av-special-heading-tag'  itemprop=\"headline\"  >Informacije<\/h2><div class=\"special-heading-border\"><div class=\"special-heading-inner-border\"><\/div><\/div><\/div><br \/>\n\n<style type=\"text\/css\" data-created_by=\"avia_inline_auto\" id=\"style-css-av-2bxs21-8664a0b35748b4e8ce01499e3216c7d1\">\n#top .hr.av-2bxs21-8664a0b35748b4e8ce01499e3216c7d1{\nmargin-top:10px;\nmargin-bottom:10px;\n}\n.hr.av-2bxs21-8664a0b35748b4e8ce01499e3216c7d1 .hr-inner{\nwidth:50px;\nborder-color:#066cff;\n}\n<\/style>\n<div  class='hr av-2bxs21-8664a0b35748b4e8ce01499e3216c7d1 hr-custom  avia-builder-el-3  el_after_av_heading  el_before_av_textblock  hr-left hr-icon-no'><span class='hr-inner inner-border-av-border-fat'><span class=\"hr-inner-style\"><\/span><\/span><\/div><br \/>\n<section  class='av_textblock_section av-wtpo3t-a6dfeea60f4cd598ba1dd8e4e35a5637 '   itemscope=\"itemscope\" itemtype=\"https:\/\/schema.org\/CreativeWork\" ><div class='avia_textblock'  itemprop=\"text\" ><p>Pogledajte ove dokumente namijenjene dizajnerima koje \u0107e Vam pomo\u0107i u fazi planiranja. Kliknite na poveznicu i nakon toga preuzmite kompletni katalog u obliku PDF datoteke na svoje ra\u010dunalo, mobitel ili tablet.<\/p>\n<\/div><\/section><\/p><\/div>\n<\/div><\/div><\/div><!-- close content main div --><\/div><\/div><div id='av_section_1'  class='avia-section av-v2lpzd-01fde9ba48ecf52fd7699d0922410d93 main_color avia-section-default avia-no-border-styling  avia-builder-el-5  el_after_av_one_full  el_before_av_section  avia-bg-style-scroll container_wrap fullsize'  ><div class='container av-section-cont-open' ><div class='template-page content  av-content-full alpha units'><div class='post-entry post-entry-type-page post-entry-8292'><div class='entry-content-wrapper clearfix'>\n<div  class='flex_column av-srd3w9-aaf3015bfefa1371681814cc234f07d2 av_one_fifth  avia-builder-el-6  el_before_av_three_fifth  avia-builder-el-first  first flex_column_div  '     ><style type=\"text\/css\" data-created_by=\"avia_inline_auto\" id=\"style-css-av-rwbcp5-364247c1b8778dc7a26a05fce41371a3\">\n.avia-image-container.av-rwbcp5-364247c1b8778dc7a26a05fce41371a3 img.avia_image{\nbox-shadow:none;\n}\n.avia-image-container.av-rwbcp5-364247c1b8778dc7a26a05fce41371a3 .av-image-caption-overlay-center{\ncolor:#ffffff;\n}\n<\/style>\n<div  class='avia-image-container av-rwbcp5-364247c1b8778dc7a26a05fce41371a3 av-styling- avia-align-center  avia-builder-el-7  avia-builder-el-no-sibling '   itemprop=\"image\" itemscope=\"itemscope\" itemtype=\"https:\/\/schema.org\/ImageObject\" ><div class=\"avia-image-container-inner\"><div class=\"avia-image-overlay-wrap\"><img decoding=\"async\" class='wp-image-7857 avia-img-lazy-loading-not-7857 avia_image ' src=\"https:\/\/berdoalutechnic.hu\/wp-content\/uploads\/PrimoIkon_Kornyezettudatos-180x180.png\" alt='' title='PrimoIkon_Kornyezettudatos'  height=\"180\" width=\"180\"  itemprop=\"thumbnailUrl\" srcset=\"https:\/\/berdoalutechnic.hu\/wp-content\/uploads\/PrimoIkon_Kornyezettudatos-180x180.png 180w, https:\/\/berdoalutechnic.hu\/wp-content\/uploads\/PrimoIkon_Kornyezettudatos-300x300.png 300w, https:\/\/berdoalutechnic.hu\/wp-content\/uploads\/PrimoIkon_Kornyezettudatos-80x80.png 80w, https:\/\/berdoalutechnic.hu\/wp-content\/uploads\/PrimoIkon_Kornyezettudatos-36x36.png 36w, https:\/\/berdoalutechnic.hu\/wp-content\/uploads\/PrimoIkon_Kornyezettudatos.png 323w, https:\/\/berdoalutechnic.hu\/wp-content\/uploads\/PrimoIkon_Kornyezettudatos-120x120.png 120w, https:\/\/berdoalutechnic.hu\/wp-content\/uploads\/PrimoIkon_Kornyezettudatos-100x100.png 100w\" sizes=\"(max-width: 180px) 100vw, 180px\" \/><\/div><\/div><\/div><\/div><div  class='flex_column av-pnu6ux-30898c6d3d695a904dbad3d4b3b0b3c2 av_three_fifth  avia-builder-el-8  el_after_av_one_fifth  el_before_av_one_fifth  flex_column_div  '     ><style type=\"text\/css\" data-created_by=\"avia_inline_auto\" id=\"style-css-av-lptw28t3-d33be6e97811cbaf327fc9dace3c51ad\">\n#top .av-special-heading.av-lptw28t3-d33be6e97811cbaf327fc9dace3c51ad{\nmargin:10px 0 0 0;\npadding-bottom:0;\n}\nbody .av-special-heading.av-lptw28t3-d33be6e97811cbaf327fc9dace3c51ad .av-special-heading-tag .heading-char{\nfont-size:25px;\n}\n#top #wrap_all .av-special-heading.av-lptw28t3-d33be6e97811cbaf327fc9dace3c51ad .av-special-heading-tag{\npadding:0 0 0 0;\n}\n.av-special-heading.av-lptw28t3-d33be6e97811cbaf327fc9dace3c51ad .av-subheading{\nfont-size:15px;\n}\n<\/style>\n<div  class='av-special-heading av-lptw28t3-d33be6e97811cbaf327fc9dace3c51ad av-special-heading-h2 blockquote modern-quote  avia-builder-el-9  avia-builder-el-no-sibling '><h2 class='av-special-heading-tag'  itemprop=\"headline\"  >Ekolo\u0161ka svijesti<\/h2><div class=\"special-heading-border\"><div class=\"special-heading-inner-border\"><\/div><\/div><\/div><\/div><div  class='flex_column av-nwzgix-502cc45b0fba28e8e77137d0f76c7c57 av_one_fifth  avia-builder-el-10  el_after_av_three_fifth  avia-builder-el-last  flex_column_div  '     ><div  class='avia-button-wrap avia-button-center  avia-builder-el-11  avia-builder-el-no-sibling '>\n<style type=\"text\/css\" data-created_by=\"avia_inline_auto\" id=\"style-css-av-m1dwi1-6b358872338a2e11704bc0e386cbe7ab\">\n#top #wrap_all .avia-button.av-m1dwi1-6b358872338a2e11704bc0e386cbe7ab{\nbackground-color:#033a7d;\nborder-color:#033a7d;\ntransition:all 0.4s ease-in-out;\n}\n#top #wrap_all .avia-button.av-m1dwi1-6b358872338a2e11704bc0e386cbe7ab:hover{\nbackground-color:#066cff;\ncolor:white;\ntransition:all 0.4s ease-in-out;\n}\n<\/style>\n<a href='https:\/\/berdoalutechnic.hu\/hr\/gotovi-proizvodi\/informacije\/ekoloska-svijesti\/' class='avia-font-color-theme-color avia-button avia-button-fullwidth av-m1dwi1-6b358872338a2e11704bc0e386cbe7ab avia-icon_select-no avia-color-custom'  ><span class='avia_iconbox_title' >Pojedinosti<\/span><\/a><\/div><\/div><\/div><\/div><\/div><!-- close content main div --><\/div><\/div><div id='av_section_2'  class='avia-section av-l2lz21-c73aeb942d6cd8b423b73152f28677dc main_color avia-section-default avia-no-border-styling  avia-builder-el-12  el_after_av_section  avia-builder-el-last  avia-bg-style-scroll container_wrap fullsize'  ><div class='container av-section-cont-open' ><div class='template-page content  av-content-full alpha units'><div class='post-entry post-entry-type-page post-entry-8292'><div class='entry-content-wrapper clearfix'>\n<div  class='flex_column av-j61hbd-64757217d2def689ef496b0b27f6f299 av_one_fifth  avia-builder-el-13  el_before_av_three_fifth  avia-builder-el-first  first flex_column_div  '     ><style type=\"text\/css\" data-created_by=\"avia_inline_auto\" id=\"style-css-av-h2o7uh-57dab133720d7e1751a3d26f9976e62f\">\n.avia-image-container.av-h2o7uh-57dab133720d7e1751a3d26f9976e62f img.avia_image{\nbox-shadow:none;\n}\n.avia-image-container.av-h2o7uh-57dab133720d7e1751a3d26f9976e62f .av-image-caption-overlay-center{\ncolor:#ffffff;\n}\n<\/style>\n<div  class='avia-image-container av-h2o7uh-57dab133720d7e1751a3d26f9976e62f av-styling- avia-align-center  avia-builder-el-14  avia-builder-el-no-sibling '   itemprop=\"image\" itemscope=\"itemscope\" itemtype=\"https:\/\/schema.org\/ImageObject\" ><div class=\"avia-image-container-inner\"><div class=\"avia-image-overlay-wrap\"><img decoding=\"async\" class='wp-image-7855 avia-img-lazy-loading-not-7855 avia_image ' src=\"https:\/\/berdoalutechnic.hu\/wp-content\/uploads\/PrimoIkon_Jotallas-180x180.png\" alt='' title='PrimoIkon_Jotallas'  height=\"180\" width=\"180\"  itemprop=\"thumbnailUrl\" srcset=\"https:\/\/berdoalutechnic.hu\/wp-content\/uploads\/PrimoIkon_Jotallas-180x180.png 180w, https:\/\/berdoalutechnic.hu\/wp-content\/uploads\/PrimoIkon_Jotallas-300x300.png 300w, https:\/\/berdoalutechnic.hu\/wp-content\/uploads\/PrimoIkon_Jotallas-80x80.png 80w, https:\/\/berdoalutechnic.hu\/wp-content\/uploads\/PrimoIkon_Jotallas-36x36.png 36w, https:\/\/berdoalutechnic.hu\/wp-content\/uploads\/PrimoIkon_Jotallas-120x120.png 120w, https:\/\/berdoalutechnic.hu\/wp-content\/uploads\/PrimoIkon_Jotallas-100x100.png 100w, https:\/\/berdoalutechnic.hu\/wp-content\/uploads\/PrimoIkon_Jotallas.png 324w\" sizes=\"(max-width: 180px) 100vw, 180px\" \/><\/div><\/div><\/div><\/div><div  class='flex_column av-fgbqk9-4d21c69c254a8876aab0212ffcad83a0 av_three_fifth  avia-builder-el-15  el_after_av_one_fifth  el_before_av_one_fifth  flex_column_div  '     ><style type=\"text\/css\" data-created_by=\"avia_inline_auto\" id=\"style-css-av-lptw2er1-9132d491fbe8795cf09d3415d138b759\">\n#top .av-special-heading.av-lptw2er1-9132d491fbe8795cf09d3415d138b759{\nmargin:10px 0 0 0;\npadding-bottom:0;\n}\nbody .av-special-heading.av-lptw2er1-9132d491fbe8795cf09d3415d138b759 .av-special-heading-tag .heading-char{\nfont-size:25px;\n}\n#top #wrap_all .av-special-heading.av-lptw2er1-9132d491fbe8795cf09d3415d138b759 .av-special-heading-tag{\npadding:0 0 0 0;\n}\n.av-special-heading.av-lptw2er1-9132d491fbe8795cf09d3415d138b759 .av-subheading{\nfont-size:15px;\n}\n<\/style>\n<div  class='av-special-heading av-lptw2er1-9132d491fbe8795cf09d3415d138b759 av-special-heading-h2 blockquote modern-quote  avia-builder-el-16  avia-builder-el-no-sibling '><h2 class='av-special-heading-tag'  itemprop=\"headline\"  >J\u00f3t\u00e1ll\u00e1s<\/h2><div class=\"special-heading-border\"><div class=\"special-heading-inner-border\"><\/div><\/div><\/div><\/div><div  class='flex_column av-dwf4ux-9025ebee6fcf7c57dd63e391af8d7e5e av_one_fifth  avia-builder-el-17  el_after_av_three_fifth  avia-builder-el-last  flex_column_div  '     ><div  class='avia-button-wrap avia-button-center  avia-builder-el-18  avia-builder-el-no-sibling '>\n<style type=\"text\/css\" data-created_by=\"avia_inline_auto\" id=\"style-css-av-1a0w95-b93a65d8037405726ce1671501d490f3\">\n#top #wrap_all .avia-button.av-1a0w95-b93a65d8037405726ce1671501d490f3{\nbackground-color:#033a7d;\nborder-color:#033a7d;\ntransition:all 0.4s ease-in-out;\n}\n#top #wrap_all .avia-button.av-1a0w95-b93a65d8037405726ce1671501d490f3:hover{\nbackground-color:#066cff;\ncolor:white;\ntransition:all 0.4s ease-in-out;\n}\n<\/style>\n<a href='https:\/\/berdoalutechnic.hu\/hr\/gotovi-proizvodi\/informacije\/jotallas\/' class='avia-font-color-theme-color avia-button avia-button-fullwidth av-1a0w95-b93a65d8037405726ce1671501d490f3 avia-icon_select-no avia-color-custom'  ><span class='avia_iconbox_title' >Pojedinosti<\/span><\/a><\/div><\/div><\/p>\n","protected":false},"excerpt":{"rendered":"","protected":false},"author":1,"featured_media":0,"parent":8198,"menu_order":0,"comment_status":"closed","ping_status":"closed","template":"","meta":{"_monsterinsights_skip_tracking":false,"_monsterinsights_sitenote_active":false,"_monsterinsights_sitenote_note":"","_monsterinsights_sitenote_category":0,"footnotes":""},"class_list":["post-8292","page","type-page","status-publish","hentry"],"yoast_head":"<!-- This site is optimized with the Yoast SEO Premium plugin v27.1 (Yoast SEO v27.1.1) - https:\/\/yoast.com\/product\/yoast-seo-premium-wordpress\/ -->\n<title>Informacije - Berdo Alutechnic<\/title>\n<meta name=\"robots\" content=\"index, follow, max-snippet:-1, max-image-preview:large, max-video-preview:-1\" \/>\n<link rel=\"canonical\" href=\"https:\/\/berdoalutechnic.hu\/hr\/gotovi-proizvodi\/informacije\/\" \/>\n<meta property=\"og:locale\" content=\"hr_HR\" \/>\n<meta property=\"og:type\" content=\"article\" \/>\n<meta property=\"og:title\" content=\"Informacije\" \/>\n<meta property=\"og:url\" content=\"https:\/\/berdoalutechnic.hu\/hr\/gotovi-proizvodi\/informacije\/\" \/>\n<meta property=\"og:site_name\" content=\"Berdo Alutechnic\" \/>\n<meta property=\"article:modified_time\" content=\"2024-07-13T15:17:06+00:00\" \/>\n<meta name=\"twitter:card\" content=\"summary_large_image\" \/>\n<meta name=\"twitter:label1\" content=\"Procijenjeno vrijeme \u010ditanja\" \/>\n\t<meta name=\"twitter:data1\" content=\"1 minuta\" \/>\n<script type=\"application\/ld+json\" class=\"yoast-schema-graph\">{\"@context\":\"https:\/\/schema.org\",\"@graph\":[{\"@type\":\"WebPage\",\"@id\":\"https:\/\/berdoalutechnic.hu\/hr\/gotovi-proizvodi\/informacije\/\",\"url\":\"https:\/\/berdoalutechnic.hu\/hr\/gotovi-proizvodi\/informacije\/\",\"name\":\"Informacije - Berdo Alutechnic\",\"isPartOf\":{\"@id\":\"https:\/\/berdoalutechnic.hu\/#website\"},\"datePublished\":\"2023-12-08T13:57:05+00:00\",\"dateModified\":\"2024-07-13T15:17:06+00:00\",\"breadcrumb\":{\"@id\":\"https:\/\/berdoalutechnic.hu\/hr\/gotovi-proizvodi\/informacije\/#breadcrumb\"},\"inLanguage\":\"hr\",\"potentialAction\":[{\"@type\":\"ReadAction\",\"target\":[\"https:\/\/berdoalutechnic.hu\/hr\/gotovi-proizvodi\/informacije\/\"]}]},{\"@type\":\"BreadcrumbList\",\"@id\":\"https:\/\/berdoalutechnic.hu\/hr\/gotovi-proizvodi\/informacije\/#breadcrumb\",\"itemListElement\":[{\"@type\":\"ListItem\",\"position\":1,\"name\":\"Kezd\u0151lap\",\"item\":\"https:\/\/berdoalutechnic.hu\/hr\/naslovna-stranica\/\"},{\"@type\":\"ListItem\",\"position\":2,\"name\":\"Gotovi proizvodi\",\"item\":\"https:\/\/berdoalutechnic.hu\/hr\/gotovi-proizvodi\/\"},{\"@type\":\"ListItem\",\"position\":3,\"name\":\"Informacije\"}]},{\"@type\":\"WebSite\",\"@id\":\"https:\/\/berdoalutechnic.hu\/#website\",\"url\":\"https:\/\/berdoalutechnic.hu\/\",\"name\":\"Berdo Alutechnic\",\"description\":\"\",\"publisher\":{\"@id\":\"https:\/\/berdoalutechnic.hu\/#organization\"},\"potentialAction\":[{\"@type\":\"SearchAction\",\"target\":{\"@type\":\"EntryPoint\",\"urlTemplate\":\"https:\/\/berdoalutechnic.hu\/?s={search_term_string}\"},\"query-input\":{\"@type\":\"PropertyValueSpecification\",\"valueRequired\":true,\"valueName\":\"search_term_string\"}}],\"inLanguage\":\"hr\"},{\"@type\":\"Organization\",\"@id\":\"https:\/\/berdoalutechnic.hu\/#organization\",\"name\":\"Berdo Alutechnic\",\"url\":\"https:\/\/berdoalutechnic.hu\/\",\"logo\":{\"@type\":\"ImageObject\",\"inLanguage\":\"hr\",\"@id\":\"https:\/\/berdoalutechnic.hu\/#\/schema\/logo\/image\/\",\"url\":\"https:\/\/berdoalutechnic.hu\/wp-content\/uploads\/BALogo_email_tiny.png\",\"contentUrl\":\"https:\/\/berdoalutechnic.hu\/wp-content\/uploads\/BALogo_email_tiny.png\",\"width\":338,\"height\":167,\"caption\":\"Berdo Alutechnic\"},\"image\":{\"@id\":\"https:\/\/berdoalutechnic.hu\/#\/schema\/logo\/image\/\"}}]}<\/script>\n<!-- \/ Yoast SEO Premium plugin. -->","yoast_head_json":{"title":"Informacije - Berdo Alutechnic","robots":{"index":"index","follow":"follow","max-snippet":"max-snippet:-1","max-image-preview":"max-image-preview:large","max-video-preview":"max-video-preview:-1"},"canonical":"https:\/\/berdoalutechnic.hu\/hr\/gotovi-proizvodi\/informacije\/","og_locale":"hr_HR","og_type":"article","og_title":"Informacije","og_url":"https:\/\/berdoalutechnic.hu\/hr\/gotovi-proizvodi\/informacije\/","og_site_name":"Berdo Alutechnic","article_modified_time":"2024-07-13T15:17:06+00:00","twitter_card":"summary_large_image","twitter_misc":{"Procijenjeno vrijeme \u010ditanja":"1 minuta"},"schema":{"@context":"https:\/\/schema.org","@graph":[{"@type":"WebPage","@id":"https:\/\/berdoalutechnic.hu\/hr\/gotovi-proizvodi\/informacije\/","url":"https:\/\/berdoalutechnic.hu\/hr\/gotovi-proizvodi\/informacije\/","name":"Informacije - Berdo Alutechnic","isPartOf":{"@id":"https:\/\/berdoalutechnic.hu\/#website"},"datePublished":"2023-12-08T13:57:05+00:00","dateModified":"2024-07-13T15:17:06+00:00","breadcrumb":{"@id":"https:\/\/berdoalutechnic.hu\/hr\/gotovi-proizvodi\/informacije\/#breadcrumb"},"inLanguage":"hr","potentialAction":[{"@type":"ReadAction","target":["https:\/\/berdoalutechnic.hu\/hr\/gotovi-proizvodi\/informacije\/"]}]},{"@type":"BreadcrumbList","@id":"https:\/\/berdoalutechnic.hu\/hr\/gotovi-proizvodi\/informacije\/#breadcrumb","itemListElement":[{"@type":"ListItem","position":1,"name":"Kezd\u0151lap","item":"https:\/\/berdoalutechnic.hu\/hr\/naslovna-stranica\/"},{"@type":"ListItem","position":2,"name":"Gotovi proizvodi","item":"https:\/\/berdoalutechnic.hu\/hr\/gotovi-proizvodi\/"},{"@type":"ListItem","position":3,"name":"Informacije"}]},{"@type":"WebSite","@id":"https:\/\/berdoalutechnic.hu\/#website","url":"https:\/\/berdoalutechnic.hu\/","name":"Berdo Alutechnic","description":"","publisher":{"@id":"https:\/\/berdoalutechnic.hu\/#organization"},"potentialAction":[{"@type":"SearchAction","target":{"@type":"EntryPoint","urlTemplate":"https:\/\/berdoalutechnic.hu\/?s={search_term_string}"},"query-input":{"@type":"PropertyValueSpecification","valueRequired":true,"valueName":"search_term_string"}}],"inLanguage":"hr"},{"@type":"Organization","@id":"https:\/\/berdoalutechnic.hu\/#organization","name":"Berdo Alutechnic","url":"https:\/\/berdoalutechnic.hu\/","logo":{"@type":"ImageObject","inLanguage":"hr","@id":"https:\/\/berdoalutechnic.hu\/#\/schema\/logo\/image\/","url":"https:\/\/berdoalutechnic.hu\/wp-content\/uploads\/BALogo_email_tiny.png","contentUrl":"https:\/\/berdoalutechnic.hu\/wp-content\/uploads\/BALogo_email_tiny.png","width":338,"height":167,"caption":"Berdo Alutechnic"},"image":{"@id":"https:\/\/berdoalutechnic.hu\/#\/schema\/logo\/image\/"}}]}},"_links":{"self":[{"href":"https:\/\/berdoalutechnic.hu\/hr\/wp-json\/wp\/v2\/pages\/8292","targetHints":{"allow":["GET"]}}],"collection":[{"href":"https:\/\/berdoalutechnic.hu\/hr\/wp-json\/wp\/v2\/pages"}],"about":[{"href":"https:\/\/berdoalutechnic.hu\/hr\/wp-json\/wp\/v2\/types\/page"}],"author":[{"embeddable":true,"href":"https:\/\/berdoalutechnic.hu\/hr\/wp-json\/wp\/v2\/users\/1"}],"replies":[{"embeddable":true,"href":"https:\/\/berdoalutechnic.hu\/hr\/wp-json\/wp\/v2\/comments?post=8292"}],"version-history":[{"count":3,"href":"https:\/\/berdoalutechnic.hu\/hr\/wp-json\/wp\/v2\/pages\/8292\/revisions"}],"predecessor-version":[{"id":8369,"href":"https:\/\/berdoalutechnic.hu\/hr\/wp-json\/wp\/v2\/pages\/8292\/revisions\/8369"}],"up":[{"embeddable":true,"href":"https:\/\/berdoalutechnic.hu\/hr\/wp-json\/wp\/v2\/pages\/8198"}],"wp:attachment":[{"href":"https:\/\/berdoalutechnic.hu\/hr\/wp-json\/wp\/v2\/media?parent=8292"}],"curies":[{"name":"wp","href":"https:\/\/api.w.org\/{rel}","templated":true}]}}