{"id":8309,"date":"2023-08-29T20:01:03","date_gmt":"2023-08-29T18:01:03","guid":{"rendered":"https:\/\/berdoalutechnic.hu\/?page_id=8309"},"modified":"2024-07-13T15:54:51","modified_gmt":"2024-07-13T13:54:51","slug":"partneri","status":"publish","type":"page","link":"https:\/\/berdoalutechnic.hu\/hr\/partneri\/","title":{"rendered":"Partneri"},"content":{"rendered":"<div id='av-layout-grid-1'  class='av-layout-grid-container av-ahx6gr-4266c70ec76971b0b0cfebfd6a9ec728 entry-content-wrapper socket_color av-flex-cells  avia-builder-el-0  el_before_av_section  avia-builder-el-first   container_wrap fullsize'  >\n<div class='flex_cell av-8mbeq3-35f9abc330d1507985db56dde85ee61f av-gridrow-cell av_one_full no_margin  avia-builder-el-1  avia-builder-el-no-sibling '  ><div class='flex_cell_inner'>\n<style type=\"text\/css\" data-created_by=\"avia_inline_auto\" id=\"style-css-av-lmg4msff-7c358a22234911d39acfbbcc94070163\">\n#top .av-special-heading.av-lmg4msff-7c358a22234911d39acfbbcc94070163{\npadding-bottom:10px;\n}\nbody .av-special-heading.av-lmg4msff-7c358a22234911d39acfbbcc94070163 .av-special-heading-tag .heading-char{\nfont-size:25px;\n}\n.av-special-heading.av-lmg4msff-7c358a22234911d39acfbbcc94070163 .av-subheading{\nfont-size:15px;\n}\n<\/style>\n<div  class='av-special-heading av-lmg4msff-7c358a22234911d39acfbbcc94070163 av-special-heading-h1 blockquote modern-quote modern-centered  avia-builder-el-2  avia-builder-el-no-sibling '><h1 class='av-special-heading-tag'  itemprop=\"headline\"  >Partneri<\/h1><div class=\"special-heading-border\"><div class=\"special-heading-inner-border\"><\/div><\/div><\/div>\n<\/div><\/div><\/div>\n<style type=\"text\/css\" data-created_by=\"avia_inline_auto\" id=\"style-css-av-70tku3-2bdf386698f365141c89023629d11e5a\">\n.avia-section.av-70tku3-2bdf386698f365141c89023629d11e5a{\nbackground-repeat:no-repeat;\nbackground-image:url(https:\/\/berdoalutechnic.hu\/wp-content\/uploads\/bg_grey2.jpeg);\nbackground-position:0% 0%;\nbackground-attachment:scroll;\n}\n<\/style>\n<div id='av_section_1'  class='avia-section av-70tku3-2bdf386698f365141c89023629d11e5a footer_color avia-section-default avia-no-border-styling  avia-builder-el-3  el_after_av_layout_row  avia-builder-el-last  avia-bg-style-scroll av-minimum-height av-minimum-height-custom av-height-custom  container_wrap fullsize'  data-section-bg-repeat='no-repeat' data-av_minimum_height_px='450'><div class='container av-section-cont-open' style='height:450px'><div class='template-page content  av-content-full alpha units'><div class='post-entry post-entry-type-page post-entry-8309'><div class='entry-content-wrapper clearfix'>\n<div  class='flex_column av-3muaez-f7af0b613c53ae0351427b9250fcef71 av_one_full  avia-builder-el-4  el_before_av_partner  avia-builder-el-first  first flex_column_div  '     ><style type=\"text\/css\" data-created_by=\"avia_inline_auto\" id=\"style-css-av-lmg4p3j3-e7139bfbfb0d00a04b2afee96a104b45\">\n#top .av_textblock_section.av-lmg4p3j3-e7139bfbfb0d00a04b2afee96a104b45 .avia_textblock{\ncolor:#000000;\n}\n<\/style>\n<section  class='av_textblock_section av-lmg4p3j3-e7139bfbfb0d00a04b2afee96a104b45 '   itemscope=\"itemscope\" itemtype=\"https:\/\/schema.org\/CreativeWork\" ><div class='avia_textblock av_inherit_color'  itemprop=\"text\" ><p>Uz pomo\u0107 na\u0161ih idobavlja\u010da jam\u010dimo da je svaki detalj na\u0161ih sjenila izra\u0111en od visokokvalitetnih materijala i inovativnih tehnologija. Na\u0161a bliska suradnja s najpouzdanijim europskim tvrtkama osigurava da na\u0161a sjenila zadovolje sve potrebe i pru\u017ee jedinstveno iskustvo.<\/p>\n<\/div><\/section><\/div>\n<style type=\"text\/css\" data-created_by=\"avia_inline_auto\" id=\"style-css-av-lmg4nei2-b2a1849bbbad945e9a18ecfc0bcfd29b\">\n#top .avia-logo-element-container.av-lmg4nei2-b2a1849bbbad945e9a18ecfc0bcfd29b .slide-entry{\npadding:10px 10px 20px 10px;\n}\n.avia-logo-element-container.av-lmg4nei2-b2a1849bbbad945e9a18ecfc0bcfd29b .av-partner-fake-img{\nborder-style:hidden;\nborder-radius:5px 5px 5px 5px;\nbox-shadow:none;\nbackground-size:cover;\n}\n<\/style>\n<div  class='avia-logo-element-container av-lmg4nei2-b2a1849bbbad945e9a18ecfc0bcfd29b avia-logo-grid avia-content-slider avia-smallarrow-slider avia-content-grid-active noHover avia-content-slider-even  avia-builder-el-6  el_after_av_one_full  avia-builder-el-last  avia-content-slider1' ><div class='avia-smallarrow-slider-heading  no-logo-slider-heading '><div class='new-special-heading'>&nbsp;<\/div><\/div><div class=\"avia-content-slider-inner\"><div class=\"slide-entry-wrap\"><div  class='slide-entry av-k3xge3-b60827aba9febeaf828b9c4cba77ff30 flex_column no_margin av_one_fourth real-thumbnail post-entry slide-entry-overview slide-loop-1 slide-parity-odd  first'><span class='av-partner-fake-img' style='padding-bottom:92.307692307692%; background-image:url(https:\/\/berdoalutechnic.hu\/wp-content\/uploads\/Copaco.jpg);'><\/span><\/div><div  class='slide-entry av-jrmn17-16f43525c922b2d43ba5470c433ed731 flex_column no_margin av_one_fourth real-thumbnail post-entry slide-entry-overview slide-loop-2 slide-parity-even  '><span class='av-partner-fake-img' style='padding-bottom:92.307692307692%; background-image:url(https:\/\/berdoalutechnic.hu\/wp-content\/uploads\/Cherubini.jpg);'><\/span><\/div><div  class='slide-entry av-h84j2j-4e3910bdb9574d9b3804c2f9ffd0614e flex_column no_margin av_one_fourth real-thumbnail post-entry slide-entry-overview slide-loop-3 slide-parity-odd  '><span class='av-partner-fake-img' style='padding-bottom:92.307692307692%; background-image:url(https:\/\/berdoalutechnic.hu\/wp-content\/uploads\/Tamistamp.jpg);'><\/span><\/div><div  class='slide-entry av-fjllpn-f5f5acff8be85d80a1e016e8bded02a1 flex_column no_margin av_one_fourth real-thumbnail post-entry slide-entry-overview slide-loop-4 slide-parity-even  '><span class='av-partner-fake-img' style='padding-bottom:92.307692307692%; background-image:url(https:\/\/berdoalutechnic.hu\/wp-content\/uploads\/Ehlmaier.jpg);'><\/span><\/div><\/div><div class=\"slide-entry-wrap\"><div  class='slide-entry av-disxkr-cba8ecc1f54d00e37445148ba5ae40d6 flex_column no_margin av_one_fourth real-thumbnail post-entry slide-entry-overview slide-loop-5 slide-parity-odd  first'><span class='av-partner-fake-img' style='padding-bottom:92.307692307692%; background-image:url(https:\/\/berdoalutechnic.hu\/wp-content\/uploads\/Geiger.jpg);'><\/span><\/div><div  class='slide-entry av-cqxmqz-3956274d12847387ed7c5687cec04df7 flex_column no_margin av_one_fourth real-thumbnail post-entry slide-entry-overview slide-loop-6 slide-parity-even  '><span class='av-partner-fake-img' style='padding-bottom:92.307692307692%; background-image:url(https:\/\/berdoalutechnic.hu\/wp-content\/uploads\/Isotra.jpg);'><\/span><\/div><div  class='slide-entry av-aoqdmj-056ab90eb5d01320c8e82ffa58f103d9 flex_column no_margin av_one_fourth real-thumbnail post-entry slide-entry-overview slide-loop-7 slide-parity-odd  '><span class='av-partner-fake-img' style='padding-bottom:92.307692307692%; background-image:url(https:\/\/berdoalutechnic.hu\/wp-content\/uploads\/Stottan.jpg);'><\/span><\/div><div  class='slide-entry av-zi5bf-02291dac1639487a9b37ad9052df049d flex_column no_margin av_one_fourth real-thumbnail post-entry slide-entry-overview slide-loop-8 slide-parity-even  '><span class='av-partner-fake-img' style='padding-bottom:92.307692307692%; background-image:url(https:\/\/berdoalutechnic.hu\/wp-content\/uploads\/Metacolor.jpg);'><\/span><\/div><\/div><div class=\"slide-entry-wrap\"><div  class='slide-entry av-7l4oa3-e97890993de595fe981ec215046dc3ce flex_column no_margin av_one_fourth real-thumbnail post-entry slide-entry-overview slide-loop-9 slide-parity-odd  first'><span class='av-partner-fake-img' style='padding-bottom:92.307692307692%; background-image:url(https:\/\/berdoalutechnic.hu\/wp-content\/uploads\/Somfy.jpg);'><\/span><\/div><div  class='slide-entry av-6h4ruz-06c11a0fa9d2322a9997031589917183 flex_column no_margin av_one_fourth real-thumbnail post-entry slide-entry-overview slide-loop-10 slide-parity-even  '><span class='av-partner-fake-img' style='padding-bottom:92.307692307692%; background-image:url(https:\/\/berdoalutechnic.hu\/wp-content\/uploads\/Elvial.jpg);'><\/span><\/div><div  class='slide-entry av-4xrobf-80e1e8b30b807c7f40369d3a9645f775 flex_column no_margin av_one_fourth real-thumbnail post-entry slide-entry-overview slide-loop-11 slide-parity-odd  '><span class='av-partner-fake-img' style='padding-bottom:92.307692307692%; background-image:url(https:\/\/berdoalutechnic.hu\/wp-content\/uploads\/Cortizo.jpg);'><\/span><\/div><div  class='slide-entry av-34af7f-6de64fae308544117116fa37ff82c5b0 flex_column no_margin av_one_fourth real-thumbnail post-entry slide-entry-overview slide-loop-12 slide-parity-even  '><span class='av-partner-fake-img' style='padding-bottom:92.307692307692%; background-image:url(https:\/\/berdoalutechnic.hu\/wp-content\/uploads\/AVZ.jpg);'><\/span><\/div><\/div><div class=\"slide-entry-wrap\"><div  class='slide-entry av-7o5k17-2e1fdff72d40d2a427e550b2157e0578 flex_column no_margin av_one_fourth real-thumbnail post-entry slide-entry-overview slide-loop-13 slide-parity-odd  first'><span class='av-partner-fake-img' style='padding-bottom:92.307692307692%; background-image:url(https:\/\/berdoalutechnic.hu\/wp-content\/uploads\/Lopez.jpg);'><\/span><\/div><div  class='slide-entry av-6ac04r-aa7e27b922bcd3321ba092597e2c746b flex_column no_margin av_one_fourth real-thumbnail post-entry slide-entry-overview slide-loop-14 slide-parity-even  '><span class='av-partner-fake-img' style='padding-bottom:92.307692307692%; background-image:url(https:\/\/berdoalutechnic.hu\/wp-content\/uploads\/Alumasa.jpg);'><\/span><\/div><div  class='slide-entry av-4y26ej-cd3d205792b098c9b9a6c6a6c54675ea flex_column no_margin av_one_fourth real-thumbnail post-entry slide-entry-overview slide-loop-15 slide-parity-odd  '><span class='av-partner-fake-img' style='padding-bottom:92.307692307692%; background-image:url(https:\/\/berdoalutechnic.hu\/wp-content\/uploads\/Expalum.jpg);'><\/span><\/div><div  class='slide-entry av-1xsxh7-8c42065502c3f3a70c714733b90b48e1 flex_column no_margin av_one_fourth real-thumbnail post-entry slide-entry-overview slide-loop-16 slide-parity-even post-entry-last '><span class='av-partner-fake-img' style='padding-bottom:92.307692307692%; background-image:url(https:\/\/berdoalutechnic.hu\/wp-content\/uploads\/Rolux.jpg);'><\/span><\/div><\/div><\/div><\/div>\n<\/p>\n","protected":false},"excerpt":{"rendered":"","protected":false},"author":1,"featured_media":0,"parent":0,"menu_order":0,"comment_status":"closed","ping_status":"closed","template":"","meta":{"_monsterinsights_skip_tracking":false,"_monsterinsights_sitenote_active":false,"_monsterinsights_sitenote_note":"","_monsterinsights_sitenote_category":0,"footnotes":""},"class_list":["post-8309","page","type-page","status-publish","hentry"],"yoast_head":"<!-- This site is optimized with the Yoast SEO Premium plugin v27.1 (Yoast SEO v27.1.1) - https:\/\/yoast.com\/product\/yoast-seo-premium-wordpress\/ -->\n<title>Partneri - Berdo Alutechnic<\/title>\n<meta name=\"robots\" content=\"index, follow, max-snippet:-1, max-image-preview:large, max-video-preview:-1\" \/>\n<link rel=\"canonical\" href=\"https:\/\/berdoalutechnic.hu\/hr\/partneri\/\" \/>\n<meta property=\"og:locale\" content=\"hr_HR\" \/>\n<meta property=\"og:type\" content=\"article\" \/>\n<meta property=\"og:title\" content=\"Partneri\" \/>\n<meta property=\"og:url\" content=\"https:\/\/berdoalutechnic.hu\/hr\/partneri\/\" \/>\n<meta property=\"og:site_name\" content=\"Berdo Alutechnic\" \/>\n<meta property=\"article:modified_time\" content=\"2024-07-13T13:54:51+00:00\" \/>\n<meta name=\"twitter:card\" content=\"summary_large_image\" \/>\n<meta name=\"twitter:label1\" content=\"Procijenjeno vrijeme \u010ditanja\" \/>\n\t<meta name=\"twitter:data1\" content=\"1 minuta\" \/>\n<script type=\"application\/ld+json\" class=\"yoast-schema-graph\">{\"@context\":\"https:\/\/schema.org\",\"@graph\":[{\"@type\":\"WebPage\",\"@id\":\"https:\/\/berdoalutechnic.hu\/hr\/partneri\/\",\"url\":\"https:\/\/berdoalutechnic.hu\/hr\/partneri\/\",\"name\":\"Partneri - Berdo Alutechnic\",\"isPartOf\":{\"@id\":\"https:\/\/berdoalutechnic.hu\/#website\"},\"datePublished\":\"2023-08-29T18:01:03+00:00\",\"dateModified\":\"2024-07-13T13:54:51+00:00\",\"breadcrumb\":{\"@id\":\"https:\/\/berdoalutechnic.hu\/hr\/partneri\/#breadcrumb\"},\"inLanguage\":\"hr\",\"potentialAction\":[{\"@type\":\"ReadAction\",\"target\":[\"https:\/\/berdoalutechnic.hu\/hr\/partneri\/\"]}]},{\"@type\":\"BreadcrumbList\",\"@id\":\"https:\/\/berdoalutechnic.hu\/hr\/partneri\/#breadcrumb\",\"itemListElement\":[{\"@type\":\"ListItem\",\"position\":1,\"name\":\"Kezd\u0151lap\",\"item\":\"https:\/\/berdoalutechnic.hu\/hr\/naslovna-stranica\/\"},{\"@type\":\"ListItem\",\"position\":2,\"name\":\"Partneri\"}]},{\"@type\":\"WebSite\",\"@id\":\"https:\/\/berdoalutechnic.hu\/#website\",\"url\":\"https:\/\/berdoalutechnic.hu\/\",\"name\":\"Berdo Alutechnic\",\"description\":\"\",\"publisher\":{\"@id\":\"https:\/\/berdoalutechnic.hu\/#organization\"},\"potentialAction\":[{\"@type\":\"SearchAction\",\"target\":{\"@type\":\"EntryPoint\",\"urlTemplate\":\"https:\/\/berdoalutechnic.hu\/?s={search_term_string}\"},\"query-input\":{\"@type\":\"PropertyValueSpecification\",\"valueRequired\":true,\"valueName\":\"search_term_string\"}}],\"inLanguage\":\"hr\"},{\"@type\":\"Organization\",\"@id\":\"https:\/\/berdoalutechnic.hu\/#organization\",\"name\":\"Berdo Alutechnic\",\"url\":\"https:\/\/berdoalutechnic.hu\/\",\"logo\":{\"@type\":\"ImageObject\",\"inLanguage\":\"hr\",\"@id\":\"https:\/\/berdoalutechnic.hu\/#\/schema\/logo\/image\/\",\"url\":\"https:\/\/berdoalutechnic.hu\/wp-content\/uploads\/BALogo_email_tiny.png\",\"contentUrl\":\"https:\/\/berdoalutechnic.hu\/wp-content\/uploads\/BALogo_email_tiny.png\",\"width\":338,\"height\":167,\"caption\":\"Berdo Alutechnic\"},\"image\":{\"@id\":\"https:\/\/berdoalutechnic.hu\/#\/schema\/logo\/image\/\"}}]}<\/script>\n<!-- \/ Yoast SEO Premium plugin. -->","yoast_head_json":{"title":"Partneri - Berdo Alutechnic","robots":{"index":"index","follow":"follow","max-snippet":"max-snippet:-1","max-image-preview":"max-image-preview:large","max-video-preview":"max-video-preview:-1"},"canonical":"https:\/\/berdoalutechnic.hu\/hr\/partneri\/","og_locale":"hr_HR","og_type":"article","og_title":"Partneri","og_url":"https:\/\/berdoalutechnic.hu\/hr\/partneri\/","og_site_name":"Berdo Alutechnic","article_modified_time":"2024-07-13T13:54:51+00:00","twitter_card":"summary_large_image","twitter_misc":{"Procijenjeno vrijeme \u010ditanja":"1 minuta"},"schema":{"@context":"https:\/\/schema.org","@graph":[{"@type":"WebPage","@id":"https:\/\/berdoalutechnic.hu\/hr\/partneri\/","url":"https:\/\/berdoalutechnic.hu\/hr\/partneri\/","name":"Partneri - Berdo Alutechnic","isPartOf":{"@id":"https:\/\/berdoalutechnic.hu\/#website"},"datePublished":"2023-08-29T18:01:03+00:00","dateModified":"2024-07-13T13:54:51+00:00","breadcrumb":{"@id":"https:\/\/berdoalutechnic.hu\/hr\/partneri\/#breadcrumb"},"inLanguage":"hr","potentialAction":[{"@type":"ReadAction","target":["https:\/\/berdoalutechnic.hu\/hr\/partneri\/"]}]},{"@type":"BreadcrumbList","@id":"https:\/\/berdoalutechnic.hu\/hr\/partneri\/#breadcrumb","itemListElement":[{"@type":"ListItem","position":1,"name":"Kezd\u0151lap","item":"https:\/\/berdoalutechnic.hu\/hr\/naslovna-stranica\/"},{"@type":"ListItem","position":2,"name":"Partneri"}]},{"@type":"WebSite","@id":"https:\/\/berdoalutechnic.hu\/#website","url":"https:\/\/berdoalutechnic.hu\/","name":"Berdo Alutechnic","description":"","publisher":{"@id":"https:\/\/berdoalutechnic.hu\/#organization"},"potentialAction":[{"@type":"SearchAction","target":{"@type":"EntryPoint","urlTemplate":"https:\/\/berdoalutechnic.hu\/?s={search_term_string}"},"query-input":{"@type":"PropertyValueSpecification","valueRequired":true,"valueName":"search_term_string"}}],"inLanguage":"hr"},{"@type":"Organization","@id":"https:\/\/berdoalutechnic.hu\/#organization","name":"Berdo Alutechnic","url":"https:\/\/berdoalutechnic.hu\/","logo":{"@type":"ImageObject","inLanguage":"hr","@id":"https:\/\/berdoalutechnic.hu\/#\/schema\/logo\/image\/","url":"https:\/\/berdoalutechnic.hu\/wp-content\/uploads\/BALogo_email_tiny.png","contentUrl":"https:\/\/berdoalutechnic.hu\/wp-content\/uploads\/BALogo_email_tiny.png","width":338,"height":167,"caption":"Berdo Alutechnic"},"image":{"@id":"https:\/\/berdoalutechnic.hu\/#\/schema\/logo\/image\/"}}]}},"_links":{"self":[{"href":"https:\/\/berdoalutechnic.hu\/hr\/wp-json\/wp\/v2\/pages\/8309","targetHints":{"allow":["GET"]}}],"collection":[{"href":"https:\/\/berdoalutechnic.hu\/hr\/wp-json\/wp\/v2\/pages"}],"about":[{"href":"https:\/\/berdoalutechnic.hu\/hr\/wp-json\/wp\/v2\/types\/page"}],"author":[{"embeddable":true,"href":"https:\/\/berdoalutechnic.hu\/hr\/wp-json\/wp\/v2\/users\/1"}],"replies":[{"embeddable":true,"href":"https:\/\/berdoalutechnic.hu\/hr\/wp-json\/wp\/v2\/comments?post=8309"}],"version-history":[{"count":2,"href":"https:\/\/berdoalutechnic.hu\/hr\/wp-json\/wp\/v2\/pages\/8309\/revisions"}],"predecessor-version":[{"id":8312,"href":"https:\/\/berdoalutechnic.hu\/hr\/wp-json\/wp\/v2\/pages\/8309\/revisions\/8312"}],"wp:attachment":[{"href":"https:\/\/berdoalutechnic.hu\/hr\/wp-json\/wp\/v2\/media?parent=8309"}],"curies":[{"name":"wp","href":"https:\/\/api.w.org\/{rel}","templated":true}]}}