{"id":9053,"date":"2024-11-17T08:56:20","date_gmt":"2024-11-17T07:56:20","guid":{"rendered":"https:\/\/berdoalutechnic.hu\/?page_id=9053"},"modified":"2024-12-28T19:54:57","modified_gmt":"2024-12-28T18:54:57","slug":"registracija","status":"publish","type":"page","link":"https:\/\/berdoalutechnic.hu\/hr\/registracija\/","title":{"rendered":"Registracija"},"content":{"rendered":"\n<div class=\"um um-register um-9156\">\n\t<div class=\"um-form\" data-mode=\"register\">\n\t\t<form method=\"post\" action=\"\">\n\t\t\t<div class=\"um-row _um_row_1 \" style=\"margin: 0 0 30px 0;\"><div class=\"um-col-1\"><div  class=\"um-field um-field-block  um-field-block um-field-type_block\" data-key=\"um_block_8870_21\"><h2><strong>Postanite i Vi na\u0161 veleprodajni partner!<\/strong><\/h2>\r\nNa\u0161a tvrtka s veseljem prihva\u0107a prijave veleprodajnih partnera.\r\nAko \u017eelite zastupati na\u0161e proizvode na tr\u017ei\u0161tu, prijavite se putem obrasca u nastavku. Nakon ispunjavanja, na\u0161 djelatnik \u0107e provjeriti va\u0161e podatke i kontaktirati vas. Ako je sve u redu, dobit \u0107ete odgovaraju\u0107a prava za kori\u0161tenje na\u0161eg Partnerskog portala te pristup dodatnim informacijama.<\/div><\/div><\/div><div class=\"um-row _um_row_2 \" style=\"margin: 0 0 30px 0;\"><div class=\"um-col-121\"><div  id=\"um_field_9156_user_login\" class=\"um-field um-field-text  um-field-user_login um-field-text um-field-type_text\" data-key=\"user_login\"><div class=\"um-field-label\"><label for=\"user_login-9156\">Korisni\u010dko ime<\/label><div class=\"um-clear\"><\/div><\/div><div class=\"um-field-area\"><input  autocomplete=\"off\" class=\"um-form-field valid \" type=\"text\" name=\"user_login-9156\" id=\"user_login-9156\" value=\"\" placeholder=\"\" data-validate=\"unique_username\" data-key=\"user_login\"  aria-invalid=\"false\" \/>\n\n\t\t\t\t\t\t<\/div><\/div><div  id=\"um_field_9156_user_email\" class=\"um-field um-field-text  um-field-user_email um-field-text um-field-type_text\" data-key=\"user_email\"><div class=\"um-field-label\"><label for=\"user_email-9156\">E-mail<\/label><div class=\"um-clear\"><\/div><\/div><div class=\"um-field-area\"><input  autocomplete=\"off\" class=\"um-form-field valid \" type=\"text\" name=\"user_email-9156\" id=\"user_email-9156\" value=\"\" placeholder=\"\" data-validate=\"unique_email\" data-key=\"user_email\"  aria-invalid=\"false\" \/>\n\n\t\t\t\t\t\t<\/div><\/div><\/div><div class=\"um-col-122\"><div  id=\"um_field_9156_user_password\" class=\"um-field um-field-password  um-field-user_password um-field-password um-field-type_password\" data-key=\"user_password\"><div class=\"um-field-label\"><label for=\"user_password-9156\">Lozinka<\/label><div class=\"um-clear\"><\/div><\/div><div class=\"um-field-area\"><input class=\"um-form-field valid \" type=\"password\" name=\"user_password-9156\" id=\"user_password-9156\" value=\"\" placeholder=\"\" data-validate=\"\" data-key=\"user_password\"  aria-invalid=\"false\" \/>\n\n\t\t\t\t\t\t\t<\/div><\/div><div  id=\"um_field_9156_confirm_user_password\" class=\"um-field um-field-password  um-field-user_password um-field-password um-field-type_password\" data-key=\"confirm_user_password\"><div class=\"um-field-label\"><label for=\"confirm_user_password-9156\">Lozinka jo\u0161 jednom<\/label><div class=\"um-clear\"><\/div><\/div><div class=\"um-field-area\"><input class=\"um-form-field valid \" type=\"password\" name=\"confirm_user_password-9156\" id=\"confirm_user_password-9156\" value=\"\" placeholder=\"Lozinka jo\u0161 jednom\" data-validate=\"\" data-key=\"confirm_user_password\"  aria-invalid=\"false\" \/><\/div><\/div><\/div><div class=\"um-clear\"><\/div><\/div><div class=\"um-row _um_row_3 \" style=\"margin: 0 0 30px 0;\"><div class=\"um-col-1\"><div  class=\"um-field um-field-spacing  um-field-spacing um-field-type_spacing\" data-key=\"um_spacing_8870_19\" style=\"height:20px;\"><\/div><div  class=\"um-field um-field-block  um-field-block um-field-type_block\" data-key=\"um_block_8870_10\">Molimo unesite podatke o tvrtki koju \u017eelite registrirati.<\/div><\/div><\/div><div class=\"um-row _um_row_4 \" style=\"margin: 0 0 30px 0;\"><div class=\"um-col-121\"><div  id=\"um_field_9156_firm_name\" class=\"um-field um-field-text  um-field-firm_name um-field-text um-field-type_text\" data-key=\"firm_name\"><div class=\"um-field-label\"><label for=\"firm_name-9156\">Ime trvtke<\/label><div class=\"um-clear\"><\/div><\/div><div class=\"um-field-area\"><input  autocomplete=\"off\" class=\"um-form-field valid \" type=\"text\" name=\"firm_name-9156\" id=\"firm_name-9156\" value=\"\" placeholder=\"\" data-validate=\"\" data-key=\"firm_name\"  aria-invalid=\"false\" \/>\n\n\t\t\t\t\t\t<\/div><\/div><div  id=\"um_field_9156_firm_address\" class=\"um-field um-field-text  um-field-firm_address um-field-text um-field-type_text\" data-key=\"firm_address\"><div class=\"um-field-label\"><label for=\"firm_address-9156\">Adresa tvtrtke<\/label><span class=\"um-tip um-tip-w\" title=\"Po\u0161tanski broj, Ulica grada Ku\u0107ni broj\"><i class=\"um-icon-help-circled\"><\/i><\/span><div class=\"um-clear\"><\/div><\/div><div class=\"um-field-area\"><input  autocomplete=\"off\" class=\"um-form-field valid \" type=\"text\" name=\"firm_address-9156\" id=\"firm_address-9156\" value=\"\" placeholder=\"\" data-validate=\"\" data-key=\"firm_address\"  aria-invalid=\"false\" \/>\n\n\t\t\t\t\t\t<\/div><\/div><div  id=\"um_field_9156_adoszam\" class=\"um-field um-field-text  um-field-adoszam um-field-text um-field-type_text\" data-key=\"adoszam\"><div class=\"um-field-label\"><label for=\"adoszam-9156\">PDV identifikacijski broj<\/label><div class=\"um-clear\"><\/div><\/div><div class=\"um-field-area\"><input  autocomplete=\"off\" class=\"um-form-field valid \" type=\"text\" name=\"adoszam-9156\" id=\"adoszam-9156\" value=\"\" placeholder=\"\" data-validate=\"\" data-key=\"adoszam\"  aria-invalid=\"false\" \/>\n\n\t\t\t\t\t\t<\/div><\/div><\/div><div class=\"um-col-122\"><div  id=\"um_field_9156_first_name\" class=\"um-field um-field-text  um-field-first_name um-field-text um-field-type_text\" data-key=\"first_name\"><div class=\"um-field-label\"><label for=\"first_name-9156\">Prezime kontakt osobe<\/label><div class=\"um-clear\"><\/div><\/div><div class=\"um-field-area\"><input  autocomplete=\"off\" class=\"um-form-field valid \" type=\"text\" name=\"first_name-9156\" id=\"first_name-9156\" value=\"\" placeholder=\"\" data-validate=\"\" data-key=\"first_name\"  aria-invalid=\"false\" \/>\n\n\t\t\t\t\t\t<\/div><\/div><div  id=\"um_field_9156_last_name\" class=\"um-field um-field-text  um-field-last_name um-field-text um-field-type_text\" data-key=\"last_name\"><div class=\"um-field-label\"><label for=\"last_name-9156\">Ime kontakt osobe<\/label><div class=\"um-clear\"><\/div><\/div><div class=\"um-field-area\"><input  autocomplete=\"off\" class=\"um-form-field valid \" type=\"text\" name=\"last_name-9156\" id=\"last_name-9156\" value=\"\" placeholder=\"\" data-validate=\"\" data-key=\"last_name\"  aria-invalid=\"false\" \/>\n\n\t\t\t\t\t\t<\/div><\/div><div  id=\"um_field_9156_contact_phone\" class=\"um-field um-field-tel  um-field-contact_phone um-field-tel um-field-type_tel\" data-key=\"contact_phone\"><div class=\"um-field-label\"><label for=\"contact_phone-9156\">Telefonski broj kontakt osobe<\/label><div class=\"um-clear\"><\/div><\/div><div class=\"um-field-area\"><input  autocomplete=\"off\" class=\"um-form-field valid not-required \" type=\"tel\" name=\"contact_phone-9156\" id=\"contact_phone-9156\" value=\"\" placeholder=\"\" data-validate=\"\" data-key=\"contact_phone\"  aria-invalid=\"false\" \/>\n\n\t\t\t\t\t\t<\/div><\/div><div  id=\"um_field_9156_contact_email\" class=\"um-field um-field-text  um-field-contact_email um-field-text um-field-type_text\" data-key=\"contact_email\"><div class=\"um-field-label\"><label for=\"contact_email-9156\">Email adresa kontakt osobe<\/label><div class=\"um-clear\"><\/div><\/div><div class=\"um-field-area\"><input  autocomplete=\"off\" class=\"um-form-field valid \" type=\"text\" name=\"contact_email-9156\" id=\"contact_email-9156\" value=\"\" placeholder=\"\" data-validate=\"is_email\" data-key=\"contact_email\"  aria-invalid=\"false\" \/>\n\n\t\t\t\t\t\t<\/div><\/div><\/div><div class=\"um-clear\"><\/div><\/div><div class=\"um-row _um_row_5 \" style=\"margin: 0 0 30px 0;\"><div class=\"um-col-121\"><div  id=\"um_field_9156_is_product\" class=\"um-field um-field-checkbox  um-field-is_product um-field-checkbox um-field-type_checkbox\" data-key=\"is_product\"  aria-invalid=\"false\" ><div class=\"um-field-label\"><label for=\"is_product-9156\">Gotovi proizvod<\/label><div class=\"um-clear\"><\/div><\/div><div class=\"um-field-area\"><label class=\"um-field-checkbox  um-field-half \"><input   type=\"checkbox\" name=\"is_product[]\" value=\"Gotovi proizvod\"  \/><span class=\"um-field-checkbox-state\"><i class=\"um-icon-android-checkbox-outline-blank\"><\/i><\/span><span class=\"um-field-checkbox-option\">Gotovi proizvod<\/span><\/label><div class=\"um-clear\"><\/div><\/div><\/div><div  id=\"um_field_9156_product_type\" class=\"um-field um-field-multiselect  um-is-conditional um-field-product_type um-field-multiselect um-field-type_multiselect\" data-key=\"product_type\" data-cond-0-action=\"show\" data-cond-0-field=\"is_product\" data-cond-0-operator=\"not empty\" data-cond-0-value=\"\"><div class=\"um-field-label\"><label for=\"product_type-9156\">Linija proizvoda<\/label><div class=\"um-clear\"><\/div><\/div><div class=\"um-field-area  \"><select   multiple=\"multiple\" name=\"product_type[]\" id=\"product_type\" data-maxsize=\"0\" data-validate=\"\" data-key=\"product_type\" class=\"um-form-field valid not-required um-s1 \" style=\"width: 100%\" data-placeholder=\"\"  aria-invalid=\"false\" ><option value=\"\"><\/option><option value=\"Svi proizvodi\" >Svi proizvodi<\/option><option value=\"Vanjska sjenila\" >Vanjska sjenila<\/option><option value=\"Unutarnja sjenila\" >Unutarnja sjenila<\/option><option value=\"Pergole\" >Pergole<\/option><option value=\"Automatizacija\" >Automatizacija<\/option><option value=\"Ostali proizvodi\" >Ostali proizvodi<\/option><\/select><\/div><\/div><\/div><div class=\"um-col-122\"><div  id=\"um_field_9156_is_material\" class=\"um-field um-field-checkbox  um-field-is_material um-field-checkbox um-field-type_checkbox\" data-key=\"is_material\"  aria-invalid=\"false\" ><div class=\"um-field-label\"><label for=\"is_material-9156\">Sirovine<\/label><div class=\"um-clear\"><\/div><\/div><div class=\"um-field-area\"><label class=\"um-field-checkbox  um-field-half \"><input   type=\"checkbox\" name=\"is_material[]\" value=\"Sirovine\"  \/><span class=\"um-field-checkbox-state\"><i class=\"um-icon-android-checkbox-outline-blank\"><\/i><\/span><span class=\"um-field-checkbox-option\">Sirovine<\/span><\/label><div class=\"um-clear\"><\/div><\/div><\/div><\/div><div class=\"um-clear\"><\/div><\/div>\n<!-- This file should primarily consist of HTML with a little bit of PHP. -->\n<div class=\"um-field um-field-type_terms_conditions\" data-key=\"use_terms_conditions_agreement\" style=\"display:block;padding:0;\">\n\t<div class=\"um-field-area\">\n\t\t<div class=\"um-gdpr-content\" style=\"display:none;\">\n\t\t\t\t\t<\/div>\n\t\t<a href=\"javascript:void(0);\" class=\"um-toggle-gdpr\" data-toggle-state=\"hidden\"\n\t\t\tdata-toggle-show=\"Se afi\u0219eaz\u0103 politica de confiden\u021bialitate\"\n\t\t\tdata-toggle-hide=\"Sakrij Pravila privatnosti\">\n\t\t\tSe afi\u0219eaz\u0103 politica de confiden\u021bialitate\t\t<\/a>\n\t<\/div>\n\t<div class=\"um-field-area\">\n\t\t<label class=\"um-field-checkbox\">\n\t\t\t<input type=\"checkbox\" name=\"use_gdpr_agreement\" value=\"1\">\n\t\t\t<span class=\"um-field-checkbox-state\"><i class=\"um-icon-android-checkbox-outline-blank\"><\/i><\/span>\n\t\t\t<span class=\"um-field-checkbox-option\">Molimo potvrdite da prihva\u0107ate na\u0161u politiku za\u0161tite podataka.<\/span>\n\t\t<\/label>\n\t\t<div class=\"um-clear\"><\/div>\n\t\t\t\t<div class=\"um-clear\"><\/div>\n\t<\/div>\n<\/div>\n\t<input type=\"hidden\" name=\"form_id\" id=\"form_id_9156\" value=\"9156\" \/>\n\t\t<p class=\"um_request_name\">\n\t\t<label for=\"um_request_9156\">Only fill in if you are not human<\/label>\n\t\t<input type=\"hidden\" name=\"um_request\" id=\"um_request_9156\" class=\"input\" value=\"\" size=\"25\" autocomplete=\"off\" \/>\n\t<\/p>\n\t<input type=\"hidden\" id=\"_wpnonce\" name=\"_wpnonce\" value=\"8356f7991a\" \/><input type=\"hidden\" name=\"_wp_http_referer\" value=\"\/hr\/wp-json\/wp\/v2\/pages\/9053\" \/>\n<div class=\"um-field\">\n\t<div class=\"g-recaptcha\" id=\"um-9156\" data-type=\"image\" data-size=\"normal\" data-theme=\"light\" data-sitekey=\"6LfLdJcqAAAAAB2s3Ym50qlOvS9D4hVL0K4b-gbN\"><\/div>\n<\/div>\n\n\n<script type=\"text\/javascript\">\n\t\n\t\tvar onloadCallback = function () {\n\t\t\tjQuery('.g-recaptcha').each( function (i) {\n\t\t\t\tgrecaptcha.render( jQuery(this).attr('id'), {\n\t\t\t\t\t'sitekey': jQuery(this).attr('data-sitekey'),\n\t\t\t\t\t'theme': jQuery(this).attr('data-theme')\n\t\t\t\t});\n\t\t\t});\n\t\t};\n\n\t\tfunction um_recaptcha_refresh() {\n\t\t\tjQuery('.g-recaptcha').html('');\n\t\t\tgrecaptcha.reset();\n\t\t\tonloadCallback();\n\t\t}\n\n\t<\/script>\n\n\t<div class=\"um-col-alt\">\n\n\t\t\n\t\t\t<div class=\"um-center\">\n\t\t\t\t<input type=\"submit\" value=\"Registracija\" class=\"um-button\" id=\"um-submit-btn\" \/>\n\t\t\t<\/div>\n\n\t\t\n\t\t<div class=\"um-clear\"><\/div>\n\n\t<\/div>\n\n\t\t\t<\/form>\n\t<\/div>\n<\/div>\n<style>\n\t\t\t.um-9156.um {\n\t\t\tmax-width: 95%;\n\t\t}\n\t\t<\/style>\n\n","protected":false},"excerpt":{"rendered":"","protected":false},"author":1,"featured_media":0,"parent":0,"menu_order":0,"comment_status":"closed","ping_status":"closed","template":"","meta":{"_monsterinsights_skip_tracking":false,"_monsterinsights_sitenote_active":false,"_monsterinsights_sitenote_note":"","_monsterinsights_sitenote_category":0,"footnotes":""},"class_list":["post-9053","page","type-page","status-publish","hentry"],"yoast_head":"<!-- This site is optimized with the Yoast SEO Premium plugin v27.1 (Yoast SEO v27.1.1) - https:\/\/yoast.com\/product\/yoast-seo-premium-wordpress\/ -->\n<title>Registracija - Berdo Alutechnic<\/title>\n<meta name=\"robots\" content=\"index, follow, max-snippet:-1, max-image-preview:large, max-video-preview:-1\" \/>\n<link rel=\"canonical\" href=\"https:\/\/berdoalutechnic.hu\/hr\/registracija\/\" \/>\n<meta property=\"og:locale\" content=\"hr_HR\" \/>\n<meta property=\"og:type\" content=\"article\" \/>\n<meta property=\"og:title\" content=\"Registracija\" \/>\n<meta property=\"og:url\" content=\"https:\/\/berdoalutechnic.hu\/hr\/registracija\/\" \/>\n<meta property=\"og:site_name\" content=\"Berdo Alutechnic\" \/>\n<meta property=\"article:modified_time\" content=\"2024-12-28T18:54:57+00:00\" \/>\n<meta name=\"twitter:card\" content=\"summary_large_image\" \/>\n<meta name=\"twitter:label1\" content=\"Procijenjeno vrijeme \u010ditanja\" \/>\n\t<meta name=\"twitter:data1\" content=\"1 minuta\" \/>\n<script type=\"application\/ld+json\" class=\"yoast-schema-graph\">{\"@context\":\"https:\/\/schema.org\",\"@graph\":[{\"@type\":\"WebPage\",\"@id\":\"https:\/\/berdoalutechnic.hu\/hr\/registracija\/\",\"url\":\"https:\/\/berdoalutechnic.hu\/hr\/registracija\/\",\"name\":\"Registracija - Berdo Alutechnic\",\"isPartOf\":{\"@id\":\"https:\/\/berdoalutechnic.hu\/#website\"},\"datePublished\":\"2024-11-17T07:56:20+00:00\",\"dateModified\":\"2024-12-28T18:54:57+00:00\",\"breadcrumb\":{\"@id\":\"https:\/\/berdoalutechnic.hu\/hr\/registracija\/#breadcrumb\"},\"inLanguage\":\"hr\",\"potentialAction\":[{\"@type\":\"ReadAction\",\"target\":[\"https:\/\/berdoalutechnic.hu\/hr\/registracija\/\"]}]},{\"@type\":\"BreadcrumbList\",\"@id\":\"https:\/\/berdoalutechnic.hu\/hr\/registracija\/#breadcrumb\",\"itemListElement\":[{\"@type\":\"ListItem\",\"position\":1,\"name\":\"Kezd\u0151lap\",\"item\":\"https:\/\/berdoalutechnic.hu\/hr\/naslovna-stranica\/\"},{\"@type\":\"ListItem\",\"position\":2,\"name\":\"Registracija\"}]},{\"@type\":\"WebSite\",\"@id\":\"https:\/\/berdoalutechnic.hu\/#website\",\"url\":\"https:\/\/berdoalutechnic.hu\/\",\"name\":\"Berdo Alutechnic\",\"description\":\"\",\"publisher\":{\"@id\":\"https:\/\/berdoalutechnic.hu\/#organization\"},\"potentialAction\":[{\"@type\":\"SearchAction\",\"target\":{\"@type\":\"EntryPoint\",\"urlTemplate\":\"https:\/\/berdoalutechnic.hu\/?s={search_term_string}\"},\"query-input\":{\"@type\":\"PropertyValueSpecification\",\"valueRequired\":true,\"valueName\":\"search_term_string\"}}],\"inLanguage\":\"hr\"},{\"@type\":\"Organization\",\"@id\":\"https:\/\/berdoalutechnic.hu\/#organization\",\"name\":\"Berdo Alutechnic\",\"url\":\"https:\/\/berdoalutechnic.hu\/\",\"logo\":{\"@type\":\"ImageObject\",\"inLanguage\":\"hr\",\"@id\":\"https:\/\/berdoalutechnic.hu\/#\/schema\/logo\/image\/\",\"url\":\"https:\/\/berdoalutechnic.hu\/wp-content\/uploads\/BALogo_email_tiny.png\",\"contentUrl\":\"https:\/\/berdoalutechnic.hu\/wp-content\/uploads\/BALogo_email_tiny.png\",\"width\":338,\"height\":167,\"caption\":\"Berdo Alutechnic\"},\"image\":{\"@id\":\"https:\/\/berdoalutechnic.hu\/#\/schema\/logo\/image\/\"}}]}<\/script>\n<!-- \/ Yoast SEO Premium plugin. -->","yoast_head_json":{"title":"Registracija - Berdo Alutechnic","robots":{"index":"index","follow":"follow","max-snippet":"max-snippet:-1","max-image-preview":"max-image-preview:large","max-video-preview":"max-video-preview:-1"},"canonical":"https:\/\/berdoalutechnic.hu\/hr\/registracija\/","og_locale":"hr_HR","og_type":"article","og_title":"Registracija","og_url":"https:\/\/berdoalutechnic.hu\/hr\/registracija\/","og_site_name":"Berdo Alutechnic","article_modified_time":"2024-12-28T18:54:57+00:00","twitter_card":"summary_large_image","twitter_misc":{"Procijenjeno vrijeme \u010ditanja":"1 minuta"},"schema":{"@context":"https:\/\/schema.org","@graph":[{"@type":"WebPage","@id":"https:\/\/berdoalutechnic.hu\/hr\/registracija\/","url":"https:\/\/berdoalutechnic.hu\/hr\/registracija\/","name":"Registracija - Berdo Alutechnic","isPartOf":{"@id":"https:\/\/berdoalutechnic.hu\/#website"},"datePublished":"2024-11-17T07:56:20+00:00","dateModified":"2024-12-28T18:54:57+00:00","breadcrumb":{"@id":"https:\/\/berdoalutechnic.hu\/hr\/registracija\/#breadcrumb"},"inLanguage":"hr","potentialAction":[{"@type":"ReadAction","target":["https:\/\/berdoalutechnic.hu\/hr\/registracija\/"]}]},{"@type":"BreadcrumbList","@id":"https:\/\/berdoalutechnic.hu\/hr\/registracija\/#breadcrumb","itemListElement":[{"@type":"ListItem","position":1,"name":"Kezd\u0151lap","item":"https:\/\/berdoalutechnic.hu\/hr\/naslovna-stranica\/"},{"@type":"ListItem","position":2,"name":"Registracija"}]},{"@type":"WebSite","@id":"https:\/\/berdoalutechnic.hu\/#website","url":"https:\/\/berdoalutechnic.hu\/","name":"Berdo Alutechnic","description":"","publisher":{"@id":"https:\/\/berdoalutechnic.hu\/#organization"},"potentialAction":[{"@type":"SearchAction","target":{"@type":"EntryPoint","urlTemplate":"https:\/\/berdoalutechnic.hu\/?s={search_term_string}"},"query-input":{"@type":"PropertyValueSpecification","valueRequired":true,"valueName":"search_term_string"}}],"inLanguage":"hr"},{"@type":"Organization","@id":"https:\/\/berdoalutechnic.hu\/#organization","name":"Berdo Alutechnic","url":"https:\/\/berdoalutechnic.hu\/","logo":{"@type":"ImageObject","inLanguage":"hr","@id":"https:\/\/berdoalutechnic.hu\/#\/schema\/logo\/image\/","url":"https:\/\/berdoalutechnic.hu\/wp-content\/uploads\/BALogo_email_tiny.png","contentUrl":"https:\/\/berdoalutechnic.hu\/wp-content\/uploads\/BALogo_email_tiny.png","width":338,"height":167,"caption":"Berdo Alutechnic"},"image":{"@id":"https:\/\/berdoalutechnic.hu\/#\/schema\/logo\/image\/"}}]}},"_links":{"self":[{"href":"https:\/\/berdoalutechnic.hu\/hr\/wp-json\/wp\/v2\/pages\/9053","targetHints":{"allow":["GET"]}}],"collection":[{"href":"https:\/\/berdoalutechnic.hu\/hr\/wp-json\/wp\/v2\/pages"}],"about":[{"href":"https:\/\/berdoalutechnic.hu\/hr\/wp-json\/wp\/v2\/types\/page"}],"author":[{"embeddable":true,"href":"https:\/\/berdoalutechnic.hu\/hr\/wp-json\/wp\/v2\/users\/1"}],"replies":[{"embeddable":true,"href":"https:\/\/berdoalutechnic.hu\/hr\/wp-json\/wp\/v2\/comments?post=9053"}],"version-history":[{"count":2,"href":"https:\/\/berdoalutechnic.hu\/hr\/wp-json\/wp\/v2\/pages\/9053\/revisions"}],"predecessor-version":[{"id":9166,"href":"https:\/\/berdoalutechnic.hu\/hr\/wp-json\/wp\/v2\/pages\/9053\/revisions\/9166"}],"wp:attachment":[{"href":"https:\/\/berdoalutechnic.hu\/hr\/wp-json\/wp\/v2\/media?parent=9053"}],"curies":[{"name":"wp","href":"https:\/\/api.w.org\/{rel}","templated":true}]}}