{"id":8438,"date":"2024-02-11T12:38:34","date_gmt":"2024-02-11T11:38:34","guid":{"rendered":"https:\/\/berdoalutechnic.hu\/?page_id=8438"},"modified":"2024-08-03T15:29:12","modified_gmt":"2024-08-03T13:29:12","slug":"manuale-de-utilizare","status":"publish","type":"page","link":"https:\/\/berdoalutechnic.hu\/ro\/componente\/ghiduri\/manuale-de-utilizare\/","title":{"rendered":"Manuale de utilizare"},"content":{"rendered":"<div class='clear'><\/div><div id='sub_menu1'  class='av-submenu-container av-ay3qpc-29a0e9a35c0174370cf9d0e784fe5b50 main_color  avia-builder-el-0  el_before_av_one_full  avia-builder-el-first  av-sticky-submenu container_wrap fullsize' style='z-index:301' ><div class='container av-menu-mobile-disabled av-submenu-pos-center'><ul id=\"menu-alapanyagmenu-roman\" class=\"av-subnav-menu\"><li role=\"menuitem\" id=\"menu-item-8697\" class=\"menu-item menu-item-type-post_type menu-item-object-page menu-item-top-level menu-item-top-level-1\"><a href=\"https:\/\/berdoalutechnic.hu\/ro\/componente\/\" itemprop=\"url\" tabindex=\"0\"><span class=\"avia-bullet\"><\/span><span class=\"avia-menu-text\">Componente<\/span><span class=\"avia-menu-fx\"><span class=\"avia-arrow-wrap\"><span class=\"avia-arrow\"><\/span><\/span><\/span><\/a><\/li>\n<li role=\"menuitem\" id=\"menu-item-8698\" class=\"menu-item menu-item-type-custom menu-item-object-custom menu-item-top-level menu-item-top-level-2\"><a href=\"http:\/\/37.17.161.111\/ro\/\" itemprop=\"url\" tabindex=\"0\"><span class=\"avia-bullet\"><\/span><span class=\"avia-menu-text\">Materii prime<\/span><span class=\"avia-menu-fx\"><span class=\"avia-arrow-wrap\"><span class=\"avia-arrow\"><\/span><\/span><\/span><\/a><\/li>\n<li role=\"menuitem\" id=\"menu-item-8699\" class=\"menu-item menu-item-type-post_type menu-item-object-page menu-item-top-level menu-item-top-level-3\"><a href=\"https:\/\/berdoalutechnic.hu\/ro\/componente\/ghiduri\/\" itemprop=\"url\" tabindex=\"0\"><span class=\"avia-bullet\"><\/span><span class=\"avia-menu-text\">Ghiduri<\/span><span class=\"avia-menu-fx\"><span class=\"avia-arrow-wrap\"><span class=\"avia-arrow\"><\/span><\/span><\/span><\/a><\/li>\n<li role=\"menuitem\" id=\"menu-item-8700\" class=\"menu-item menu-item-type-post_type menu-item-object-page menu-item-top-level menu-item-top-level-4\"><a href=\"https:\/\/berdoalutechnic.hu\/ro\/componente\/contact\/\" itemprop=\"url\" tabindex=\"0\"><span class=\"avia-bullet\"><\/span><span class=\"avia-menu-text\">Contact<\/span><span class=\"avia-menu-fx\"><span class=\"avia-arrow-wrap\"><span class=\"avia-arrow\"><\/span><\/span><\/span><\/a><\/li>\n<\/ul><\/div><\/div><div class='sticky_placeholder'><\/div><div id='after_submenu_1'  class='main_color av_default_container_wrap container_wrap fullsize'  ><div class='container av-section-cont-open' ><div class='template-page content  av-content-full alpha units'><div class='post-entry post-entry-type-page post-entry-8438'><div class='entry-content-wrapper clearfix'>\n<div  class='flex_column av-6b6840-c04f6e9284438df5aba6a7bc531216ef av_one_full  avia-builder-el-1  el_after_av_submenu  el_before_av_section  avia-builder-el-no-sibling  first flex_column_div  '     ><style type=\"text\/css\" data-created_by=\"avia_inline_auto\" id=\"style-css-av-lmgbejct-bb8f8b7d5d3c1e7e8d4f7070e309840d\">\n#top .av-special-heading.av-lmgbejct-bb8f8b7d5d3c1e7e8d4f7070e309840d{\nmargin:10px 0 0 0;\npadding-bottom:0;\n}\nbody .av-special-heading.av-lmgbejct-bb8f8b7d5d3c1e7e8d4f7070e309840d .av-special-heading-tag .heading-char{\nfont-size:25px;\n}\n#top #wrap_all .av-special-heading.av-lmgbejct-bb8f8b7d5d3c1e7e8d4f7070e309840d .av-special-heading-tag{\npadding:0 0 0 0;\n}\n.av-special-heading.av-lmgbejct-bb8f8b7d5d3c1e7e8d4f7070e309840d .av-subheading{\nfont-size:15px;\n}\n<\/style>\n<div  class='av-special-heading av-lmgbejct-bb8f8b7d5d3c1e7e8d4f7070e309840d av-special-heading-h2 blockquote modern-quote  avia-builder-el-2  avia-builder-el-no-sibling '><h2 class='av-special-heading-tag'  itemprop=\"headline\"  >Manuale de utilizare<\/h2><div class=\"special-heading-border\"><div class=\"special-heading-inner-border\"><\/div><\/div><\/div><\/div><\/div><\/div><\/div><!-- close content main div --><\/div><\/div><div id='av_section_1'  class='avia-section av-hdkuzk-58acafc396bd58fd7d464fb897fada97 main_color avia-section-default avia-no-border-styling  avia-builder-el-3  el_after_av_one_full  avia-builder-el-last  avia-bg-style-scroll container_wrap fullsize'  ><div class='container av-section-cont-open' ><div class='template-page content  av-content-full alpha units'><div class='post-entry post-entry-type-page post-entry-8438'><div class='entry-content-wrapper clearfix'>\n<div  class='flex_column av-bqtxyy-9d2a47799ba04fc041356f6c844a7c5c av_one_fourth  avia-builder-el-4  el_before_av_one_fourth  avia-builder-el-first  first flex_column_div avia-link-column av-column-link  '    data-link-column-url=\"https:\/\/berdoalutechnic.hu\/wp-content\/uploads\/Motorok_PRIMO.pdf\"  data-link-column-target=\"_blank\"   ><a class=\"av-screen-reader-only\" href=\"https:\/\/berdoalutechnic.hu\/wp-content\/uploads\/Motorok_PRIMO.pdf\" target=\"_blank\" rel=\"noopener\">Follow a manual added link<\/a><p>\n<style type=\"text\/css\" data-created_by=\"avia_inline_auto\" id=\"style-css-av-asmdju-03d6efe61ba01de931f4501324b2e16d\">\n.avia-image-container.av-asmdju-03d6efe61ba01de931f4501324b2e16d img.avia_image{\nbox-shadow:none;\n}\n.avia-image-container.av-asmdju-03d6efe61ba01de931f4501324b2e16d .av-image-caption-overlay-center{\ncolor:#ffffff;\n}\n<\/style>\n<div  class='avia-image-container av-asmdju-03d6efe61ba01de931f4501324b2e16d av-styling- avia-align-center  avia-builder-el-5  el_before_av_textblock  avia-builder-el-first '   itemprop=\"image\" itemscope=\"itemscope\" itemtype=\"https:\/\/schema.org\/ImageObject\" ><div class=\"avia-image-container-inner\"><div class=\"avia-image-overlay-wrap\"><img decoding=\"async\" class='wp-image-7452 avia-img-lazy-loading-not-7452 avia_image ' src=\"https:\/\/berdoalutechnic.hu\/wp-content\/uploads\/primo_logo.png\" alt='' title='primo_logo'  height=\"326\" width=\"863\"  itemprop=\"thumbnailUrl\" srcset=\"https:\/\/berdoalutechnic.hu\/wp-content\/uploads\/primo_logo.png 863w, https:\/\/berdoalutechnic.hu\/wp-content\/uploads\/primo_logo-300x113.png 300w, https:\/\/berdoalutechnic.hu\/wp-content\/uploads\/primo_logo-768x290.png 768w, https:\/\/berdoalutechnic.hu\/wp-content\/uploads\/primo_logo-705x266.png 705w, https:\/\/berdoalutechnic.hu\/wp-content\/uploads\/primo_logo-450x170.png 450w, https:\/\/berdoalutechnic.hu\/wp-content\/uploads\/primo_logo-600x227.png 600w\" sizes=\"(max-width: 863px) 100vw, 863px\" \/><\/div><\/div><\/div><br \/>\n<section  class='av_textblock_section av-8hwu6y-6df98332e5dd523d6e2fda52f8542d6c '   itemscope=\"itemscope\" itemtype=\"https:\/\/schema.org\/CreativeWork\" ><div class='avia_textblock'  itemprop=\"text\" ><h4 style=\"text-align: center;\">V\u00e9g\u00e1ll\u00e1s be\u00e1ll\u00edt\u00e1sa<\/h4>\n<\/div><\/section><\/p><\/div><div  class='flex_column av-lshfgr2m-90f18ad7bece9acbdbab3df87426cc57 av_one_fourth  avia-builder-el-7  el_after_av_one_fourth  el_before_av_one_fourth  flex_column_div avia-link-column av-column-link  '    data-link-column-url=\"https:\/\/berdoalutechnic.hu\/wp-content\/uploads\/Mech_VegallBeall_PRIMO.pdf\"  data-link-column-target=\"_blank\"   ><a class=\"av-screen-reader-only\" href=\"https:\/\/berdoalutechnic.hu\/wp-content\/uploads\/Mech_VegallBeall_PRIMO.pdf\" target=\"_blank\" rel=\"noopener\">Follow a manual added link<\/a><p>\n<style type=\"text\/css\" data-created_by=\"avia_inline_auto\" id=\"style-css-av-83y822-7a1dd96594ad6005edf126150bcb87ad\">\n.avia-image-container.av-83y822-7a1dd96594ad6005edf126150bcb87ad img.avia_image{\nbox-shadow:none;\n}\n.avia-image-container.av-83y822-7a1dd96594ad6005edf126150bcb87ad .av-image-caption-overlay-center{\ncolor:#ffffff;\n}\n<\/style>\n<div  class='avia-image-container av-83y822-7a1dd96594ad6005edf126150bcb87ad av-styling- avia-align-center  avia-builder-el-8  el_before_av_textblock  avia-builder-el-first '   itemprop=\"image\" itemscope=\"itemscope\" itemtype=\"https:\/\/schema.org\/ImageObject\" ><div class=\"avia-image-container-inner\"><div class=\"avia-image-overlay-wrap\"><img decoding=\"async\" class='wp-image-7452 avia-img-lazy-loading-not-7452 avia_image ' src=\"https:\/\/berdoalutechnic.hu\/wp-content\/uploads\/primo_logo.png\" alt='' title='primo_logo'  height=\"326\" width=\"863\"  itemprop=\"thumbnailUrl\" srcset=\"https:\/\/berdoalutechnic.hu\/wp-content\/uploads\/primo_logo.png 863w, https:\/\/berdoalutechnic.hu\/wp-content\/uploads\/primo_logo-300x113.png 300w, https:\/\/berdoalutechnic.hu\/wp-content\/uploads\/primo_logo-768x290.png 768w, https:\/\/berdoalutechnic.hu\/wp-content\/uploads\/primo_logo-705x266.png 705w, https:\/\/berdoalutechnic.hu\/wp-content\/uploads\/primo_logo-450x170.png 450w, https:\/\/berdoalutechnic.hu\/wp-content\/uploads\/primo_logo-600x227.png 600w\" sizes=\"(max-width: 863px) 100vw, 863px\" \/><\/div><\/div><\/div><br \/>\n<section  class='av_textblock_section av-lshfgglu-8dcdf49f2a27094ffd63b00e96aa026c '   itemscope=\"itemscope\" itemtype=\"https:\/\/schema.org\/CreativeWork\" ><div class='avia_textblock'  itemprop=\"text\" ><h4 style=\"text-align: center;\">V\u00e9g\u00e1ll\u00e1s be\u00e1ll\u00edt\u00e1sa mechanikus motorokn\u00e1l<\/h4>\n<\/div><\/section><\/p><\/div><div  class='flex_column av-lshfhdez-21395e796416730573e6c32a7a2d11bc av_one_fourth  avia-builder-el-10  el_after_av_one_fourth  el_before_av_one_fourth  flex_column_div avia-link-column av-column-link  '    data-link-column-url=\"https:\/\/berdoalutechnic.hu\/wp-content\/uploads\/AkadalyErz_TavirProgr_PRIMO.pdf\"  data-link-column-target=\"_blank\"   ><a class=\"av-screen-reader-only\" href=\"https:\/\/berdoalutechnic.hu\/wp-content\/uploads\/AkadalyErz_TavirProgr_PRIMO.pdf\" target=\"_blank\" rel=\"noopener\">Follow a manual added link<\/a><p>\n<style type=\"text\/css\" data-created_by=\"avia_inline_auto\" id=\"style-css-av-641hm2-8cabc2ee17ea1720f35115ec03fafe46\">\n.avia-image-container.av-641hm2-8cabc2ee17ea1720f35115ec03fafe46 img.avia_image{\nbox-shadow:none;\n}\n.avia-image-container.av-641hm2-8cabc2ee17ea1720f35115ec03fafe46 .av-image-caption-overlay-center{\ncolor:#ffffff;\n}\n<\/style>\n<div  class='avia-image-container av-641hm2-8cabc2ee17ea1720f35115ec03fafe46 av-styling- avia-align-center  avia-builder-el-11  el_before_av_textblock  avia-builder-el-first '   itemprop=\"image\" itemscope=\"itemscope\" itemtype=\"https:\/\/schema.org\/ImageObject\" ><div class=\"avia-image-container-inner\"><div class=\"avia-image-overlay-wrap\"><img decoding=\"async\" class='wp-image-7452 avia-img-lazy-loading-not-7452 avia_image ' src=\"https:\/\/berdoalutechnic.hu\/wp-content\/uploads\/primo_logo.png\" alt='' title='primo_logo'  height=\"326\" width=\"863\"  itemprop=\"thumbnailUrl\" srcset=\"https:\/\/berdoalutechnic.hu\/wp-content\/uploads\/primo_logo.png 863w, https:\/\/berdoalutechnic.hu\/wp-content\/uploads\/primo_logo-300x113.png 300w, https:\/\/berdoalutechnic.hu\/wp-content\/uploads\/primo_logo-768x290.png 768w, https:\/\/berdoalutechnic.hu\/wp-content\/uploads\/primo_logo-705x266.png 705w, https:\/\/berdoalutechnic.hu\/wp-content\/uploads\/primo_logo-450x170.png 450w, https:\/\/berdoalutechnic.hu\/wp-content\/uploads\/primo_logo-600x227.png 600w\" sizes=\"(max-width: 863px) 100vw, 863px\" \/><\/div><\/div><\/div><br \/>\n<section  class='av_textblock_section av-lshfh7ve-716ecfc0070cc08e4e0e82eaa2fe5d15 '   itemscope=\"itemscope\" itemtype=\"https:\/\/schema.org\/CreativeWork\" ><div class='avia_textblock'  itemprop=\"text\" ><h4 style=\"text-align: center;\">Akad\u00e1ly\u00e9rz\u00e9kel\u0151s motorok, be\u00e1ll\u00edt\u00e1sa, programoz\u00e1sa<\/h4>\n<\/div><\/section><\/p><\/div><div  class='flex_column av-lshfi8tl-980395e6269c35e85ccc72769730aa3e av_one_fourth  avia-builder-el-13  el_after_av_one_fourth  el_before_av_one_fourth  flex_column_div avia-link-column av-column-link  '    data-link-column-url=\"https:\/\/berdoalutechnic.hu\/wp-content\/uploads\/Ipod_StileTavirProgr_PRIMO.pdf\"  data-link-column-target=\"_blank\"   ><a class=\"av-screen-reader-only\" href=\"https:\/\/berdoalutechnic.hu\/wp-content\/uploads\/Ipod_StileTavirProgr_PRIMO.pdf\" target=\"_blank\" rel=\"noopener\">Follow a manual added link<\/a><p>\n<style type=\"text\/css\" data-created_by=\"avia_inline_auto\" id=\"style-css-av-fvya2-f8639c024f262855ea7d1b9bb07b6aa3\">\n.avia-image-container.av-fvya2-f8639c024f262855ea7d1b9bb07b6aa3 img.avia_image{\nbox-shadow:none;\n}\n.avia-image-container.av-fvya2-f8639c024f262855ea7d1b9bb07b6aa3 .av-image-caption-overlay-center{\ncolor:#ffffff;\n}\n<\/style>\n<div  class='avia-image-container av-fvya2-f8639c024f262855ea7d1b9bb07b6aa3 av-styling- avia-align-center  avia-builder-el-14  el_before_av_textblock  avia-builder-el-first '   itemprop=\"image\" itemscope=\"itemscope\" itemtype=\"https:\/\/schema.org\/ImageObject\" ><div class=\"avia-image-container-inner\"><div class=\"avia-image-overlay-wrap\"><img decoding=\"async\" class='wp-image-7452 avia-img-lazy-loading-not-7452 avia_image ' src=\"https:\/\/berdoalutechnic.hu\/wp-content\/uploads\/primo_logo.png\" alt='' title='primo_logo'  height=\"326\" width=\"863\"  itemprop=\"thumbnailUrl\" srcset=\"https:\/\/berdoalutechnic.hu\/wp-content\/uploads\/primo_logo.png 863w, https:\/\/berdoalutechnic.hu\/wp-content\/uploads\/primo_logo-300x113.png 300w, https:\/\/berdoalutechnic.hu\/wp-content\/uploads\/primo_logo-768x290.png 768w, https:\/\/berdoalutechnic.hu\/wp-content\/uploads\/primo_logo-705x266.png 705w, https:\/\/berdoalutechnic.hu\/wp-content\/uploads\/primo_logo-450x170.png 450w, https:\/\/berdoalutechnic.hu\/wp-content\/uploads\/primo_logo-600x227.png 600w\" sizes=\"(max-width: 863px) 100vw, 863px\" \/><\/div><\/div><\/div><br \/>\n<section  class='av_textblock_section av-lshfi2kd-733693d8963bd8517bb188daed0ab8d6 '   itemscope=\"itemscope\" itemtype=\"https:\/\/schema.org\/CreativeWork\" ><div class='avia_textblock'  itemprop=\"text\" ><h4 style=\"text-align: center;\">1. csatorn\u00e1s iPod \u00e9s STYLE t\u00e1vir\u00e1ny\u00edt\u00f3k programoz\u00e1sa<\/h4>\n<\/div><\/section><\/p><\/div><div  class='flex_column av-lsg2e6qj-9f373e3d0597e700400148f46f817106 av_one_fourth  avia-builder-el-16  el_after_av_one_fourth  avia-builder-el-last  first flex_column_div avia-link-column av-column-link  column-top-margin'    data-link-column-url=\"https:\/\/berdoalutechnic.hu\/wp-content\/uploads\/RM-Okos-otthon-rendszer-telepitese.pdf\"  data-link-column-target=\"_blank\"   ><a class=\"av-screen-reader-only\" href=\"https:\/\/berdoalutechnic.hu\/wp-content\/uploads\/RM-Okos-otthon-rendszer-telepitese.pdf\" target=\"_blank\" rel=\"noopener\">Follow a manual added link<\/a><p>\n<style type=\"text\/css\" data-created_by=\"avia_inline_auto\" id=\"style-css-av-lsg2dr5j-4624c51722c0b7687097966f49146837\">\n.avia-image-container.av-lsg2dr5j-4624c51722c0b7687097966f49146837 img.avia_image{\nbox-shadow:none;\n}\n.avia-image-container.av-lsg2dr5j-4624c51722c0b7687097966f49146837 .av-image-caption-overlay-center{\ncolor:#ffffff;\n}\n<\/style>\n<div  class='avia-image-container av-lsg2dr5j-4624c51722c0b7687097966f49146837 av-styling- avia-align-center  avia-builder-el-17  el_before_av_textblock  avia-builder-el-first '   itemprop=\"image\" itemscope=\"itemscope\" itemtype=\"https:\/\/schema.org\/ImageObject\" ><div class=\"avia-image-container-inner\"><div class=\"avia-image-overlay-wrap\"><img decoding=\"async\" class='wp-image-7480 avia-img-lazy-loading-not-7480 avia_image ' src=\"https:\/\/berdoalutechnic.hu\/wp-content\/uploads\/Okosotthonok-1030x752.jpeg\" alt='' title='Okosotthonok'  height=\"752\" width=\"1030\"  itemprop=\"thumbnailUrl\" srcset=\"https:\/\/berdoalutechnic.hu\/wp-content\/uploads\/Okosotthonok-1030x752.jpeg 1030w, https:\/\/berdoalutechnic.hu\/wp-content\/uploads\/Okosotthonok-300x219.jpeg 300w, https:\/\/berdoalutechnic.hu\/wp-content\/uploads\/Okosotthonok-768x561.jpeg 768w, https:\/\/berdoalutechnic.hu\/wp-content\/uploads\/Okosotthonok-705x515.jpeg 705w, https:\/\/berdoalutechnic.hu\/wp-content\/uploads\/Okosotthonok-450x329.jpeg 450w, https:\/\/berdoalutechnic.hu\/wp-content\/uploads\/Okosotthonok-600x438.jpeg 600w, https:\/\/berdoalutechnic.hu\/wp-content\/uploads\/Okosotthonok.jpeg 1034w\" sizes=\"(max-width: 1030px) 100vw, 1030px\" \/><\/div><\/div><\/div><br \/>\n<section  class='av_textblock_section av-lsg2by0d-c492ea112944523d8ec997910a4466fc '   itemscope=\"itemscope\" itemtype=\"https:\/\/schema.org\/CreativeWork\" ><div class='avia_textblock'  itemprop=\"text\" ><h4 style=\"text-align: center;\">Okosotthon telep\u00edt\u00e9si \u00fatmutat\u00f3<\/h4>\n<\/div><\/section><\/p><\/div>\n<\/p>\n","protected":false},"excerpt":{"rendered":"","protected":false},"author":1,"featured_media":0,"parent":8433,"menu_order":0,"comment_status":"closed","ping_status":"closed","template":"","meta":{"_monsterinsights_skip_tracking":false,"_monsterinsights_sitenote_active":false,"_monsterinsights_sitenote_note":"","_monsterinsights_sitenote_category":0,"footnotes":""},"class_list":["post-8438","page","type-page","status-publish","hentry"],"yoast_head":"<!-- This site is optimized with the Yoast SEO Premium plugin v27.1 (Yoast SEO v27.1.1) - https:\/\/yoast.com\/product\/yoast-seo-premium-wordpress\/ -->\n<title>Manuale de utilizare - Berdo Alutechnic<\/title>\n<meta name=\"robots\" content=\"index, follow, max-snippet:-1, max-image-preview:large, max-video-preview:-1\" \/>\n<link rel=\"canonical\" href=\"https:\/\/berdoalutechnic.hu\/ro\/componente\/ghiduri\/manuale-de-utilizare\/\" \/>\n<meta property=\"og:locale\" content=\"ro_RO\" \/>\n<meta property=\"og:type\" content=\"article\" \/>\n<meta property=\"og:title\" content=\"Manuale de utilizare\" \/>\n<meta property=\"og:url\" content=\"https:\/\/berdoalutechnic.hu\/ro\/componente\/ghiduri\/manuale-de-utilizare\/\" \/>\n<meta property=\"og:site_name\" content=\"Berdo Alutechnic\" \/>\n<meta property=\"article:modified_time\" content=\"2024-08-03T13:29:12+00:00\" \/>\n<meta name=\"twitter:card\" content=\"summary_large_image\" \/>\n<meta name=\"twitter:label1\" content=\"Timp estimat pentru citire\" \/>\n\t<meta name=\"twitter:data1\" content=\"2 minute\" \/>\n<script type=\"application\/ld+json\" class=\"yoast-schema-graph\">{\"@context\":\"https:\/\/schema.org\",\"@graph\":[{\"@type\":\"WebPage\",\"@id\":\"https:\/\/berdoalutechnic.hu\/ro\/componente\/ghiduri\/manuale-de-utilizare\/\",\"url\":\"https:\/\/berdoalutechnic.hu\/ro\/componente\/ghiduri\/manuale-de-utilizare\/\",\"name\":\"Manuale de utilizare - Berdo Alutechnic\",\"isPartOf\":{\"@id\":\"https:\/\/berdoalutechnic.hu\/#website\"},\"datePublished\":\"2024-02-11T11:38:34+00:00\",\"dateModified\":\"2024-08-03T13:29:12+00:00\",\"breadcrumb\":{\"@id\":\"https:\/\/berdoalutechnic.hu\/ro\/componente\/ghiduri\/manuale-de-utilizare\/#breadcrumb\"},\"inLanguage\":\"ro-RO\",\"potentialAction\":[{\"@type\":\"ReadAction\",\"target\":[\"https:\/\/berdoalutechnic.hu\/ro\/componente\/ghiduri\/manuale-de-utilizare\/\"]}]},{\"@type\":\"BreadcrumbList\",\"@id\":\"https:\/\/berdoalutechnic.hu\/ro\/componente\/ghiduri\/manuale-de-utilizare\/#breadcrumb\",\"itemListElement\":[{\"@type\":\"ListItem\",\"position\":1,\"name\":\"Kezd\u0151lap\",\"item\":\"https:\/\/berdoalutechnic.hu\/ro\/pagina-principala\/\"},{\"@type\":\"ListItem\",\"position\":2,\"name\":\"Componente\",\"item\":\"https:\/\/berdoalutechnic.hu\/ro\/componente\/\"},{\"@type\":\"ListItem\",\"position\":3,\"name\":\"Ghiduri\",\"item\":\"https:\/\/berdoalutechnic.hu\/ro\/componente\/ghiduri\/\"},{\"@type\":\"ListItem\",\"position\":4,\"name\":\"Manuale de utilizare\"}]},{\"@type\":\"WebSite\",\"@id\":\"https:\/\/berdoalutechnic.hu\/#website\",\"url\":\"https:\/\/berdoalutechnic.hu\/\",\"name\":\"Berdo Alutechnic\",\"description\":\"\",\"publisher\":{\"@id\":\"https:\/\/berdoalutechnic.hu\/#organization\"},\"potentialAction\":[{\"@type\":\"SearchAction\",\"target\":{\"@type\":\"EntryPoint\",\"urlTemplate\":\"https:\/\/berdoalutechnic.hu\/?s={search_term_string}\"},\"query-input\":{\"@type\":\"PropertyValueSpecification\",\"valueRequired\":true,\"valueName\":\"search_term_string\"}}],\"inLanguage\":\"ro-RO\"},{\"@type\":\"Organization\",\"@id\":\"https:\/\/berdoalutechnic.hu\/#organization\",\"name\":\"Berdo Alutechnic\",\"url\":\"https:\/\/berdoalutechnic.hu\/\",\"logo\":{\"@type\":\"ImageObject\",\"inLanguage\":\"ro-RO\",\"@id\":\"https:\/\/berdoalutechnic.hu\/#\/schema\/logo\/image\/\",\"url\":\"https:\/\/berdoalutechnic.hu\/wp-content\/uploads\/BALogo_email_tiny.png\",\"contentUrl\":\"https:\/\/berdoalutechnic.hu\/wp-content\/uploads\/BALogo_email_tiny.png\",\"width\":338,\"height\":167,\"caption\":\"Berdo Alutechnic\"},\"image\":{\"@id\":\"https:\/\/berdoalutechnic.hu\/#\/schema\/logo\/image\/\"}}]}<\/script>\n<!-- \/ Yoast SEO Premium plugin. -->","yoast_head_json":{"title":"Manuale de utilizare - Berdo Alutechnic","robots":{"index":"index","follow":"follow","max-snippet":"max-snippet:-1","max-image-preview":"max-image-preview:large","max-video-preview":"max-video-preview:-1"},"canonical":"https:\/\/berdoalutechnic.hu\/ro\/componente\/ghiduri\/manuale-de-utilizare\/","og_locale":"ro_RO","og_type":"article","og_title":"Manuale de utilizare","og_url":"https:\/\/berdoalutechnic.hu\/ro\/componente\/ghiduri\/manuale-de-utilizare\/","og_site_name":"Berdo Alutechnic","article_modified_time":"2024-08-03T13:29:12+00:00","twitter_card":"summary_large_image","twitter_misc":{"Timp estimat pentru citire":"2 minute"},"schema":{"@context":"https:\/\/schema.org","@graph":[{"@type":"WebPage","@id":"https:\/\/berdoalutechnic.hu\/ro\/componente\/ghiduri\/manuale-de-utilizare\/","url":"https:\/\/berdoalutechnic.hu\/ro\/componente\/ghiduri\/manuale-de-utilizare\/","name":"Manuale de utilizare - Berdo Alutechnic","isPartOf":{"@id":"https:\/\/berdoalutechnic.hu\/#website"},"datePublished":"2024-02-11T11:38:34+00:00","dateModified":"2024-08-03T13:29:12+00:00","breadcrumb":{"@id":"https:\/\/berdoalutechnic.hu\/ro\/componente\/ghiduri\/manuale-de-utilizare\/#breadcrumb"},"inLanguage":"ro-RO","potentialAction":[{"@type":"ReadAction","target":["https:\/\/berdoalutechnic.hu\/ro\/componente\/ghiduri\/manuale-de-utilizare\/"]}]},{"@type":"BreadcrumbList","@id":"https:\/\/berdoalutechnic.hu\/ro\/componente\/ghiduri\/manuale-de-utilizare\/#breadcrumb","itemListElement":[{"@type":"ListItem","position":1,"name":"Kezd\u0151lap","item":"https:\/\/berdoalutechnic.hu\/ro\/pagina-principala\/"},{"@type":"ListItem","position":2,"name":"Componente","item":"https:\/\/berdoalutechnic.hu\/ro\/componente\/"},{"@type":"ListItem","position":3,"name":"Ghiduri","item":"https:\/\/berdoalutechnic.hu\/ro\/componente\/ghiduri\/"},{"@type":"ListItem","position":4,"name":"Manuale de utilizare"}]},{"@type":"WebSite","@id":"https:\/\/berdoalutechnic.hu\/#website","url":"https:\/\/berdoalutechnic.hu\/","name":"Berdo Alutechnic","description":"","publisher":{"@id":"https:\/\/berdoalutechnic.hu\/#organization"},"potentialAction":[{"@type":"SearchAction","target":{"@type":"EntryPoint","urlTemplate":"https:\/\/berdoalutechnic.hu\/?s={search_term_string}"},"query-input":{"@type":"PropertyValueSpecification","valueRequired":true,"valueName":"search_term_string"}}],"inLanguage":"ro-RO"},{"@type":"Organization","@id":"https:\/\/berdoalutechnic.hu\/#organization","name":"Berdo Alutechnic","url":"https:\/\/berdoalutechnic.hu\/","logo":{"@type":"ImageObject","inLanguage":"ro-RO","@id":"https:\/\/berdoalutechnic.hu\/#\/schema\/logo\/image\/","url":"https:\/\/berdoalutechnic.hu\/wp-content\/uploads\/BALogo_email_tiny.png","contentUrl":"https:\/\/berdoalutechnic.hu\/wp-content\/uploads\/BALogo_email_tiny.png","width":338,"height":167,"caption":"Berdo Alutechnic"},"image":{"@id":"https:\/\/berdoalutechnic.hu\/#\/schema\/logo\/image\/"}}]}},"_links":{"self":[{"href":"https:\/\/berdoalutechnic.hu\/ro\/wp-json\/wp\/v2\/pages\/8438","targetHints":{"allow":["GET"]}}],"collection":[{"href":"https:\/\/berdoalutechnic.hu\/ro\/wp-json\/wp\/v2\/pages"}],"about":[{"href":"https:\/\/berdoalutechnic.hu\/ro\/wp-json\/wp\/v2\/types\/page"}],"author":[{"embeddable":true,"href":"https:\/\/berdoalutechnic.hu\/ro\/wp-json\/wp\/v2\/users\/1"}],"replies":[{"embeddable":true,"href":"https:\/\/berdoalutechnic.hu\/ro\/wp-json\/wp\/v2\/comments?post=8438"}],"version-history":[{"count":2,"href":"https:\/\/berdoalutechnic.hu\/ro\/wp-json\/wp\/v2\/pages\/8438\/revisions"}],"predecessor-version":[{"id":8444,"href":"https:\/\/berdoalutechnic.hu\/ro\/wp-json\/wp\/v2\/pages\/8438\/revisions\/8444"}],"up":[{"embeddable":true,"href":"https:\/\/berdoalutechnic.hu\/ro\/wp-json\/wp\/v2\/pages\/8433"}],"wp:attachment":[{"href":"https:\/\/berdoalutechnic.hu\/ro\/wp-json\/wp\/v2\/media?parent=8438"}],"curies":[{"name":"wp","href":"https:\/\/api.w.org\/{rel}","templated":true}]}}