{"id":8455,"date":"2023-09-12T09:47:03","date_gmt":"2023-09-12T07:47:03","guid":{"rendered":"https:\/\/berdoalutechnic.hu\/?page_id=8455"},"modified":"2024-08-03T15:35:52","modified_gmt":"2024-08-03T13:35:52","slug":"notificare-de-confidentialitate","status":"publish","type":"page","link":"https:\/\/berdoalutechnic.hu\/ro\/notificare-de-confidentialitate\/","title":{"rendered":"Notificare de confiden\u021bialitate"},"content":{"rendered":"<section  class='av_textblock_section av-lze6e2p3-47f53e796b889383064072798b81ec4a '   itemscope=\"itemscope\" itemtype=\"https:\/\/schema.org\/CreativeWork\" ><div class='avia_textblock'  itemprop=\"text\" ><h2 class=\"wp-block-heading\" style=\"text-align: center;\"><strong>Notificare de confiden\u021bialitate<\/strong><\/h2>\n<p>Jelen t\u00e1j\u00e9koztat\u00e1s c\u00e9lja, hogy a berdoalutechnic.hu weboldal felhaszn\u00e1l\u00f3i \u00e1ltal, az oldal haszn\u00e1lata sor\u00e1n megadott \u00e9s a weboldal \u00fczemeltet\u0151i sz\u00e1m\u00e1ra kezelt szem\u00e9lyes adatok \u00e9s egy\u00e9b adatok kezel\u00e9s\u00e9re vonatkoz\u00f3 rendelkez\u00e9seket meghat\u00e1rozza. \u200bA jelen adatkezel\u00e9si szab\u00e1lyzat a berdoalutechnic.hu weboldalon a l\u00e1togat\u00f3k \u00e1ltal \u00f6nk\u00e9ntes hozz\u00e1j\u00e1rul\u00e1ssal megadott, a honlapon tal\u00e1lhat\u00f3 inform\u00e1ci\u00f3k let\u00f6lt\u00e9s\u00e9hez \u00e9s h\u00edrlev\u00e9l kik\u00fcld\u00e9s\u00e9hez, valamint partneri regisztr\u00e1ci\u00f3hoz kapcsol\u00f3d\u00f3 adatok t\u00e1rol\u00e1s\u00e1ra \u00e9s kezel\u00e9s\u00e9re vonatkozik. A szem\u00e9lyes adatok kezel\u00e9s\u00e9t az Adatkezel\u0151 al\u00e1bbi alapelvek betart\u00e1sa mellett v\u00e9gzi: 1. \u200bSzem\u00e9lyes adat kiz\u00e1r\u00f3lag meghat\u00e1rozott c\u00e9lb\u00f3l, jog gyakorl\u00e1sa \u00e9s k\u00f6telezetts\u00e9g teljes\u00edt\u00e9se \u00e9rdek\u00e9ben kezelhet\u0151. Az adatkezel\u00e9snek minden szakasz\u00e1ban meg kell felelnie az adatkezel\u00e9s c\u00e9lj\u00e1nak, az adatok felv\u00e9tel\u00e9nek \u00e9s kezel\u00e9s\u00e9nek tisztess\u00e9gesnek \u00e9s t\u00f6rv\u00e9nyesnek kell lennie. 2. Csak olyan szem\u00e9lyes adat kezelhet\u0151, amely az adatkezel\u00e9s c\u00e9lj\u00e1nak megval\u00f3sul\u00e1s\u00e1hoz elengedhetetlen, a c\u00e9l el\u00e9r\u00e9s\u00e9re alkalmas. A szem\u00e9lyes adat csak a c\u00e9l megval\u00f3sul\u00e1s\u00e1hoz sz\u00fcks\u00e9ges m\u00e9rt\u00e9kben \u00e9s ideig kezelhet\u0151. 3. A szem\u00e9lyes adat az adatkezel\u00e9s sor\u00e1n mindaddig meg\u0151rzi e min\u0151s\u00e9g\u00e9t, am\u00edg kapcsolata az \u00e9rintettel helyre\u00e1ll\u00edthat\u00f3. Az \u00e9rintettel akkor helyre\u00e1ll\u00edthat\u00f3 a kapcsolat, ha az adatkezel\u0151 rendelkezik azokkal a technikai felt\u00e9telekkel, amelyek a helyre\u00e1ll\u00edt\u00e1shoz sz\u00fcks\u00e9gesek. 4. Az adatkezel\u00e9s sor\u00e1n biztos\u00edtani kell az adatok pontoss\u00e1g\u00e1t, teljess\u00e9g\u00e9t \u00e9s &#8211; ha az adatkezel\u00e9s c\u00e9lj\u00e1ra tekintettel sz\u00fcks\u00e9ges &#8211; naprak\u00e9szs\u00e9g\u00e9t, valamint azt, hogy az \u00e9rintettet csak az adatkezel\u00e9s c\u00e9lj\u00e1hoz sz\u00fcks\u00e9ges ideig lehessen azonos\u00edtani.\u200b<\/p>\n<h3>I. \u00c1LTAL\u00c1NOS RENDELKEZ\u00c9SEK<\/h3>\n<p>Az adatkezel\u0151 megnevez\u00e9se: BERDO Alutechnic (tov\u00e1bbiakban: Adatkezel\u0151), t\u00f6rv\u00e9nyes k\u00e9pviselet\u00e9re jogosult szem\u00e9ly: Berd\u00f3 Bal\u00e1zs \u00fcgyvezet\u0151 Az adatkezel\u0151 c\u00edme: 7635 Cserk\u00fat HSZ089\/36 Az adatkezel\u0151 el\u00e9rhet\u0151s\u00e9gei: email: info@berdoalutechnic.hu tel: +36 70 415 5746 honlap: berdoalutechnic.hu Az adatkezel\u00e9s jogalapja: az inform\u00e1ci\u00f3s \u00f6nrendelkez\u00e9si jogr\u00f3l \u00e9s az inform\u00e1ci\u00f3szabads\u00e1gr\u00f3l sz\u00f3l\u00f3 2011. \u00e9vi CXII. t\u00f6rv\u00e9ny 5. \u00a7 (1) bekezd\u00e9s a) pontja alapj\u00e1n az \u00e9rintett hozz\u00e1j\u00e1rul\u00e1sa Adatkezel\u00e9ssel \u00e9rintettek k\u00f6re: a weboldalt megl\u00e1togat\u00f3k, a h\u00edrlev\u00e9lre regisztr\u00e1l\u00f3k, a partneri adatb\u00e1zisba regisztr\u00e1l\u00f3k Hozz\u00e1j\u00e1rul\u00e1s az adatkezel\u00e9shez: a Felhaszn\u00e1l\u00f3k a regisztr\u00e1ci\u00f3 sor\u00e1n kifejezetten hozz\u00e1j\u00e1rulnak ahhoz, hogy szem\u00e9lyes adatait az Adatkezel\u0151 a jelen t\u00e1j\u00e9koztat\u00f3ban \u00edrt m\u00f3don kezelje. Az adatkezel\u00e9s c\u00e9lja: kapcsolatfelv\u00e9tel \u00e9s h\u00edrlev\u00e9l k\u00fcld\u00e9s (hozz\u00e1j\u00e1rul\u00e1s eset\u00e9n). Az adatkezel\u00e9s m\u00f3dja: manu\u00e1lis adatfeldolgoz\u00e1s<\/p>\n<h3>\u200b2. A KEZELT SZEM\u00c9LYES ADATOK K\u00d6RE<\/h3>\n<p>A felhaszn\u00e1l\u00f3i \u00f6nk\u00e9ntes adatszolg\u00e1ltat\u00e1s sor\u00e1n az al\u00e1bbi adatokat adhatja meg \u00f6nk\u00e9ntes jelleggel a berdoalutechnic.hu oldalon tal\u00e1lhat\u00f3 kapcsolat \u0171rlap ig\u00e9nybev\u00e9tel\u00e9hez: a felhaszn\u00e1l\u00f3 neve &#8211; aki az \u00fczenetet \u00edrja \u2013 c\u00e9l: kapcsolatfelv\u00e9tel, illetve az egyes adatb\u00e1zisokban val\u00f3 azonos\u00edt\u00e1s e-mail c\u00edme \u201cE-mail&#8221; \u2013 c\u00e9l: kapcsolatfelv\u00e9tel, inform\u00e1ci\u00f3 megk\u00fcld\u00e9se, h\u00edrlev\u00e9l k\u00fcld\u00e9se \u00fczenet sz\u00f6vege, tov\u00e1bbi kapcsolattart\u00e1s<\/p>\n<h3>\u200b3. AZ ADATFELDOLGOZ\u00d3K (AZ ADATKEZEL\u00c9SI M\u0170VELETEKHEZ KAPCSOL\u00d3D\u00d3 TECHNIKAI FELADATOKAT V\u00c9GZ\u0150K) SZEM\u00c9LYE:<\/h3>\n<p>MBit Kft. 1193 Budapest, \u00c1ram u. 21. info(kukac)mbit.hu; +36 (30) 941-0842<\/p>\n<h3>4. AZ ADATKEZEL\u00c9S ID\u0150TARTAMA<\/h3>\n<p>A megadott adatokat hat\u00e1rozatlan ideig vagy az \u00e9rintett hozz\u00e1j\u00e1rul\u00e1s\u00e1nak visszavon\u00e1s\u00e1ig kezeli az Adatkezel\u0151.<\/p>\n<h3>\u200b5. ADATTOV\u00c1BB\u00cdT\u00c1S K\u00dcLF\u00d6LDRE<\/h3>\n<p>Nem t\u00f6rt\u00e9nik adattov\u00e1bb\u00edt\u00e1s.<\/p>\n<h3>\u200b6. AZ \u00c9RINTETTEK JOGAI<\/h3>\n<p>Az \u00e9rintett k\u00e9relmezheti az Adatkezel\u0151n\u00e9l a) t\u00e1j\u00e9koztat\u00e1s\u00e1t szem\u00e9lyes adatai kezel\u00e9s\u00e9r\u0151l, b) szem\u00e9lyes adatainak helyesb\u00edt\u00e9s\u00e9t, valamint c) szem\u00e9lyes adatainak &#8211; a k\u00f6telez\u0151 adatkezel\u00e9s kiv\u00e9tel\u00e9vel &#8211; t\u00f6rl\u00e9s\u00e9t vagy z\u00e1rol\u00e1s\u00e1t. Az \u00e9rintett k\u00e9relm\u00e9re az Adatkezel\u0151 t\u00e1j\u00e9koztat\u00e1st ad az \u00e9rintett \u00e1ltala kezelt, illetve az \u00e1ltala vagy rendelkez\u00e9se szerint megb\u00edzott adatfeldolgoz\u00f3 \u00e1ltal feldolgozott adatair\u00f3l, azok forr\u00e1s\u00e1r\u00f3l, az adatkezel\u00e9s c\u00e9lj\u00e1r\u00f3l, jogalapj\u00e1r\u00f3l, id\u0151tartam\u00e1r\u00f3l, az adatfeldolgoz\u00f3 nev\u00e9r\u0151l, c\u00edm\u00e9r\u0151l \u00e9s az adatkezel\u00e9ssel \u00f6sszef\u00fcgg\u0151 tev\u00e9kenys\u00e9g\u00e9r\u0151l, az adatv\u00e9delmi incidens k\u00f6r\u00fclm\u00e9nyeir\u0151l, hat\u00e1sair\u00f3l \u00e9s az elh\u00e1r\u00edt\u00e1s\u00e1ra megtett int\u00e9zked\u00e9sekr\u0151l, tov\u00e1bb\u00e1 &#8211; az \u00e9rintett szem\u00e9lyes adatainak tov\u00e1bb\u00edt\u00e1sa eset\u00e9n &#8211; az adattov\u00e1bb\u00edt\u00e1s jogalapj\u00e1r\u00f3l \u00e9s c\u00edmzettj\u00e9r\u0151l. Az Adatkezel\u0151 &#8211; ha bels\u0151 adatv\u00e9delmi felel\u0151ssel rendelkezik, a bels\u0151 adatv\u00e9delmi felel\u0151s \u00fatj\u00e1n &#8211; az adatv\u00e9delmi incidenssel kapcsolatos int\u00e9zked\u00e9sek ellen\u0151rz\u00e9se, valamint az \u00e9rintett t\u00e1j\u00e9koztat\u00e1sa c\u00e9lj\u00e1b\u00f3l nyilv\u00e1ntart\u00e1st vezet, amely tartalmazza az \u00e9rintett szem\u00e9lyes adatok k\u00f6r\u00e9t, az adatv\u00e9delmi incidenssel \u00e9rintettek k\u00f6r\u00e9t \u00e9s sz\u00e1m\u00e1t, az adatv\u00e9delmi incidens id\u0151pontj\u00e1t, k\u00f6r\u00fclm\u00e9nyeit, hat\u00e1sait \u00e9s az elh\u00e1r\u00edt\u00e1s\u00e1ra megtett int\u00e9zked\u00e9seket, valamint az adatkezel\u00e9st el\u0151\u00edr\u00f3 jogszab\u00e1lyban meghat\u00e1rozott egy\u00e9b adatokat. Az Adatkezel\u0151 k\u00f6teles a k\u00e9relem beny\u00fajt\u00e1s\u00e1t\u00f3l sz\u00e1m\u00edtott legr\u00f6videbb id\u0151 alatt, legfeljebb azonban 30 napon bel\u00fcl, k\u00f6z\u00e9rthet\u0151 form\u00e1ban, az \u00e9rintett erre ir\u00e1nyul\u00f3 k\u00e9relm\u00e9re \u00edr\u00e1sban megadni a t\u00e1j\u00e9koztat\u00e1st. A t\u00e1j\u00e9koztat\u00e1s ingyenes. \u200bAz Adatkezel\u0151 a szem\u00e9lyes adatot t\u00f6rli, ha i) kezel\u00e9se jogellenes; ii) az \u00e9rintett k\u00e9ri; iii) az hi\u00e1nyos vagy t\u00e9ves &#8211; \u00e9s ez az \u00e1llapot jogszer\u0171en nem orvosolhat\u00f3 -, felt\u00e9ve, hogy a t\u00f6rl\u00e9st t\u00f6rv\u00e9ny nem z\u00e1rja ki; iv) az adatkezel\u00e9s c\u00e9lja megsz\u0171nt, vagy az adatok t\u00e1rol\u00e1s\u00e1nak t\u00f6rv\u00e9nyben meghat\u00e1rozott hat\u00e1rideje lej\u00e1rt; v) azt a b\u00edr\u00f3s\u00e1g vagy a Hat\u00f3s\u00e1g elrendelte. A helyesb\u00edt\u00e9sr\u0151l, a z\u00e1rol\u00e1sr\u00f3l, a megjel\u00f6l\u00e9sr\u0151l \u00e9s a t\u00f6rl\u00e9sr\u0151l az \u00e9rintettet, tov\u00e1bb\u00e1 mindazokat \u00e9rtes\u00edteni kell, akiknek kor\u00e1bban az adatot adatkezel\u00e9s c\u00e9lj\u00e1ra tov\u00e1bb\u00edtott\u00e1k. Az \u00e9rtes\u00edt\u00e9s mell\u0151zhet\u0151, ha ez az adatkezel\u00e9s c\u00e9lj\u00e1ra val\u00f3 tekintettel az \u00e9rintett jogos \u00e9rdek\u00e9t nem s\u00e9rti. Ha az Adatkezel\u0151 az \u00e9rintett helyesb\u00edt\u00e9s, z\u00e1rol\u00e1s vagy t\u00f6rl\u00e9s ir\u00e1nti k\u00e9relm\u00e9t nem teljes\u00edti, a k\u00e9relem k\u00e9zhezv\u00e9tel\u00e9t k\u00f6vet\u0151 30 napon bel\u00fcl \u00edr\u00e1sban vagy az \u00e9rintett hozz\u00e1j\u00e1rul\u00e1s\u00e1val elektronikus \u00faton k\u00f6zli a helyesb\u00edt\u00e9s, z\u00e1rol\u00e1s vagy t\u00f6rl\u00e9s ir\u00e1nti k\u00e9relem elutas\u00edt\u00e1s\u00e1nak t\u00e9nybeli \u00e9s jogi indokait. A helyesb\u00edt\u00e9s, t\u00f6rl\u00e9s vagy z\u00e1rol\u00e1s ir\u00e1nti k\u00e9relem elutas\u00edt\u00e1sa eset\u00e9n az Adatkezel\u0151 t\u00e1j\u00e9koztatja az \u00e9rintettet a b\u00edr\u00f3s\u00e1gi jogorvoslat, tov\u00e1bb\u00e1 a Hat\u00f3s\u00e1ghoz fordul\u00e1s lehet\u0151s\u00e9g\u00e9r\u0151l.<\/p>\n<h3>\u200b7. TILTAKOZ\u00c1S A SZEM\u00c9LYES ADATOK KEZEL\u00c9SE ELLEN<\/h3>\n<p>Az \u00e9rintett tiltakozhat szem\u00e9lyes adat\u00e1nak kezel\u00e9se ellen, a) ha a szem\u00e9lyes adatok kezel\u00e9se vagy tov\u00e1bb\u00edt\u00e1sa kiz\u00e1r\u00f3lag az Adatkezel\u0151re vonatkoz\u00f3 jogi k\u00f6telezetts\u00e9g teljes\u00edt\u00e9s\u00e9hez vagy az Adatkezel\u0151, adat\u00e1tvev\u0151 vagy harmadik szem\u00e9ly jogos \u00e9rdek\u00e9nek \u00e9rv\u00e9nyes\u00edt\u00e9s\u00e9hez sz\u00fcks\u00e9ges, kiv\u00e9ve k\u00f6telez\u0151 adatkezel\u00e9s eset\u00e9n; b) ha a szem\u00e9lyes adat felhaszn\u00e1l\u00e1sa vagy tov\u00e1bb\u00edt\u00e1sa k\u00f6zvetlen \u00fczletszerz\u00e9s, k\u00f6zv\u00e9lem\u00e9ny-kutat\u00e1s vagy tudom\u00e1nyos kutat\u00e1s c\u00e9lj\u00e1ra t\u00f6rt\u00e9nik; valamint c) t\u00f6rv\u00e9nyben meghat\u00e1rozott egy\u00e9b esetben. \u200bAz Adatkezel\u0151 a tiltakoz\u00e1st a k\u00e9relem beny\u00fajt\u00e1s\u00e1t\u00f3l sz\u00e1m\u00edtott legr\u00f6videbb id\u0151n bel\u00fcl, de legfeljebb 15 napon bel\u00fcl megvizsg\u00e1lja, annak megalapozotts\u00e1ga k\u00e9rd\u00e9s\u00e9ben d\u00f6nt\u00e9st hoz, \u00e9s d\u00f6nt\u00e9s\u00e9r\u0151l a k\u00e9relmez\u0151t \u00edr\u00e1sban t\u00e1j\u00e9koztatja. \u200bHa az Adatkezel\u0151 az \u00e9rintett tiltakoz\u00e1s\u00e1nak megalapozotts\u00e1g\u00e1t meg\u00e1llap\u00edtja, az adatkezel\u00e9st &#8211; bele\u00e9rtve a tov\u00e1bbi adatfelv\u00e9telt \u00e9s adattov\u00e1bb\u00edt\u00e1st is &#8211; megsz\u00fcnteti, \u00e9s az adatokat z\u00e1rolja, valamint a tiltakoz\u00e1sr\u00f3l, tov\u00e1bb\u00e1 az annak alapj\u00e1n tett int\u00e9zked\u00e9sekr\u0151l \u00e9rtes\u00edti mindazokat, akik r\u00e9sz\u00e9re a tiltakoz\u00e1ssal \u00e9rintett szem\u00e9lyes adatot kor\u00e1bban tov\u00e1bb\u00edtotta, \u00e9s akik k\u00f6telesek int\u00e9zkedni a tiltakoz\u00e1si jog \u00e9rv\u00e9nyes\u00edt\u00e9se \u00e9rdek\u00e9ben. \u200bHa az \u00e9rintett az Adatkezel\u0151 meghozott d\u00f6nt\u00e9s\u00e9vel nem \u00e9rt egyet, illetve ha az Adatkezel\u0151 a fenti hat\u00e1rid\u0151t elmulasztja, az \u00e9rintett &#8211; a d\u00f6nt\u00e9s k\u00f6zl\u00e9s\u00e9t\u0151l, illetve a hat\u00e1rid\u0151 utols\u00f3 napj\u00e1t\u00f3l sz\u00e1m\u00edtott 30 napon bel\u00fcl b\u00edr\u00f3s\u00e1ghoz fordulhat. \u200bAmennyiben az \u00e9rintett szem\u00e9lyes adatai kezel\u00e9se ellen tiltakozik, avagy b\u00edr\u00f3s\u00e1gi jogorvoslattal \u00e9l, tov\u00e1bb\u00e1 amennyiben harmadik szem\u00e9lyt\u0151l olyan adatk\u00f6zl\u00e9sre ir\u00e1nyul\u00f3 megkeres\u00e9s \u00e9rkezik, mely nem az \u00e9rintett hozz\u00e1j\u00e1rul\u00e1s\u00e1n alapul, \u00fagy a fentiek jogszer\u0171s\u00e9g\u00e9nek elb\u00edr\u00e1l\u00e1s\u00e1hoz sz\u00fcks\u00e9ges k\u00f6rben az adatok az Adatkezel\u0151 \u00e1ltal megb\u00edzott jogi k\u00e9pvisel\u0151k r\u00e9sz\u00e9re is kiadhat\u00f3k.<\/p>\n<h3>\u200b8. B\u00cdR\u00d3S\u00c1GI JOGORVOSLAT<\/h3>\n<p>Amennyiben a Felhaszn\u00e1l\u00f3 \u00e1ll\u00e1spontja szerint, az Adatkezel\u0151 megs\u00e9rtette a szem\u00e9lyes adatok v\u00e9delm\u00e9hez f\u0171z\u0151d\u0151 jogait, akkor vegy\u00e9k fel vel\u00fcnk a kapcsolatot, hogy az esetleges jogs\u00e9rt\u00e9st orvosolhassuk. \u200bT\u00e1j\u00e9koztatjuk a Felhaszn\u00e1l\u00f3kat tov\u00e1bb\u00e1, hogy az \u00e9rintett a jogainak megs\u00e9rt\u00e9se eset\u00e9n az Adatkezel\u0151 ellen b\u00edr\u00f3s\u00e1ghoz fordulhat. A b\u00edr\u00f3s\u00e1g az \u00fcgyben soron k\u00edv\u00fcl j\u00e1r el. A per elb\u00edr\u00e1l\u00e1sa a t\u00f6rv\u00e9nysz\u00e9k hat\u00e1sk\u00f6r\u00e9be tartozik. A per az adatkezel\u0151 sz\u00e9khelye szerinti, vagy az \u00e9rintett v\u00e1laszt\u00e1sa szerint az \u00e9rintett lak\u00f3helye vagy tart\u00f3zkod\u00e1si helye szerinti t\u00f6rv\u00e9nysz\u00e9k el\u0151tt is megind\u00edthat\u00f3. A perben f\u00e9l lehet az is, akinek egy\u00e9bk\u00e9nt nincs perbeli jogk\u00e9pess\u00e9ge. \u200bHa az Adatkezel\u0151 az \u00e9rintett adatainak jogellenes kezel\u00e9s\u00e9vel vagy az adatbiztons\u00e1g k\u00f6vetelm\u00e9nyeinek megszeg\u00e9s\u00e9vel m\u00e1snak k\u00e1rt okoz, k\u00f6teles azt megt\u00e9r\u00edteni. Ha az Adatkezel\u0151 az \u00e9rintett adatainak jogellenes kezel\u00e9s\u00e9vel vagy az adatbiztons\u00e1g k\u00f6vetelm\u00e9nyeinek megszeg\u00e9s\u00e9vel az \u00e9rintett szem\u00e9lyis\u00e9gi jog\u00e1t megs\u00e9rti, az \u00e9rintett az Adatkezel\u0151t\u0151l s\u00e9relemd\u00edjat k\u00f6vetelhet. Az Adatkezel\u0151 mentes\u00fcl az okozott k\u00e1r\u00e9rt val\u00f3 felel\u0151ss\u00e9g \u00e9s a s\u00e9relemd\u00edj megfizet\u00e9s\u00e9nek k\u00f6telezetts\u00e9ge al\u00f3l, ha bizony\u00edtja, hogy a k\u00e1rt vagy az \u00e9rintett szem\u00e9lyis\u00e9gi jog\u00e1nak s\u00e9relm\u00e9t az adatkezel\u00e9s k\u00f6r\u00e9n k\u00edv\u00fcl es\u0151 elh\u00e1r\u00edthatatlan ok id\u00e9zte el\u0151. Nem kell megt\u00e9r\u00edteni a k\u00e1rt \u00e9s nem k\u00f6vetelhet\u0151 a s\u00e9relemd\u00edj annyiban, amennyiben a k\u00e1r a k\u00e1rosult vagy a szem\u00e9lyis\u00e9gi jog megs\u00e9rt\u00e9s\u00e9vel okozott jogs\u00e9relem az \u00e9rintett sz\u00e1nd\u00e9kos vagy s\u00falyosan gondatlan magatart\u00e1s\u00e1b\u00f3l sz\u00e1rmazott.<\/p>\n<h3>\u200b9. HAT\u00d3S\u00c1G ELJ\u00c1R\u00c1SA<\/h3>\n<p>Az \u00e9rintett panasszal fordulhat, ill. t\u00e1j\u00e9koztat\u00e1st k\u00e9rhet a Hat\u00f3s\u00e1gt\u00f3l is: N\u00e9v: Nemzeti Adatv\u00e9delmi \u00e9s Inform\u00e1ci\u00f3s Hat\u00f3s\u00e1g Sz\u00e9khely: 1125 Budapest Szil\u00e1gyi Erzs\u00e9bet fasor 22\/c. Postac\u00edm: 1530 Budapest, Pf.: 5. Email: ugyfelszolgalat@naih.hu Telefon: +36 (1) 391-1400 Fax: +36 (1) 391-1410 Honlap: http:\/\/naih.hu\u200b<\/p>\n<h2 style=\"text-align: center;\">II. R\u00c9SZLETES ADATKEZEL\u00c9SI RENDELKEZ\u00c9SEK<\/h2>\n<h3>\u200b1. COOKIE-K (S\u00dcTIK) KEZEL\u00c9SE<\/h3>\n<p>Amikor \u00d6n a berdoalutechnic.hu weboldalt olvassa, ez azzal is j\u00e1rhat, hogy cookie-kat vagy hasonl\u00f3 technol\u00f3gi\u00e1kat haszn\u00e1lunk b\u00f6ng\u00e9sz\u0151j\u00e9nek vagy eszk\u00f6z\u00e9nek azonos\u00edt\u00e1s\u00e1hoz. A cookie egy kis f\u00e1jl, amely akkor ker\u00fcl az \u00d6n sz\u00e1m\u00edt\u00f3g\u00e9p\u00e9re, amikor egy webhelyet keres fel. Amikor ism\u00e9t felkeresi az adott webhelyet, a cookie-nak k\u00f6sz\u00f6nhet\u0151en a webhely k\u00e9pes felismerni az \u00d6n b\u00f6ng\u00e9sz\u0151j\u00e9t. A cookie-k t\u00e1rolhatnak felhaszn\u00e1l\u00f3i be\u00e1ll\u00edt\u00e1sokat \u00e9s egy\u00e9b inform\u00e1ci\u00f3kat is. M\u00e1s platformokon \u2013 ahol a cookie-k nem \u00e9rhet\u0151k el vagy nem haszn\u00e1lhat\u00f3k \u2013 egy\u00e9b technol\u00f3gi\u00e1kat is haszn\u00e1lnak, amelyeknek a c\u00e9lja hasonl\u00edt a cookie-k\u00e9hoz: ilyen p\u00e9ld\u00e1ul a hirdet\u00e9sazonos\u00edt\u00f3 az androidos mobileszk\u00f6z\u00f6k\u00f6n. Vissza\u00e1ll\u00edthatja b\u00f6ng\u00e9sz\u0151je be\u00e1ll\u00edt\u00e1sait, hogy az utas\u00edtsa el az \u00f6sszes cookie-t, vagy hogy jelezze, ha a rendszer \u00e9ppen egy cookie-t k\u00fcld. Azonban lehet, hogy bizonyos webhelyfunkci\u00f3k vagy szolg\u00e1ltat\u00e1sok nem fognak megfelel\u0151en m\u0171k\u00f6dni cookie-k n\u00e9lk\u00fcl. A berdoalutechnic.hu weboldalon a Google Analytics \u00e1ltal haszn\u00e1lt cookie-k (s\u00fctik) m\u0171k\u00f6dnek, melyek m\u0171k\u00f6d\u00e9s\u00e9re a Google adatv\u00e9delmi ir\u00e1nyelvei vonatkoznak (https:\/\/support.google.com\/analytics\/answer\/6004245?hl=hu).<\/p>\n<h3>\u200b2. EMAIL C\u00cdMEK MARKETING C\u00c9L\u00da FELHASZN\u00c1L\u00c1SA:<\/h3>\n<p>Nem t\u00f6rt\u00e9nik ilyen jelleg\u0171 felhaszn\u00e1l\u00e1s.<\/p>\n<\/div><\/section>","protected":false},"excerpt":{"rendered":"","protected":false},"author":1,"featured_media":0,"parent":0,"menu_order":0,"comment_status":"closed","ping_status":"closed","template":"","meta":{"_monsterinsights_skip_tracking":false,"_monsterinsights_sitenote_active":false,"_monsterinsights_sitenote_note":"","_monsterinsights_sitenote_category":0,"footnotes":""},"class_list":["post-8455","page","type-page","status-publish","hentry"],"yoast_head":"<!-- This site is optimized with the Yoast SEO Premium plugin v27.1 (Yoast SEO v27.1.1) - https:\/\/yoast.com\/product\/yoast-seo-premium-wordpress\/ -->\n<title>Notificare de confiden\u021bialitate - Berdo Alutechnic<\/title>\n<meta name=\"robots\" content=\"index, follow, max-snippet:-1, max-image-preview:large, max-video-preview:-1\" \/>\n<link rel=\"canonical\" href=\"https:\/\/berdoalutechnic.hu\/ro\/notificare-de-confidentialitate\/\" \/>\n<meta property=\"og:locale\" content=\"ro_RO\" \/>\n<meta property=\"og:type\" content=\"article\" \/>\n<meta property=\"og:title\" content=\"Notificare de confiden\u021bialitate\" \/>\n<meta property=\"og:url\" content=\"https:\/\/berdoalutechnic.hu\/ro\/notificare-de-confidentialitate\/\" \/>\n<meta property=\"og:site_name\" content=\"Berdo Alutechnic\" \/>\n<meta property=\"article:modified_time\" content=\"2024-08-03T13:35:52+00:00\" \/>\n<meta name=\"twitter:card\" content=\"summary_large_image\" \/>\n<meta name=\"twitter:label1\" content=\"Timp estimat pentru citire\" \/>\n\t<meta name=\"twitter:data1\" content=\"8 minute\" \/>\n<script type=\"application\/ld+json\" class=\"yoast-schema-graph\">{\"@context\":\"https:\/\/schema.org\",\"@graph\":[{\"@type\":\"WebPage\",\"@id\":\"https:\/\/berdoalutechnic.hu\/ro\/notificare-de-confidentialitate\/\",\"url\":\"https:\/\/berdoalutechnic.hu\/ro\/notificare-de-confidentialitate\/\",\"name\":\"Notificare de confiden\u021bialitate - Berdo Alutechnic\",\"isPartOf\":{\"@id\":\"https:\/\/berdoalutechnic.hu\/#website\"},\"datePublished\":\"2023-09-12T07:47:03+00:00\",\"dateModified\":\"2024-08-03T13:35:52+00:00\",\"breadcrumb\":{\"@id\":\"https:\/\/berdoalutechnic.hu\/ro\/notificare-de-confidentialitate\/#breadcrumb\"},\"inLanguage\":\"ro-RO\",\"potentialAction\":[{\"@type\":\"ReadAction\",\"target\":[\"https:\/\/berdoalutechnic.hu\/ro\/notificare-de-confidentialitate\/\"]}]},{\"@type\":\"BreadcrumbList\",\"@id\":\"https:\/\/berdoalutechnic.hu\/ro\/notificare-de-confidentialitate\/#breadcrumb\",\"itemListElement\":[{\"@type\":\"ListItem\",\"position\":1,\"name\":\"Kezd\u0151lap\",\"item\":\"https:\/\/berdoalutechnic.hu\/ro\/pagina-principala\/\"},{\"@type\":\"ListItem\",\"position\":2,\"name\":\"Notificare de confiden\u021bialitate\"}]},{\"@type\":\"WebSite\",\"@id\":\"https:\/\/berdoalutechnic.hu\/#website\",\"url\":\"https:\/\/berdoalutechnic.hu\/\",\"name\":\"Berdo Alutechnic\",\"description\":\"\",\"publisher\":{\"@id\":\"https:\/\/berdoalutechnic.hu\/#organization\"},\"potentialAction\":[{\"@type\":\"SearchAction\",\"target\":{\"@type\":\"EntryPoint\",\"urlTemplate\":\"https:\/\/berdoalutechnic.hu\/?s={search_term_string}\"},\"query-input\":{\"@type\":\"PropertyValueSpecification\",\"valueRequired\":true,\"valueName\":\"search_term_string\"}}],\"inLanguage\":\"ro-RO\"},{\"@type\":\"Organization\",\"@id\":\"https:\/\/berdoalutechnic.hu\/#organization\",\"name\":\"Berdo Alutechnic\",\"url\":\"https:\/\/berdoalutechnic.hu\/\",\"logo\":{\"@type\":\"ImageObject\",\"inLanguage\":\"ro-RO\",\"@id\":\"https:\/\/berdoalutechnic.hu\/#\/schema\/logo\/image\/\",\"url\":\"https:\/\/berdoalutechnic.hu\/wp-content\/uploads\/BALogo_email_tiny.png\",\"contentUrl\":\"https:\/\/berdoalutechnic.hu\/wp-content\/uploads\/BALogo_email_tiny.png\",\"width\":338,\"height\":167,\"caption\":\"Berdo Alutechnic\"},\"image\":{\"@id\":\"https:\/\/berdoalutechnic.hu\/#\/schema\/logo\/image\/\"}}]}<\/script>\n<!-- \/ Yoast SEO Premium plugin. -->","yoast_head_json":{"title":"Notificare de confiden\u021bialitate - Berdo Alutechnic","robots":{"index":"index","follow":"follow","max-snippet":"max-snippet:-1","max-image-preview":"max-image-preview:large","max-video-preview":"max-video-preview:-1"},"canonical":"https:\/\/berdoalutechnic.hu\/ro\/notificare-de-confidentialitate\/","og_locale":"ro_RO","og_type":"article","og_title":"Notificare de confiden\u021bialitate","og_url":"https:\/\/berdoalutechnic.hu\/ro\/notificare-de-confidentialitate\/","og_site_name":"Berdo Alutechnic","article_modified_time":"2024-08-03T13:35:52+00:00","twitter_card":"summary_large_image","twitter_misc":{"Timp estimat pentru citire":"8 minute"},"schema":{"@context":"https:\/\/schema.org","@graph":[{"@type":"WebPage","@id":"https:\/\/berdoalutechnic.hu\/ro\/notificare-de-confidentialitate\/","url":"https:\/\/berdoalutechnic.hu\/ro\/notificare-de-confidentialitate\/","name":"Notificare de confiden\u021bialitate - Berdo Alutechnic","isPartOf":{"@id":"https:\/\/berdoalutechnic.hu\/#website"},"datePublished":"2023-09-12T07:47:03+00:00","dateModified":"2024-08-03T13:35:52+00:00","breadcrumb":{"@id":"https:\/\/berdoalutechnic.hu\/ro\/notificare-de-confidentialitate\/#breadcrumb"},"inLanguage":"ro-RO","potentialAction":[{"@type":"ReadAction","target":["https:\/\/berdoalutechnic.hu\/ro\/notificare-de-confidentialitate\/"]}]},{"@type":"BreadcrumbList","@id":"https:\/\/berdoalutechnic.hu\/ro\/notificare-de-confidentialitate\/#breadcrumb","itemListElement":[{"@type":"ListItem","position":1,"name":"Kezd\u0151lap","item":"https:\/\/berdoalutechnic.hu\/ro\/pagina-principala\/"},{"@type":"ListItem","position":2,"name":"Notificare de confiden\u021bialitate"}]},{"@type":"WebSite","@id":"https:\/\/berdoalutechnic.hu\/#website","url":"https:\/\/berdoalutechnic.hu\/","name":"Berdo Alutechnic","description":"","publisher":{"@id":"https:\/\/berdoalutechnic.hu\/#organization"},"potentialAction":[{"@type":"SearchAction","target":{"@type":"EntryPoint","urlTemplate":"https:\/\/berdoalutechnic.hu\/?s={search_term_string}"},"query-input":{"@type":"PropertyValueSpecification","valueRequired":true,"valueName":"search_term_string"}}],"inLanguage":"ro-RO"},{"@type":"Organization","@id":"https:\/\/berdoalutechnic.hu\/#organization","name":"Berdo Alutechnic","url":"https:\/\/berdoalutechnic.hu\/","logo":{"@type":"ImageObject","inLanguage":"ro-RO","@id":"https:\/\/berdoalutechnic.hu\/#\/schema\/logo\/image\/","url":"https:\/\/berdoalutechnic.hu\/wp-content\/uploads\/BALogo_email_tiny.png","contentUrl":"https:\/\/berdoalutechnic.hu\/wp-content\/uploads\/BALogo_email_tiny.png","width":338,"height":167,"caption":"Berdo Alutechnic"},"image":{"@id":"https:\/\/berdoalutechnic.hu\/#\/schema\/logo\/image\/"}}]}},"_links":{"self":[{"href":"https:\/\/berdoalutechnic.hu\/ro\/wp-json\/wp\/v2\/pages\/8455","targetHints":{"allow":["GET"]}}],"collection":[{"href":"https:\/\/berdoalutechnic.hu\/ro\/wp-json\/wp\/v2\/pages"}],"about":[{"href":"https:\/\/berdoalutechnic.hu\/ro\/wp-json\/wp\/v2\/types\/page"}],"author":[{"embeddable":true,"href":"https:\/\/berdoalutechnic.hu\/ro\/wp-json\/wp\/v2\/users\/1"}],"replies":[{"embeddable":true,"href":"https:\/\/berdoalutechnic.hu\/ro\/wp-json\/wp\/v2\/comments?post=8455"}],"version-history":[{"count":4,"href":"https:\/\/berdoalutechnic.hu\/ro\/wp-json\/wp\/v2\/pages\/8455\/revisions"}],"predecessor-version":[{"id":8458,"href":"https:\/\/berdoalutechnic.hu\/ro\/wp-json\/wp\/v2\/pages\/8455\/revisions\/8458"}],"wp:attachment":[{"href":"https:\/\/berdoalutechnic.hu\/ro\/wp-json\/wp\/v2\/media?parent=8455"}],"curies":[{"name":"wp","href":"https:\/\/api.w.org\/{rel}","templated":true}]}}