{"id":8477,"date":"2024-01-24T18:11:46","date_gmt":"2024-01-24T17:11:46","guid":{"rendered":"https:\/\/berdoalutechnic.hu\/?page_id=8477"},"modified":"2024-08-03T15:47:57","modified_gmt":"2024-08-03T13:47:57","slug":"kulsotokos-redonyrendszer-kepek","status":"publish","type":"page","link":"https:\/\/berdoalutechnic.hu\/ro\/sisteme-de-rulouri\/kulsotokos-redonyrendszer-kepek\/","title":{"rendered":"K\u00fcls\u0151tokos red\u0151nyrendszer k\u00e9pek"},"content":{"rendered":"<div class='clear'><\/div><div id='sub_menu1'  class='av-submenu-container av-7ouvmr-74f5881bb7ef6d0fd2fbb38921193a42 main_color  avia-builder-el-0  el_before_av_heading  avia-builder-el-first  av-sticky-submenu container_wrap fullsize' style='z-index:301' ><div class='container av-menu-mobile-disabled av-submenu-pos-center'><ul id=\"menu-alapanyagmenu-roman\" class=\"av-subnav-menu\"><li role=\"menuitem\" id=\"menu-item-8697\" class=\"menu-item menu-item-type-post_type menu-item-object-page menu-item-top-level menu-item-top-level-1\"><a href=\"https:\/\/berdoalutechnic.hu\/ro\/componente\/\" itemprop=\"url\" tabindex=\"0\"><span class=\"avia-bullet\"><\/span><span class=\"avia-menu-text\">Componente<\/span><span class=\"avia-menu-fx\"><span class=\"avia-arrow-wrap\"><span class=\"avia-arrow\"><\/span><\/span><\/span><\/a><\/li>\n<li role=\"menuitem\" id=\"menu-item-8698\" class=\"menu-item menu-item-type-custom menu-item-object-custom menu-item-top-level menu-item-top-level-2\"><a href=\"http:\/\/37.17.161.111\/ro\/\" itemprop=\"url\" tabindex=\"0\"><span class=\"avia-bullet\"><\/span><span class=\"avia-menu-text\">Materii prime<\/span><span class=\"avia-menu-fx\"><span class=\"avia-arrow-wrap\"><span class=\"avia-arrow\"><\/span><\/span><\/span><\/a><\/li>\n<li role=\"menuitem\" id=\"menu-item-8699\" class=\"menu-item menu-item-type-post_type menu-item-object-page menu-item-top-level menu-item-top-level-3\"><a href=\"https:\/\/berdoalutechnic.hu\/ro\/componente\/ghiduri\/\" itemprop=\"url\" tabindex=\"0\"><span class=\"avia-bullet\"><\/span><span class=\"avia-menu-text\">Ghiduri<\/span><span class=\"avia-menu-fx\"><span class=\"avia-arrow-wrap\"><span class=\"avia-arrow\"><\/span><\/span><\/span><\/a><\/li>\n<li role=\"menuitem\" id=\"menu-item-8700\" class=\"menu-item menu-item-type-post_type menu-item-object-page menu-item-top-level menu-item-top-level-4\"><a href=\"https:\/\/berdoalutechnic.hu\/ro\/componente\/contact\/\" itemprop=\"url\" tabindex=\"0\"><span class=\"avia-bullet\"><\/span><span class=\"avia-menu-text\">Contact<\/span><span class=\"avia-menu-fx\"><span class=\"avia-arrow-wrap\"><span class=\"avia-arrow\"><\/span><\/span><\/span><\/a><\/li>\n<\/ul><\/div><\/div><div class='sticky_placeholder'><\/div><div id='after_submenu_1'  class='main_color av_default_container_wrap container_wrap fullsize'  ><div class='container av-section-cont-open' ><div class='template-page content  av-content-full alpha units'><div class='post-entry post-entry-type-page post-entry-8477'><div class='entry-content-wrapper clearfix'>\n\n<style type=\"text\/css\" data-created_by=\"avia_inline_auto\" id=\"style-css-av-lrqg4e8x-e328972ecc1ce132491e22c2c1c20476\">\n#top .av-special-heading.av-lrqg4e8x-e328972ecc1ce132491e22c2c1c20476{\npadding-bottom:10px;\n}\nbody .av-special-heading.av-lrqg4e8x-e328972ecc1ce132491e22c2c1c20476 .av-special-heading-tag .heading-char{\nfont-size:25px;\n}\n.av-special-heading.av-lrqg4e8x-e328972ecc1ce132491e22c2c1c20476 .av-subheading{\nfont-size:15px;\n}\n<\/style>\n<div  class='av-special-heading av-lrqg4e8x-e328972ecc1ce132491e22c2c1c20476 av-special-heading-h1 blockquote modern-quote  avia-builder-el-1  el_after_av_submenu  el_before_av_masonry_gallery  avia-builder-el-no-sibling '><h1 class='av-special-heading-tag'  itemprop=\"headline\"  >K\u00fcls\u0151tokos red\u0151nyrendszer k\u00e9pek<\/h1><div class=\"special-heading-border\"><div class=\"special-heading-inner-border\"><\/div><\/div><\/div>\n\n<style type=\"text\/css\" data-created_by=\"avia_inline_auto\" id=\"style-css-av-lrqg7j0v-86221d4d9fd5c7413a12a8f1111af018\">\n#top .av-masonry.av-lrqg7j0v-86221d4d9fd5c7413a12a8f1111af018{\nbackground-color:#033a7d;\n}\n<\/style>\n<div id='av-masonry-1' class='av-masonry av-lrqg7j0v-86221d4d9fd5c7413a12a8f1111af018 noHover av-flex-size av-large-gap av-hover-overlay-active av-masonry-animation-active av-masonry-col-flexible av-caption-always av-caption-style- av-masonry-gallery ' data-post_id=\"8477\"><div class=\"av-masonry-container isotope av-js-disabled\"><div class='av-masonry-entry isotope-item av-masonry-item-no-image '><\/div><a href=\"https:\/\/berdoalutechnic.hu\/wp-content\/uploads\/kt_01-1030x519.png\" data-srcset=\"https:\/\/berdoalutechnic.hu\/wp-content\/uploads\/kt_01-1030x519.png 1030w, https:\/\/berdoalutechnic.hu\/wp-content\/uploads\/kt_01-300x151.png 300w, https:\/\/berdoalutechnic.hu\/wp-content\/uploads\/kt_01-768x387.png 768w, https:\/\/berdoalutechnic.hu\/wp-content\/uploads\/kt_01-1536x773.png 1536w, https:\/\/berdoalutechnic.hu\/wp-content\/uploads\/kt_01-2048x1031.png 2048w, https:\/\/berdoalutechnic.hu\/wp-content\/uploads\/kt_01-1500x755.png 1500w, https:\/\/berdoalutechnic.hu\/wp-content\/uploads\/kt_01-705x355.png 705w, https:\/\/berdoalutechnic.hu\/wp-content\/uploads\/kt_01-450x227.png 450w, https:\/\/berdoalutechnic.hu\/wp-content\/uploads\/kt_01-600x302.png 600w\" data-sizes=\"(max-width: 1030px) 100vw, 1030px\"  aria-label=\"image kt_01\"  id='av-masonry-1-item-6936' data-av-masonry-item='6936' class='av-masonry-entry isotope-item post-6936 attachment type-attachment status-inherit hentry  av-masonry-item-with-image' title=\"kt_01\" alt=\"\"    itemprop=\"thumbnailUrl\" ><div class='av-inner-masonry-sizer'><\/div><figure class='av-inner-masonry main_color'><div class=\"av-masonry-outerimage-container\"><div class='av-masonry-image-container'   ><img decoding=\"async\" width=\"705\" height=\"355\" class=\"wp-image-6936 avia-img-lazy-loading-not-6936\"  src=\"https:\/\/berdoalutechnic.hu\/wp-content\/uploads\/kt_01-705x355.png\" title=\"kt_01\" alt=\"\" srcset=\"https:\/\/berdoalutechnic.hu\/wp-content\/uploads\/kt_01-705x355.png 705w, https:\/\/berdoalutechnic.hu\/wp-content\/uploads\/kt_01-300x151.png 300w, https:\/\/berdoalutechnic.hu\/wp-content\/uploads\/kt_01-1030x519.png 1030w, https:\/\/berdoalutechnic.hu\/wp-content\/uploads\/kt_01-768x387.png 768w, https:\/\/berdoalutechnic.hu\/wp-content\/uploads\/kt_01-1536x773.png 1536w, https:\/\/berdoalutechnic.hu\/wp-content\/uploads\/kt_01-2048x1031.png 2048w, https:\/\/berdoalutechnic.hu\/wp-content\/uploads\/kt_01-1500x755.png 1500w, https:\/\/berdoalutechnic.hu\/wp-content\/uploads\/kt_01-450x227.png 450w, https:\/\/berdoalutechnic.hu\/wp-content\/uploads\/kt_01-600x302.png 600w\" sizes=\"(max-width: 705px) 100vw, 705px\" \/><\/div><\/div><\/figure><\/a><!--end av-masonry entry--><a href=\"https:\/\/berdoalutechnic.hu\/wp-content\/uploads\/kt_02-1030x519.png\" data-srcset=\"https:\/\/berdoalutechnic.hu\/wp-content\/uploads\/kt_02-1030x519.png 1030w, https:\/\/berdoalutechnic.hu\/wp-content\/uploads\/kt_02-300x151.png 300w, https:\/\/berdoalutechnic.hu\/wp-content\/uploads\/kt_02-768x387.png 768w, https:\/\/berdoalutechnic.hu\/wp-content\/uploads\/kt_02-1536x773.png 1536w, https:\/\/berdoalutechnic.hu\/wp-content\/uploads\/kt_02-2048x1031.png 2048w, https:\/\/berdoalutechnic.hu\/wp-content\/uploads\/kt_02-1500x755.png 1500w, https:\/\/berdoalutechnic.hu\/wp-content\/uploads\/kt_02-705x355.png 705w, https:\/\/berdoalutechnic.hu\/wp-content\/uploads\/kt_02-450x227.png 450w, https:\/\/berdoalutechnic.hu\/wp-content\/uploads\/kt_02-600x302.png 600w\" data-sizes=\"(max-width: 1030px) 100vw, 1030px\"  aria-label=\"image kt_02\"  id='av-masonry-1-item-6934' data-av-masonry-item='6934' class='av-masonry-entry isotope-item post-6934 attachment type-attachment status-inherit hentry  av-masonry-item-with-image' title=\"kt_02\" alt=\"\"    itemprop=\"thumbnailUrl\" ><div class='av-inner-masonry-sizer'><\/div><figure class='av-inner-masonry main_color'><div class=\"av-masonry-outerimage-container\"><div class='av-masonry-image-container'   ><img decoding=\"async\" width=\"705\" height=\"355\" class=\"wp-image-6934 avia-img-lazy-loading-not-6934\"  src=\"https:\/\/berdoalutechnic.hu\/wp-content\/uploads\/kt_02-705x355.png\" title=\"kt_02\" alt=\"\" srcset=\"https:\/\/berdoalutechnic.hu\/wp-content\/uploads\/kt_02-705x355.png 705w, https:\/\/berdoalutechnic.hu\/wp-content\/uploads\/kt_02-300x151.png 300w, https:\/\/berdoalutechnic.hu\/wp-content\/uploads\/kt_02-1030x519.png 1030w, https:\/\/berdoalutechnic.hu\/wp-content\/uploads\/kt_02-768x387.png 768w, https:\/\/berdoalutechnic.hu\/wp-content\/uploads\/kt_02-1536x773.png 1536w, https:\/\/berdoalutechnic.hu\/wp-content\/uploads\/kt_02-2048x1031.png 2048w, https:\/\/berdoalutechnic.hu\/wp-content\/uploads\/kt_02-1500x755.png 1500w, https:\/\/berdoalutechnic.hu\/wp-content\/uploads\/kt_02-450x227.png 450w, https:\/\/berdoalutechnic.hu\/wp-content\/uploads\/kt_02-600x302.png 600w\" sizes=\"(max-width: 705px) 100vw, 705px\" \/><\/div><\/div><\/figure><\/a><!--end av-masonry entry--><a href=\"https:\/\/berdoalutechnic.hu\/wp-content\/uploads\/kt_03-1030x519.png\" data-srcset=\"https:\/\/berdoalutechnic.hu\/wp-content\/uploads\/kt_03-1030x519.png 1030w, https:\/\/berdoalutechnic.hu\/wp-content\/uploads\/kt_03-300x151.png 300w, https:\/\/berdoalutechnic.hu\/wp-content\/uploads\/kt_03-768x387.png 768w, https:\/\/berdoalutechnic.hu\/wp-content\/uploads\/kt_03-1536x773.png 1536w, https:\/\/berdoalutechnic.hu\/wp-content\/uploads\/kt_03-2048x1031.png 2048w, https:\/\/berdoalutechnic.hu\/wp-content\/uploads\/kt_03-1500x755.png 1500w, https:\/\/berdoalutechnic.hu\/wp-content\/uploads\/kt_03-705x355.png 705w, https:\/\/berdoalutechnic.hu\/wp-content\/uploads\/kt_03-450x227.png 450w, https:\/\/berdoalutechnic.hu\/wp-content\/uploads\/kt_03-600x302.png 600w\" data-sizes=\"(max-width: 1030px) 100vw, 1030px\"  aria-label=\"image kt_03\"  id='av-masonry-1-item-6932' data-av-masonry-item='6932' class='av-masonry-entry isotope-item post-6932 attachment type-attachment status-inherit hentry  av-masonry-item-with-image' title=\"kt_03\" alt=\"\"    itemprop=\"thumbnailUrl\" ><div class='av-inner-masonry-sizer'><\/div><figure class='av-inner-masonry main_color'><div class=\"av-masonry-outerimage-container\"><div class='av-masonry-image-container'   ><img decoding=\"async\" width=\"705\" height=\"355\" class=\"wp-image-6932 avia-img-lazy-loading-not-6932\"  src=\"https:\/\/berdoalutechnic.hu\/wp-content\/uploads\/kt_03-705x355.png\" title=\"kt_03\" alt=\"\" srcset=\"https:\/\/berdoalutechnic.hu\/wp-content\/uploads\/kt_03-705x355.png 705w, https:\/\/berdoalutechnic.hu\/wp-content\/uploads\/kt_03-300x151.png 300w, https:\/\/berdoalutechnic.hu\/wp-content\/uploads\/kt_03-1030x519.png 1030w, https:\/\/berdoalutechnic.hu\/wp-content\/uploads\/kt_03-768x387.png 768w, https:\/\/berdoalutechnic.hu\/wp-content\/uploads\/kt_03-1536x773.png 1536w, https:\/\/berdoalutechnic.hu\/wp-content\/uploads\/kt_03-2048x1031.png 2048w, https:\/\/berdoalutechnic.hu\/wp-content\/uploads\/kt_03-1500x755.png 1500w, https:\/\/berdoalutechnic.hu\/wp-content\/uploads\/kt_03-450x227.png 450w, https:\/\/berdoalutechnic.hu\/wp-content\/uploads\/kt_03-600x302.png 600w\" sizes=\"(max-width: 705px) 100vw, 705px\" \/><\/div><\/div><\/figure><\/a><!--end av-masonry entry--><a href=\"https:\/\/berdoalutechnic.hu\/wp-content\/uploads\/kt_04-1030x519.png\" data-srcset=\"https:\/\/berdoalutechnic.hu\/wp-content\/uploads\/kt_04-1030x519.png 1030w, https:\/\/berdoalutechnic.hu\/wp-content\/uploads\/kt_04-300x151.png 300w, https:\/\/berdoalutechnic.hu\/wp-content\/uploads\/kt_04-768x387.png 768w, https:\/\/berdoalutechnic.hu\/wp-content\/uploads\/kt_04-1536x773.png 1536w, https:\/\/berdoalutechnic.hu\/wp-content\/uploads\/kt_04-2048x1031.png 2048w, https:\/\/berdoalutechnic.hu\/wp-content\/uploads\/kt_04-1500x755.png 1500w, https:\/\/berdoalutechnic.hu\/wp-content\/uploads\/kt_04-705x355.png 705w, https:\/\/berdoalutechnic.hu\/wp-content\/uploads\/kt_04-450x227.png 450w, https:\/\/berdoalutechnic.hu\/wp-content\/uploads\/kt_04-600x302.png 600w\" data-sizes=\"(max-width: 1030px) 100vw, 1030px\"  aria-label=\"image kt_04\"  id='av-masonry-1-item-6930' data-av-masonry-item='6930' class='av-masonry-entry isotope-item post-6930 attachment type-attachment status-inherit hentry  av-masonry-item-with-image' title=\"kt_04\" alt=\"\"    itemprop=\"thumbnailUrl\" ><div class='av-inner-masonry-sizer'><\/div><figure class='av-inner-masonry main_color'><div class=\"av-masonry-outerimage-container\"><div class='av-masonry-image-container'   ><img decoding=\"async\" width=\"705\" height=\"355\" class=\"wp-image-6930 avia-img-lazy-loading-not-6930\"  src=\"https:\/\/berdoalutechnic.hu\/wp-content\/uploads\/kt_04-705x355.png\" title=\"kt_04\" alt=\"\" srcset=\"https:\/\/berdoalutechnic.hu\/wp-content\/uploads\/kt_04-705x355.png 705w, https:\/\/berdoalutechnic.hu\/wp-content\/uploads\/kt_04-300x151.png 300w, https:\/\/berdoalutechnic.hu\/wp-content\/uploads\/kt_04-1030x519.png 1030w, https:\/\/berdoalutechnic.hu\/wp-content\/uploads\/kt_04-768x387.png 768w, https:\/\/berdoalutechnic.hu\/wp-content\/uploads\/kt_04-1536x773.png 1536w, https:\/\/berdoalutechnic.hu\/wp-content\/uploads\/kt_04-2048x1031.png 2048w, https:\/\/berdoalutechnic.hu\/wp-content\/uploads\/kt_04-1500x755.png 1500w, https:\/\/berdoalutechnic.hu\/wp-content\/uploads\/kt_04-450x227.png 450w, https:\/\/berdoalutechnic.hu\/wp-content\/uploads\/kt_04-600x302.png 600w\" sizes=\"(max-width: 705px) 100vw, 705px\" \/><\/div><\/div><\/figure><\/a><!--end av-masonry entry--><a href=\"https:\/\/berdoalutechnic.hu\/wp-content\/uploads\/kt_05-1030x519.png\" data-srcset=\"https:\/\/berdoalutechnic.hu\/wp-content\/uploads\/kt_05-1030x519.png 1030w, https:\/\/berdoalutechnic.hu\/wp-content\/uploads\/kt_05-300x151.png 300w, https:\/\/berdoalutechnic.hu\/wp-content\/uploads\/kt_05-768x387.png 768w, https:\/\/berdoalutechnic.hu\/wp-content\/uploads\/kt_05-1536x773.png 1536w, https:\/\/berdoalutechnic.hu\/wp-content\/uploads\/kt_05-2048x1031.png 2048w, https:\/\/berdoalutechnic.hu\/wp-content\/uploads\/kt_05-1500x755.png 1500w, https:\/\/berdoalutechnic.hu\/wp-content\/uploads\/kt_05-705x355.png 705w, https:\/\/berdoalutechnic.hu\/wp-content\/uploads\/kt_05-450x227.png 450w, https:\/\/berdoalutechnic.hu\/wp-content\/uploads\/kt_05-600x302.png 600w\" data-sizes=\"(max-width: 1030px) 100vw, 1030px\"  aria-label=\"image kt_05\"  id='av-masonry-1-item-6928' data-av-masonry-item='6928' class='av-masonry-entry isotope-item post-6928 attachment type-attachment status-inherit hentry  av-masonry-item-with-image' title=\"kt_05\" alt=\"\"    itemprop=\"thumbnailUrl\" ><div class='av-inner-masonry-sizer'><\/div><figure class='av-inner-masonry main_color'><div class=\"av-masonry-outerimage-container\"><div class='av-masonry-image-container'   ><img decoding=\"async\" width=\"705\" height=\"355\" class=\"wp-image-6928 avia-img-lazy-loading-not-6928\"  src=\"https:\/\/berdoalutechnic.hu\/wp-content\/uploads\/kt_05-705x355.png\" title=\"kt_05\" alt=\"\" srcset=\"https:\/\/berdoalutechnic.hu\/wp-content\/uploads\/kt_05-705x355.png 705w, https:\/\/berdoalutechnic.hu\/wp-content\/uploads\/kt_05-300x151.png 300w, https:\/\/berdoalutechnic.hu\/wp-content\/uploads\/kt_05-1030x519.png 1030w, https:\/\/berdoalutechnic.hu\/wp-content\/uploads\/kt_05-768x387.png 768w, https:\/\/berdoalutechnic.hu\/wp-content\/uploads\/kt_05-1536x773.png 1536w, https:\/\/berdoalutechnic.hu\/wp-content\/uploads\/kt_05-2048x1031.png 2048w, https:\/\/berdoalutechnic.hu\/wp-content\/uploads\/kt_05-1500x755.png 1500w, https:\/\/berdoalutechnic.hu\/wp-content\/uploads\/kt_05-450x227.png 450w, https:\/\/berdoalutechnic.hu\/wp-content\/uploads\/kt_05-600x302.png 600w\" sizes=\"(max-width: 705px) 100vw, 705px\" \/><\/div><\/div><\/figure><\/a><!--end av-masonry entry--><a href=\"https:\/\/berdoalutechnic.hu\/wp-content\/uploads\/kt_00_main-1030x558.png\" data-srcset=\"https:\/\/berdoalutechnic.hu\/wp-content\/uploads\/kt_00_main-1030x558.png 1030w, https:\/\/berdoalutechnic.hu\/wp-content\/uploads\/kt_00_main-300x163.png 300w, https:\/\/berdoalutechnic.hu\/wp-content\/uploads\/kt_00_main-768x416.png 768w, https:\/\/berdoalutechnic.hu\/wp-content\/uploads\/kt_00_main-1536x833.png 1536w, https:\/\/berdoalutechnic.hu\/wp-content\/uploads\/kt_00_main-2048x1110.png 2048w, https:\/\/berdoalutechnic.hu\/wp-content\/uploads\/kt_00_main-1500x813.png 1500w, https:\/\/berdoalutechnic.hu\/wp-content\/uploads\/kt_00_main-705x382.png 705w, https:\/\/berdoalutechnic.hu\/wp-content\/uploads\/kt_00_main-450x244.png 450w, https:\/\/berdoalutechnic.hu\/wp-content\/uploads\/kt_00_main-600x325.png 600w\" data-sizes=\"(max-width: 1030px) 100vw, 1030px\"  aria-label=\"image kt_00_main\"  id='av-masonry-1-item-6926' data-av-masonry-item='6926' class='av-masonry-entry isotope-item post-6926 attachment type-attachment status-inherit hentry  av-masonry-item-with-image' title=\"kt_00_main\" alt=\"\"    itemprop=\"thumbnailUrl\" ><div class='av-inner-masonry-sizer'><\/div><figure class='av-inner-masonry main_color'><div class=\"av-masonry-outerimage-container\"><div class='av-masonry-image-container'   ><img decoding=\"async\" width=\"705\" height=\"382\" class=\"wp-image-6926 avia-img-lazy-loading-not-6926\"  src=\"https:\/\/berdoalutechnic.hu\/wp-content\/uploads\/kt_00_main-705x382.png\" title=\"kt_00_main\" alt=\"\" srcset=\"https:\/\/berdoalutechnic.hu\/wp-content\/uploads\/kt_00_main-705x382.png 705w, https:\/\/berdoalutechnic.hu\/wp-content\/uploads\/kt_00_main-300x163.png 300w, https:\/\/berdoalutechnic.hu\/wp-content\/uploads\/kt_00_main-1030x558.png 1030w, https:\/\/berdoalutechnic.hu\/wp-content\/uploads\/kt_00_main-768x416.png 768w, https:\/\/berdoalutechnic.hu\/wp-content\/uploads\/kt_00_main-1536x833.png 1536w, https:\/\/berdoalutechnic.hu\/wp-content\/uploads\/kt_00_main-2048x1110.png 2048w, https:\/\/berdoalutechnic.hu\/wp-content\/uploads\/kt_00_main-1500x813.png 1500w, https:\/\/berdoalutechnic.hu\/wp-content\/uploads\/kt_00_main-450x244.png 450w, https:\/\/berdoalutechnic.hu\/wp-content\/uploads\/kt_00_main-600x325.png 600w\" sizes=\"(max-width: 705px) 100vw, 705px\" \/><\/div><\/div><\/figure><\/a><!--end av-masonry entry--><\/div><\/div>\n","protected":false},"excerpt":{"rendered":"","protected":false},"author":1,"featured_media":0,"parent":8412,"menu_order":0,"comment_status":"closed","ping_status":"closed","template":"","meta":{"_monsterinsights_skip_tracking":false,"_monsterinsights_sitenote_active":false,"_monsterinsights_sitenote_note":"","_monsterinsights_sitenote_category":0,"footnotes":""},"class_list":["post-8477","page","type-page","status-publish","hentry"],"yoast_head":"<!-- This site is optimized with the Yoast SEO Premium plugin v27.1 (Yoast SEO v27.1.1) - https:\/\/yoast.com\/product\/yoast-seo-premium-wordpress\/ -->\n<title>K\u00fcls\u0151tokos red\u0151nyrendszer k\u00e9pek - Berdo Alutechnic<\/title>\n<meta name=\"robots\" content=\"index, follow, max-snippet:-1, max-image-preview:large, max-video-preview:-1\" \/>\n<link rel=\"canonical\" href=\"https:\/\/berdoalutechnic.hu\/ro\/sisteme-de-rulouri\/kulsotokos-redonyrendszer-kepek\/\" \/>\n<meta property=\"og:locale\" content=\"ro_RO\" \/>\n<meta property=\"og:type\" content=\"article\" \/>\n<meta property=\"og:title\" content=\"K\u00fcls\u0151tokos red\u0151nyrendszer k\u00e9pek\" \/>\n<meta property=\"og:url\" content=\"https:\/\/berdoalutechnic.hu\/ro\/sisteme-de-rulouri\/kulsotokos-redonyrendszer-kepek\/\" \/>\n<meta property=\"og:site_name\" content=\"Berdo Alutechnic\" \/>\n<meta property=\"article:modified_time\" content=\"2024-08-03T13:47:57+00:00\" \/>\n<meta name=\"twitter:card\" content=\"summary_large_image\" \/>\n<meta name=\"twitter:label1\" content=\"Timp estimat pentru citire\" \/>\n\t<meta name=\"twitter:data1\" content=\"2 minute\" \/>\n<script type=\"application\/ld+json\" class=\"yoast-schema-graph\">{\"@context\":\"https:\/\/schema.org\",\"@graph\":[{\"@type\":\"WebPage\",\"@id\":\"https:\/\/berdoalutechnic.hu\/ro\/sisteme-de-rulouri\/kulsotokos-redonyrendszer-kepek\/\",\"url\":\"https:\/\/berdoalutechnic.hu\/ro\/sisteme-de-rulouri\/kulsotokos-redonyrendszer-kepek\/\",\"name\":\"K\u00fcls\u0151tokos red\u0151nyrendszer k\u00e9pek - Berdo Alutechnic\",\"isPartOf\":{\"@id\":\"https:\/\/berdoalutechnic.hu\/#website\"},\"datePublished\":\"2024-01-24T17:11:46+00:00\",\"dateModified\":\"2024-08-03T13:47:57+00:00\",\"breadcrumb\":{\"@id\":\"https:\/\/berdoalutechnic.hu\/ro\/sisteme-de-rulouri\/kulsotokos-redonyrendszer-kepek\/#breadcrumb\"},\"inLanguage\":\"ro-RO\",\"potentialAction\":[{\"@type\":\"ReadAction\",\"target\":[\"https:\/\/berdoalutechnic.hu\/ro\/sisteme-de-rulouri\/kulsotokos-redonyrendszer-kepek\/\"]}]},{\"@type\":\"BreadcrumbList\",\"@id\":\"https:\/\/berdoalutechnic.hu\/ro\/sisteme-de-rulouri\/kulsotokos-redonyrendszer-kepek\/#breadcrumb\",\"itemListElement\":[{\"@type\":\"ListItem\",\"position\":1,\"name\":\"Kezd\u0151lap\",\"item\":\"https:\/\/berdoalutechnic.hu\/ro\/pagina-principala\/\"},{\"@type\":\"ListItem\",\"position\":2,\"name\":\"Sisteme de rulouri\",\"item\":\"https:\/\/berdoalutechnic.hu\/ro\/sisteme-de-rulouri\/\"},{\"@type\":\"ListItem\",\"position\":3,\"name\":\"K\u00fcls\u0151tokos red\u0151nyrendszer k\u00e9pek\"}]},{\"@type\":\"WebSite\",\"@id\":\"https:\/\/berdoalutechnic.hu\/#website\",\"url\":\"https:\/\/berdoalutechnic.hu\/\",\"name\":\"Berdo Alutechnic\",\"description\":\"\",\"publisher\":{\"@id\":\"https:\/\/berdoalutechnic.hu\/#organization\"},\"potentialAction\":[{\"@type\":\"SearchAction\",\"target\":{\"@type\":\"EntryPoint\",\"urlTemplate\":\"https:\/\/berdoalutechnic.hu\/?s={search_term_string}\"},\"query-input\":{\"@type\":\"PropertyValueSpecification\",\"valueRequired\":true,\"valueName\":\"search_term_string\"}}],\"inLanguage\":\"ro-RO\"},{\"@type\":\"Organization\",\"@id\":\"https:\/\/berdoalutechnic.hu\/#organization\",\"name\":\"Berdo Alutechnic\",\"url\":\"https:\/\/berdoalutechnic.hu\/\",\"logo\":{\"@type\":\"ImageObject\",\"inLanguage\":\"ro-RO\",\"@id\":\"https:\/\/berdoalutechnic.hu\/#\/schema\/logo\/image\/\",\"url\":\"https:\/\/berdoalutechnic.hu\/wp-content\/uploads\/BALogo_email_tiny.png\",\"contentUrl\":\"https:\/\/berdoalutechnic.hu\/wp-content\/uploads\/BALogo_email_tiny.png\",\"width\":338,\"height\":167,\"caption\":\"Berdo Alutechnic\"},\"image\":{\"@id\":\"https:\/\/berdoalutechnic.hu\/#\/schema\/logo\/image\/\"}}]}<\/script>\n<!-- \/ Yoast SEO Premium plugin. -->","yoast_head_json":{"title":"K\u00fcls\u0151tokos red\u0151nyrendszer k\u00e9pek - Berdo Alutechnic","robots":{"index":"index","follow":"follow","max-snippet":"max-snippet:-1","max-image-preview":"max-image-preview:large","max-video-preview":"max-video-preview:-1"},"canonical":"https:\/\/berdoalutechnic.hu\/ro\/sisteme-de-rulouri\/kulsotokos-redonyrendszer-kepek\/","og_locale":"ro_RO","og_type":"article","og_title":"K\u00fcls\u0151tokos red\u0151nyrendszer k\u00e9pek","og_url":"https:\/\/berdoalutechnic.hu\/ro\/sisteme-de-rulouri\/kulsotokos-redonyrendszer-kepek\/","og_site_name":"Berdo Alutechnic","article_modified_time":"2024-08-03T13:47:57+00:00","twitter_card":"summary_large_image","twitter_misc":{"Timp estimat pentru citire":"2 minute"},"schema":{"@context":"https:\/\/schema.org","@graph":[{"@type":"WebPage","@id":"https:\/\/berdoalutechnic.hu\/ro\/sisteme-de-rulouri\/kulsotokos-redonyrendszer-kepek\/","url":"https:\/\/berdoalutechnic.hu\/ro\/sisteme-de-rulouri\/kulsotokos-redonyrendszer-kepek\/","name":"K\u00fcls\u0151tokos red\u0151nyrendszer k\u00e9pek - Berdo Alutechnic","isPartOf":{"@id":"https:\/\/berdoalutechnic.hu\/#website"},"datePublished":"2024-01-24T17:11:46+00:00","dateModified":"2024-08-03T13:47:57+00:00","breadcrumb":{"@id":"https:\/\/berdoalutechnic.hu\/ro\/sisteme-de-rulouri\/kulsotokos-redonyrendszer-kepek\/#breadcrumb"},"inLanguage":"ro-RO","potentialAction":[{"@type":"ReadAction","target":["https:\/\/berdoalutechnic.hu\/ro\/sisteme-de-rulouri\/kulsotokos-redonyrendszer-kepek\/"]}]},{"@type":"BreadcrumbList","@id":"https:\/\/berdoalutechnic.hu\/ro\/sisteme-de-rulouri\/kulsotokos-redonyrendszer-kepek\/#breadcrumb","itemListElement":[{"@type":"ListItem","position":1,"name":"Kezd\u0151lap","item":"https:\/\/berdoalutechnic.hu\/ro\/pagina-principala\/"},{"@type":"ListItem","position":2,"name":"Sisteme de rulouri","item":"https:\/\/berdoalutechnic.hu\/ro\/sisteme-de-rulouri\/"},{"@type":"ListItem","position":3,"name":"K\u00fcls\u0151tokos red\u0151nyrendszer k\u00e9pek"}]},{"@type":"WebSite","@id":"https:\/\/berdoalutechnic.hu\/#website","url":"https:\/\/berdoalutechnic.hu\/","name":"Berdo Alutechnic","description":"","publisher":{"@id":"https:\/\/berdoalutechnic.hu\/#organization"},"potentialAction":[{"@type":"SearchAction","target":{"@type":"EntryPoint","urlTemplate":"https:\/\/berdoalutechnic.hu\/?s={search_term_string}"},"query-input":{"@type":"PropertyValueSpecification","valueRequired":true,"valueName":"search_term_string"}}],"inLanguage":"ro-RO"},{"@type":"Organization","@id":"https:\/\/berdoalutechnic.hu\/#organization","name":"Berdo Alutechnic","url":"https:\/\/berdoalutechnic.hu\/","logo":{"@type":"ImageObject","inLanguage":"ro-RO","@id":"https:\/\/berdoalutechnic.hu\/#\/schema\/logo\/image\/","url":"https:\/\/berdoalutechnic.hu\/wp-content\/uploads\/BALogo_email_tiny.png","contentUrl":"https:\/\/berdoalutechnic.hu\/wp-content\/uploads\/BALogo_email_tiny.png","width":338,"height":167,"caption":"Berdo Alutechnic"},"image":{"@id":"https:\/\/berdoalutechnic.hu\/#\/schema\/logo\/image\/"}}]}},"_links":{"self":[{"href":"https:\/\/berdoalutechnic.hu\/ro\/wp-json\/wp\/v2\/pages\/8477","targetHints":{"allow":["GET"]}}],"collection":[{"href":"https:\/\/berdoalutechnic.hu\/ro\/wp-json\/wp\/v2\/pages"}],"about":[{"href":"https:\/\/berdoalutechnic.hu\/ro\/wp-json\/wp\/v2\/types\/page"}],"author":[{"embeddable":true,"href":"https:\/\/berdoalutechnic.hu\/ro\/wp-json\/wp\/v2\/users\/1"}],"replies":[{"embeddable":true,"href":"https:\/\/berdoalutechnic.hu\/ro\/wp-json\/wp\/v2\/comments?post=8477"}],"version-history":[{"count":2,"href":"https:\/\/berdoalutechnic.hu\/ro\/wp-json\/wp\/v2\/pages\/8477\/revisions"}],"predecessor-version":[{"id":8488,"href":"https:\/\/berdoalutechnic.hu\/ro\/wp-json\/wp\/v2\/pages\/8477\/revisions\/8488"}],"up":[{"embeddable":true,"href":"https:\/\/berdoalutechnic.hu\/ro\/wp-json\/wp\/v2\/pages\/8412"}],"wp:attachment":[{"href":"https:\/\/berdoalutechnic.hu\/ro\/wp-json\/wp\/v2\/media?parent=8477"}],"curies":[{"name":"wp","href":"https:\/\/api.w.org\/{rel}","templated":true}]}}