{"id":8507,"date":"2023-11-04T09:40:36","date_gmt":"2023-11-04T08:40:36","guid":{"rendered":"https:\/\/berdoalutechnic.hu\/?page_id=8507"},"modified":"2024-08-03T16:02:28","modified_gmt":"2024-08-03T14:02:28","slug":"rulouri-din-aluminiu","status":"publish","type":"page","link":"https:\/\/berdoalutechnic.hu\/ro\/produse-finite\/produse\/sisteme-de-umbrire-exterioare\/rulouri-din-aluminiu\/","title":{"rendered":"Rulouri din aluminiu"},"content":{"rendered":"<div class='clear'><\/div><div id='sub_menu1'  class='av-submenu-container av-4197cq-192dc902f579701dff6a7ec3dcac644c main_color  avia-builder-el-0  el_before_av_slideshow_full  avia-builder-el-first  av-sticky-submenu container_wrap fullsize' style='z-index:301' ><div class='container av-menu-mobile-disabled av-submenu-pos-center'><ul id=\"menu-kesztermekmenu-roman\" class=\"av-subnav-menu\"><li role=\"menuitem\" id=\"menu-item-8701\" class=\"menu-item menu-item-type-post_type menu-item-object-page menu-item-top-level menu-item-top-level-1\"><a href=\"https:\/\/berdoalutechnic.hu\/ro\/produse-finite\/produse\/\" itemprop=\"url\" tabindex=\"0\"><span class=\"avia-bullet\"><\/span><span class=\"avia-menu-text\">Produse<\/span><span class=\"avia-menu-fx\"><span class=\"avia-arrow-wrap\"><span class=\"avia-arrow\"><\/span><\/span><\/span><\/a><\/li>\n<li role=\"menuitem\" id=\"menu-item-8702\" class=\"menu-item menu-item-type-post_type menu-item-object-page menu-item-top-level menu-item-top-level-2\"><a href=\"https:\/\/berdoalutechnic.hu\/ro\/produse-finite\/descarcare\/\" itemprop=\"url\" tabindex=\"0\"><span class=\"avia-bullet\"><\/span><span class=\"avia-menu-text\">Desc\u0103rcare<\/span><span class=\"avia-menu-fx\"><span class=\"avia-arrow-wrap\"><span class=\"avia-arrow\"><\/span><\/span><\/span><\/a><\/li>\n<li role=\"menuitem\" id=\"menu-item-8703\" class=\"menu-item menu-item-type-post_type menu-item-object-page menu-item-top-level menu-item-top-level-3\"><a href=\"https:\/\/berdoalutechnic.hu\/ro\/produse-finite\/informatii\/\" itemprop=\"url\" tabindex=\"0\"><span class=\"avia-bullet\"><\/span><span class=\"avia-menu-text\">Informa\u021bii<\/span><span class=\"avia-menu-fx\"><span class=\"avia-arrow-wrap\"><span class=\"avia-arrow\"><\/span><\/span><\/span><\/a><\/li>\n<li role=\"menuitem\" id=\"menu-item-8704\" class=\"menu-item menu-item-type-post_type menu-item-object-page menu-item-top-level menu-item-top-level-4\"><a href=\"https:\/\/berdoalutechnic.hu\/ro\/produse-finite\/galerie\/\" itemprop=\"url\" tabindex=\"0\"><span class=\"avia-bullet\"><\/span><span class=\"avia-menu-text\">Galerie<\/span><span class=\"avia-menu-fx\"><span class=\"avia-arrow-wrap\"><span class=\"avia-arrow\"><\/span><\/span><\/span><\/a><\/li>\n<li role=\"menuitem\" id=\"menu-item-8705\" class=\"menu-item menu-item-type-post_type menu-item-object-page menu-item-top-level menu-item-top-level-5\"><a href=\"https:\/\/berdoalutechnic.hu\/ro\/produse-finite\/contact\/\" itemprop=\"url\" tabindex=\"0\"><span class=\"avia-bullet\"><\/span><span class=\"avia-menu-text\">Contact<\/span><span class=\"avia-menu-fx\"><span class=\"avia-arrow-wrap\"><span class=\"avia-arrow\"><\/span><\/span><\/span><\/a><\/li>\n<\/ul><\/div><\/div><div class='sticky_placeholder'><\/div>\n<div id='full_slider_1'  class='avia-fullwidth-slider main_color avia-shadow   avia-builder-el-1  el_after_av_submenu  el_before_av_section   slider-not-first container_wrap fullsize'  ><div  class='avia-slideshow av-lp53qpym-3f8057c5efeee804b1cf8ec59194584c avia-slideshow-featured av_slideshow_full avia-slide-slider av-slideshow-ui av-control-default av-slideshow-manual av-loop-once av-loop-manual-endless av-default-height-applied   avia-slideshow-1' data-slideshow-options=\"{&quot;animation&quot;:&quot;slide&quot;,&quot;autoplay&quot;:false,&quot;loop_autoplay&quot;:&quot;once&quot;,&quot;interval&quot;:5,&quot;loop_manual&quot;:&quot;manual-endless&quot;,&quot;autoplay_stopper&quot;:false,&quot;noNavigation&quot;:false,&quot;bg_slider&quot;:false,&quot;keep_padding&quot;:false,&quot;hoverpause&quot;:false,&quot;show_slide_delay&quot;:0}\"  itemprop=\"image\" itemscope=\"itemscope\" itemtype=\"https:\/\/schema.org\/ImageObject\" ><ul class='avia-slideshow-inner ' style='padding-bottom: 28.666666666667%;'><li  class='avia-slideshow-slide av-lp53qpym-3f8057c5efeee804b1cf8ec59194584c__0  av-single-slide slide-1 slide-odd'><div data-rel='slideshow-1' class='avia-slide-wrap '   ><div class='av-slideshow-caption av-lp53qpym-3f8057c5efeee804b1cf8ec59194584c__0 caption_fullwidth caption_center caption_center_framed caption_framed'><div class=\"container caption_container\"><div class=\"slideshow_caption\"><div class=\"slideshow_inner_caption\"><div class=\"slideshow_align_caption\"><h2 class='avia-caption-title '  itemprop=\"name\" >Rulouri din aluminiu<\/h2><\/div><\/div><\/div><\/div><\/div><img decoding=\"async\" class=\"wp-image-7090 avia-img-lazy-loading-not-7090\"  src=\"https:\/\/berdoalutechnic.hu\/wp-content\/uploads\/RM_40-1-1500x430.jpg\" width=\"1500\" height=\"430\" title='RM_40' alt=''  itemprop=\"thumbnailUrl\"   \/><\/div><\/li><\/ul><\/div><\/div>\n<div id='av_section_1'  class='avia-section av-zrrtii-ed83c34f26324c449558f602b990cd05 main_color avia-section-default avia-no-border-styling  avia-builder-el-2  el_after_av_slideshow_full  el_before_av_section  avia-bg-style-scroll container_wrap fullsize'  ><div class='container av-section-cont-open' ><div class='template-page content  av-content-full alpha units'><div class='post-entry post-entry-type-page post-entry-8507'><div class='entry-content-wrapper clearfix'>\n<div  class='flex_column av-xqs2qy-0f418ceb6902deeeea1f6cb002b3f584 av_one_full  avia-builder-el-3  avia-builder-el-no-sibling  first flex_column_div  '     ><section  class='av_textblock_section av-uxntd6-2745f8025190e641d1f2188d4b259db3 '   itemscope=\"itemscope\" itemtype=\"https:\/\/schema.org\/CreativeWork\" ><div class='avia_textblock'  itemprop=\"text\" ><p>Principalele componente ale rulourilor noastre din aluminiu sunt realizate din aluminiu rezistent la coroziune, care sunt prev\u0103zute cu un strat protector de suprafa\u021b\u0103 tratat special. Datorit\u0103 materialelor de calitate premium utilizate, ofer\u0103 o p\u0103strare perfect\u0103 a culorii, o durat\u0103 lung\u0103 de via\u021b\u0103 \u0219i o excelent\u0103 izolare termic\u0103 \u0219i fonic\u0103, precum \u0219i protec\u021bie mecanic\u0103 \u00eempotriva influen\u021belor externe.<\/p>\n<p><strong>Rulou exterior aplicat<\/strong><\/p>\n<p>Din acest tip de rulou avem 3 modele: 20\u00b0, 45\u00b0, modelele clasice \u0219i rotunde \u00een func\u021bie de forma carcasei. Dintre aceste tipuri, pute\u021bi alege nuan\u021ba dup\u0103 bunul plac, ceea ce asigur\u0103 o armonie perfect\u0103 cu fa\u021bada cl\u0103dirii.<\/p>\n<p>Sistemul poate fi montat \u00eempreun\u0103 cu fereastra sau mai t\u00e2rziu.<\/p>\n<p>Covorul este realizat din lamele de aluminiu l\u0103cuite cu pere\u021bi dubli, care sunt umplute cu spum\u0103 poliuretanic\u0103 ecologic\u0103. Ambele capete ale lamelelor sunt clipsate cu o linie special\u0103 de ma\u0219in\u0103 automat\u0103, asigur\u00e2nd astfel ghidarea continu\u0103 a lamelelor \u00een \u0219ina de ghidare. \u00cen plus, \u0219ineloe de ghidare au o perie special\u0103 unic\u0103 \u0219i stabil\u0103, asigur\u00e2nd astfel pozi\u021bia perfect\u0103 a covorului. De asemenea, poate fi combinat practic cu plas\u0103 de insecte \u00eencorporat\u0103 care func\u021bioneaz\u0103 vertical. Dac\u0103 este necesar, acoperim sistemul nostru de rulou cu o folie decorativ\u0103 pvc RENOLIT utilizat\u0103 de produc\u0103torii de ferestre sau vopsim din gama de culori RAL \u0219i \u00eei asigur\u0103m un strat protector de suprafa\u021b\u0103.<\/p>\n<p><strong>\u00a0<\/strong><\/p>\n<p><strong>Rulou exterior aplicat tencuibil<\/strong><\/p>\n<p>Ideologia sa este c\u0103 structura carcasei formeaz\u0103 o unitate omogen\u0103 cu planul fa\u021badei. La finalizarea lucr\u0103rilor de izolare corespunz\u0103toare, carcasa devine complet izolat\u0103 \u0219i acoperit\u0103, \u00eendeplinind astfel din punct de vedere estetic cerin\u021bele stilurilor arhitecturale moderne. Pe baza designului sistemului, distingem \u00eentre versiunea clasic\u0103 pentagonal\u0103 de 20\u00b0 \u0219i versiunea dreptunghiular\u0103 de 90\u00b0, care este din ce \u00een ce mai popular\u0103 \u00een r\u00e2ndul designerilor \u0219i poate fi aleas\u0103 pentru fa\u021badele cl\u0103dirilor dup\u0103 cum se dore\u0219te.<\/p>\n<p>Sistemul trebuie instalat dup\u0103 instalarea u\u0219ii \u0219i ferestrei \u00eenainte de a izola fa\u021bada. Suprafa\u021ba frontal\u0103 a carcasei serve\u0219te \u0219i ca suprafa\u021b\u0103 de baz\u0103 pentru orice tehnologie de finisare, ne referim aici (de exemplu, ipsos, klinker etc.)<\/p>\n<p>Covorul este realizat din lamele de aluminiu l\u0103cuite cu pere\u021bi dubli, care sunt umplute cu spum\u0103 poliuretanic\u0103 ecologic\u0103. Ambele capete ale lamelelor sunt clipsate cu o linie special\u0103 de ma\u0219in\u0103 automat\u0103, asigur\u00e2nd astfel ghidarea continu\u0103 a lamelelor \u00een \u0219ina de ghidare. \u00cen plus, \u0219ineloe de ghidare au o perie special\u0103 unic\u0103 \u0219i stabil\u0103, asigur\u00e2nd astfel pozi\u021bia perfect\u0103 a covorului. De asemenea, poate fi combinat practic cu plas\u0103 de insecte \u00eencorporat\u0103 care func\u021bioneaz\u0103 vertical. Dac\u0103 este necesar, acoperim sistemul nostru de rulou cu o folie decorativ\u0103 pvc RENOLIT utilizat\u0103 de produc\u0103torii de ferestre sau vopsim din gama de culori RAL \u0219i \u00eei asigur\u0103m un strat protector de suprafa\u021b\u0103.<\/p>\n<p><strong>Motoare \u0219i automatiz\u0103ri<\/strong><\/p>\n<p>Utilizarea rulourilor automatizate face operarea mult mai convenabil\u0103. Datorit\u0103 diferitelor func\u021bii inteligente, nu trebuie s\u0103 v\u0103 face\u021bi griji chiar dac\u0103 sunte\u021bi departe de cas\u0103, deoarece automatizarea se ocup\u0103 de optimizarea unghiului de \u00eenclinare.<\/p>\n<p>Garan\u021bie de \u00eenalt\u0103 calitate \u0219i confort<\/p>\n<p><a href=\"https:\/\/www.somfy.hu\/termekek\/napellenzok-es-pergolakVez%C3%A9rl%C3%A9sek\" target=\"_blank\" rel=\"nofollow noopener\" data-saferedirecturl=\"https:\/\/www.google.com\/url?q=https:\/\/www.somfy.hu\/termekek\/napellenzok-es-pergolakVez%25C3%25A9rl%25C3%25A9sek&amp;source=gmail&amp;ust=1717493696602000&amp;usg=AOvVaw001xsqFtmf5OxhZyDOhz_2\">Motoare Somfy<\/a><\/p>\n<p>Solu\u021bii inteligente pentru casa ta.<\/p>\n<p><a href=\"https:\/\/www.balaton-smarthome.hu\/vezetek-nelkuli-okos-otthon\/\" target=\"_blank\" rel=\"nofollow noopener\" data-saferedirecturl=\"https:\/\/www.google.com\/url?q=https:\/\/www.fibaro.com\/hu\/&amp;source=gmail&amp;ust=1717493696602000&amp;usg=AOvVaw1VCd63uWYY8ejgG9pnikv7\">Solu\u021bii Fibaro<\/a><\/p>\n<p><a href=\"https:\/\/www.somfy.hu\/termekek\/okoskoezpontok-es-taviranyitok\" target=\"_blank\" rel=\"nofollow noopener\" data-saferedirecturl=\"https:\/\/www.google.com\/url?q=https:\/\/www.somfy.hu\/termekek\/okoskoezpontok-es-taviranyitok&amp;source=gmail&amp;ust=1717493696602000&amp;usg=AOvVaw2g6sgQt9_cFBbkhlTOO31V\">Solu\u021bii Somfy<\/a><\/p>\n<\/div><\/section><\/div><\/div><\/div><\/div><!-- close content main div --><\/div><\/div>\n<style type=\"text\/css\" data-created_by=\"avia_inline_auto\" id=\"style-css-av-nt5mt6-cb03183422e23df81955deb4e36ed0a5\">\n.avia-section.av-nt5mt6-cb03183422e23df81955deb4e36ed0a5{\nbackground-color:#033a7d;\nbackground-image:unset;\n}\n<\/style>\n<div id='av_section_2'  class='avia-section av-nt5mt6-cb03183422e23df81955deb4e36ed0a5 main_color avia-section-default avia-no-border-styling  avia-builder-el-5  el_after_av_section  avia-builder-el-last  avia-bg-style-scroll container_wrap fullsize'  ><div class='container av-section-cont-open' ><div class='template-page content  av-content-full alpha units'><div class='post-entry post-entry-type-page post-entry-8507'><div class='entry-content-wrapper clearfix'>\n<div  class='flex_column av-3r9rje-4def1f3f3bc76cafd649eb3395ec51bf av_one_full  avia-builder-el-6  avia-builder-el-no-sibling  first flex_column_div  '     ><\/div><\/p>\n","protected":false},"excerpt":{"rendered":"","protected":false},"author":1,"featured_media":0,"parent":8508,"menu_order":0,"comment_status":"closed","ping_status":"closed","template":"","meta":{"_monsterinsights_skip_tracking":false,"_monsterinsights_sitenote_active":false,"_monsterinsights_sitenote_note":"","_monsterinsights_sitenote_category":0,"footnotes":""},"class_list":["post-8507","page","type-page","status-publish","hentry"],"yoast_head":"<!-- This site is optimized with the Yoast SEO Premium plugin v27.1 (Yoast SEO v27.1.1) - https:\/\/yoast.com\/product\/yoast-seo-premium-wordpress\/ -->\n<title>Rulouri din aluminiu - Berdo Alutechnic<\/title>\n<meta name=\"robots\" content=\"index, follow, max-snippet:-1, max-image-preview:large, max-video-preview:-1\" \/>\n<link rel=\"canonical\" href=\"https:\/\/berdoalutechnic.hu\/ro\/produse-finite\/produse\/sisteme-de-umbrire-exterioare\/rulouri-din-aluminiu\/\" \/>\n<meta property=\"og:locale\" content=\"ro_RO\" \/>\n<meta property=\"og:type\" content=\"article\" \/>\n<meta property=\"og:title\" content=\"Rulouri din aluminiu\" \/>\n<meta property=\"og:url\" content=\"https:\/\/berdoalutechnic.hu\/ro\/produse-finite\/produse\/sisteme-de-umbrire-exterioare\/rulouri-din-aluminiu\/\" \/>\n<meta property=\"og:site_name\" content=\"Berdo Alutechnic\" \/>\n<meta property=\"article:modified_time\" content=\"2024-08-03T14:02:28+00:00\" \/>\n<meta name=\"twitter:card\" content=\"summary_large_image\" \/>\n<meta name=\"twitter:label1\" content=\"Timp estimat pentru citire\" \/>\n\t<meta name=\"twitter:data1\" content=\"3 minute\" \/>\n<script type=\"application\/ld+json\" class=\"yoast-schema-graph\">{\"@context\":\"https:\/\/schema.org\",\"@graph\":[{\"@type\":\"WebPage\",\"@id\":\"https:\/\/berdoalutechnic.hu\/ro\/produse-finite\/produse\/sisteme-de-umbrire-exterioare\/rulouri-din-aluminiu\/\",\"url\":\"https:\/\/berdoalutechnic.hu\/ro\/produse-finite\/produse\/sisteme-de-umbrire-exterioare\/rulouri-din-aluminiu\/\",\"name\":\"Rulouri din aluminiu - Berdo Alutechnic\",\"isPartOf\":{\"@id\":\"https:\/\/berdoalutechnic.hu\/#website\"},\"datePublished\":\"2023-11-04T08:40:36+00:00\",\"dateModified\":\"2024-08-03T14:02:28+00:00\",\"breadcrumb\":{\"@id\":\"https:\/\/berdoalutechnic.hu\/ro\/produse-finite\/produse\/sisteme-de-umbrire-exterioare\/rulouri-din-aluminiu\/#breadcrumb\"},\"inLanguage\":\"ro-RO\",\"potentialAction\":[{\"@type\":\"ReadAction\",\"target\":[\"https:\/\/berdoalutechnic.hu\/ro\/produse-finite\/produse\/sisteme-de-umbrire-exterioare\/rulouri-din-aluminiu\/\"]}]},{\"@type\":\"BreadcrumbList\",\"@id\":\"https:\/\/berdoalutechnic.hu\/ro\/produse-finite\/produse\/sisteme-de-umbrire-exterioare\/rulouri-din-aluminiu\/#breadcrumb\",\"itemListElement\":[{\"@type\":\"ListItem\",\"position\":1,\"name\":\"Kezd\u0151lap\",\"item\":\"https:\/\/berdoalutechnic.hu\/ro\/pagina-principala\/\"},{\"@type\":\"ListItem\",\"position\":2,\"name\":\"Produse finite\",\"item\":\"https:\/\/berdoalutechnic.hu\/ro\/produse-finite\/\"},{\"@type\":\"ListItem\",\"position\":3,\"name\":\"Produse\",\"item\":\"https:\/\/berdoalutechnic.hu\/ro\/produse-finite\/produse\/\"},{\"@type\":\"ListItem\",\"position\":4,\"name\":\"Sisteme de umbrire exterioare\",\"item\":\"https:\/\/berdoalutechnic.hu\/ro\/produse-finite\/produse\/sisteme-de-umbrire-exterioare\/\"},{\"@type\":\"ListItem\",\"position\":5,\"name\":\"Rulouri din aluminiu\"}]},{\"@type\":\"WebSite\",\"@id\":\"https:\/\/berdoalutechnic.hu\/#website\",\"url\":\"https:\/\/berdoalutechnic.hu\/\",\"name\":\"Berdo Alutechnic\",\"description\":\"\",\"publisher\":{\"@id\":\"https:\/\/berdoalutechnic.hu\/#organization\"},\"potentialAction\":[{\"@type\":\"SearchAction\",\"target\":{\"@type\":\"EntryPoint\",\"urlTemplate\":\"https:\/\/berdoalutechnic.hu\/?s={search_term_string}\"},\"query-input\":{\"@type\":\"PropertyValueSpecification\",\"valueRequired\":true,\"valueName\":\"search_term_string\"}}],\"inLanguage\":\"ro-RO\"},{\"@type\":\"Organization\",\"@id\":\"https:\/\/berdoalutechnic.hu\/#organization\",\"name\":\"Berdo Alutechnic\",\"url\":\"https:\/\/berdoalutechnic.hu\/\",\"logo\":{\"@type\":\"ImageObject\",\"inLanguage\":\"ro-RO\",\"@id\":\"https:\/\/berdoalutechnic.hu\/#\/schema\/logo\/image\/\",\"url\":\"https:\/\/berdoalutechnic.hu\/wp-content\/uploads\/BALogo_email_tiny.png\",\"contentUrl\":\"https:\/\/berdoalutechnic.hu\/wp-content\/uploads\/BALogo_email_tiny.png\",\"width\":338,\"height\":167,\"caption\":\"Berdo Alutechnic\"},\"image\":{\"@id\":\"https:\/\/berdoalutechnic.hu\/#\/schema\/logo\/image\/\"}}]}<\/script>\n<!-- \/ Yoast SEO Premium plugin. -->","yoast_head_json":{"title":"Rulouri din aluminiu - Berdo Alutechnic","robots":{"index":"index","follow":"follow","max-snippet":"max-snippet:-1","max-image-preview":"max-image-preview:large","max-video-preview":"max-video-preview:-1"},"canonical":"https:\/\/berdoalutechnic.hu\/ro\/produse-finite\/produse\/sisteme-de-umbrire-exterioare\/rulouri-din-aluminiu\/","og_locale":"ro_RO","og_type":"article","og_title":"Rulouri din aluminiu","og_url":"https:\/\/berdoalutechnic.hu\/ro\/produse-finite\/produse\/sisteme-de-umbrire-exterioare\/rulouri-din-aluminiu\/","og_site_name":"Berdo Alutechnic","article_modified_time":"2024-08-03T14:02:28+00:00","twitter_card":"summary_large_image","twitter_misc":{"Timp estimat pentru citire":"3 minute"},"schema":{"@context":"https:\/\/schema.org","@graph":[{"@type":"WebPage","@id":"https:\/\/berdoalutechnic.hu\/ro\/produse-finite\/produse\/sisteme-de-umbrire-exterioare\/rulouri-din-aluminiu\/","url":"https:\/\/berdoalutechnic.hu\/ro\/produse-finite\/produse\/sisteme-de-umbrire-exterioare\/rulouri-din-aluminiu\/","name":"Rulouri din aluminiu - Berdo Alutechnic","isPartOf":{"@id":"https:\/\/berdoalutechnic.hu\/#website"},"datePublished":"2023-11-04T08:40:36+00:00","dateModified":"2024-08-03T14:02:28+00:00","breadcrumb":{"@id":"https:\/\/berdoalutechnic.hu\/ro\/produse-finite\/produse\/sisteme-de-umbrire-exterioare\/rulouri-din-aluminiu\/#breadcrumb"},"inLanguage":"ro-RO","potentialAction":[{"@type":"ReadAction","target":["https:\/\/berdoalutechnic.hu\/ro\/produse-finite\/produse\/sisteme-de-umbrire-exterioare\/rulouri-din-aluminiu\/"]}]},{"@type":"BreadcrumbList","@id":"https:\/\/berdoalutechnic.hu\/ro\/produse-finite\/produse\/sisteme-de-umbrire-exterioare\/rulouri-din-aluminiu\/#breadcrumb","itemListElement":[{"@type":"ListItem","position":1,"name":"Kezd\u0151lap","item":"https:\/\/berdoalutechnic.hu\/ro\/pagina-principala\/"},{"@type":"ListItem","position":2,"name":"Produse finite","item":"https:\/\/berdoalutechnic.hu\/ro\/produse-finite\/"},{"@type":"ListItem","position":3,"name":"Produse","item":"https:\/\/berdoalutechnic.hu\/ro\/produse-finite\/produse\/"},{"@type":"ListItem","position":4,"name":"Sisteme de umbrire exterioare","item":"https:\/\/berdoalutechnic.hu\/ro\/produse-finite\/produse\/sisteme-de-umbrire-exterioare\/"},{"@type":"ListItem","position":5,"name":"Rulouri din aluminiu"}]},{"@type":"WebSite","@id":"https:\/\/berdoalutechnic.hu\/#website","url":"https:\/\/berdoalutechnic.hu\/","name":"Berdo Alutechnic","description":"","publisher":{"@id":"https:\/\/berdoalutechnic.hu\/#organization"},"potentialAction":[{"@type":"SearchAction","target":{"@type":"EntryPoint","urlTemplate":"https:\/\/berdoalutechnic.hu\/?s={search_term_string}"},"query-input":{"@type":"PropertyValueSpecification","valueRequired":true,"valueName":"search_term_string"}}],"inLanguage":"ro-RO"},{"@type":"Organization","@id":"https:\/\/berdoalutechnic.hu\/#organization","name":"Berdo Alutechnic","url":"https:\/\/berdoalutechnic.hu\/","logo":{"@type":"ImageObject","inLanguage":"ro-RO","@id":"https:\/\/berdoalutechnic.hu\/#\/schema\/logo\/image\/","url":"https:\/\/berdoalutechnic.hu\/wp-content\/uploads\/BALogo_email_tiny.png","contentUrl":"https:\/\/berdoalutechnic.hu\/wp-content\/uploads\/BALogo_email_tiny.png","width":338,"height":167,"caption":"Berdo Alutechnic"},"image":{"@id":"https:\/\/berdoalutechnic.hu\/#\/schema\/logo\/image\/"}}]}},"_links":{"self":[{"href":"https:\/\/berdoalutechnic.hu\/ro\/wp-json\/wp\/v2\/pages\/8507","targetHints":{"allow":["GET"]}}],"collection":[{"href":"https:\/\/berdoalutechnic.hu\/ro\/wp-json\/wp\/v2\/pages"}],"about":[{"href":"https:\/\/berdoalutechnic.hu\/ro\/wp-json\/wp\/v2\/types\/page"}],"author":[{"embeddable":true,"href":"https:\/\/berdoalutechnic.hu\/ro\/wp-json\/wp\/v2\/users\/1"}],"replies":[{"embeddable":true,"href":"https:\/\/berdoalutechnic.hu\/ro\/wp-json\/wp\/v2\/comments?post=8507"}],"version-history":[{"count":3,"href":"https:\/\/berdoalutechnic.hu\/ro\/wp-json\/wp\/v2\/pages\/8507\/revisions"}],"predecessor-version":[{"id":8511,"href":"https:\/\/berdoalutechnic.hu\/ro\/wp-json\/wp\/v2\/pages\/8507\/revisions\/8511"}],"up":[{"embeddable":true,"href":"https:\/\/berdoalutechnic.hu\/ro\/wp-json\/wp\/v2\/pages\/8508"}],"wp:attachment":[{"href":"https:\/\/berdoalutechnic.hu\/ro\/wp-json\/wp\/v2\/media?parent=8507"}],"curies":[{"name":"wp","href":"https:\/\/api.w.org\/{rel}","templated":true}]}}