{"id":8508,"date":"2023-11-04T08:47:57","date_gmt":"2023-11-04T07:47:57","guid":{"rendered":"https:\/\/berdoalutechnic.hu\/?page_id=8508"},"modified":"2024-08-03T18:53:54","modified_gmt":"2024-08-03T16:53:54","slug":"sisteme-de-umbrire-exterioare","status":"publish","type":"page","link":"https:\/\/berdoalutechnic.hu\/ro\/produse-finite\/produse\/sisteme-de-umbrire-exterioare\/","title":{"rendered":"Sisteme de umbrire exterioare"},"content":{"rendered":"<div id='av-layout-grid-1'  class='av-layout-grid-container av-25q0t3s-8c10b9a845f8f3ae04754c71773a59b7 entry-content-wrapper socket_color av-flex-cells  avia-builder-el-0  el_before_av_submenu  avia-builder-el-first   container_wrap fullsize'  >\n<div class='flex_cell av-23uc1c8-c17cc5bec941e8363ec4e3f0d65e2d19 av-gridrow-cell av_one_full no_margin  avia-builder-el-1  avia-builder-el-no-sibling '  ><div class='flex_cell_inner'>\n<style type=\"text\/css\" data-created_by=\"avia_inline_auto\" id=\"style-css-av-lmgd09tv-fc1899885591ba3c7fcb585ea4cf7dbc\">\n#top .av-special-heading.av-lmgd09tv-fc1899885591ba3c7fcb585ea4cf7dbc{\npadding-bottom:10px;\n}\nbody .av-special-heading.av-lmgd09tv-fc1899885591ba3c7fcb585ea4cf7dbc .av-special-heading-tag .heading-char{\nfont-size:25px;\n}\n.av-special-heading.av-lmgd09tv-fc1899885591ba3c7fcb585ea4cf7dbc .av-subheading{\nfont-size:15px;\n}\n<\/style>\n<div  class='av-special-heading av-lmgd09tv-fc1899885591ba3c7fcb585ea4cf7dbc av-special-heading-h1 blockquote modern-quote  avia-builder-el-2  avia-builder-el-no-sibling '><h1 class='av-special-heading-tag'  itemprop=\"headline\"  >Sisteme de umbrire exterioare<\/h1><div class=\"special-heading-border\"><div class=\"special-heading-inner-border\"><\/div><\/div><\/div>\n<\/div><\/div>\n<\/div>\n<div class='clear'><\/div><div id='sub_menu1'  class='av-submenu-container av-lmgd04nz-7bbf13fd725ff1b5a91c19ab825cb2a1 main_color  avia-builder-el-3  el_after_av_layout_row  el_before_av_section  av-sticky-submenu submenu-not-first container_wrap fullsize' style='z-index:301' ><div class='container av-menu-mobile-disabled av-submenu-pos-center'><ul id=\"menu-kesztermekmenu-roman\" class=\"av-subnav-menu\"><li role=\"menuitem\" id=\"menu-item-8701\" class=\"menu-item menu-item-type-post_type menu-item-object-page menu-item-top-level menu-item-top-level-1\"><a href=\"https:\/\/berdoalutechnic.hu\/ro\/produse-finite\/produse\/\" itemprop=\"url\" tabindex=\"0\"><span class=\"avia-bullet\"><\/span><span class=\"avia-menu-text\">Produse<\/span><span class=\"avia-menu-fx\"><span class=\"avia-arrow-wrap\"><span class=\"avia-arrow\"><\/span><\/span><\/span><\/a><\/li>\n<li role=\"menuitem\" id=\"menu-item-8702\" class=\"menu-item menu-item-type-post_type menu-item-object-page menu-item-top-level menu-item-top-level-2\"><a href=\"https:\/\/berdoalutechnic.hu\/ro\/produse-finite\/descarcare\/\" itemprop=\"url\" tabindex=\"0\"><span class=\"avia-bullet\"><\/span><span class=\"avia-menu-text\">Desc\u0103rcare<\/span><span class=\"avia-menu-fx\"><span class=\"avia-arrow-wrap\"><span class=\"avia-arrow\"><\/span><\/span><\/span><\/a><\/li>\n<li role=\"menuitem\" id=\"menu-item-8703\" class=\"menu-item menu-item-type-post_type menu-item-object-page menu-item-top-level menu-item-top-level-3\"><a href=\"https:\/\/berdoalutechnic.hu\/ro\/produse-finite\/informatii\/\" itemprop=\"url\" tabindex=\"0\"><span class=\"avia-bullet\"><\/span><span class=\"avia-menu-text\">Informa\u021bii<\/span><span class=\"avia-menu-fx\"><span class=\"avia-arrow-wrap\"><span class=\"avia-arrow\"><\/span><\/span><\/span><\/a><\/li>\n<li role=\"menuitem\" id=\"menu-item-8704\" class=\"menu-item menu-item-type-post_type menu-item-object-page menu-item-top-level menu-item-top-level-4\"><a href=\"https:\/\/berdoalutechnic.hu\/ro\/produse-finite\/galerie\/\" itemprop=\"url\" tabindex=\"0\"><span class=\"avia-bullet\"><\/span><span class=\"avia-menu-text\">Galerie<\/span><span class=\"avia-menu-fx\"><span class=\"avia-arrow-wrap\"><span class=\"avia-arrow\"><\/span><\/span><\/span><\/a><\/li>\n<li role=\"menuitem\" id=\"menu-item-8705\" class=\"menu-item menu-item-type-post_type menu-item-object-page menu-item-top-level menu-item-top-level-5\"><a href=\"https:\/\/berdoalutechnic.hu\/ro\/produse-finite\/contact\/\" itemprop=\"url\" tabindex=\"0\"><span class=\"avia-bullet\"><\/span><span class=\"avia-menu-text\">Contact<\/span><span class=\"avia-menu-fx\"><span class=\"avia-arrow-wrap\"><span class=\"avia-arrow\"><\/span><\/span><\/span><\/a><\/li>\n<\/ul><\/div><\/div><div class='sticky_placeholder'><\/div>\n<div id='av_section_1'  class='avia-section av-1y1igmg-e459b5577a104e94f0d0c74922afde04 main_color avia-section-default avia-no-border-styling  avia-builder-el-4  el_after_av_submenu  avia-builder-el-last  avia-bg-style-scroll container_wrap fullsize'  ><div class='container av-section-cont-open' ><div class='template-page content  av-content-full alpha units'><div class='post-entry post-entry-type-page post-entry-8508'><div class='entry-content-wrapper clearfix'>\n<div  class='flex_column av-1whuna0-6ac3f7e483bf37e72602459a4c329d65 av_one_half  avia-builder-el-5  el_before_av_one_half  avia-builder-el-first  first flex_column_div  '     ><style type=\"text\/css\" data-created_by=\"avia_inline_auto\" id=\"style-css-av-1v28kug-43460c5b54efea2451b20918fc6ece4a\">\n.avia-image-container.av-1v28kug-43460c5b54efea2451b20918fc6ece4a img.avia_image{\nbox-shadow:none;\n}\n.avia-image-container.av-1v28kug-43460c5b54efea2451b20918fc6ece4a .av-image-caption-overlay-center{\ncolor:#ffffff;\n}\n<\/style>\n<div  class='avia-image-container av-1v28kug-43460c5b54efea2451b20918fc6ece4a av-styling- avia-align-center  avia-builder-el-6  avia-builder-el-no-sibling '   itemprop=\"image\" itemscope=\"itemscope\" itemtype=\"https:\/\/schema.org\/ImageObject\" ><div class=\"avia-image-container-inner\"><div class=\"avia-image-overlay-wrap\"><img decoding=\"async\" class='wp-image-6838 avia-img-lazy-loading-not-6838 avia_image ' src=\"https:\/\/berdoalutechnic.hu\/wp-content\/uploads\/kulso_arnyekolo.jpeg\" alt='' title='kulso_arnyekolo'  height=\"924\" width=\"2000\"  itemprop=\"thumbnailUrl\" srcset=\"https:\/\/berdoalutechnic.hu\/wp-content\/uploads\/kulso_arnyekolo.jpeg 2000w, https:\/\/berdoalutechnic.hu\/wp-content\/uploads\/kulso_arnyekolo-300x139.jpeg 300w, https:\/\/berdoalutechnic.hu\/wp-content\/uploads\/kulso_arnyekolo-1030x476.jpeg 1030w, https:\/\/berdoalutechnic.hu\/wp-content\/uploads\/kulso_arnyekolo-768x355.jpeg 768w, https:\/\/berdoalutechnic.hu\/wp-content\/uploads\/kulso_arnyekolo-1536x710.jpeg 1536w, https:\/\/berdoalutechnic.hu\/wp-content\/uploads\/kulso_arnyekolo-1500x693.jpeg 1500w, https:\/\/berdoalutechnic.hu\/wp-content\/uploads\/kulso_arnyekolo-705x326.jpeg 705w, https:\/\/berdoalutechnic.hu\/wp-content\/uploads\/kulso_arnyekolo-450x208.jpeg 450w, https:\/\/berdoalutechnic.hu\/wp-content\/uploads\/kulso_arnyekolo-600x277.jpeg 600w\" sizes=\"(max-width: 2000px) 100vw, 2000px\" \/><\/div><\/div><\/div><\/div><div  class='flex_column av-1suvhwo-8f5f835d6b1a29159550ccbed8e63374 av_one_half  avia-builder-el-7  el_after_av_one_half  el_before_av_hr  flex_column_div  '     ><p>\n<style type=\"text\/css\" data-created_by=\"avia_inline_auto\" id=\"style-css-av-1s3phko-4c1fe95c57f9c5c9f7d5451ce008ca34\">\n#top .av-special-heading.av-1s3phko-4c1fe95c57f9c5c9f7d5451ce008ca34{\nmargin:10px 0 0 0;\npadding-bottom:0;\n}\nbody .av-special-heading.av-1s3phko-4c1fe95c57f9c5c9f7d5451ce008ca34 .av-special-heading-tag .heading-char{\nfont-size:25px;\n}\n#top #wrap_all .av-special-heading.av-1s3phko-4c1fe95c57f9c5c9f7d5451ce008ca34 .av-special-heading-tag{\npadding:0 0 0 0;\n}\n.av-special-heading.av-1s3phko-4c1fe95c57f9c5c9f7d5451ce008ca34 .av-subheading{\nfont-size:15px;\n}\n<\/style>\n<div  class='av-special-heading av-1s3phko-4c1fe95c57f9c5c9f7d5451ce008ca34 av-special-heading-h3 blockquote modern-quote  avia-builder-el-8  el_before_av_hr  avia-builder-el-first '><h3 class='av-special-heading-tag'  itemprop=\"headline\"  >Sisteme de umbrire exterioare<\/h3><div class=\"special-heading-border\"><div class=\"special-heading-inner-border\"><\/div><\/div><\/div><br \/>\n\n<style type=\"text\/css\" data-created_by=\"avia_inline_auto\" id=\"style-css-av-1q7fhx4-489b27ec19ee2bb41fe0d19bc3d1c331\">\n#top .hr.av-1q7fhx4-489b27ec19ee2bb41fe0d19bc3d1c331{\nmargin-top:10px;\nmargin-bottom:10px;\n}\n.hr.av-1q7fhx4-489b27ec19ee2bb41fe0d19bc3d1c331 .hr-inner{\nwidth:50px;\nborder-color:#066cff;\n}\n<\/style>\n<div  class='hr av-1q7fhx4-489b27ec19ee2bb41fe0d19bc3d1c331 hr-custom  avia-builder-el-9  el_after_av_heading  el_before_av_textblock  hr-left hr-icon-no'><span class='hr-inner inner-border-av-border-fat'><span class=\"hr-inner-style\"><\/span><\/span><\/div><br \/>\n<section  class='av_textblock_section av-1o3fq9k-690d6f1be6875554fe477f9acbdf21e7 '   itemscope=\"itemscope\" itemtype=\"https:\/\/schema.org\/CreativeWork\" ><div class='avia_textblock'  itemprop=\"text\" ><p>Sistemele de umbrire exterioare ofer\u0103 o solu\u021bie practic\u0103 \u0219i fiabil\u0103 pentru crearea unui mediu confortabil \u0219i eficient din punct de vedere energetic. Lamelele din materiale rezistente \u0219i sistemul de prindere durabil asigur\u0103 o durat\u0103 lung\u0103 de via\u021b\u0103, \u00een timp ce diferitele lor dimensiuni \u0219i op\u021biuni de culoare le permit s\u0103 fie u\u0219or de adaptat la aspectul cl\u0103dirii.<\/p>\n<\/div><\/section><\/p><\/div>\n<style type=\"text\/css\" data-created_by=\"avia_inline_auto\" id=\"style-css-av-lmj26c03-3925892b9531061ce8f5b103edec46f9\">\n#top .hr.hr-invisible.av-lmj26c03-3925892b9531061ce8f5b103edec46f9{\nheight:50px;\n}\n<\/style>\n<div  class='hr av-lmj26c03-3925892b9531061ce8f5b103edec46f9 hr-invisible  avia-builder-el-11  el_after_av_one_half  el_before_av_buttonrow '><span class='hr-inner '><span class=\"hr-inner-style\"><\/span><\/span><\/div>\n<div  class='avia-buttonrow-wrap av-1m7ft9k-a48c32cc223fa2968691c7b8ea5c1eba avia-buttonrow-center  avia-builder-el-12  el_after_av_hr  avia-builder-el-last '>\n\n<style type=\"text\/css\" data-created_by=\"avia_inline_auto\" id=\"style-css-av-5o56fs-2-cdf432f0eccb76312e8c7fbca5f50478\">\n#top #wrap_all .avia-button.av-5o56fs-2-cdf432f0eccb76312e8c7fbca5f50478{\nbackground-color:#066cff;\nborder-color:#066cff;\ntransition:all 0.4s ease-in-out;\nmargin-bottom:5px;\nmargin-right:3px;\nmargin-left:3px;\n}\n#top #wrap_all .avia-button.av-5o56fs-2-cdf432f0eccb76312e8c7fbca5f50478:hover{\nbackground-color:#033a7d;\ncolor:white;\ntransition:all 0.4s ease-in-out;\n}\n<\/style>\n<a href='https:\/\/berdoalutechnic.hu\/ro\/produse-finite\/produse\/sisteme-de-umbrire-exterioare\/rulouri-din-aluminiu\/'  class='avia-button av-5o56fs-2-cdf432f0eccb76312e8c7fbca5f50478 avia-icon_select-no avia-size-small avia-font-color-theme-color'  ><span class='avia_iconbox_title' >Rulouri din aluminiu<\/span><\/a>\n\n<style type=\"text\/css\" data-created_by=\"avia_inline_auto\" id=\"style-css-av-5o56fs-2-1-03274a4b6a45d7a4cbf665681ebc9d9b\">\n#top #wrap_all .avia-button.av-5o56fs-2-1-03274a4b6a45d7a4cbf665681ebc9d9b{\nbackground-color:#066cff;\nborder-color:#066cff;\ntransition:all 0.4s ease-in-out;\nmargin-bottom:5px;\nmargin-right:3px;\nmargin-left:3px;\n}\n#top #wrap_all .avia-button.av-5o56fs-2-1-03274a4b6a45d7a4cbf665681ebc9d9b:hover{\nbackground-color:#033a7d;\ncolor:white;\ntransition:all 0.4s ease-in-out;\n}\n<\/style>\n<a href='https:\/\/berdoalutechnic.hu\/ro\/produse-finite\/produse\/sisteme-de-umbrire-exterioare\/rulouri-suprapuse\/'  class='avia-button av-5o56fs-2-1-03274a4b6a45d7a4cbf665681ebc9d9b avia-icon_select-no avia-size-small avia-font-color-theme-color'  ><span class='avia_iconbox_title' >Rulouri suprapuse<\/span><\/a>\n\n<style type=\"text\/css\" data-created_by=\"avia_inline_auto\" id=\"style-css-av-5o56fs-5-e5a2caeab52b01534a36972dff1ef822\">\n#top #wrap_all .avia-button.av-5o56fs-5-e5a2caeab52b01534a36972dff1ef822{\nbackground-color:#066cff;\nborder-color:#066cff;\ntransition:all 0.4s ease-in-out;\nmargin-bottom:5px;\nmargin-right:3px;\nmargin-left:3px;\n}\n#top #wrap_all .avia-button.av-5o56fs-5-e5a2caeab52b01534a36972dff1ef822:hover{\nbackground-color:#033a7d;\ncolor:white;\ntransition:all 0.4s ease-in-out;\n}\n<\/style>\n<a href='https:\/\/berdoalutechnic.hu\/ro\/produse-finite\/produse\/sisteme-de-umbrire-exterioare\/rulouri-din-pvc-new-line\/'  class='avia-button av-5o56fs-5-e5a2caeab52b01534a36972dff1ef822 avia-icon_select-no avia-size-small avia-font-color-theme-color'  ><span class='avia_iconbox_title' >Rulouri din PVC \u2013 New Line <\/span><\/a>\n\n<style type=\"text\/css\" data-created_by=\"avia_inline_auto\" id=\"style-css-av-5o56fs-2-10-1bb563e4a1b57767164b5cf005492508\">\n#top #wrap_all .avia-button.av-5o56fs-2-10-1bb563e4a1b57767164b5cf005492508{\nbackground-color:#066cff;\nborder-color:#066cff;\ntransition:all 0.4s ease-in-out;\nmargin-bottom:5px;\nmargin-right:3px;\nmargin-left:3px;\n}\n#top #wrap_all .avia-button.av-5o56fs-2-10-1bb563e4a1b57767164b5cf005492508:hover{\nbackground-color:#033a7d;\ncolor:white;\ntransition:all 0.4s ease-in-out;\n}\n<\/style>\n<a href='https:\/\/berdoalutechnic.hu\/ro\/produse-finite\/produse\/sisteme-de-umbrire-exterioare\/usi-de-garaj\/'  class='avia-button av-5o56fs-2-10-1bb563e4a1b57767164b5cf005492508 avia-icon_select-no avia-size-small avia-font-color-theme-color'  ><span class='avia_iconbox_title' >U\u0219i de garaj<\/span><\/a>\n\n<style type=\"text\/css\" data-created_by=\"avia_inline_auto\" id=\"style-css-av-5o56fs-7-250f4647660f6bc8337997ef79a4e1bf\">\n#top #wrap_all .avia-button.av-5o56fs-7-250f4647660f6bc8337997ef79a4e1bf{\nbackground-color:#066cff;\nborder-color:#066cff;\ntransition:all 0.4s ease-in-out;\nmargin-bottom:5px;\nmargin-right:3px;\nmargin-left:3px;\n}\n#top #wrap_all .avia-button.av-5o56fs-7-250f4647660f6bc8337997ef79a4e1bf:hover{\nbackground-color:#033a7d;\ncolor:white;\ntransition:all 0.4s ease-in-out;\n}\n<\/style>\n<a href='https:\/\/berdoalutechnic.hu\/ro\/produse-finite\/produse\/sisteme-de-umbrire-exterioare\/jaluzele-exterioare\/'  class='avia-button av-5o56fs-7-250f4647660f6bc8337997ef79a4e1bf avia-icon_select-no avia-size-small avia-font-color-theme-color'  ><span class='avia_iconbox_title' >Jaluzele exterioare<\/span><\/a>\n\n<style type=\"text\/css\" data-created_by=\"avia_inline_auto\" id=\"style-css-av-5o56fs-850cc5392ccf99a43b01175a8ef95ad7\">\n#top #wrap_all .avia-button.av-5o56fs-850cc5392ccf99a43b01175a8ef95ad7{\nbackground-color:#066cff;\nborder-color:#066cff;\ntransition:all 0.4s ease-in-out;\nmargin-bottom:5px;\nmargin-right:3px;\nmargin-left:3px;\n}\n#top #wrap_all .avia-button.av-5o56fs-850cc5392ccf99a43b01175a8ef95ad7:hover{\nbackground-color:#033a7d;\ncolor:white;\ntransition:all 0.4s ease-in-out;\n}\n<\/style>\n<a href='https:\/\/berdoalutechnic.hu\/ro\/produse-finite\/produse\/sisteme-de-umbrire-exterioare\/sisteme-de-umbrire-tip-screen\/'  class='avia-button av-5o56fs-850cc5392ccf99a43b01175a8ef95ad7 avia-icon_select-no avia-size-small avia-font-color-theme-color'  ><span class='avia_iconbox_title' >Sisteme de umbrire tip Screen <\/span><\/a>\n\n<style type=\"text\/css\" data-created_by=\"avia_inline_auto\" id=\"style-css-av-5o56fs-3-201e50a4d160dc5e290f5afc5318e518\">\n#top #wrap_all .avia-button.av-5o56fs-3-201e50a4d160dc5e290f5afc5318e518{\nbackground-color:#066cff;\nborder-color:#066cff;\ntransition:all 0.4s ease-in-out;\nmargin-bottom:5px;\nmargin-right:3px;\nmargin-left:3px;\n}\n#top #wrap_all .avia-button.av-5o56fs-3-201e50a4d160dc5e290f5afc5318e518:hover{\nbackground-color:#033a7d;\ncolor:white;\ntransition:all 0.4s ease-in-out;\n}\n<\/style>\n<a href='https:\/\/berdoalutechnic.hu\/ro\/produse-finite\/produse\/sisteme-de-umbrire-exterioare\/sisteme-de-umbrire-veranda\/'  class='avia-button av-5o56fs-3-201e50a4d160dc5e290f5afc5318e518 avia-icon_select-no avia-size-small avia-font-color-theme-color'  ><span class='avia_iconbox_title' >Sisteme de umbrire verand\u0103<\/span><\/a>\n\n<style type=\"text\/css\" data-created_by=\"avia_inline_auto\" id=\"style-css-av-5o56fs-4-2fc6d8dc7da27050290d15789462deac\">\n#top #wrap_all .avia-button.av-5o56fs-4-2fc6d8dc7da27050290d15789462deac{\nbackground-color:#066cff;\nborder-color:#066cff;\ntransition:all 0.4s ease-in-out;\nmargin-bottom:5px;\nmargin-right:3px;\nmargin-left:3px;\n}\n#top #wrap_all .avia-button.av-5o56fs-4-2fc6d8dc7da27050290d15789462deac:hover{\nbackground-color:#033a7d;\ncolor:white;\ntransition:all 0.4s ease-in-out;\n}\n<\/style>\n<a href='https:\/\/berdoalutechnic.hu\/ro\/produse-finite\/produse\/sisteme-de-umbrire-exterioare\/copertine-cu-brat-retractabil\/'  class='avia-button av-5o56fs-4-2fc6d8dc7da27050290d15789462deac avia-icon_select-no avia-size-small avia-font-color-theme-color'  ><span class='avia_iconbox_title' >Copertine cu bra\u021b retractabil<\/span><\/a>\n\n<style type=\"text\/css\" data-created_by=\"avia_inline_auto\" id=\"style-css-av-5o56fs-3-9-bc9de15a0bc8647d91658d14649bc090\">\n#top #wrap_all .avia-button.av-5o56fs-3-9-bc9de15a0bc8647d91658d14649bc090{\nbackground-color:#066cff;\nborder-color:#066cff;\ntransition:all 0.4s ease-in-out;\nmargin-bottom:5px;\nmargin-right:3px;\nmargin-left:3px;\n}\n#top #wrap_all .avia-button.av-5o56fs-3-9-bc9de15a0bc8647d91658d14649bc090:hover{\nbackground-color:#033a7d;\ncolor:white;\ntransition:all 0.4s ease-in-out;\n}\n<\/style>\n<a href='https:\/\/berdoalutechnic.hu\/ro\/produse-finite\/produse\/sisteme-de-umbrire-exterioare\/sisteme-de-umbrire-gigant-lamelare\/'  class='avia-button av-5o56fs-3-9-bc9de15a0bc8647d91658d14649bc090 avia-icon_select-no avia-size-small avia-font-color-theme-color'  ><span class='avia_iconbox_title' >Sisteme de umbrire gigant lamelare<\/span><\/a>\n<\/div>\n\n","protected":false},"excerpt":{"rendered":"","protected":false},"author":1,"featured_media":0,"parent":8505,"menu_order":0,"comment_status":"closed","ping_status":"closed","template":"","meta":{"_monsterinsights_skip_tracking":false,"_monsterinsights_sitenote_active":false,"_monsterinsights_sitenote_note":"","_monsterinsights_sitenote_category":0,"footnotes":""},"class_list":["post-8508","page","type-page","status-publish","hentry"],"yoast_head":"<!-- This site is optimized with the Yoast SEO Premium plugin v27.1 (Yoast SEO v27.1.1) - https:\/\/yoast.com\/product\/yoast-seo-premium-wordpress\/ -->\n<title>Sisteme de umbrire exterioare - Berdo Alutechnic<\/title>\n<meta name=\"robots\" content=\"index, follow, max-snippet:-1, max-image-preview:large, max-video-preview:-1\" \/>\n<link rel=\"canonical\" href=\"https:\/\/berdoalutechnic.hu\/ro\/produse-finite\/produse\/sisteme-de-umbrire-exterioare\/\" \/>\n<meta property=\"og:locale\" content=\"ro_RO\" \/>\n<meta property=\"og:type\" content=\"article\" \/>\n<meta property=\"og:title\" content=\"Sisteme de umbrire exterioare\" \/>\n<meta property=\"og:url\" content=\"https:\/\/berdoalutechnic.hu\/ro\/produse-finite\/produse\/sisteme-de-umbrire-exterioare\/\" \/>\n<meta property=\"og:site_name\" content=\"Berdo Alutechnic\" \/>\n<meta property=\"article:modified_time\" content=\"2024-08-03T16:53:54+00:00\" \/>\n<meta name=\"twitter:card\" content=\"summary_large_image\" \/>\n<meta name=\"twitter:label1\" content=\"Timp estimat pentru citire\" \/>\n\t<meta name=\"twitter:data1\" content=\"1 minut\" \/>\n<script type=\"application\/ld+json\" class=\"yoast-schema-graph\">{\"@context\":\"https:\/\/schema.org\",\"@graph\":[{\"@type\":\"WebPage\",\"@id\":\"https:\/\/berdoalutechnic.hu\/ro\/produse-finite\/produse\/sisteme-de-umbrire-exterioare\/\",\"url\":\"https:\/\/berdoalutechnic.hu\/ro\/produse-finite\/produse\/sisteme-de-umbrire-exterioare\/\",\"name\":\"Sisteme de umbrire exterioare - Berdo Alutechnic\",\"isPartOf\":{\"@id\":\"https:\/\/berdoalutechnic.hu\/#website\"},\"datePublished\":\"2023-11-04T07:47:57+00:00\",\"dateModified\":\"2024-08-03T16:53:54+00:00\",\"breadcrumb\":{\"@id\":\"https:\/\/berdoalutechnic.hu\/ro\/produse-finite\/produse\/sisteme-de-umbrire-exterioare\/#breadcrumb\"},\"inLanguage\":\"ro-RO\",\"potentialAction\":[{\"@type\":\"ReadAction\",\"target\":[\"https:\/\/berdoalutechnic.hu\/ro\/produse-finite\/produse\/sisteme-de-umbrire-exterioare\/\"]}]},{\"@type\":\"BreadcrumbList\",\"@id\":\"https:\/\/berdoalutechnic.hu\/ro\/produse-finite\/produse\/sisteme-de-umbrire-exterioare\/#breadcrumb\",\"itemListElement\":[{\"@type\":\"ListItem\",\"position\":1,\"name\":\"Kezd\u0151lap\",\"item\":\"https:\/\/berdoalutechnic.hu\/ro\/pagina-principala\/\"},{\"@type\":\"ListItem\",\"position\":2,\"name\":\"Produse finite\",\"item\":\"https:\/\/berdoalutechnic.hu\/ro\/produse-finite\/\"},{\"@type\":\"ListItem\",\"position\":3,\"name\":\"Produse\",\"item\":\"https:\/\/berdoalutechnic.hu\/ro\/produse-finite\/produse\/\"},{\"@type\":\"ListItem\",\"position\":4,\"name\":\"Sisteme de umbrire exterioare\"}]},{\"@type\":\"WebSite\",\"@id\":\"https:\/\/berdoalutechnic.hu\/#website\",\"url\":\"https:\/\/berdoalutechnic.hu\/\",\"name\":\"Berdo Alutechnic\",\"description\":\"\",\"publisher\":{\"@id\":\"https:\/\/berdoalutechnic.hu\/#organization\"},\"potentialAction\":[{\"@type\":\"SearchAction\",\"target\":{\"@type\":\"EntryPoint\",\"urlTemplate\":\"https:\/\/berdoalutechnic.hu\/?s={search_term_string}\"},\"query-input\":{\"@type\":\"PropertyValueSpecification\",\"valueRequired\":true,\"valueName\":\"search_term_string\"}}],\"inLanguage\":\"ro-RO\"},{\"@type\":\"Organization\",\"@id\":\"https:\/\/berdoalutechnic.hu\/#organization\",\"name\":\"Berdo Alutechnic\",\"url\":\"https:\/\/berdoalutechnic.hu\/\",\"logo\":{\"@type\":\"ImageObject\",\"inLanguage\":\"ro-RO\",\"@id\":\"https:\/\/berdoalutechnic.hu\/#\/schema\/logo\/image\/\",\"url\":\"https:\/\/berdoalutechnic.hu\/wp-content\/uploads\/BALogo_email_tiny.png\",\"contentUrl\":\"https:\/\/berdoalutechnic.hu\/wp-content\/uploads\/BALogo_email_tiny.png\",\"width\":338,\"height\":167,\"caption\":\"Berdo Alutechnic\"},\"image\":{\"@id\":\"https:\/\/berdoalutechnic.hu\/#\/schema\/logo\/image\/\"}}]}<\/script>\n<!-- \/ Yoast SEO Premium plugin. -->","yoast_head_json":{"title":"Sisteme de umbrire exterioare - Berdo Alutechnic","robots":{"index":"index","follow":"follow","max-snippet":"max-snippet:-1","max-image-preview":"max-image-preview:large","max-video-preview":"max-video-preview:-1"},"canonical":"https:\/\/berdoalutechnic.hu\/ro\/produse-finite\/produse\/sisteme-de-umbrire-exterioare\/","og_locale":"ro_RO","og_type":"article","og_title":"Sisteme de umbrire exterioare","og_url":"https:\/\/berdoalutechnic.hu\/ro\/produse-finite\/produse\/sisteme-de-umbrire-exterioare\/","og_site_name":"Berdo Alutechnic","article_modified_time":"2024-08-03T16:53:54+00:00","twitter_card":"summary_large_image","twitter_misc":{"Timp estimat pentru citire":"1 minut"},"schema":{"@context":"https:\/\/schema.org","@graph":[{"@type":"WebPage","@id":"https:\/\/berdoalutechnic.hu\/ro\/produse-finite\/produse\/sisteme-de-umbrire-exterioare\/","url":"https:\/\/berdoalutechnic.hu\/ro\/produse-finite\/produse\/sisteme-de-umbrire-exterioare\/","name":"Sisteme de umbrire exterioare - Berdo Alutechnic","isPartOf":{"@id":"https:\/\/berdoalutechnic.hu\/#website"},"datePublished":"2023-11-04T07:47:57+00:00","dateModified":"2024-08-03T16:53:54+00:00","breadcrumb":{"@id":"https:\/\/berdoalutechnic.hu\/ro\/produse-finite\/produse\/sisteme-de-umbrire-exterioare\/#breadcrumb"},"inLanguage":"ro-RO","potentialAction":[{"@type":"ReadAction","target":["https:\/\/berdoalutechnic.hu\/ro\/produse-finite\/produse\/sisteme-de-umbrire-exterioare\/"]}]},{"@type":"BreadcrumbList","@id":"https:\/\/berdoalutechnic.hu\/ro\/produse-finite\/produse\/sisteme-de-umbrire-exterioare\/#breadcrumb","itemListElement":[{"@type":"ListItem","position":1,"name":"Kezd\u0151lap","item":"https:\/\/berdoalutechnic.hu\/ro\/pagina-principala\/"},{"@type":"ListItem","position":2,"name":"Produse finite","item":"https:\/\/berdoalutechnic.hu\/ro\/produse-finite\/"},{"@type":"ListItem","position":3,"name":"Produse","item":"https:\/\/berdoalutechnic.hu\/ro\/produse-finite\/produse\/"},{"@type":"ListItem","position":4,"name":"Sisteme de umbrire exterioare"}]},{"@type":"WebSite","@id":"https:\/\/berdoalutechnic.hu\/#website","url":"https:\/\/berdoalutechnic.hu\/","name":"Berdo Alutechnic","description":"","publisher":{"@id":"https:\/\/berdoalutechnic.hu\/#organization"},"potentialAction":[{"@type":"SearchAction","target":{"@type":"EntryPoint","urlTemplate":"https:\/\/berdoalutechnic.hu\/?s={search_term_string}"},"query-input":{"@type":"PropertyValueSpecification","valueRequired":true,"valueName":"search_term_string"}}],"inLanguage":"ro-RO"},{"@type":"Organization","@id":"https:\/\/berdoalutechnic.hu\/#organization","name":"Berdo Alutechnic","url":"https:\/\/berdoalutechnic.hu\/","logo":{"@type":"ImageObject","inLanguage":"ro-RO","@id":"https:\/\/berdoalutechnic.hu\/#\/schema\/logo\/image\/","url":"https:\/\/berdoalutechnic.hu\/wp-content\/uploads\/BALogo_email_tiny.png","contentUrl":"https:\/\/berdoalutechnic.hu\/wp-content\/uploads\/BALogo_email_tiny.png","width":338,"height":167,"caption":"Berdo Alutechnic"},"image":{"@id":"https:\/\/berdoalutechnic.hu\/#\/schema\/logo\/image\/"}}]}},"_links":{"self":[{"href":"https:\/\/berdoalutechnic.hu\/ro\/wp-json\/wp\/v2\/pages\/8508","targetHints":{"allow":["GET"]}}],"collection":[{"href":"https:\/\/berdoalutechnic.hu\/ro\/wp-json\/wp\/v2\/pages"}],"about":[{"href":"https:\/\/berdoalutechnic.hu\/ro\/wp-json\/wp\/v2\/types\/page"}],"author":[{"embeddable":true,"href":"https:\/\/berdoalutechnic.hu\/ro\/wp-json\/wp\/v2\/users\/1"}],"replies":[{"embeddable":true,"href":"https:\/\/berdoalutechnic.hu\/ro\/wp-json\/wp\/v2\/comments?post=8508"}],"version-history":[{"count":3,"href":"https:\/\/berdoalutechnic.hu\/ro\/wp-json\/wp\/v2\/pages\/8508\/revisions"}],"predecessor-version":[{"id":8712,"href":"https:\/\/berdoalutechnic.hu\/ro\/wp-json\/wp\/v2\/pages\/8508\/revisions\/8712"}],"up":[{"embeddable":true,"href":"https:\/\/berdoalutechnic.hu\/ro\/wp-json\/wp\/v2\/pages\/8505"}],"wp:attachment":[{"href":"https:\/\/berdoalutechnic.hu\/ro\/wp-json\/wp\/v2\/media?parent=8508"}],"curies":[{"name":"wp","href":"https:\/\/api.w.org\/{rel}","templated":true}]}}