{"id":8519,"date":"2023-11-04T09:54:08","date_gmt":"2023-11-04T08:54:08","guid":{"rendered":"https:\/\/berdoalutechnic.hu\/?page_id=8519"},"modified":"2024-08-03T16:10:02","modified_gmt":"2024-08-03T14:10:02","slug":"usi-de-garaj","status":"publish","type":"page","link":"https:\/\/berdoalutechnic.hu\/ro\/produse-finite\/produse\/sisteme-de-umbrire-exterioare\/usi-de-garaj\/","title":{"rendered":"U\u0219i de garaj"},"content":{"rendered":"<div class='clear'><\/div><div id='sub_menu1'  class='av-submenu-container av-11figd8-3856eb2e9499b2facbfbdd1a89357b30 main_color  avia-builder-el-0  el_before_av_slideshow_full  avia-builder-el-first  av-sticky-submenu container_wrap fullsize' style='z-index:301' ><div class='container av-menu-mobile-disabled av-submenu-pos-center'><ul id=\"menu-kesztermekmenu-roman\" class=\"av-subnav-menu\"><li role=\"menuitem\" id=\"menu-item-8701\" class=\"menu-item menu-item-type-post_type menu-item-object-page menu-item-top-level menu-item-top-level-1\"><a href=\"https:\/\/berdoalutechnic.hu\/ro\/produse-finite\/produse\/\" itemprop=\"url\" tabindex=\"0\"><span class=\"avia-bullet\"><\/span><span class=\"avia-menu-text\">Produse<\/span><span class=\"avia-menu-fx\"><span class=\"avia-arrow-wrap\"><span class=\"avia-arrow\"><\/span><\/span><\/span><\/a><\/li>\n<li role=\"menuitem\" id=\"menu-item-8702\" class=\"menu-item menu-item-type-post_type menu-item-object-page menu-item-top-level menu-item-top-level-2\"><a href=\"https:\/\/berdoalutechnic.hu\/ro\/produse-finite\/descarcare\/\" itemprop=\"url\" tabindex=\"0\"><span class=\"avia-bullet\"><\/span><span class=\"avia-menu-text\">Desc\u0103rcare<\/span><span class=\"avia-menu-fx\"><span class=\"avia-arrow-wrap\"><span class=\"avia-arrow\"><\/span><\/span><\/span><\/a><\/li>\n<li role=\"menuitem\" id=\"menu-item-8703\" class=\"menu-item menu-item-type-post_type menu-item-object-page menu-item-top-level menu-item-top-level-3\"><a href=\"https:\/\/berdoalutechnic.hu\/ro\/produse-finite\/informatii\/\" itemprop=\"url\" tabindex=\"0\"><span class=\"avia-bullet\"><\/span><span class=\"avia-menu-text\">Informa\u021bii<\/span><span class=\"avia-menu-fx\"><span class=\"avia-arrow-wrap\"><span class=\"avia-arrow\"><\/span><\/span><\/span><\/a><\/li>\n<li role=\"menuitem\" id=\"menu-item-8704\" class=\"menu-item menu-item-type-post_type menu-item-object-page menu-item-top-level menu-item-top-level-4\"><a href=\"https:\/\/berdoalutechnic.hu\/ro\/produse-finite\/galerie\/\" itemprop=\"url\" tabindex=\"0\"><span class=\"avia-bullet\"><\/span><span class=\"avia-menu-text\">Galerie<\/span><span class=\"avia-menu-fx\"><span class=\"avia-arrow-wrap\"><span class=\"avia-arrow\"><\/span><\/span><\/span><\/a><\/li>\n<li role=\"menuitem\" id=\"menu-item-8705\" class=\"menu-item menu-item-type-post_type menu-item-object-page menu-item-top-level menu-item-top-level-5\"><a href=\"https:\/\/berdoalutechnic.hu\/ro\/produse-finite\/contact\/\" itemprop=\"url\" tabindex=\"0\"><span class=\"avia-bullet\"><\/span><span class=\"avia-menu-text\">Contact<\/span><span class=\"avia-menu-fx\"><span class=\"avia-arrow-wrap\"><span class=\"avia-arrow\"><\/span><\/span><\/span><\/a><\/li>\n<\/ul><\/div><\/div><div class='sticky_placeholder'><\/div>\n<div id='full_slider_1'  class='avia-fullwidth-slider main_color avia-shadow   avia-builder-el-1  el_after_av_submenu  el_before_av_section   slider-not-first container_wrap fullsize'  ><div  class='avia-slideshow av-lp53uon9-e4b3e2017f5d7561f4a657c99cab8010 avia-slideshow-featured av_slideshow_full avia-slide-slider av-slideshow-ui av-control-default av-slideshow-manual av-loop-once av-loop-manual-endless av-default-height-applied   avia-slideshow-1' data-slideshow-options=\"{&quot;animation&quot;:&quot;slide&quot;,&quot;autoplay&quot;:false,&quot;loop_autoplay&quot;:&quot;once&quot;,&quot;interval&quot;:5,&quot;loop_manual&quot;:&quot;manual-endless&quot;,&quot;autoplay_stopper&quot;:false,&quot;noNavigation&quot;:false,&quot;bg_slider&quot;:false,&quot;keep_padding&quot;:false,&quot;hoverpause&quot;:false,&quot;show_slide_delay&quot;:0}\"  itemprop=\"image\" itemscope=\"itemscope\" itemtype=\"https:\/\/schema.org\/ImageObject\" ><ul class='avia-slideshow-inner ' style='padding-bottom: 33.59375%;'><li  class='avia-slideshow-slide av-lp53uon9-e4b3e2017f5d7561f4a657c99cab8010__0  av-single-slide slide-1 slide-odd'><div data-rel='slideshow-1' class='avia-slide-wrap '   ><div class='av-slideshow-caption av-lp53uon9-e4b3e2017f5d7561f4a657c99cab8010__0 caption_fullwidth caption_center caption_center_framed caption_framed'><div class=\"container caption_container\"><div class=\"slideshow_caption\"><div class=\"slideshow_inner_caption\"><div class=\"slideshow_align_caption\"><h2 class='avia-caption-title '  itemprop=\"name\" >U\u0219i de garaj<\/h2><\/div><\/div><\/div><\/div><\/div><img decoding=\"async\" class=\"wp-image-7634 avia-img-lazy-loading-not-7634\"  src=\"https:\/\/berdoalutechnic.hu\/wp-content\/uploads\/B_11-1280x430.jpg\" width=\"1280\" height=\"430\" title='B_11' alt=''  itemprop=\"thumbnailUrl\"   \/><\/div><\/li><\/ul><\/div><\/div>\n<div id='av_section_1'  class='avia-section av-wek6h8-df3ed2fd622a2f4d3fd5f05139f8f89b main_color avia-section-default avia-no-border-styling  avia-builder-el-2  el_after_av_slideshow_full  el_before_av_section  avia-bg-style-scroll container_wrap fullsize'  ><div class='container av-section-cont-open' ><div class='template-page content  av-content-full alpha units'><div class='post-entry post-entry-type-page post-entry-8519'><div class='entry-content-wrapper clearfix'>\n<div  class='flex_column av-tzftj0-1b427f9bb5aedf966a716eba7ec8488a av_one_full  avia-builder-el-3  avia-builder-el-no-sibling  first flex_column_div  '     ><section  class='av_textblock_section av-qn1458-9b45d56e1e159778fab0f26d22d4c1af '   itemscope=\"itemscope\" itemtype=\"https:\/\/schema.org\/CreativeWork\" ><div class='avia_textblock'  itemprop=\"text\" ><p>U\u0219a de garaj tip rulou este o solu\u021bie inovatoare care c\u00e2\u0219tig\u0103 din ce \u00een ce mai mult spa\u021biu pe pia\u021ba u\u0219ilor de garaj cu economisirea spa\u021biului, durabilitatea \u0219i estetica. Datorit\u0103 designului s\u0103u structural (covorul este rulat\u0103 \u00een carcas\u0103), nu ocu\u0103a spa\u021biu nici \u00een interior, nici \u00een exterior, \u0219i ocup\u0103 un spatiu minim pe pere\u021bii laterali, doar pe l\u0103\u021bimea ghidajelor. \u00cen ceea ce prive\u0219te materialul s\u0103u de baz\u0103, at\u00e2t carcasa, c\u00e2t \u0219i ghidajele (sistemul complet) sunt realizate din aluminiu, astfel \u00eenc\u00e2t poate oferi cea mai durabil\u0103 solu\u021bie. Lamele de 77 mm umplute cu spum\u0103 poliuretanic\u0103 asigur\u0103 izolarea termic\u0103, iar garnitura de cauciuc al ghidajelor \u0219i lamelei finale asigur\u0103 etan\u0219area perfect\u0103.<\/p>\n<p>Este automatizat cu un \u201emotor tubular\u201d \u00eencorporat \u00een axul octogonal, care poate fi ac\u021bionat cu un \u00eentrerup\u0103tor de perete sau cu o telecomand\u0103 folosind un transmi\u021b\u0103tor \u00eencorporat, iar \u00een cazul unei pene de curent, poate fi deschis desigur cu o manivela. Este protejat \u00eempotriva p\u0103trunderii for\u021bate exterioare prin anti-efrac\u021bie integrat \u00een structur\u0103.<\/p>\n<\/div><\/section><\/div><\/div><\/div><\/div><!-- close content main div --><\/div><\/div>\n<style type=\"text\/css\" data-created_by=\"avia_inline_auto\" id=\"style-css-av-av_section-b65eed151f6a53e4fd7b9b1c75020f26\">\n.avia-section.av-av_section-b65eed151f6a53e4fd7b9b1c75020f26{\nbackground-color:#033a7d;\nbackground-image:unset;\n}\n<\/style>\n<div id='av_section_2'  class='avia-section av-av_section-b65eed151f6a53e4fd7b9b1c75020f26 main_color avia-section-default avia-no-border-styling  avia-builder-el-5  el_after_av_section  avia-builder-el-last  avia-bg-style-scroll container_wrap fullsize'  ><div class='container av-section-cont-open' ><div class='template-page content  av-content-full alpha units'><div class='post-entry post-entry-type-page post-entry-8519'><div class='entry-content-wrapper clearfix'>\n<div  class='flex_column av-av_one_full-fcc54ba6e1056dfba2660000655d0540 av_one_full  avia-builder-el-6  avia-builder-el-no-sibling  first flex_column_div  '     ><\/div><\/p>\n","protected":false},"excerpt":{"rendered":"","protected":false},"author":1,"featured_media":0,"parent":8508,"menu_order":0,"comment_status":"closed","ping_status":"closed","template":"","meta":{"_monsterinsights_skip_tracking":false,"_monsterinsights_sitenote_active":false,"_monsterinsights_sitenote_note":"","_monsterinsights_sitenote_category":0,"footnotes":""},"class_list":["post-8519","page","type-page","status-publish","hentry"],"yoast_head":"<!-- This site is optimized with the Yoast SEO Premium plugin v27.1 (Yoast SEO v27.1.1) - https:\/\/yoast.com\/product\/yoast-seo-premium-wordpress\/ -->\n<title>U\u0219i de garaj - Berdo Alutechnic<\/title>\n<meta name=\"robots\" content=\"index, follow, max-snippet:-1, max-image-preview:large, max-video-preview:-1\" \/>\n<link rel=\"canonical\" href=\"https:\/\/berdoalutechnic.hu\/ro\/produse-finite\/produse\/sisteme-de-umbrire-exterioare\/usi-de-garaj\/\" \/>\n<meta property=\"og:locale\" content=\"ro_RO\" \/>\n<meta property=\"og:type\" content=\"article\" \/>\n<meta property=\"og:title\" content=\"U\u0219i de garaj\" \/>\n<meta property=\"og:url\" content=\"https:\/\/berdoalutechnic.hu\/ro\/produse-finite\/produse\/sisteme-de-umbrire-exterioare\/usi-de-garaj\/\" \/>\n<meta property=\"og:site_name\" content=\"Berdo Alutechnic\" \/>\n<meta property=\"article:modified_time\" content=\"2024-08-03T14:10:02+00:00\" \/>\n<meta name=\"twitter:card\" content=\"summary_large_image\" \/>\n<meta name=\"twitter:label1\" content=\"Timp estimat pentru citire\" \/>\n\t<meta name=\"twitter:data1\" content=\"2 minute\" \/>\n<script type=\"application\/ld+json\" class=\"yoast-schema-graph\">{\"@context\":\"https:\/\/schema.org\",\"@graph\":[{\"@type\":\"WebPage\",\"@id\":\"https:\/\/berdoalutechnic.hu\/ro\/produse-finite\/produse\/sisteme-de-umbrire-exterioare\/usi-de-garaj\/\",\"url\":\"https:\/\/berdoalutechnic.hu\/ro\/produse-finite\/produse\/sisteme-de-umbrire-exterioare\/usi-de-garaj\/\",\"name\":\"U\u0219i de garaj - Berdo Alutechnic\",\"isPartOf\":{\"@id\":\"https:\/\/berdoalutechnic.hu\/#website\"},\"datePublished\":\"2023-11-04T08:54:08+00:00\",\"dateModified\":\"2024-08-03T14:10:02+00:00\",\"breadcrumb\":{\"@id\":\"https:\/\/berdoalutechnic.hu\/ro\/produse-finite\/produse\/sisteme-de-umbrire-exterioare\/usi-de-garaj\/#breadcrumb\"},\"inLanguage\":\"ro-RO\",\"potentialAction\":[{\"@type\":\"ReadAction\",\"target\":[\"https:\/\/berdoalutechnic.hu\/ro\/produse-finite\/produse\/sisteme-de-umbrire-exterioare\/usi-de-garaj\/\"]}]},{\"@type\":\"BreadcrumbList\",\"@id\":\"https:\/\/berdoalutechnic.hu\/ro\/produse-finite\/produse\/sisteme-de-umbrire-exterioare\/usi-de-garaj\/#breadcrumb\",\"itemListElement\":[{\"@type\":\"ListItem\",\"position\":1,\"name\":\"Kezd\u0151lap\",\"item\":\"https:\/\/berdoalutechnic.hu\/ro\/pagina-principala\/\"},{\"@type\":\"ListItem\",\"position\":2,\"name\":\"Produse finite\",\"item\":\"https:\/\/berdoalutechnic.hu\/ro\/produse-finite\/\"},{\"@type\":\"ListItem\",\"position\":3,\"name\":\"Produse\",\"item\":\"https:\/\/berdoalutechnic.hu\/ro\/produse-finite\/produse\/\"},{\"@type\":\"ListItem\",\"position\":4,\"name\":\"Sisteme de umbrire exterioare\",\"item\":\"https:\/\/berdoalutechnic.hu\/ro\/produse-finite\/produse\/sisteme-de-umbrire-exterioare\/\"},{\"@type\":\"ListItem\",\"position\":5,\"name\":\"U\u0219i de garaj\"}]},{\"@type\":\"WebSite\",\"@id\":\"https:\/\/berdoalutechnic.hu\/#website\",\"url\":\"https:\/\/berdoalutechnic.hu\/\",\"name\":\"Berdo Alutechnic\",\"description\":\"\",\"publisher\":{\"@id\":\"https:\/\/berdoalutechnic.hu\/#organization\"},\"potentialAction\":[{\"@type\":\"SearchAction\",\"target\":{\"@type\":\"EntryPoint\",\"urlTemplate\":\"https:\/\/berdoalutechnic.hu\/?s={search_term_string}\"},\"query-input\":{\"@type\":\"PropertyValueSpecification\",\"valueRequired\":true,\"valueName\":\"search_term_string\"}}],\"inLanguage\":\"ro-RO\"},{\"@type\":\"Organization\",\"@id\":\"https:\/\/berdoalutechnic.hu\/#organization\",\"name\":\"Berdo Alutechnic\",\"url\":\"https:\/\/berdoalutechnic.hu\/\",\"logo\":{\"@type\":\"ImageObject\",\"inLanguage\":\"ro-RO\",\"@id\":\"https:\/\/berdoalutechnic.hu\/#\/schema\/logo\/image\/\",\"url\":\"https:\/\/berdoalutechnic.hu\/wp-content\/uploads\/BALogo_email_tiny.png\",\"contentUrl\":\"https:\/\/berdoalutechnic.hu\/wp-content\/uploads\/BALogo_email_tiny.png\",\"width\":338,\"height\":167,\"caption\":\"Berdo Alutechnic\"},\"image\":{\"@id\":\"https:\/\/berdoalutechnic.hu\/#\/schema\/logo\/image\/\"}}]}<\/script>\n<!-- \/ Yoast SEO Premium plugin. -->","yoast_head_json":{"title":"U\u0219i de garaj - Berdo Alutechnic","robots":{"index":"index","follow":"follow","max-snippet":"max-snippet:-1","max-image-preview":"max-image-preview:large","max-video-preview":"max-video-preview:-1"},"canonical":"https:\/\/berdoalutechnic.hu\/ro\/produse-finite\/produse\/sisteme-de-umbrire-exterioare\/usi-de-garaj\/","og_locale":"ro_RO","og_type":"article","og_title":"U\u0219i de garaj","og_url":"https:\/\/berdoalutechnic.hu\/ro\/produse-finite\/produse\/sisteme-de-umbrire-exterioare\/usi-de-garaj\/","og_site_name":"Berdo Alutechnic","article_modified_time":"2024-08-03T14:10:02+00:00","twitter_card":"summary_large_image","twitter_misc":{"Timp estimat pentru citire":"2 minute"},"schema":{"@context":"https:\/\/schema.org","@graph":[{"@type":"WebPage","@id":"https:\/\/berdoalutechnic.hu\/ro\/produse-finite\/produse\/sisteme-de-umbrire-exterioare\/usi-de-garaj\/","url":"https:\/\/berdoalutechnic.hu\/ro\/produse-finite\/produse\/sisteme-de-umbrire-exterioare\/usi-de-garaj\/","name":"U\u0219i de garaj - Berdo Alutechnic","isPartOf":{"@id":"https:\/\/berdoalutechnic.hu\/#website"},"datePublished":"2023-11-04T08:54:08+00:00","dateModified":"2024-08-03T14:10:02+00:00","breadcrumb":{"@id":"https:\/\/berdoalutechnic.hu\/ro\/produse-finite\/produse\/sisteme-de-umbrire-exterioare\/usi-de-garaj\/#breadcrumb"},"inLanguage":"ro-RO","potentialAction":[{"@type":"ReadAction","target":["https:\/\/berdoalutechnic.hu\/ro\/produse-finite\/produse\/sisteme-de-umbrire-exterioare\/usi-de-garaj\/"]}]},{"@type":"BreadcrumbList","@id":"https:\/\/berdoalutechnic.hu\/ro\/produse-finite\/produse\/sisteme-de-umbrire-exterioare\/usi-de-garaj\/#breadcrumb","itemListElement":[{"@type":"ListItem","position":1,"name":"Kezd\u0151lap","item":"https:\/\/berdoalutechnic.hu\/ro\/pagina-principala\/"},{"@type":"ListItem","position":2,"name":"Produse finite","item":"https:\/\/berdoalutechnic.hu\/ro\/produse-finite\/"},{"@type":"ListItem","position":3,"name":"Produse","item":"https:\/\/berdoalutechnic.hu\/ro\/produse-finite\/produse\/"},{"@type":"ListItem","position":4,"name":"Sisteme de umbrire exterioare","item":"https:\/\/berdoalutechnic.hu\/ro\/produse-finite\/produse\/sisteme-de-umbrire-exterioare\/"},{"@type":"ListItem","position":5,"name":"U\u0219i de garaj"}]},{"@type":"WebSite","@id":"https:\/\/berdoalutechnic.hu\/#website","url":"https:\/\/berdoalutechnic.hu\/","name":"Berdo Alutechnic","description":"","publisher":{"@id":"https:\/\/berdoalutechnic.hu\/#organization"},"potentialAction":[{"@type":"SearchAction","target":{"@type":"EntryPoint","urlTemplate":"https:\/\/berdoalutechnic.hu\/?s={search_term_string}"},"query-input":{"@type":"PropertyValueSpecification","valueRequired":true,"valueName":"search_term_string"}}],"inLanguage":"ro-RO"},{"@type":"Organization","@id":"https:\/\/berdoalutechnic.hu\/#organization","name":"Berdo Alutechnic","url":"https:\/\/berdoalutechnic.hu\/","logo":{"@type":"ImageObject","inLanguage":"ro-RO","@id":"https:\/\/berdoalutechnic.hu\/#\/schema\/logo\/image\/","url":"https:\/\/berdoalutechnic.hu\/wp-content\/uploads\/BALogo_email_tiny.png","contentUrl":"https:\/\/berdoalutechnic.hu\/wp-content\/uploads\/BALogo_email_tiny.png","width":338,"height":167,"caption":"Berdo Alutechnic"},"image":{"@id":"https:\/\/berdoalutechnic.hu\/#\/schema\/logo\/image\/"}}]}},"_links":{"self":[{"href":"https:\/\/berdoalutechnic.hu\/ro\/wp-json\/wp\/v2\/pages\/8519","targetHints":{"allow":["GET"]}}],"collection":[{"href":"https:\/\/berdoalutechnic.hu\/ro\/wp-json\/wp\/v2\/pages"}],"about":[{"href":"https:\/\/berdoalutechnic.hu\/ro\/wp-json\/wp\/v2\/types\/page"}],"author":[{"embeddable":true,"href":"https:\/\/berdoalutechnic.hu\/ro\/wp-json\/wp\/v2\/users\/1"}],"replies":[{"embeddable":true,"href":"https:\/\/berdoalutechnic.hu\/ro\/wp-json\/wp\/v2\/comments?post=8519"}],"version-history":[{"count":3,"href":"https:\/\/berdoalutechnic.hu\/ro\/wp-json\/wp\/v2\/pages\/8519\/revisions"}],"predecessor-version":[{"id":8523,"href":"https:\/\/berdoalutechnic.hu\/ro\/wp-json\/wp\/v2\/pages\/8519\/revisions\/8523"}],"up":[{"embeddable":true,"href":"https:\/\/berdoalutechnic.hu\/ro\/wp-json\/wp\/v2\/pages\/8508"}],"wp:attachment":[{"href":"https:\/\/berdoalutechnic.hu\/ro\/wp-json\/wp\/v2\/media?parent=8519"}],"curies":[{"name":"wp","href":"https:\/\/api.w.org\/{rel}","templated":true}]}}