{"id":8528,"date":"2023-11-04T08:53:17","date_gmt":"2023-11-04T07:53:17","guid":{"rendered":"https:\/\/berdoalutechnic.hu\/?page_id=8528"},"modified":"2024-08-03T16:14:26","modified_gmt":"2024-08-03T14:14:26","slug":"sisteme-de-umbrire-tip-screen","status":"publish","type":"page","link":"https:\/\/berdoalutechnic.hu\/ro\/produse-finite\/produse\/sisteme-de-umbrire-exterioare\/sisteme-de-umbrire-tip-screen\/","title":{"rendered":"Sisteme de umbrire tip Screen"},"content":{"rendered":"<div class='clear'><\/div><div id='sub_menu1'  class='av-submenu-container av-lmgd04nz-7bbf13fd725ff1b5a91c19ab825cb2a1 main_color  avia-builder-el-0  el_before_av_slideshow_full  avia-builder-el-first  av-sticky-submenu container_wrap fullsize' style='z-index:301' ><div class='container av-menu-mobile-disabled av-submenu-pos-center'><ul id=\"menu-kesztermekmenu-roman\" class=\"av-subnav-menu\"><li role=\"menuitem\" id=\"menu-item-8701\" class=\"menu-item menu-item-type-post_type menu-item-object-page menu-item-top-level menu-item-top-level-1\"><a href=\"https:\/\/berdoalutechnic.hu\/ro\/produse-finite\/produse\/\" itemprop=\"url\" tabindex=\"0\"><span class=\"avia-bullet\"><\/span><span class=\"avia-menu-text\">Produse<\/span><span class=\"avia-menu-fx\"><span class=\"avia-arrow-wrap\"><span class=\"avia-arrow\"><\/span><\/span><\/span><\/a><\/li>\n<li role=\"menuitem\" id=\"menu-item-8702\" class=\"menu-item menu-item-type-post_type menu-item-object-page menu-item-top-level menu-item-top-level-2\"><a href=\"https:\/\/berdoalutechnic.hu\/ro\/produse-finite\/descarcare\/\" itemprop=\"url\" tabindex=\"0\"><span class=\"avia-bullet\"><\/span><span class=\"avia-menu-text\">Desc\u0103rcare<\/span><span class=\"avia-menu-fx\"><span class=\"avia-arrow-wrap\"><span class=\"avia-arrow\"><\/span><\/span><\/span><\/a><\/li>\n<li role=\"menuitem\" id=\"menu-item-8703\" class=\"menu-item menu-item-type-post_type menu-item-object-page menu-item-top-level menu-item-top-level-3\"><a href=\"https:\/\/berdoalutechnic.hu\/ro\/produse-finite\/informatii\/\" itemprop=\"url\" tabindex=\"0\"><span class=\"avia-bullet\"><\/span><span class=\"avia-menu-text\">Informa\u021bii<\/span><span class=\"avia-menu-fx\"><span class=\"avia-arrow-wrap\"><span class=\"avia-arrow\"><\/span><\/span><\/span><\/a><\/li>\n<li role=\"menuitem\" id=\"menu-item-8704\" class=\"menu-item menu-item-type-post_type menu-item-object-page menu-item-top-level menu-item-top-level-4\"><a href=\"https:\/\/berdoalutechnic.hu\/ro\/produse-finite\/galerie\/\" itemprop=\"url\" tabindex=\"0\"><span class=\"avia-bullet\"><\/span><span class=\"avia-menu-text\">Galerie<\/span><span class=\"avia-menu-fx\"><span class=\"avia-arrow-wrap\"><span class=\"avia-arrow\"><\/span><\/span><\/span><\/a><\/li>\n<li role=\"menuitem\" id=\"menu-item-8705\" class=\"menu-item menu-item-type-post_type menu-item-object-page menu-item-top-level menu-item-top-level-5\"><a href=\"https:\/\/berdoalutechnic.hu\/ro\/produse-finite\/contact\/\" itemprop=\"url\" tabindex=\"0\"><span class=\"avia-bullet\"><\/span><span class=\"avia-menu-text\">Contact<\/span><span class=\"avia-menu-fx\"><span class=\"avia-arrow-wrap\"><span class=\"avia-arrow\"><\/span><\/span><\/span><\/a><\/li>\n<\/ul><\/div><\/div><div class='sticky_placeholder'><\/div>\n<div id='full_slider_1'  class='avia-fullwidth-slider main_color avia-shadow   avia-builder-el-1  el_after_av_submenu  el_before_av_section   slider-not-first container_wrap fullsize'  ><div  class='avia-slideshow av-lok9fykc-9f89d8385749ce8c1f0f5997f4ba78d8 avia-slideshow-featured av_slideshow_full avia-slide-slider av-slideshow-ui av-control-default av-slideshow-manual av-loop-once av-loop-manual-endless av-default-height-applied   avia-slideshow-1' data-slideshow-options=\"{&quot;animation&quot;:&quot;slide&quot;,&quot;autoplay&quot;:false,&quot;loop_autoplay&quot;:&quot;once&quot;,&quot;interval&quot;:5,&quot;loop_manual&quot;:&quot;manual-endless&quot;,&quot;autoplay_stopper&quot;:false,&quot;noNavigation&quot;:false,&quot;bg_slider&quot;:false,&quot;keep_padding&quot;:false,&quot;hoverpause&quot;:false,&quot;show_slide_delay&quot;:0}\"  itemprop=\"image\" itemscope=\"itemscope\" itemtype=\"https:\/\/schema.org\/ImageObject\" ><ul class='avia-slideshow-inner ' style='padding-bottom: 34.649476228848%;'><li  class='avia-slideshow-slide av-lok9fykc-9f89d8385749ce8c1f0f5997f4ba78d8__0  av-single-slide slide-1 slide-odd'><div data-rel='slideshow-1' class='avia-slide-wrap '   ><div class='av-slideshow-caption av-lok9fykc-9f89d8385749ce8c1f0f5997f4ba78d8__0 caption_fullwidth caption_center caption_center_framed caption_framed'><div class=\"container caption_container\"><div class=\"slideshow_caption\"><div class=\"slideshow_inner_caption\"><div class=\"slideshow_align_caption\"><h2 class='avia-caption-title '  itemprop=\"name\" >Sisteme de umbrire tip Screen<\/h2><\/div><\/div><\/div><\/div><\/div><img decoding=\"async\" class=\"wp-image-6694 avia-img-lazy-loading-not-6694\"  src=\"https:\/\/berdoalutechnic.hu\/wp-content\/uploads\/Screen_fokep-1241x430.jpg\" width=\"1241\" height=\"430\" title='Screen_fokep' alt=''  itemprop=\"thumbnailUrl\"   \/><\/div><\/li><\/ul><\/div><\/div>\n<div id='av_section_1'  class='avia-section av-5cgnvt-7da8eac9c557fc4fd86e56c39fa3104d main_color avia-section-default avia-no-border-styling  avia-builder-el-2  el_after_av_slideshow_full  el_before_av_section  avia-bg-style-scroll container_wrap fullsize'  ><div class='container av-section-cont-open' ><div class='template-page content  av-content-full alpha units'><div class='post-entry post-entry-type-page post-entry-8528'><div class='entry-content-wrapper clearfix'>\n<div  class='flex_column av-4oo6jt-4a4c150a9e701c144a50a5c9e12cbfdb av_one_full  avia-builder-el-3  avia-builder-el-no-sibling  first flex_column_div  '     ><section  class='av_textblock_section av-4q4ozd-96923cb2a218557c98e3015a5855c2c1 '   itemscope=\"itemscope\" itemtype=\"https:\/\/schema.org\/CreativeWork\" ><div class='avia_textblock'  itemprop=\"text\" ><p>Screen-urile, cunoscute \u0219i sub numele de jaluzele verticale rezistente la intemperii, sunt dispozitive moderne, multifunc\u021bionale, care protejeaz\u0103 \u00eempotriva v\u00e2ntului datorit\u0103 materialului \u0219i designului lor rezistent, certificate de asemenea de T\u00dcV. Ele au \u0219i o fuc\u021bie de umbrire, care ajut\u0103 la reducerea luminii solare care intr\u0103 \u00een camer\u0103, cre\u00e2nd un mediu mai r\u0103coros. Cu aspectul lor modern, curat, aceste dispozitive nu sunt doar func\u021bionale, ci pot fi importante \u0219i din punct de vedere estetic \u00een proiectarea cl\u0103dirii.<\/p>\n<\/div><\/section><\/div><\/div><\/div><\/div><!-- close content main div --><\/div><\/div>\n<style type=\"text\/css\" data-created_by=\"avia_inline_auto\" id=\"style-css-av-c9chw9-39231db29008709f4849b8e39aa3bc81\">\n.avia-section.av-c9chw9-39231db29008709f4849b8e39aa3bc81{\nbackground-color:#033a7d;\nbackground-image:unset;\n}\n<\/style>\n<div id='av_section_2'  class='avia-section av-c9chw9-39231db29008709f4849b8e39aa3bc81 main_color avia-section-default avia-no-border-styling  avia-builder-el-5  el_after_av_section  avia-builder-el-last  avia-bg-style-scroll container_wrap fullsize'  ><div class='container av-section-cont-open' ><div class='template-page content  av-content-full alpha units'><div class='post-entry post-entry-type-page post-entry-8528'><div class='entry-content-wrapper clearfix'>\n<div  class='flex_column av-2ice7d-e35a5e493cef15e41ebf3e5ab2b413f5 av_one_full  avia-builder-el-6  avia-builder-el-no-sibling  first flex_column_div  '     ><\/div>\n<\/p>\n","protected":false},"excerpt":{"rendered":"","protected":false},"author":1,"featured_media":0,"parent":8508,"menu_order":0,"comment_status":"closed","ping_status":"closed","template":"","meta":{"_monsterinsights_skip_tracking":false,"_monsterinsights_sitenote_active":false,"_monsterinsights_sitenote_note":"","_monsterinsights_sitenote_category":0,"footnotes":""},"class_list":["post-8528","page","type-page","status-publish","hentry"],"yoast_head":"<!-- This site is optimized with the Yoast SEO Premium plugin v27.1 (Yoast SEO v27.1.1) - https:\/\/yoast.com\/product\/yoast-seo-premium-wordpress\/ -->\n<title>Sisteme de umbrire tip Screen - Berdo Alutechnic<\/title>\n<meta name=\"robots\" content=\"index, follow, max-snippet:-1, max-image-preview:large, max-video-preview:-1\" \/>\n<link rel=\"canonical\" href=\"https:\/\/berdoalutechnic.hu\/ro\/produse-finite\/produse\/sisteme-de-umbrire-exterioare\/sisteme-de-umbrire-tip-screen\/\" \/>\n<meta property=\"og:locale\" content=\"ro_RO\" \/>\n<meta property=\"og:type\" content=\"article\" \/>\n<meta property=\"og:title\" content=\"Sisteme de umbrire tip Screen\" \/>\n<meta property=\"og:url\" content=\"https:\/\/berdoalutechnic.hu\/ro\/produse-finite\/produse\/sisteme-de-umbrire-exterioare\/sisteme-de-umbrire-tip-screen\/\" \/>\n<meta property=\"og:site_name\" content=\"Berdo Alutechnic\" \/>\n<meta property=\"article:modified_time\" content=\"2024-08-03T14:14:26+00:00\" \/>\n<meta name=\"twitter:card\" content=\"summary_large_image\" \/>\n<meta name=\"twitter:label1\" content=\"Timp estimat pentru citire\" \/>\n\t<meta name=\"twitter:data1\" content=\"1 minut\" \/>\n<script type=\"application\/ld+json\" class=\"yoast-schema-graph\">{\"@context\":\"https:\/\/schema.org\",\"@graph\":[{\"@type\":\"WebPage\",\"@id\":\"https:\/\/berdoalutechnic.hu\/ro\/produse-finite\/produse\/sisteme-de-umbrire-exterioare\/sisteme-de-umbrire-tip-screen\/\",\"url\":\"https:\/\/berdoalutechnic.hu\/ro\/produse-finite\/produse\/sisteme-de-umbrire-exterioare\/sisteme-de-umbrire-tip-screen\/\",\"name\":\"Sisteme de umbrire tip Screen - Berdo Alutechnic\",\"isPartOf\":{\"@id\":\"https:\/\/berdoalutechnic.hu\/#website\"},\"datePublished\":\"2023-11-04T07:53:17+00:00\",\"dateModified\":\"2024-08-03T14:14:26+00:00\",\"breadcrumb\":{\"@id\":\"https:\/\/berdoalutechnic.hu\/ro\/produse-finite\/produse\/sisteme-de-umbrire-exterioare\/sisteme-de-umbrire-tip-screen\/#breadcrumb\"},\"inLanguage\":\"ro-RO\",\"potentialAction\":[{\"@type\":\"ReadAction\",\"target\":[\"https:\/\/berdoalutechnic.hu\/ro\/produse-finite\/produse\/sisteme-de-umbrire-exterioare\/sisteme-de-umbrire-tip-screen\/\"]}]},{\"@type\":\"BreadcrumbList\",\"@id\":\"https:\/\/berdoalutechnic.hu\/ro\/produse-finite\/produse\/sisteme-de-umbrire-exterioare\/sisteme-de-umbrire-tip-screen\/#breadcrumb\",\"itemListElement\":[{\"@type\":\"ListItem\",\"position\":1,\"name\":\"Kezd\u0151lap\",\"item\":\"https:\/\/berdoalutechnic.hu\/ro\/pagina-principala\/\"},{\"@type\":\"ListItem\",\"position\":2,\"name\":\"Produse finite\",\"item\":\"https:\/\/berdoalutechnic.hu\/ro\/produse-finite\/\"},{\"@type\":\"ListItem\",\"position\":3,\"name\":\"Produse\",\"item\":\"https:\/\/berdoalutechnic.hu\/ro\/produse-finite\/produse\/\"},{\"@type\":\"ListItem\",\"position\":4,\"name\":\"Sisteme de umbrire exterioare\",\"item\":\"https:\/\/berdoalutechnic.hu\/ro\/produse-finite\/produse\/sisteme-de-umbrire-exterioare\/\"},{\"@type\":\"ListItem\",\"position\":5,\"name\":\"Sisteme de umbrire tip Screen\"}]},{\"@type\":\"WebSite\",\"@id\":\"https:\/\/berdoalutechnic.hu\/#website\",\"url\":\"https:\/\/berdoalutechnic.hu\/\",\"name\":\"Berdo Alutechnic\",\"description\":\"\",\"publisher\":{\"@id\":\"https:\/\/berdoalutechnic.hu\/#organization\"},\"potentialAction\":[{\"@type\":\"SearchAction\",\"target\":{\"@type\":\"EntryPoint\",\"urlTemplate\":\"https:\/\/berdoalutechnic.hu\/?s={search_term_string}\"},\"query-input\":{\"@type\":\"PropertyValueSpecification\",\"valueRequired\":true,\"valueName\":\"search_term_string\"}}],\"inLanguage\":\"ro-RO\"},{\"@type\":\"Organization\",\"@id\":\"https:\/\/berdoalutechnic.hu\/#organization\",\"name\":\"Berdo Alutechnic\",\"url\":\"https:\/\/berdoalutechnic.hu\/\",\"logo\":{\"@type\":\"ImageObject\",\"inLanguage\":\"ro-RO\",\"@id\":\"https:\/\/berdoalutechnic.hu\/#\/schema\/logo\/image\/\",\"url\":\"https:\/\/berdoalutechnic.hu\/wp-content\/uploads\/BALogo_email_tiny.png\",\"contentUrl\":\"https:\/\/berdoalutechnic.hu\/wp-content\/uploads\/BALogo_email_tiny.png\",\"width\":338,\"height\":167,\"caption\":\"Berdo Alutechnic\"},\"image\":{\"@id\":\"https:\/\/berdoalutechnic.hu\/#\/schema\/logo\/image\/\"}}]}<\/script>\n<!-- \/ Yoast SEO Premium plugin. -->","yoast_head_json":{"title":"Sisteme de umbrire tip Screen - Berdo Alutechnic","robots":{"index":"index","follow":"follow","max-snippet":"max-snippet:-1","max-image-preview":"max-image-preview:large","max-video-preview":"max-video-preview:-1"},"canonical":"https:\/\/berdoalutechnic.hu\/ro\/produse-finite\/produse\/sisteme-de-umbrire-exterioare\/sisteme-de-umbrire-tip-screen\/","og_locale":"ro_RO","og_type":"article","og_title":"Sisteme de umbrire tip Screen","og_url":"https:\/\/berdoalutechnic.hu\/ro\/produse-finite\/produse\/sisteme-de-umbrire-exterioare\/sisteme-de-umbrire-tip-screen\/","og_site_name":"Berdo Alutechnic","article_modified_time":"2024-08-03T14:14:26+00:00","twitter_card":"summary_large_image","twitter_misc":{"Timp estimat pentru citire":"1 minut"},"schema":{"@context":"https:\/\/schema.org","@graph":[{"@type":"WebPage","@id":"https:\/\/berdoalutechnic.hu\/ro\/produse-finite\/produse\/sisteme-de-umbrire-exterioare\/sisteme-de-umbrire-tip-screen\/","url":"https:\/\/berdoalutechnic.hu\/ro\/produse-finite\/produse\/sisteme-de-umbrire-exterioare\/sisteme-de-umbrire-tip-screen\/","name":"Sisteme de umbrire tip Screen - Berdo Alutechnic","isPartOf":{"@id":"https:\/\/berdoalutechnic.hu\/#website"},"datePublished":"2023-11-04T07:53:17+00:00","dateModified":"2024-08-03T14:14:26+00:00","breadcrumb":{"@id":"https:\/\/berdoalutechnic.hu\/ro\/produse-finite\/produse\/sisteme-de-umbrire-exterioare\/sisteme-de-umbrire-tip-screen\/#breadcrumb"},"inLanguage":"ro-RO","potentialAction":[{"@type":"ReadAction","target":["https:\/\/berdoalutechnic.hu\/ro\/produse-finite\/produse\/sisteme-de-umbrire-exterioare\/sisteme-de-umbrire-tip-screen\/"]}]},{"@type":"BreadcrumbList","@id":"https:\/\/berdoalutechnic.hu\/ro\/produse-finite\/produse\/sisteme-de-umbrire-exterioare\/sisteme-de-umbrire-tip-screen\/#breadcrumb","itemListElement":[{"@type":"ListItem","position":1,"name":"Kezd\u0151lap","item":"https:\/\/berdoalutechnic.hu\/ro\/pagina-principala\/"},{"@type":"ListItem","position":2,"name":"Produse finite","item":"https:\/\/berdoalutechnic.hu\/ro\/produse-finite\/"},{"@type":"ListItem","position":3,"name":"Produse","item":"https:\/\/berdoalutechnic.hu\/ro\/produse-finite\/produse\/"},{"@type":"ListItem","position":4,"name":"Sisteme de umbrire exterioare","item":"https:\/\/berdoalutechnic.hu\/ro\/produse-finite\/produse\/sisteme-de-umbrire-exterioare\/"},{"@type":"ListItem","position":5,"name":"Sisteme de umbrire tip Screen"}]},{"@type":"WebSite","@id":"https:\/\/berdoalutechnic.hu\/#website","url":"https:\/\/berdoalutechnic.hu\/","name":"Berdo Alutechnic","description":"","publisher":{"@id":"https:\/\/berdoalutechnic.hu\/#organization"},"potentialAction":[{"@type":"SearchAction","target":{"@type":"EntryPoint","urlTemplate":"https:\/\/berdoalutechnic.hu\/?s={search_term_string}"},"query-input":{"@type":"PropertyValueSpecification","valueRequired":true,"valueName":"search_term_string"}}],"inLanguage":"ro-RO"},{"@type":"Organization","@id":"https:\/\/berdoalutechnic.hu\/#organization","name":"Berdo Alutechnic","url":"https:\/\/berdoalutechnic.hu\/","logo":{"@type":"ImageObject","inLanguage":"ro-RO","@id":"https:\/\/berdoalutechnic.hu\/#\/schema\/logo\/image\/","url":"https:\/\/berdoalutechnic.hu\/wp-content\/uploads\/BALogo_email_tiny.png","contentUrl":"https:\/\/berdoalutechnic.hu\/wp-content\/uploads\/BALogo_email_tiny.png","width":338,"height":167,"caption":"Berdo Alutechnic"},"image":{"@id":"https:\/\/berdoalutechnic.hu\/#\/schema\/logo\/image\/"}}]}},"_links":{"self":[{"href":"https:\/\/berdoalutechnic.hu\/ro\/wp-json\/wp\/v2\/pages\/8528","targetHints":{"allow":["GET"]}}],"collection":[{"href":"https:\/\/berdoalutechnic.hu\/ro\/wp-json\/wp\/v2\/pages"}],"about":[{"href":"https:\/\/berdoalutechnic.hu\/ro\/wp-json\/wp\/v2\/types\/page"}],"author":[{"embeddable":true,"href":"https:\/\/berdoalutechnic.hu\/ro\/wp-json\/wp\/v2\/users\/1"}],"replies":[{"embeddable":true,"href":"https:\/\/berdoalutechnic.hu\/ro\/wp-json\/wp\/v2\/comments?post=8528"}],"version-history":[{"count":3,"href":"https:\/\/berdoalutechnic.hu\/ro\/wp-json\/wp\/v2\/pages\/8528\/revisions"}],"predecessor-version":[{"id":8531,"href":"https:\/\/berdoalutechnic.hu\/ro\/wp-json\/wp\/v2\/pages\/8528\/revisions\/8531"}],"up":[{"embeddable":true,"href":"https:\/\/berdoalutechnic.hu\/ro\/wp-json\/wp\/v2\/pages\/8508"}],"wp:attachment":[{"href":"https:\/\/berdoalutechnic.hu\/ro\/wp-json\/wp\/v2\/media?parent=8528"}],"curies":[{"name":"wp","href":"https:\/\/api.w.org\/{rel}","templated":true}]}}