{"id":8551,"date":"2023-11-04T11:35:13","date_gmt":"2023-11-04T10:35:13","guid":{"rendered":"https:\/\/berdoalutechnic.hu\/?page_id=8551"},"modified":"2024-08-03T16:38:28","modified_gmt":"2024-08-03T14:38:28","slug":"rolete-interioare-zebra","status":"publish","type":"page","link":"https:\/\/berdoalutechnic.hu\/ro\/produse-finite\/produse\/sisteme-de-umbrire-in-interior\/rolete-interioare-zebra\/","title":{"rendered":"Rolete interioare Zebra"},"content":{"rendered":"<div class='clear'><\/div><div id='sub_menu1'  class='av-submenu-container av-140qq0y-758ad47b1335dbc08e635e20a07db712 main_color  avia-builder-el-0  el_before_av_slideshow_full  avia-builder-el-first  av-sticky-submenu container_wrap fullsize' style='z-index:301' ><div class='container av-menu-mobile-disabled av-submenu-pos-center'><ul id=\"menu-kesztermekmenu-roman\" class=\"av-subnav-menu\"><li role=\"menuitem\" id=\"menu-item-8701\" class=\"menu-item menu-item-type-post_type menu-item-object-page menu-item-top-level menu-item-top-level-1\"><a href=\"https:\/\/berdoalutechnic.hu\/ro\/produse-finite\/produse\/\" itemprop=\"url\" tabindex=\"0\"><span class=\"avia-bullet\"><\/span><span class=\"avia-menu-text\">Produse<\/span><span class=\"avia-menu-fx\"><span class=\"avia-arrow-wrap\"><span class=\"avia-arrow\"><\/span><\/span><\/span><\/a><\/li>\n<li role=\"menuitem\" id=\"menu-item-8702\" class=\"menu-item menu-item-type-post_type menu-item-object-page menu-item-top-level menu-item-top-level-2\"><a href=\"https:\/\/berdoalutechnic.hu\/ro\/produse-finite\/descarcare\/\" itemprop=\"url\" tabindex=\"0\"><span class=\"avia-bullet\"><\/span><span class=\"avia-menu-text\">Desc\u0103rcare<\/span><span class=\"avia-menu-fx\"><span class=\"avia-arrow-wrap\"><span class=\"avia-arrow\"><\/span><\/span><\/span><\/a><\/li>\n<li role=\"menuitem\" id=\"menu-item-8703\" class=\"menu-item menu-item-type-post_type menu-item-object-page menu-item-top-level menu-item-top-level-3\"><a href=\"https:\/\/berdoalutechnic.hu\/ro\/produse-finite\/informatii\/\" itemprop=\"url\" tabindex=\"0\"><span class=\"avia-bullet\"><\/span><span class=\"avia-menu-text\">Informa\u021bii<\/span><span class=\"avia-menu-fx\"><span class=\"avia-arrow-wrap\"><span class=\"avia-arrow\"><\/span><\/span><\/span><\/a><\/li>\n<li role=\"menuitem\" id=\"menu-item-8704\" class=\"menu-item menu-item-type-post_type menu-item-object-page menu-item-top-level menu-item-top-level-4\"><a href=\"https:\/\/berdoalutechnic.hu\/ro\/produse-finite\/galerie\/\" itemprop=\"url\" tabindex=\"0\"><span class=\"avia-bullet\"><\/span><span class=\"avia-menu-text\">Galerie<\/span><span class=\"avia-menu-fx\"><span class=\"avia-arrow-wrap\"><span class=\"avia-arrow\"><\/span><\/span><\/span><\/a><\/li>\n<li role=\"menuitem\" id=\"menu-item-8705\" class=\"menu-item menu-item-type-post_type menu-item-object-page menu-item-top-level menu-item-top-level-5\"><a href=\"https:\/\/berdoalutechnic.hu\/ro\/produse-finite\/contact\/\" itemprop=\"url\" tabindex=\"0\"><span class=\"avia-bullet\"><\/span><span class=\"avia-menu-text\">Contact<\/span><span class=\"avia-menu-fx\"><span class=\"avia-arrow-wrap\"><span class=\"avia-arrow\"><\/span><\/span><\/span><\/a><\/li>\n<\/ul><\/div><\/div><div class='sticky_placeholder'><\/div>\n<div id='full_slider_1'  class='avia-fullwidth-slider main_color avia-shadow   avia-builder-el-1  el_after_av_submenu  el_before_av_section   slider-not-first container_wrap fullsize'  ><div  class='avia-slideshow av-lp545z7p-f6573707be52c99be876dfd15357ce74 avia-slideshow-featured av_slideshow_full avia-slide-slider av-slideshow-ui av-control-default av-slideshow-manual av-loop-once av-loop-manual-endless av-default-height-applied   avia-slideshow-1' data-slideshow-options=\"{&quot;animation&quot;:&quot;slide&quot;,&quot;autoplay&quot;:false,&quot;loop_autoplay&quot;:&quot;once&quot;,&quot;interval&quot;:5,&quot;loop_manual&quot;:&quot;manual-endless&quot;,&quot;autoplay_stopper&quot;:false,&quot;noNavigation&quot;:false,&quot;bg_slider&quot;:false,&quot;keep_padding&quot;:false,&quot;hoverpause&quot;:false,&quot;show_slide_delay&quot;:0}\"  itemprop=\"image\" itemscope=\"itemscope\" itemtype=\"https:\/\/schema.org\/ImageObject\" ><ul class='avia-slideshow-inner ' style='padding-bottom: 33.59375%;'><li  class='avia-slideshow-slide av-lp545z7p-f6573707be52c99be876dfd15357ce74__0  av-single-slide slide-1 slide-odd'><div data-rel='slideshow-1' class='avia-slide-wrap '   ><div class='av-slideshow-caption av-lp545z7p-f6573707be52c99be876dfd15357ce74__0 caption_fullwidth caption_center caption_center_framed caption_framed'><div class=\"container caption_container\"><div class=\"slideshow_caption\"><div class=\"slideshow_inner_caption\"><div class=\"slideshow_align_caption\"><h2 class='avia-caption-title '  itemprop=\"name\" >Rolete interioare Zebra<\/h2><\/div><\/div><\/div><\/div><\/div><img decoding=\"async\" class=\"wp-image-8006 avia-img-lazy-loading-not-8006\"  src=\"https:\/\/berdoalutechnic.hu\/wp-content\/uploads\/B_60a-1280x430.jpg\" width=\"1280\" height=\"430\" title='B_60a' alt=''  itemprop=\"thumbnailUrl\"   \/><\/div><\/li><\/ul><\/div><\/div>\n<div id='av_section_1'  class='avia-section av-zu674y-045e576b4703f52d42a562d8816d7850 main_color avia-section-default avia-no-border-styling  avia-builder-el-2  el_after_av_slideshow_full  el_before_av_section  avia-bg-style-scroll container_wrap fullsize'  ><div class='container av-section-cont-open' ><div class='template-page content  av-content-full alpha units'><div class='post-entry post-entry-type-page post-entry-8551'><div class='entry-content-wrapper clearfix'>\n<div  class='flex_column av-3f43f6-64f5286bbee5ac3adbb8e96130ad0396 av_one_full  avia-builder-el-3  avia-builder-el-no-sibling  first flex_column_div  '     ><section  class='av_textblock_section av-unqirm-d5aad79e9938dea4f9ead51209e9b4a6 '   itemscope=\"itemscope\" itemtype=\"https:\/\/schema.org\/CreativeWork\" ><div class='avia_textblock'  itemprop=\"text\" ><p>O solutie moderna pentru orice usa sau fereastra.<\/p>\n<p>Roletele Zebra sunt o solu\u021bie de umbrire care \u00eendepline\u0219te mai multe func\u021bii \u00een acela\u0219i timp. Datorit\u0103 alternan\u021bei benzilor, \u00eel putem seta \u0219i \u00eentr-o pozi\u021bie de transmitere a luminii sau de umbrire\/\u00eentunecare. Acest tip de rolet\u0103 poate fi folosit \u00een apartamente, magazine \u0219i birouri. Este excelent \u00eentr-o camer\u0103 \u00een care nu exist\u0103 mult spa\u021biu deasupra ferestrelor.<\/p>\n<p>Cele dou\u0103 materiale ale covorului sunt amplasate unul \u00een spatele celuilalt, \u00een func\u021bie de material, pot fi umbritoare sau blocante de lumin\u0103. C\u00e2nd sunt mutate, cele dou\u0103 materiale alunec\u0103 unul fa\u021b\u0103 de cel\u0103lalt, astfel \u00eenc\u00e2t \u00eentr-o pozi\u021bie \u00eendepline\u0219te o func\u021bie de transmitere a luminii, \u00een timp ce \u00een cealalt\u0103 \u00eendepline\u0219te o func\u021bie de \u00eentunecare. Dac\u0103 este necesar, jaluzelele pot fi ridicate complet. Structura roletelor Zebra poate fi cerut\u0103 cu sau f\u0103r\u0103 carcas\u0103. \u00cen cazul unei versiuni cu carcas\u0103, protejeaz\u0103 materialul textil de murd\u0103rie atunci c\u00e2nd este tras \u00een sus \u0219i ofer\u0103 un aspect estetic bun. Carcasa este alb\u0103 \u00een mod implicit, dar poate fi colorat\u0103 \u00een aproape orice culoare RAL, la cerere. \u00cen acest caz trebuie luat \u00een vedere c\u0103 anumite piese nu pot fi vopsite, deci r\u0103m\u00e2n albe, sau maro.<\/p>\n<p><a href=\"https:\/\/berdoalutechnic.hu\/wp-content\/uploads\/Savrolo-szinmintak.pdf\"><strong>Gama de culori<\/strong><\/a><\/p>\n<\/div><\/section><\/div><\/div><\/div><\/div><!-- close content main div --><\/div><\/div>\n<style type=\"text\/css\" data-created_by=\"avia_inline_auto\" id=\"style-css-av-av_section-b65eed151f6a53e4fd7b9b1c75020f26\">\n.avia-section.av-av_section-b65eed151f6a53e4fd7b9b1c75020f26{\nbackground-color:#033a7d;\nbackground-image:unset;\n}\n<\/style>\n<div id='av_section_2'  class='avia-section av-av_section-b65eed151f6a53e4fd7b9b1c75020f26 main_color avia-section-default avia-no-border-styling  avia-builder-el-5  el_after_av_section  avia-builder-el-last  avia-bg-style-scroll container_wrap fullsize'  ><div class='container av-section-cont-open' ><div class='template-page content  av-content-full alpha units'><div class='post-entry post-entry-type-page post-entry-8551'><div class='entry-content-wrapper clearfix'>\n<div  class='flex_column av-av_one_full-fcc54ba6e1056dfba2660000655d0540 av_one_full  avia-builder-el-6  avia-builder-el-no-sibling  first flex_column_div  '     ><\/div><\/p>\n","protected":false},"excerpt":{"rendered":"","protected":false},"author":1,"featured_media":0,"parent":8548,"menu_order":0,"comment_status":"closed","ping_status":"closed","template":"","meta":{"_monsterinsights_skip_tracking":false,"_monsterinsights_sitenote_active":false,"_monsterinsights_sitenote_note":"","_monsterinsights_sitenote_category":0,"footnotes":""},"class_list":["post-8551","page","type-page","status-publish","hentry"],"yoast_head":"<!-- This site is optimized with the Yoast SEO Premium plugin v27.1 (Yoast SEO v27.1.1) - https:\/\/yoast.com\/product\/yoast-seo-premium-wordpress\/ -->\n<title>Rolete interioare Zebra - Berdo Alutechnic<\/title>\n<meta name=\"robots\" content=\"index, follow, max-snippet:-1, max-image-preview:large, max-video-preview:-1\" \/>\n<link rel=\"canonical\" href=\"https:\/\/berdoalutechnic.hu\/ro\/produse-finite\/produse\/sisteme-de-umbrire-in-interior\/rolete-interioare-zebra\/\" \/>\n<meta property=\"og:locale\" content=\"ro_RO\" \/>\n<meta property=\"og:type\" content=\"article\" \/>\n<meta property=\"og:title\" content=\"Rolete interioare Zebra\" \/>\n<meta property=\"og:url\" content=\"https:\/\/berdoalutechnic.hu\/ro\/produse-finite\/produse\/sisteme-de-umbrire-in-interior\/rolete-interioare-zebra\/\" \/>\n<meta property=\"og:site_name\" content=\"Berdo Alutechnic\" \/>\n<meta property=\"article:modified_time\" content=\"2024-08-03T14:38:28+00:00\" \/>\n<meta name=\"twitter:card\" content=\"summary_large_image\" \/>\n<meta name=\"twitter:label1\" content=\"Timp estimat pentru citire\" \/>\n\t<meta name=\"twitter:data1\" content=\"2 minute\" \/>\n<script type=\"application\/ld+json\" class=\"yoast-schema-graph\">{\"@context\":\"https:\/\/schema.org\",\"@graph\":[{\"@type\":\"WebPage\",\"@id\":\"https:\/\/berdoalutechnic.hu\/ro\/produse-finite\/produse\/sisteme-de-umbrire-in-interior\/rolete-interioare-zebra\/\",\"url\":\"https:\/\/berdoalutechnic.hu\/ro\/produse-finite\/produse\/sisteme-de-umbrire-in-interior\/rolete-interioare-zebra\/\",\"name\":\"Rolete interioare Zebra - Berdo Alutechnic\",\"isPartOf\":{\"@id\":\"https:\/\/berdoalutechnic.hu\/#website\"},\"datePublished\":\"2023-11-04T10:35:13+00:00\",\"dateModified\":\"2024-08-03T14:38:28+00:00\",\"breadcrumb\":{\"@id\":\"https:\/\/berdoalutechnic.hu\/ro\/produse-finite\/produse\/sisteme-de-umbrire-in-interior\/rolete-interioare-zebra\/#breadcrumb\"},\"inLanguage\":\"ro-RO\",\"potentialAction\":[{\"@type\":\"ReadAction\",\"target\":[\"https:\/\/berdoalutechnic.hu\/ro\/produse-finite\/produse\/sisteme-de-umbrire-in-interior\/rolete-interioare-zebra\/\"]}]},{\"@type\":\"BreadcrumbList\",\"@id\":\"https:\/\/berdoalutechnic.hu\/ro\/produse-finite\/produse\/sisteme-de-umbrire-in-interior\/rolete-interioare-zebra\/#breadcrumb\",\"itemListElement\":[{\"@type\":\"ListItem\",\"position\":1,\"name\":\"Kezd\u0151lap\",\"item\":\"https:\/\/berdoalutechnic.hu\/ro\/pagina-principala\/\"},{\"@type\":\"ListItem\",\"position\":2,\"name\":\"Produse finite\",\"item\":\"https:\/\/berdoalutechnic.hu\/ro\/produse-finite\/\"},{\"@type\":\"ListItem\",\"position\":3,\"name\":\"Produse\",\"item\":\"https:\/\/berdoalutechnic.hu\/ro\/produse-finite\/produse\/\"},{\"@type\":\"ListItem\",\"position\":4,\"name\":\"Sisteme de umbrire \u00een interior\",\"item\":\"https:\/\/berdoalutechnic.hu\/ro\/produse-finite\/produse\/sisteme-de-umbrire-in-interior\/\"},{\"@type\":\"ListItem\",\"position\":5,\"name\":\"Rolete interioare Zebra\"}]},{\"@type\":\"WebSite\",\"@id\":\"https:\/\/berdoalutechnic.hu\/#website\",\"url\":\"https:\/\/berdoalutechnic.hu\/\",\"name\":\"Berdo Alutechnic\",\"description\":\"\",\"publisher\":{\"@id\":\"https:\/\/berdoalutechnic.hu\/#organization\"},\"potentialAction\":[{\"@type\":\"SearchAction\",\"target\":{\"@type\":\"EntryPoint\",\"urlTemplate\":\"https:\/\/berdoalutechnic.hu\/?s={search_term_string}\"},\"query-input\":{\"@type\":\"PropertyValueSpecification\",\"valueRequired\":true,\"valueName\":\"search_term_string\"}}],\"inLanguage\":\"ro-RO\"},{\"@type\":\"Organization\",\"@id\":\"https:\/\/berdoalutechnic.hu\/#organization\",\"name\":\"Berdo Alutechnic\",\"url\":\"https:\/\/berdoalutechnic.hu\/\",\"logo\":{\"@type\":\"ImageObject\",\"inLanguage\":\"ro-RO\",\"@id\":\"https:\/\/berdoalutechnic.hu\/#\/schema\/logo\/image\/\",\"url\":\"https:\/\/berdoalutechnic.hu\/wp-content\/uploads\/BALogo_email_tiny.png\",\"contentUrl\":\"https:\/\/berdoalutechnic.hu\/wp-content\/uploads\/BALogo_email_tiny.png\",\"width\":338,\"height\":167,\"caption\":\"Berdo Alutechnic\"},\"image\":{\"@id\":\"https:\/\/berdoalutechnic.hu\/#\/schema\/logo\/image\/\"}}]}<\/script>\n<!-- \/ Yoast SEO Premium plugin. -->","yoast_head_json":{"title":"Rolete interioare Zebra - Berdo Alutechnic","robots":{"index":"index","follow":"follow","max-snippet":"max-snippet:-1","max-image-preview":"max-image-preview:large","max-video-preview":"max-video-preview:-1"},"canonical":"https:\/\/berdoalutechnic.hu\/ro\/produse-finite\/produse\/sisteme-de-umbrire-in-interior\/rolete-interioare-zebra\/","og_locale":"ro_RO","og_type":"article","og_title":"Rolete interioare Zebra","og_url":"https:\/\/berdoalutechnic.hu\/ro\/produse-finite\/produse\/sisteme-de-umbrire-in-interior\/rolete-interioare-zebra\/","og_site_name":"Berdo Alutechnic","article_modified_time":"2024-08-03T14:38:28+00:00","twitter_card":"summary_large_image","twitter_misc":{"Timp estimat pentru citire":"2 minute"},"schema":{"@context":"https:\/\/schema.org","@graph":[{"@type":"WebPage","@id":"https:\/\/berdoalutechnic.hu\/ro\/produse-finite\/produse\/sisteme-de-umbrire-in-interior\/rolete-interioare-zebra\/","url":"https:\/\/berdoalutechnic.hu\/ro\/produse-finite\/produse\/sisteme-de-umbrire-in-interior\/rolete-interioare-zebra\/","name":"Rolete interioare Zebra - Berdo Alutechnic","isPartOf":{"@id":"https:\/\/berdoalutechnic.hu\/#website"},"datePublished":"2023-11-04T10:35:13+00:00","dateModified":"2024-08-03T14:38:28+00:00","breadcrumb":{"@id":"https:\/\/berdoalutechnic.hu\/ro\/produse-finite\/produse\/sisteme-de-umbrire-in-interior\/rolete-interioare-zebra\/#breadcrumb"},"inLanguage":"ro-RO","potentialAction":[{"@type":"ReadAction","target":["https:\/\/berdoalutechnic.hu\/ro\/produse-finite\/produse\/sisteme-de-umbrire-in-interior\/rolete-interioare-zebra\/"]}]},{"@type":"BreadcrumbList","@id":"https:\/\/berdoalutechnic.hu\/ro\/produse-finite\/produse\/sisteme-de-umbrire-in-interior\/rolete-interioare-zebra\/#breadcrumb","itemListElement":[{"@type":"ListItem","position":1,"name":"Kezd\u0151lap","item":"https:\/\/berdoalutechnic.hu\/ro\/pagina-principala\/"},{"@type":"ListItem","position":2,"name":"Produse finite","item":"https:\/\/berdoalutechnic.hu\/ro\/produse-finite\/"},{"@type":"ListItem","position":3,"name":"Produse","item":"https:\/\/berdoalutechnic.hu\/ro\/produse-finite\/produse\/"},{"@type":"ListItem","position":4,"name":"Sisteme de umbrire \u00een interior","item":"https:\/\/berdoalutechnic.hu\/ro\/produse-finite\/produse\/sisteme-de-umbrire-in-interior\/"},{"@type":"ListItem","position":5,"name":"Rolete interioare Zebra"}]},{"@type":"WebSite","@id":"https:\/\/berdoalutechnic.hu\/#website","url":"https:\/\/berdoalutechnic.hu\/","name":"Berdo Alutechnic","description":"","publisher":{"@id":"https:\/\/berdoalutechnic.hu\/#organization"},"potentialAction":[{"@type":"SearchAction","target":{"@type":"EntryPoint","urlTemplate":"https:\/\/berdoalutechnic.hu\/?s={search_term_string}"},"query-input":{"@type":"PropertyValueSpecification","valueRequired":true,"valueName":"search_term_string"}}],"inLanguage":"ro-RO"},{"@type":"Organization","@id":"https:\/\/berdoalutechnic.hu\/#organization","name":"Berdo Alutechnic","url":"https:\/\/berdoalutechnic.hu\/","logo":{"@type":"ImageObject","inLanguage":"ro-RO","@id":"https:\/\/berdoalutechnic.hu\/#\/schema\/logo\/image\/","url":"https:\/\/berdoalutechnic.hu\/wp-content\/uploads\/BALogo_email_tiny.png","contentUrl":"https:\/\/berdoalutechnic.hu\/wp-content\/uploads\/BALogo_email_tiny.png","width":338,"height":167,"caption":"Berdo Alutechnic"},"image":{"@id":"https:\/\/berdoalutechnic.hu\/#\/schema\/logo\/image\/"}}]}},"_links":{"self":[{"href":"https:\/\/berdoalutechnic.hu\/ro\/wp-json\/wp\/v2\/pages\/8551","targetHints":{"allow":["GET"]}}],"collection":[{"href":"https:\/\/berdoalutechnic.hu\/ro\/wp-json\/wp\/v2\/pages"}],"about":[{"href":"https:\/\/berdoalutechnic.hu\/ro\/wp-json\/wp\/v2\/types\/page"}],"author":[{"embeddable":true,"href":"https:\/\/berdoalutechnic.hu\/ro\/wp-json\/wp\/v2\/users\/1"}],"replies":[{"embeddable":true,"href":"https:\/\/berdoalutechnic.hu\/ro\/wp-json\/wp\/v2\/comments?post=8551"}],"version-history":[{"count":3,"href":"https:\/\/berdoalutechnic.hu\/ro\/wp-json\/wp\/v2\/pages\/8551\/revisions"}],"predecessor-version":[{"id":8561,"href":"https:\/\/berdoalutechnic.hu\/ro\/wp-json\/wp\/v2\/pages\/8551\/revisions\/8561"}],"up":[{"embeddable":true,"href":"https:\/\/berdoalutechnic.hu\/ro\/wp-json\/wp\/v2\/pages\/8548"}],"wp:attachment":[{"href":"https:\/\/berdoalutechnic.hu\/ro\/wp-json\/wp\/v2\/media?parent=8551"}],"curies":[{"name":"wp","href":"https:\/\/api.w.org\/{rel}","templated":true}]}}