{"id":8572,"date":"2023-11-04T17:16:01","date_gmt":"2023-11-04T16:16:01","guid":{"rendered":"https:\/\/berdoalutechnic.hu\/?page_id=8572"},"modified":"2024-08-03T18:56:04","modified_gmt":"2024-08-03T16:56:04","slug":"automatizare","status":"publish","type":"page","link":"https:\/\/berdoalutechnic.hu\/ro\/produse-finite\/produse\/automatizare\/","title":{"rendered":"Automatizare"},"content":{"rendered":"<div id='av-layout-grid-1'  class='av-layout-grid-container av-25q0t3s-8c10b9a845f8f3ae04754c71773a59b7 entry-content-wrapper socket_color av-flex-cells  avia-builder-el-0  el_before_av_submenu  avia-builder-el-first   container_wrap fullsize'  >\n<div class='flex_cell av-23uc1c8-c17cc5bec941e8363ec4e3f0d65e2d19 av-gridrow-cell av_one_full no_margin  avia-builder-el-1  avia-builder-el-no-sibling '  ><div class='flex_cell_inner'>\n<style type=\"text\/css\" data-created_by=\"avia_inline_auto\" id=\"style-css-av-lmgd09tv-0224dd9afbce56f8585dca299870e01c\">\n#top .av-special-heading.av-lmgd09tv-0224dd9afbce56f8585dca299870e01c{\npadding-bottom:10px;\n}\nbody .av-special-heading.av-lmgd09tv-0224dd9afbce56f8585dca299870e01c .av-special-heading-tag .heading-char{\nfont-size:25px;\n}\n.av-special-heading.av-lmgd09tv-0224dd9afbce56f8585dca299870e01c .av-subheading{\nfont-size:15px;\n}\n<\/style>\n<div  class='av-special-heading av-lmgd09tv-0224dd9afbce56f8585dca299870e01c av-special-heading-h1 blockquote modern-quote  avia-builder-el-2  avia-builder-el-no-sibling '><h1 class='av-special-heading-tag'  itemprop=\"headline\"  >Automatizare<\/h1><div class=\"special-heading-border\"><div class=\"special-heading-inner-border\"><\/div><\/div><\/div>\n<\/div><\/div>\n<\/div>\n<div class='clear'><\/div><div id='sub_menu1'  class='av-submenu-container av-lmgd04nz-7bbf13fd725ff1b5a91c19ab825cb2a1 main_color  avia-builder-el-3  el_after_av_layout_row  el_before_av_section  av-sticky-submenu submenu-not-first container_wrap fullsize' style='z-index:301' ><div class='container av-menu-mobile-disabled av-submenu-pos-center'><ul id=\"menu-kesztermekmenu-roman\" class=\"av-subnav-menu\"><li role=\"menuitem\" id=\"menu-item-8701\" class=\"menu-item menu-item-type-post_type menu-item-object-page menu-item-top-level menu-item-top-level-1\"><a href=\"https:\/\/berdoalutechnic.hu\/ro\/produse-finite\/produse\/\" itemprop=\"url\" tabindex=\"0\"><span class=\"avia-bullet\"><\/span><span class=\"avia-menu-text\">Produse<\/span><span class=\"avia-menu-fx\"><span class=\"avia-arrow-wrap\"><span class=\"avia-arrow\"><\/span><\/span><\/span><\/a><\/li>\n<li role=\"menuitem\" id=\"menu-item-8702\" class=\"menu-item menu-item-type-post_type menu-item-object-page menu-item-top-level menu-item-top-level-2\"><a href=\"https:\/\/berdoalutechnic.hu\/ro\/produse-finite\/descarcare\/\" itemprop=\"url\" tabindex=\"0\"><span class=\"avia-bullet\"><\/span><span class=\"avia-menu-text\">Desc\u0103rcare<\/span><span class=\"avia-menu-fx\"><span class=\"avia-arrow-wrap\"><span class=\"avia-arrow\"><\/span><\/span><\/span><\/a><\/li>\n<li role=\"menuitem\" id=\"menu-item-8703\" class=\"menu-item menu-item-type-post_type menu-item-object-page menu-item-top-level menu-item-top-level-3\"><a href=\"https:\/\/berdoalutechnic.hu\/ro\/produse-finite\/informatii\/\" itemprop=\"url\" tabindex=\"0\"><span class=\"avia-bullet\"><\/span><span class=\"avia-menu-text\">Informa\u021bii<\/span><span class=\"avia-menu-fx\"><span class=\"avia-arrow-wrap\"><span class=\"avia-arrow\"><\/span><\/span><\/span><\/a><\/li>\n<li role=\"menuitem\" id=\"menu-item-8704\" class=\"menu-item menu-item-type-post_type menu-item-object-page menu-item-top-level menu-item-top-level-4\"><a href=\"https:\/\/berdoalutechnic.hu\/ro\/produse-finite\/galerie\/\" itemprop=\"url\" tabindex=\"0\"><span class=\"avia-bullet\"><\/span><span class=\"avia-menu-text\">Galerie<\/span><span class=\"avia-menu-fx\"><span class=\"avia-arrow-wrap\"><span class=\"avia-arrow\"><\/span><\/span><\/span><\/a><\/li>\n<li role=\"menuitem\" id=\"menu-item-8705\" class=\"menu-item menu-item-type-post_type menu-item-object-page menu-item-top-level menu-item-top-level-5\"><a href=\"https:\/\/berdoalutechnic.hu\/ro\/produse-finite\/contact\/\" itemprop=\"url\" tabindex=\"0\"><span class=\"avia-bullet\"><\/span><span class=\"avia-menu-text\">Contact<\/span><span class=\"avia-menu-fx\"><span class=\"avia-arrow-wrap\"><span class=\"avia-arrow\"><\/span><\/span><\/span><\/a><\/li>\n<\/ul><\/div><\/div><div class='sticky_placeholder'><\/div>\n<div id='av_section_1'  class='avia-section av-iyh9px-aef244aef0c1a4d6c55e9306fd00938c alternate_color avia-section-default avia-no-border-styling  avia-builder-el-4  el_after_av_submenu  avia-builder-el-last  avia-bg-style-scroll container_wrap fullsize'  ><div class='container av-section-cont-open' ><div class='template-page content  av-content-full alpha units'><div class='post-entry post-entry-type-page post-entry-8572'><div class='entry-content-wrapper clearfix'>\n<div  class='flex_column av-i3w8dh-3b9b91e02cc0c213fa90353ccbb6b683 av_one_half  avia-builder-el-5  el_before_av_one_half  avia-builder-el-first  first flex_column_div  '     ><style type=\"text\/css\" data-created_by=\"avia_inline_auto\" id=\"style-css-av-gehdbp-9ea6f8981a7070933b1c800f0e437b13\">\n.avia-image-container.av-gehdbp-9ea6f8981a7070933b1c800f0e437b13 img.avia_image{\nbox-shadow:none;\n}\n.avia-image-container.av-gehdbp-9ea6f8981a7070933b1c800f0e437b13 .av-image-caption-overlay-center{\ncolor:#ffffff;\n}\n<\/style>\n<div  class='avia-image-container av-gehdbp-9ea6f8981a7070933b1c800f0e437b13 av-styling- avia-align-center  avia-builder-el-6  avia-builder-el-no-sibling '   itemprop=\"image\" itemscope=\"itemscope\" itemtype=\"https:\/\/schema.org\/ImageObject\" ><div class=\"avia-image-container-inner\"><div class=\"avia-image-overlay-wrap\"><img decoding=\"async\" class='wp-image-6321 avia-img-lazy-loading-not-6321 avia_image ' src=\"https:\/\/berdoalutechnic.hu\/wp-content\/uploads\/okosotthon1-1500x630.jpg\" alt='' title='okosotthon(1)'  height=\"630\" width=\"1500\"  itemprop=\"thumbnailUrl\"  \/><\/div><\/div><\/div><\/div><div  class='flex_column av-eib0ud-116f87f79180f762b7713e99fb8fd40c av_one_half  avia-builder-el-7  el_after_av_one_half  el_before_av_hr  flex_column_div  '     ><p>\n<style type=\"text\/css\" data-created_by=\"avia_inline_auto\" id=\"style-css-av-ckulet-196a2fb7df25ca44ea79edf60de5fa72\">\n#top .av-special-heading.av-ckulet-196a2fb7df25ca44ea79edf60de5fa72{\nmargin:10px 0 0 0;\npadding-bottom:0;\n}\nbody .av-special-heading.av-ckulet-196a2fb7df25ca44ea79edf60de5fa72 .av-special-heading-tag .heading-char{\nfont-size:25px;\n}\n#top #wrap_all .av-special-heading.av-ckulet-196a2fb7df25ca44ea79edf60de5fa72 .av-special-heading-tag{\npadding:0 0 0 0;\n}\n.av-special-heading.av-ckulet-196a2fb7df25ca44ea79edf60de5fa72 .av-subheading{\nfont-size:15px;\n}\n<\/style>\n<div  class='av-special-heading av-ckulet-196a2fb7df25ca44ea79edf60de5fa72 av-special-heading-h3 blockquote modern-quote  avia-builder-el-8  el_before_av_hr  avia-builder-el-first '><h3 class='av-special-heading-tag'  itemprop=\"headline\"  >Automatizare<\/h3><div class=\"special-heading-border\"><div class=\"special-heading-inner-border\"><\/div><\/div><\/div><br \/>\n\n<style type=\"text\/css\" data-created_by=\"avia_inline_auto\" id=\"style-css-av-b0zx5h-4fad7b7aaa5d6358d771223d8268bc32\">\n#top .hr.av-b0zx5h-4fad7b7aaa5d6358d771223d8268bc32{\nmargin-top:10px;\nmargin-bottom:10px;\n}\n.hr.av-b0zx5h-4fad7b7aaa5d6358d771223d8268bc32 .hr-inner{\nwidth:50px;\nborder-color:#066cff;\n}\n<\/style>\n<div  class='hr av-b0zx5h-4fad7b7aaa5d6358d771223d8268bc32 hr-custom  avia-builder-el-9  el_after_av_heading  el_before_av_textblock  hr-left hr-icon-no'><span class='hr-inner inner-border-av-border-fat'><span class=\"hr-inner-style\"><\/span><\/span><\/div><br \/>\n<section  class='av_textblock_section av-8svtzp-dc0c9e0509f9b9317efcae914a0dd23f '   itemscope=\"itemscope\" itemtype=\"https:\/\/schema.org\/CreativeWork\" ><div class='avia_textblock'  itemprop=\"text\" ><p>Utilizarea sistemelor automate face operarea mult mai convenabil\u0103. Datorit\u0103 diferitelor func\u021bii inteligente, nu trebuie s\u0103 v\u0103 face\u021bi griji chiar dac\u0103 sunte\u021bi departe de cas\u0103, deoarece automatizarea se ocup\u0103 de optimizarea unghiului de \u00eenclinare.<\/p>\n<\/div><\/section><\/p><\/div>\n<style type=\"text\/css\" data-created_by=\"avia_inline_auto\" id=\"style-css-av-856s45-90669f2e3b0a09a3eabd8a0e853e7dc9\">\n#top .hr.hr-invisible.av-856s45-90669f2e3b0a09a3eabd8a0e853e7dc9{\nheight:50px;\n}\n<\/style>\n<div  class='hr av-856s45-90669f2e3b0a09a3eabd8a0e853e7dc9 hr-invisible  avia-builder-el-11  el_after_av_one_half  el_before_av_buttonrow '><span class='hr-inner '><span class=\"hr-inner-style\"><\/span><\/span><\/div>\n<div  class='avia-buttonrow-wrap av-6kfbat-12a83c1de20e725981439db8299213bc avia-buttonrow-center  avia-builder-el-12  el_after_av_hr  avia-builder-el-last '>\n\n<style type=\"text\/css\" data-created_by=\"avia_inline_auto\" id=\"style-css-av-42cn6t-d1d96b045404c5222f2fca5c27f313fd\">\n#top #wrap_all .avia-button.av-42cn6t-d1d96b045404c5222f2fca5c27f313fd{\nbackground-color:#033a7d;\nborder-color:#033a7d;\ncolor:#ffffff;\ntransition:all 0.4s ease-in-out;\nmargin-bottom:5px;\nmargin-right:3px;\nmargin-left:3px;\n}\n#top #wrap_all .avia-button.av-42cn6t-d1d96b045404c5222f2fca5c27f313fd:hover{\nbackground-color:#066cff;\ncolor:white;\ntransition:all 0.4s ease-in-out;\n}\n<\/style>\n<a href='https:\/\/berdoalutechnic.hu\/ro\/produse-finite\/produse\/automatizare\/motoare-si-actionari\/'  class='avia-button av-42cn6t-d1d96b045404c5222f2fca5c27f313fd avia-icon_select-no avia-size-small'  ><span class='avia_iconbox_title' >Motoare \u0219i ac\u021bion\u0103ri<\/span><\/a>\n\n<style type=\"text\/css\" data-created_by=\"avia_inline_auto\" id=\"style-css-av-2cfk9x-7039f68c1e6fea35f8f9fdec2633d5cd\">\n#top #wrap_all .avia-button.av-2cfk9x-7039f68c1e6fea35f8f9fdec2633d5cd{\nbackground-color:#033a7d;\nborder-color:#033a7d;\ncolor:#ffffff;\ntransition:all 0.4s ease-in-out;\nmargin-bottom:5px;\nmargin-right:3px;\nmargin-left:3px;\n}\n#top #wrap_all .avia-button.av-2cfk9x-7039f68c1e6fea35f8f9fdec2633d5cd:hover{\nbackground-color:#066cff;\ncolor:white;\ntransition:all 0.4s ease-in-out;\n}\n<\/style>\n<a href='https:\/\/berdoalutechnic.hu\/ro\/produse-finite\/produse\/automatizare\/sisteme-de-casa-inteligenta\/'  class='avia-button av-2cfk9x-7039f68c1e6fea35f8f9fdec2633d5cd avia-icon_select-no avia-size-small'  ><span class='avia_iconbox_title' >Sisteme de cas\u0103 inteligent\u0103<\/span><\/a>\n<\/div>\n\n","protected":false},"excerpt":{"rendered":"","protected":false},"author":1,"featured_media":0,"parent":8505,"menu_order":0,"comment_status":"closed","ping_status":"closed","template":"","meta":{"_monsterinsights_skip_tracking":false,"_monsterinsights_sitenote_active":false,"_monsterinsights_sitenote_note":"","_monsterinsights_sitenote_category":0,"footnotes":""},"class_list":["post-8572","page","type-page","status-publish","hentry"],"yoast_head":"<!-- This site is optimized with the Yoast SEO Premium plugin v27.1 (Yoast SEO v27.1.1) - https:\/\/yoast.com\/product\/yoast-seo-premium-wordpress\/ -->\n<title>Automatizare - Berdo Alutechnic<\/title>\n<meta name=\"robots\" content=\"index, follow, max-snippet:-1, max-image-preview:large, max-video-preview:-1\" \/>\n<link rel=\"canonical\" href=\"https:\/\/berdoalutechnic.hu\/ro\/produse-finite\/produse\/automatizare\/\" \/>\n<meta property=\"og:locale\" content=\"ro_RO\" \/>\n<meta property=\"og:type\" content=\"article\" \/>\n<meta property=\"og:title\" content=\"Automatizare\" \/>\n<meta property=\"og:url\" content=\"https:\/\/berdoalutechnic.hu\/ro\/produse-finite\/produse\/automatizare\/\" \/>\n<meta property=\"og:site_name\" content=\"Berdo Alutechnic\" \/>\n<meta property=\"article:modified_time\" content=\"2024-08-03T16:56:04+00:00\" \/>\n<meta name=\"twitter:card\" content=\"summary_large_image\" \/>\n<meta name=\"twitter:label1\" content=\"Timp estimat pentru citire\" \/>\n\t<meta name=\"twitter:data1\" content=\"1 minut\" \/>\n<script type=\"application\/ld+json\" class=\"yoast-schema-graph\">{\"@context\":\"https:\/\/schema.org\",\"@graph\":[{\"@type\":\"WebPage\",\"@id\":\"https:\/\/berdoalutechnic.hu\/ro\/produse-finite\/produse\/automatizare\/\",\"url\":\"https:\/\/berdoalutechnic.hu\/ro\/produse-finite\/produse\/automatizare\/\",\"name\":\"Automatizare - Berdo Alutechnic\",\"isPartOf\":{\"@id\":\"https:\/\/berdoalutechnic.hu\/#website\"},\"datePublished\":\"2023-11-04T16:16:01+00:00\",\"dateModified\":\"2024-08-03T16:56:04+00:00\",\"breadcrumb\":{\"@id\":\"https:\/\/berdoalutechnic.hu\/ro\/produse-finite\/produse\/automatizare\/#breadcrumb\"},\"inLanguage\":\"ro-RO\",\"potentialAction\":[{\"@type\":\"ReadAction\",\"target\":[\"https:\/\/berdoalutechnic.hu\/ro\/produse-finite\/produse\/automatizare\/\"]}]},{\"@type\":\"BreadcrumbList\",\"@id\":\"https:\/\/berdoalutechnic.hu\/ro\/produse-finite\/produse\/automatizare\/#breadcrumb\",\"itemListElement\":[{\"@type\":\"ListItem\",\"position\":1,\"name\":\"Kezd\u0151lap\",\"item\":\"https:\/\/berdoalutechnic.hu\/ro\/pagina-principala\/\"},{\"@type\":\"ListItem\",\"position\":2,\"name\":\"Produse finite\",\"item\":\"https:\/\/berdoalutechnic.hu\/ro\/produse-finite\/\"},{\"@type\":\"ListItem\",\"position\":3,\"name\":\"Produse\",\"item\":\"https:\/\/berdoalutechnic.hu\/ro\/produse-finite\/produse\/\"},{\"@type\":\"ListItem\",\"position\":4,\"name\":\"Automatizare\"}]},{\"@type\":\"WebSite\",\"@id\":\"https:\/\/berdoalutechnic.hu\/#website\",\"url\":\"https:\/\/berdoalutechnic.hu\/\",\"name\":\"Berdo Alutechnic\",\"description\":\"\",\"publisher\":{\"@id\":\"https:\/\/berdoalutechnic.hu\/#organization\"},\"potentialAction\":[{\"@type\":\"SearchAction\",\"target\":{\"@type\":\"EntryPoint\",\"urlTemplate\":\"https:\/\/berdoalutechnic.hu\/?s={search_term_string}\"},\"query-input\":{\"@type\":\"PropertyValueSpecification\",\"valueRequired\":true,\"valueName\":\"search_term_string\"}}],\"inLanguage\":\"ro-RO\"},{\"@type\":\"Organization\",\"@id\":\"https:\/\/berdoalutechnic.hu\/#organization\",\"name\":\"Berdo Alutechnic\",\"url\":\"https:\/\/berdoalutechnic.hu\/\",\"logo\":{\"@type\":\"ImageObject\",\"inLanguage\":\"ro-RO\",\"@id\":\"https:\/\/berdoalutechnic.hu\/#\/schema\/logo\/image\/\",\"url\":\"https:\/\/berdoalutechnic.hu\/wp-content\/uploads\/BALogo_email_tiny.png\",\"contentUrl\":\"https:\/\/berdoalutechnic.hu\/wp-content\/uploads\/BALogo_email_tiny.png\",\"width\":338,\"height\":167,\"caption\":\"Berdo Alutechnic\"},\"image\":{\"@id\":\"https:\/\/berdoalutechnic.hu\/#\/schema\/logo\/image\/\"}}]}<\/script>\n<!-- \/ Yoast SEO Premium plugin. -->","yoast_head_json":{"title":"Automatizare - Berdo Alutechnic","robots":{"index":"index","follow":"follow","max-snippet":"max-snippet:-1","max-image-preview":"max-image-preview:large","max-video-preview":"max-video-preview:-1"},"canonical":"https:\/\/berdoalutechnic.hu\/ro\/produse-finite\/produse\/automatizare\/","og_locale":"ro_RO","og_type":"article","og_title":"Automatizare","og_url":"https:\/\/berdoalutechnic.hu\/ro\/produse-finite\/produse\/automatizare\/","og_site_name":"Berdo Alutechnic","article_modified_time":"2024-08-03T16:56:04+00:00","twitter_card":"summary_large_image","twitter_misc":{"Timp estimat pentru citire":"1 minut"},"schema":{"@context":"https:\/\/schema.org","@graph":[{"@type":"WebPage","@id":"https:\/\/berdoalutechnic.hu\/ro\/produse-finite\/produse\/automatizare\/","url":"https:\/\/berdoalutechnic.hu\/ro\/produse-finite\/produse\/automatizare\/","name":"Automatizare - Berdo Alutechnic","isPartOf":{"@id":"https:\/\/berdoalutechnic.hu\/#website"},"datePublished":"2023-11-04T16:16:01+00:00","dateModified":"2024-08-03T16:56:04+00:00","breadcrumb":{"@id":"https:\/\/berdoalutechnic.hu\/ro\/produse-finite\/produse\/automatizare\/#breadcrumb"},"inLanguage":"ro-RO","potentialAction":[{"@type":"ReadAction","target":["https:\/\/berdoalutechnic.hu\/ro\/produse-finite\/produse\/automatizare\/"]}]},{"@type":"BreadcrumbList","@id":"https:\/\/berdoalutechnic.hu\/ro\/produse-finite\/produse\/automatizare\/#breadcrumb","itemListElement":[{"@type":"ListItem","position":1,"name":"Kezd\u0151lap","item":"https:\/\/berdoalutechnic.hu\/ro\/pagina-principala\/"},{"@type":"ListItem","position":2,"name":"Produse finite","item":"https:\/\/berdoalutechnic.hu\/ro\/produse-finite\/"},{"@type":"ListItem","position":3,"name":"Produse","item":"https:\/\/berdoalutechnic.hu\/ro\/produse-finite\/produse\/"},{"@type":"ListItem","position":4,"name":"Automatizare"}]},{"@type":"WebSite","@id":"https:\/\/berdoalutechnic.hu\/#website","url":"https:\/\/berdoalutechnic.hu\/","name":"Berdo Alutechnic","description":"","publisher":{"@id":"https:\/\/berdoalutechnic.hu\/#organization"},"potentialAction":[{"@type":"SearchAction","target":{"@type":"EntryPoint","urlTemplate":"https:\/\/berdoalutechnic.hu\/?s={search_term_string}"},"query-input":{"@type":"PropertyValueSpecification","valueRequired":true,"valueName":"search_term_string"}}],"inLanguage":"ro-RO"},{"@type":"Organization","@id":"https:\/\/berdoalutechnic.hu\/#organization","name":"Berdo Alutechnic","url":"https:\/\/berdoalutechnic.hu\/","logo":{"@type":"ImageObject","inLanguage":"ro-RO","@id":"https:\/\/berdoalutechnic.hu\/#\/schema\/logo\/image\/","url":"https:\/\/berdoalutechnic.hu\/wp-content\/uploads\/BALogo_email_tiny.png","contentUrl":"https:\/\/berdoalutechnic.hu\/wp-content\/uploads\/BALogo_email_tiny.png","width":338,"height":167,"caption":"Berdo Alutechnic"},"image":{"@id":"https:\/\/berdoalutechnic.hu\/#\/schema\/logo\/image\/"}}]}},"_links":{"self":[{"href":"https:\/\/berdoalutechnic.hu\/ro\/wp-json\/wp\/v2\/pages\/8572","targetHints":{"allow":["GET"]}}],"collection":[{"href":"https:\/\/berdoalutechnic.hu\/ro\/wp-json\/wp\/v2\/pages"}],"about":[{"href":"https:\/\/berdoalutechnic.hu\/ro\/wp-json\/wp\/v2\/types\/page"}],"author":[{"embeddable":true,"href":"https:\/\/berdoalutechnic.hu\/ro\/wp-json\/wp\/v2\/users\/1"}],"replies":[{"embeddable":true,"href":"https:\/\/berdoalutechnic.hu\/ro\/wp-json\/wp\/v2\/comments?post=8572"}],"version-history":[{"count":4,"href":"https:\/\/berdoalutechnic.hu\/ro\/wp-json\/wp\/v2\/pages\/8572\/revisions"}],"predecessor-version":[{"id":8715,"href":"https:\/\/berdoalutechnic.hu\/ro\/wp-json\/wp\/v2\/pages\/8572\/revisions\/8715"}],"up":[{"embeddable":true,"href":"https:\/\/berdoalutechnic.hu\/ro\/wp-json\/wp\/v2\/pages\/8505"}],"wp:attachment":[{"href":"https:\/\/berdoalutechnic.hu\/ro\/wp-json\/wp\/v2\/media?parent=8572"}],"curies":[{"name":"wp","href":"https:\/\/api.w.org\/{rel}","templated":true}]}}