{"id":8573,"date":"2023-11-08T18:01:32","date_gmt":"2023-11-08T17:01:32","guid":{"rendered":"https:\/\/berdoalutechnic.hu\/?page_id=8573"},"modified":"2024-08-03T16:53:39","modified_gmt":"2024-08-03T14:53:39","slug":"sisteme-de-casa-inteligenta","status":"publish","type":"page","link":"https:\/\/berdoalutechnic.hu\/ro\/produse-finite\/produse\/automatizare\/sisteme-de-casa-inteligenta\/","title":{"rendered":"Sisteme de cas\u0103 inteligent\u0103"},"content":{"rendered":"<div id='av-layout-grid-1'  class='av-layout-grid-container av-44nlbc-a167e69d85f2604be0c1fe01ea2b0883 entry-content-wrapper socket_color av-flex-cells  avia-builder-el-0  el_before_av_submenu  avia-builder-el-first   container_wrap fullsize'  >\n<div class='flex_cell av-12eho8o-3e6709f692c94bf9e5fe897b8d9ffd6b av-gridrow-cell av_one_full no_margin  avia-builder-el-1  avia-builder-el-no-sibling '  ><div class='flex_cell_inner'>\n<style type=\"text\/css\" data-created_by=\"avia_inline_auto\" id=\"style-css-av-lp54bnsf-fc7af169e24486394b5b25a15e65cdf1\">\n#top .av-special-heading.av-lp54bnsf-fc7af169e24486394b5b25a15e65cdf1{\npadding-bottom:10px;\n}\nbody .av-special-heading.av-lp54bnsf-fc7af169e24486394b5b25a15e65cdf1 .av-special-heading-tag .heading-char{\nfont-size:25px;\n}\n.av-special-heading.av-lp54bnsf-fc7af169e24486394b5b25a15e65cdf1 .av-subheading{\nfont-size:15px;\n}\n<\/style>\n<div  class='av-special-heading av-lp54bnsf-fc7af169e24486394b5b25a15e65cdf1 av-special-heading-h1 blockquote modern-quote  avia-builder-el-2  avia-builder-el-no-sibling '><h1 class='av-special-heading-tag'  itemprop=\"headline\"  >Sisteme de cas\u0103 inteligent\u0103<\/h1><div class=\"special-heading-border\"><div class=\"special-heading-inner-border\"><\/div><\/div><\/div>\n<\/div><\/div><\/div><div class='clear'><\/div><div id='sub_menu1'  class='av-submenu-container av-11b07eg-4f1849f6920c348643fbdb1f777a7d4e main_color  avia-builder-el-3  el_after_av_layout_row  el_before_av_slideshow_full  av-sticky-submenu submenu-not-first container_wrap fullsize' style='z-index:301' ><div class='container av-menu-mobile-disabled av-submenu-pos-center'><ul id=\"menu-kesztermekmenu-roman\" class=\"av-subnav-menu\"><li role=\"menuitem\" id=\"menu-item-8701\" class=\"menu-item menu-item-type-post_type menu-item-object-page menu-item-top-level menu-item-top-level-1\"><a href=\"https:\/\/berdoalutechnic.hu\/ro\/produse-finite\/produse\/\" itemprop=\"url\" tabindex=\"0\"><span class=\"avia-bullet\"><\/span><span class=\"avia-menu-text\">Produse<\/span><span class=\"avia-menu-fx\"><span class=\"avia-arrow-wrap\"><span class=\"avia-arrow\"><\/span><\/span><\/span><\/a><\/li>\n<li role=\"menuitem\" id=\"menu-item-8702\" class=\"menu-item menu-item-type-post_type menu-item-object-page menu-item-top-level menu-item-top-level-2\"><a href=\"https:\/\/berdoalutechnic.hu\/ro\/produse-finite\/descarcare\/\" itemprop=\"url\" tabindex=\"0\"><span class=\"avia-bullet\"><\/span><span class=\"avia-menu-text\">Desc\u0103rcare<\/span><span class=\"avia-menu-fx\"><span class=\"avia-arrow-wrap\"><span class=\"avia-arrow\"><\/span><\/span><\/span><\/a><\/li>\n<li role=\"menuitem\" id=\"menu-item-8703\" class=\"menu-item menu-item-type-post_type menu-item-object-page menu-item-top-level menu-item-top-level-3\"><a href=\"https:\/\/berdoalutechnic.hu\/ro\/produse-finite\/informatii\/\" itemprop=\"url\" tabindex=\"0\"><span class=\"avia-bullet\"><\/span><span class=\"avia-menu-text\">Informa\u021bii<\/span><span class=\"avia-menu-fx\"><span class=\"avia-arrow-wrap\"><span class=\"avia-arrow\"><\/span><\/span><\/span><\/a><\/li>\n<li role=\"menuitem\" id=\"menu-item-8704\" class=\"menu-item menu-item-type-post_type menu-item-object-page menu-item-top-level menu-item-top-level-4\"><a href=\"https:\/\/berdoalutechnic.hu\/ro\/produse-finite\/galerie\/\" itemprop=\"url\" tabindex=\"0\"><span class=\"avia-bullet\"><\/span><span class=\"avia-menu-text\">Galerie<\/span><span class=\"avia-menu-fx\"><span class=\"avia-arrow-wrap\"><span class=\"avia-arrow\"><\/span><\/span><\/span><\/a><\/li>\n<li role=\"menuitem\" id=\"menu-item-8705\" class=\"menu-item menu-item-type-post_type menu-item-object-page menu-item-top-level menu-item-top-level-5\"><a href=\"https:\/\/berdoalutechnic.hu\/ro\/produse-finite\/contact\/\" itemprop=\"url\" tabindex=\"0\"><span class=\"avia-bullet\"><\/span><span class=\"avia-menu-text\">Contact<\/span><span class=\"avia-menu-fx\"><span class=\"avia-arrow-wrap\"><span class=\"avia-arrow\"><\/span><\/span><\/span><\/a><\/li>\n<\/ul><\/div><\/div><div class='sticky_placeholder'><\/div><\/p>\n<div id='full_slider_1'  class='avia-fullwidth-slider main_color avia-shadow   avia-builder-el-4  el_after_av_submenu  el_before_av_section   slider-not-first container_wrap fullsize'  ><div  class='avia-slideshow av-lp54btrn-d70367bbcccef410dbad3544b5440bfe avia-slideshow-featured av_slideshow_full avia-slide-slider av-slideshow-ui av-control-default av-slideshow-manual av-loop-once av-loop-manual-endless av-default-height-applied   avia-slideshow-1' data-slideshow-options=\"{&quot;animation&quot;:&quot;slide&quot;,&quot;autoplay&quot;:false,&quot;loop_autoplay&quot;:&quot;once&quot;,&quot;interval&quot;:5,&quot;loop_manual&quot;:&quot;manual-endless&quot;,&quot;autoplay_stopper&quot;:false,&quot;noNavigation&quot;:false,&quot;bg_slider&quot;:false,&quot;keep_padding&quot;:false,&quot;hoverpause&quot;:false,&quot;show_slide_delay&quot;:0}\"  itemprop=\"image\" itemscope=\"itemscope\" itemtype=\"https:\/\/schema.org\/ImageObject\" ><ul class='avia-slideshow-inner ' style='padding-bottom: 28.666666666667%;'><li  class='avia-slideshow-slide av-lp54btrn-d70367bbcccef410dbad3544b5440bfe__0  av-single-slide slide-1 slide-odd'><div data-rel='slideshow-1' class='avia-slide-wrap '   ><div class='av-slideshow-caption av-lp54btrn-d70367bbcccef410dbad3544b5440bfe__0 caption_fullwidth caption_center caption_center_framed caption_framed'><div class=\"container caption_container\"><div class=\"slideshow_caption\"><div class=\"slideshow_inner_caption\"><div class=\"slideshow_align_caption\"><h2 class='avia-caption-title '  itemprop=\"name\" >Sisteme de cas\u0103 inteligent\u0103<\/h2><\/div><\/div><\/div><\/div><\/div><img decoding=\"async\" class=\"wp-image-6319 avia-img-lazy-loading-not-6319\"  src=\"https:\/\/berdoalutechnic.hu\/wp-content\/uploads\/Zipscreen-poolscene-homepage-1-1500x430.jpg\" width=\"1500\" height=\"430\" title='Zipscreen-poolscene-homepage' alt=''  itemprop=\"thumbnailUrl\"   \/><\/div><\/li><\/ul><\/div><\/div>\n<div id='av_section_1'  class='avia-section av-w2hxug-8f4e3c8213e8c06fa8b08865b66df93c main_color avia-section-default avia-no-border-styling  avia-builder-el-5  el_after_av_slideshow_full  el_before_av_section  avia-bg-style-scroll container_wrap fullsize'  ><div class='container av-section-cont-open' ><div class='template-page content  av-content-full alpha units'><div class='post-entry post-entry-type-page post-entry-8573'><div class='entry-content-wrapper clearfix'>\n<div  class='flex_column av-uyttt4-3f9e3972d736b541302419c2a13d203d av_one_full  avia-builder-el-6  avia-builder-el-no-sibling  first flex_column_div  '     ><p>\n<style type=\"text\/css\" data-created_by=\"avia_inline_auto\" id=\"style-css-av-tm6a94-1a179711c4d3044af9daf2078ad8e6ab\">\n#top .av-special-heading.av-tm6a94-1a179711c4d3044af9daf2078ad8e6ab{\npadding-bottom:10px;\n}\nbody .av-special-heading.av-tm6a94-1a179711c4d3044af9daf2078ad8e6ab .av-special-heading-tag .heading-char{\nfont-size:25px;\n}\n.av-special-heading.av-tm6a94-1a179711c4d3044af9daf2078ad8e6ab .av-subheading{\nfont-size:15px;\n}\n<\/style>\n<div  class='av-special-heading av-tm6a94-1a179711c4d3044af9daf2078ad8e6ab av-special-heading-h3 blockquote modern-quote  avia-builder-el-7  el_before_av_textblock  avia-builder-el-first '><h3 class='av-special-heading-tag'  itemprop=\"headline\"  >Descriere general\u0103<\/h3><div class=\"special-heading-border\"><div class=\"special-heading-inner-border\"><\/div><\/div><\/div><br \/>\n<section  class='av_textblock_section av-r3fly0-1024046cb73e505e796eaba867a00471 '   itemscope=\"itemscope\" itemtype=\"https:\/\/schema.org\/CreativeWork\" ><div class='avia_textblock'  itemprop=\"text\" ><p>Sistemele de cas\u0103 inteligent\u0103 revolu\u021bioneaz\u0103 gestionarea jaluzelelor, permi\u021b\u00e2nd utilizatorilor s\u0103 le controleze convenabil \u0219i eficient. Datorit\u0103 acestor sisteme, putem controla cu u\u0219urin\u021b\u0103 jaluzelele de la distan\u021b\u0103, prin smartphone-uri sau alte dispozitive. Cu ajutorul automatiz\u0103rii, mediul nostru de acas\u0103 se adapteaz\u0103 cu u\u0219urin\u021b\u0103 la schimb\u0103rile de vreme \u0219i lumina soarelui. De exemplu, dup\u0103 apusul soarelui, jaluzelele se \u00eenchid automat, oferind intimitatea necesar\u0103. \u00cen plus, sistemele de cas\u0103 inteligent\u0103 permit programarea temporizat\u0103 \u0219i utilizarea senzorilor, astfel \u00eenc\u00e2t sistemul r\u0103spund\u0103 automat la schimb\u0103rile de mediu, optimiz\u00e2nd eficien\u021ba \u00eenc\u0103lzirii \u0219i r\u0103cirii. Aceast\u0103 func\u021bionalitate ofer\u0103 nu confort maxim, dar realiezeaz\u0103 \u0219i economii de energie, ceea ce contribuie la crearea unei locuin\u021be durabile.<\/p>\n<\/div><\/section><\/p><\/div><\/div><\/div><\/div><!-- close content main div --><\/div><\/div><div id='av_section_2'  class='avia-section av-q3308-b1f54d186134ae57d02659a28a91eeeb main_color avia-section-default avia-no-border-styling  avia-builder-el-9  el_after_av_section  el_before_av_section  avia-bg-style-scroll container_wrap fullsize'  ><div class='container av-section-cont-open' ><div class='template-page content  av-content-full alpha units'><div class='post-entry post-entry-type-page post-entry-8573'><div class='entry-content-wrapper clearfix'>\n<div  class='flex_column av-5ks3bs-f198fa2f72d2bc0aa46b2504711736bb av_one_half  avia-builder-el-10  el_before_av_one_half  avia-builder-el-first  first flex_column_div  '     ><section  class='av_textblock_section av-3yi6mw-b6d5988d90992e29503829947d9a4dd9 '   itemscope=\"itemscope\" itemtype=\"https:\/\/schema.org\/CreativeWork\" ><div class='avia_textblock'  itemprop=\"text\" ><p>Garan\u021bie de \u00eenalt\u0103 calitate \u0219i confort.<\/p>\n<p><a href=\"https:\/\/www.somfy.hu\/termekek\/\" target=\"_blank\" rel=\"noopener\"><img loading=\"lazy\" decoding=\"async\" class=\"aligncenter wp-image-4173 size-medium\" src=\"https:\/\/berdoalutechnic.hu\/wp-content\/uploads\/Somfy_logo-300x82.png\" alt=\"\" width=\"300\" height=\"82\" srcset=\"https:\/\/berdoalutechnic.hu\/wp-content\/uploads\/Somfy_logo-300x82.png 300w, https:\/\/berdoalutechnic.hu\/wp-content\/uploads\/Somfy_logo-1030x280.png 1030w, https:\/\/berdoalutechnic.hu\/wp-content\/uploads\/Somfy_logo-768x209.png 768w, https:\/\/berdoalutechnic.hu\/wp-content\/uploads\/Somfy_logo-705x192.png 705w, https:\/\/berdoalutechnic.hu\/wp-content\/uploads\/Somfy_logo-450x122.png 450w, https:\/\/berdoalutechnic.hu\/wp-content\/uploads\/Somfy_logo-600x163.png 600w, https:\/\/berdoalutechnic.hu\/wp-content\/uploads\/Somfy_logo.png 1280w\" sizes=\"auto, (max-width: 300px) 100vw, 300px\" \/><\/a><\/p>\n<\/div><\/section><\/div><div  class='flex_column av-2dkxhk-83719314f88aa58183e724d5c74df37c av_one_half  avia-builder-el-12  el_after_av_one_half  avia-builder-el-last  flex_column_div  '     ><section  class='av_textblock_section av-lrm475dh-1a028589fcada16a5bfbd281cf7294a6 '   itemscope=\"itemscope\" itemtype=\"https:\/\/schema.org\/CreativeWork\" ><div class='avia_textblock'  itemprop=\"text\" ><p>O gam\u0103 larg\u0103 de motoare tubulare.<\/p>\n<p><a href=\"https:\/\/www.balaton-smarthome.hu\/vezetek-nelkuli-okos-otthon\/\" target=\"_blank\" rel=\"noopener\"><img loading=\"lazy\" decoding=\"async\" class=\"aligncenter wp-image-4174 size-medium\" src=\"https:\/\/berdoalutechnic.hu\/wp-content\/uploads\/fibaro-homekit-logo-300x105.jpg\" alt=\"\" width=\"300\" height=\"105\" srcset=\"https:\/\/berdoalutechnic.hu\/wp-content\/uploads\/fibaro-homekit-logo-300x105.jpg 300w, https:\/\/berdoalutechnic.hu\/wp-content\/uploads\/fibaro-homekit-logo-495x175.jpg 495w, https:\/\/berdoalutechnic.hu\/wp-content\/uploads\/fibaro-homekit-logo-450x158.jpg 450w, https:\/\/berdoalutechnic.hu\/wp-content\/uploads\/fibaro-homekit-logo.jpg 500w\" sizes=\"auto, (max-width: 300px) 100vw, 300px\" \/><\/a><\/p>\n<\/div><\/section><\/div><\/div><\/div><\/div><!-- close content main div --><\/div><\/div>\n<style type=\"text\/css\" data-created_by=\"avia_inline_auto\" id=\"style-css-av-6u7gs8-7f4423f767f4814b92d344a71c5d5174\">\n.avia-section.av-6u7gs8-7f4423f767f4814b92d344a71c5d5174{\nbackground-color:#033a7d;\nbackground-image:unset;\n}\n<\/style>\n<div id='av_section_3'  class='avia-section av-6u7gs8-7f4423f767f4814b92d344a71c5d5174 main_color avia-section-default avia-no-border-styling  avia-builder-el-14  el_after_av_section  avia-builder-el-last  avia-bg-style-scroll container_wrap fullsize'  ><div class='container av-section-cont-open' ><div class='template-page content  av-content-full alpha units'><div class='post-entry post-entry-type-page post-entry-8573'><div class='entry-content-wrapper clearfix'>\n<div  class='flex_column av-58qa1k-c543a9064ea2059fe2ebac19bc5e3ee4 av_one_full  avia-builder-el-15  avia-builder-el-no-sibling  first flex_column_div  '     ><\/div><\/p>\n","protected":false},"excerpt":{"rendered":"","protected":false},"author":1,"featured_media":0,"parent":8572,"menu_order":0,"comment_status":"closed","ping_status":"closed","template":"","meta":{"_monsterinsights_skip_tracking":false,"_monsterinsights_sitenote_active":false,"_monsterinsights_sitenote_note":"","_monsterinsights_sitenote_category":0,"footnotes":""},"class_list":["post-8573","page","type-page","status-publish","hentry"],"yoast_head":"<!-- This site is optimized with the Yoast SEO Premium plugin v27.1 (Yoast SEO v27.1.1) - https:\/\/yoast.com\/product\/yoast-seo-premium-wordpress\/ -->\n<title>Sisteme de cas\u0103 inteligent\u0103 - Berdo Alutechnic<\/title>\n<meta name=\"robots\" content=\"index, follow, max-snippet:-1, max-image-preview:large, max-video-preview:-1\" \/>\n<link rel=\"canonical\" href=\"https:\/\/berdoalutechnic.hu\/ro\/produse-finite\/produse\/automatizare\/sisteme-de-casa-inteligenta\/\" \/>\n<meta property=\"og:locale\" content=\"ro_RO\" \/>\n<meta property=\"og:type\" content=\"article\" \/>\n<meta property=\"og:title\" content=\"Sisteme de cas\u0103 inteligent\u0103\" \/>\n<meta property=\"og:url\" content=\"https:\/\/berdoalutechnic.hu\/ro\/produse-finite\/produse\/automatizare\/sisteme-de-casa-inteligenta\/\" \/>\n<meta property=\"og:site_name\" content=\"Berdo Alutechnic\" \/>\n<meta property=\"article:modified_time\" content=\"2024-08-03T14:53:39+00:00\" \/>\n<meta property=\"og:image\" content=\"https:\/\/berdoalutechnic.hu\/wp-content\/uploads\/Somfy_logo-300x82.png\" \/>\n<meta name=\"twitter:card\" content=\"summary_large_image\" \/>\n<meta name=\"twitter:label1\" content=\"Timp estimat pentru citire\" \/>\n\t<meta name=\"twitter:data1\" content=\"2 minute\" \/>\n<script type=\"application\/ld+json\" class=\"yoast-schema-graph\">{\"@context\":\"https:\/\/schema.org\",\"@graph\":[{\"@type\":\"WebPage\",\"@id\":\"https:\/\/berdoalutechnic.hu\/ro\/produse-finite\/produse\/automatizare\/sisteme-de-casa-inteligenta\/\",\"url\":\"https:\/\/berdoalutechnic.hu\/ro\/produse-finite\/produse\/automatizare\/sisteme-de-casa-inteligenta\/\",\"name\":\"Sisteme de cas\u0103 inteligent\u0103 - Berdo Alutechnic\",\"isPartOf\":{\"@id\":\"https:\/\/berdoalutechnic.hu\/#website\"},\"primaryImageOfPage\":{\"@id\":\"https:\/\/berdoalutechnic.hu\/ro\/produse-finite\/produse\/automatizare\/sisteme-de-casa-inteligenta\/#primaryimage\"},\"image\":{\"@id\":\"https:\/\/berdoalutechnic.hu\/ro\/produse-finite\/produse\/automatizare\/sisteme-de-casa-inteligenta\/#primaryimage\"},\"thumbnailUrl\":\"https:\/\/berdoalutechnic.hu\/wp-content\/uploads\/Somfy_logo-300x82.png\",\"datePublished\":\"2023-11-08T17:01:32+00:00\",\"dateModified\":\"2024-08-03T14:53:39+00:00\",\"breadcrumb\":{\"@id\":\"https:\/\/berdoalutechnic.hu\/ro\/produse-finite\/produse\/automatizare\/sisteme-de-casa-inteligenta\/#breadcrumb\"},\"inLanguage\":\"ro-RO\",\"potentialAction\":[{\"@type\":\"ReadAction\",\"target\":[\"https:\/\/berdoalutechnic.hu\/ro\/produse-finite\/produse\/automatizare\/sisteme-de-casa-inteligenta\/\"]}]},{\"@type\":\"ImageObject\",\"inLanguage\":\"ro-RO\",\"@id\":\"https:\/\/berdoalutechnic.hu\/ro\/produse-finite\/produse\/automatizare\/sisteme-de-casa-inteligenta\/#primaryimage\",\"url\":\"https:\/\/berdoalutechnic.hu\/wp-content\/uploads\/Somfy_logo-300x82.png\",\"contentUrl\":\"https:\/\/berdoalutechnic.hu\/wp-content\/uploads\/Somfy_logo-300x82.png\"},{\"@type\":\"BreadcrumbList\",\"@id\":\"https:\/\/berdoalutechnic.hu\/ro\/produse-finite\/produse\/automatizare\/sisteme-de-casa-inteligenta\/#breadcrumb\",\"itemListElement\":[{\"@type\":\"ListItem\",\"position\":1,\"name\":\"Kezd\u0151lap\",\"item\":\"https:\/\/berdoalutechnic.hu\/ro\/pagina-principala\/\"},{\"@type\":\"ListItem\",\"position\":2,\"name\":\"Produse finite\",\"item\":\"https:\/\/berdoalutechnic.hu\/ro\/produse-finite\/\"},{\"@type\":\"ListItem\",\"position\":3,\"name\":\"Produse\",\"item\":\"https:\/\/berdoalutechnic.hu\/ro\/produse-finite\/produse\/\"},{\"@type\":\"ListItem\",\"position\":4,\"name\":\"Automatizare\",\"item\":\"https:\/\/berdoalutechnic.hu\/ro\/produse-finite\/produse\/automatizare\/\"},{\"@type\":\"ListItem\",\"position\":5,\"name\":\"Sisteme de cas\u0103 inteligent\u0103\"}]},{\"@type\":\"WebSite\",\"@id\":\"https:\/\/berdoalutechnic.hu\/#website\",\"url\":\"https:\/\/berdoalutechnic.hu\/\",\"name\":\"Berdo Alutechnic\",\"description\":\"\",\"publisher\":{\"@id\":\"https:\/\/berdoalutechnic.hu\/#organization\"},\"potentialAction\":[{\"@type\":\"SearchAction\",\"target\":{\"@type\":\"EntryPoint\",\"urlTemplate\":\"https:\/\/berdoalutechnic.hu\/?s={search_term_string}\"},\"query-input\":{\"@type\":\"PropertyValueSpecification\",\"valueRequired\":true,\"valueName\":\"search_term_string\"}}],\"inLanguage\":\"ro-RO\"},{\"@type\":\"Organization\",\"@id\":\"https:\/\/berdoalutechnic.hu\/#organization\",\"name\":\"Berdo Alutechnic\",\"url\":\"https:\/\/berdoalutechnic.hu\/\",\"logo\":{\"@type\":\"ImageObject\",\"inLanguage\":\"ro-RO\",\"@id\":\"https:\/\/berdoalutechnic.hu\/#\/schema\/logo\/image\/\",\"url\":\"https:\/\/berdoalutechnic.hu\/wp-content\/uploads\/BALogo_email_tiny.png\",\"contentUrl\":\"https:\/\/berdoalutechnic.hu\/wp-content\/uploads\/BALogo_email_tiny.png\",\"width\":338,\"height\":167,\"caption\":\"Berdo Alutechnic\"},\"image\":{\"@id\":\"https:\/\/berdoalutechnic.hu\/#\/schema\/logo\/image\/\"}}]}<\/script>\n<!-- \/ Yoast SEO Premium plugin. -->","yoast_head_json":{"title":"Sisteme de cas\u0103 inteligent\u0103 - Berdo Alutechnic","robots":{"index":"index","follow":"follow","max-snippet":"max-snippet:-1","max-image-preview":"max-image-preview:large","max-video-preview":"max-video-preview:-1"},"canonical":"https:\/\/berdoalutechnic.hu\/ro\/produse-finite\/produse\/automatizare\/sisteme-de-casa-inteligenta\/","og_locale":"ro_RO","og_type":"article","og_title":"Sisteme de cas\u0103 inteligent\u0103","og_url":"https:\/\/berdoalutechnic.hu\/ro\/produse-finite\/produse\/automatizare\/sisteme-de-casa-inteligenta\/","og_site_name":"Berdo Alutechnic","article_modified_time":"2024-08-03T14:53:39+00:00","og_image":[{"url":"https:\/\/berdoalutechnic.hu\/wp-content\/uploads\/Somfy_logo-300x82.png","type":"","width":"","height":""}],"twitter_card":"summary_large_image","twitter_misc":{"Timp estimat pentru citire":"2 minute"},"schema":{"@context":"https:\/\/schema.org","@graph":[{"@type":"WebPage","@id":"https:\/\/berdoalutechnic.hu\/ro\/produse-finite\/produse\/automatizare\/sisteme-de-casa-inteligenta\/","url":"https:\/\/berdoalutechnic.hu\/ro\/produse-finite\/produse\/automatizare\/sisteme-de-casa-inteligenta\/","name":"Sisteme de cas\u0103 inteligent\u0103 - Berdo Alutechnic","isPartOf":{"@id":"https:\/\/berdoalutechnic.hu\/#website"},"primaryImageOfPage":{"@id":"https:\/\/berdoalutechnic.hu\/ro\/produse-finite\/produse\/automatizare\/sisteme-de-casa-inteligenta\/#primaryimage"},"image":{"@id":"https:\/\/berdoalutechnic.hu\/ro\/produse-finite\/produse\/automatizare\/sisteme-de-casa-inteligenta\/#primaryimage"},"thumbnailUrl":"https:\/\/berdoalutechnic.hu\/wp-content\/uploads\/Somfy_logo-300x82.png","datePublished":"2023-11-08T17:01:32+00:00","dateModified":"2024-08-03T14:53:39+00:00","breadcrumb":{"@id":"https:\/\/berdoalutechnic.hu\/ro\/produse-finite\/produse\/automatizare\/sisteme-de-casa-inteligenta\/#breadcrumb"},"inLanguage":"ro-RO","potentialAction":[{"@type":"ReadAction","target":["https:\/\/berdoalutechnic.hu\/ro\/produse-finite\/produse\/automatizare\/sisteme-de-casa-inteligenta\/"]}]},{"@type":"ImageObject","inLanguage":"ro-RO","@id":"https:\/\/berdoalutechnic.hu\/ro\/produse-finite\/produse\/automatizare\/sisteme-de-casa-inteligenta\/#primaryimage","url":"https:\/\/berdoalutechnic.hu\/wp-content\/uploads\/Somfy_logo-300x82.png","contentUrl":"https:\/\/berdoalutechnic.hu\/wp-content\/uploads\/Somfy_logo-300x82.png"},{"@type":"BreadcrumbList","@id":"https:\/\/berdoalutechnic.hu\/ro\/produse-finite\/produse\/automatizare\/sisteme-de-casa-inteligenta\/#breadcrumb","itemListElement":[{"@type":"ListItem","position":1,"name":"Kezd\u0151lap","item":"https:\/\/berdoalutechnic.hu\/ro\/pagina-principala\/"},{"@type":"ListItem","position":2,"name":"Produse finite","item":"https:\/\/berdoalutechnic.hu\/ro\/produse-finite\/"},{"@type":"ListItem","position":3,"name":"Produse","item":"https:\/\/berdoalutechnic.hu\/ro\/produse-finite\/produse\/"},{"@type":"ListItem","position":4,"name":"Automatizare","item":"https:\/\/berdoalutechnic.hu\/ro\/produse-finite\/produse\/automatizare\/"},{"@type":"ListItem","position":5,"name":"Sisteme de cas\u0103 inteligent\u0103"}]},{"@type":"WebSite","@id":"https:\/\/berdoalutechnic.hu\/#website","url":"https:\/\/berdoalutechnic.hu\/","name":"Berdo Alutechnic","description":"","publisher":{"@id":"https:\/\/berdoalutechnic.hu\/#organization"},"potentialAction":[{"@type":"SearchAction","target":{"@type":"EntryPoint","urlTemplate":"https:\/\/berdoalutechnic.hu\/?s={search_term_string}"},"query-input":{"@type":"PropertyValueSpecification","valueRequired":true,"valueName":"search_term_string"}}],"inLanguage":"ro-RO"},{"@type":"Organization","@id":"https:\/\/berdoalutechnic.hu\/#organization","name":"Berdo Alutechnic","url":"https:\/\/berdoalutechnic.hu\/","logo":{"@type":"ImageObject","inLanguage":"ro-RO","@id":"https:\/\/berdoalutechnic.hu\/#\/schema\/logo\/image\/","url":"https:\/\/berdoalutechnic.hu\/wp-content\/uploads\/BALogo_email_tiny.png","contentUrl":"https:\/\/berdoalutechnic.hu\/wp-content\/uploads\/BALogo_email_tiny.png","width":338,"height":167,"caption":"Berdo Alutechnic"},"image":{"@id":"https:\/\/berdoalutechnic.hu\/#\/schema\/logo\/image\/"}}]}},"_links":{"self":[{"href":"https:\/\/berdoalutechnic.hu\/ro\/wp-json\/wp\/v2\/pages\/8573","targetHints":{"allow":["GET"]}}],"collection":[{"href":"https:\/\/berdoalutechnic.hu\/ro\/wp-json\/wp\/v2\/pages"}],"about":[{"href":"https:\/\/berdoalutechnic.hu\/ro\/wp-json\/wp\/v2\/types\/page"}],"author":[{"embeddable":true,"href":"https:\/\/berdoalutechnic.hu\/ro\/wp-json\/wp\/v2\/users\/1"}],"replies":[{"embeddable":true,"href":"https:\/\/berdoalutechnic.hu\/ro\/wp-json\/wp\/v2\/comments?post=8573"}],"version-history":[{"count":3,"href":"https:\/\/berdoalutechnic.hu\/ro\/wp-json\/wp\/v2\/pages\/8573\/revisions"}],"predecessor-version":[{"id":8582,"href":"https:\/\/berdoalutechnic.hu\/ro\/wp-json\/wp\/v2\/pages\/8573\/revisions\/8582"}],"up":[{"embeddable":true,"href":"https:\/\/berdoalutechnic.hu\/ro\/wp-json\/wp\/v2\/pages\/8572"}],"wp:attachment":[{"href":"https:\/\/berdoalutechnic.hu\/ro\/wp-json\/wp\/v2\/media?parent=8573"}],"curies":[{"name":"wp","href":"https:\/\/api.w.org\/{rel}","templated":true}]}}