{"id":8629,"date":"2023-12-10T13:10:26","date_gmt":"2023-12-10T12:10:26","guid":{"rendered":"https:\/\/berdoalutechnic.hu\/?page_id=8629"},"modified":"2024-08-03T17:30:32","modified_gmt":"2024-08-03T15:30:32","slug":"garantie","status":"publish","type":"page","link":"https:\/\/berdoalutechnic.hu\/ro\/produse-finite\/informatii\/garantie\/","title":{"rendered":"Garan\u021bie"},"content":{"rendered":"<div class='clear'><\/div><div id='sub_menu1'  class='av-submenu-container av-57th1c-50b261e898177d33791c0f68c281df13 main_color  avia-builder-el-0  el_before_av_section  avia-builder-el-first  av-sticky-submenu container_wrap fullsize' style='z-index:301' ><div class='container av-menu-mobile-disabled av-submenu-pos-center'><ul id=\"menu-kesztermekmenu-roman\" class=\"av-subnav-menu\"><li role=\"menuitem\" id=\"menu-item-8701\" class=\"menu-item menu-item-type-post_type menu-item-object-page menu-item-top-level menu-item-top-level-1\"><a href=\"https:\/\/berdoalutechnic.hu\/ro\/produse-finite\/produse\/\" itemprop=\"url\" tabindex=\"0\"><span class=\"avia-bullet\"><\/span><span class=\"avia-menu-text\">Produse<\/span><span class=\"avia-menu-fx\"><span class=\"avia-arrow-wrap\"><span class=\"avia-arrow\"><\/span><\/span><\/span><\/a><\/li>\n<li role=\"menuitem\" id=\"menu-item-8702\" class=\"menu-item menu-item-type-post_type menu-item-object-page menu-item-top-level menu-item-top-level-2\"><a href=\"https:\/\/berdoalutechnic.hu\/ro\/produse-finite\/descarcare\/\" itemprop=\"url\" tabindex=\"0\"><span class=\"avia-bullet\"><\/span><span class=\"avia-menu-text\">Desc\u0103rcare<\/span><span class=\"avia-menu-fx\"><span class=\"avia-arrow-wrap\"><span class=\"avia-arrow\"><\/span><\/span><\/span><\/a><\/li>\n<li role=\"menuitem\" id=\"menu-item-8703\" class=\"menu-item menu-item-type-post_type menu-item-object-page menu-item-top-level menu-item-top-level-3\"><a href=\"https:\/\/berdoalutechnic.hu\/ro\/produse-finite\/informatii\/\" itemprop=\"url\" tabindex=\"0\"><span class=\"avia-bullet\"><\/span><span class=\"avia-menu-text\">Informa\u021bii<\/span><span class=\"avia-menu-fx\"><span class=\"avia-arrow-wrap\"><span class=\"avia-arrow\"><\/span><\/span><\/span><\/a><\/li>\n<li role=\"menuitem\" id=\"menu-item-8704\" class=\"menu-item menu-item-type-post_type menu-item-object-page menu-item-top-level menu-item-top-level-4\"><a href=\"https:\/\/berdoalutechnic.hu\/ro\/produse-finite\/galerie\/\" itemprop=\"url\" tabindex=\"0\"><span class=\"avia-bullet\"><\/span><span class=\"avia-menu-text\">Galerie<\/span><span class=\"avia-menu-fx\"><span class=\"avia-arrow-wrap\"><span class=\"avia-arrow\"><\/span><\/span><\/span><\/a><\/li>\n<li role=\"menuitem\" id=\"menu-item-8705\" class=\"menu-item menu-item-type-post_type menu-item-object-page menu-item-top-level menu-item-top-level-5\"><a href=\"https:\/\/berdoalutechnic.hu\/ro\/produse-finite\/contact\/\" itemprop=\"url\" tabindex=\"0\"><span class=\"avia-bullet\"><\/span><span class=\"avia-menu-text\">Contact<\/span><span class=\"avia-menu-fx\"><span class=\"avia-arrow-wrap\"><span class=\"avia-arrow\"><\/span><\/span><\/span><\/a><\/li>\n<\/ul><\/div><\/div><div class='sticky_placeholder'><\/div>\n<div id='av_section_1'  class='avia-section av-26vdpj-2ffcfca483cc62cf06445427839a6d13 main_color avia-section-default avia-no-border-styling  avia-builder-el-1  el_after_av_submenu  avia-builder-el-last  avia-bg-style-scroll container_wrap fullsize'  ><div class='container av-section-cont-open' ><div class='template-page content  av-content-full alpha units'><div class='post-entry post-entry-type-page post-entry-8629'><div class='entry-content-wrapper clearfix'>\n\n<style type=\"text\/css\" data-created_by=\"avia_inline_auto\" id=\"style-css-av-lmgclvvr-60b6b0440e7ecc4de31b452c5ee0893b\">\n#top .av-special-heading.av-lmgclvvr-60b6b0440e7ecc4de31b452c5ee0893b{\npadding-bottom:10px;\n}\nbody .av-special-heading.av-lmgclvvr-60b6b0440e7ecc4de31b452c5ee0893b .av-special-heading-tag .heading-char{\nfont-size:25px;\n}\n.av-special-heading.av-lmgclvvr-60b6b0440e7ecc4de31b452c5ee0893b .av-subheading{\nfont-size:15px;\n}\n<\/style>\n<div  class='av-special-heading av-lmgclvvr-60b6b0440e7ecc4de31b452c5ee0893b av-special-heading-h1 blockquote modern-quote  avia-builder-el-2  el_before_av_textblock  avia-builder-el-first '><h1 class='av-special-heading-tag'  itemprop=\"headline\"  >Garan\u021bie<\/h1><div class=\"special-heading-border\"><div class=\"special-heading-inner-border\"><\/div><\/div><\/div>\n<section  class='av_textblock_section av-lpzg0mp3-caa14a6c05d6436ac5d4ddcfd76bd2a8 '   itemscope=\"itemscope\" itemtype=\"https:\/\/schema.org\/CreativeWork\" ><div class='avia_textblock'  itemprop=\"text\" ><p><strong>Informa\u021bii generale despre drepturile de garan\u021bie<\/strong><\/p>\n<p>Aceast\u0103 fi\u0219\u0103 informativ\u0103 ofer\u0103 informa\u021bii generale despre garan\u021bia obligatorie pentru fiecare produs de consum durabil \u00een leg\u0103tur\u0103 cu dispozitivele cu tehnologie de ecranare (denumite \u00een continuare: \u201eprodus de consum\u201d) distribuite de BERDO Alutechnic Kft. \u00a0(denumit\u0103 \u00een continuare: \u201ecompanie\u201d) \u00een calitate de produc\u0103tor\/ distribuitor (\u00een continuare: \u201esocietate\u201d) 151\/2003. (IX.21.) (denumit \u00een continuare: \u201eRegulamentul Guvernului\u201d) conform regulilor.<\/p>\n<p>1. Reguli generale privind garan\u021bia<\/p>\n<p><strong>\u00a0Perioada de garan\u021bie<\/strong><\/p>\n<ol>\n<li>a) \u00eentre valoare de 10 000 \u2013 100\u00a0000 forin\u021bi: 1 an<\/li>\n<li>b) \u00eentre valoare de 100 000 &#8211; 250 000 forin\u021bi: 2 ani<\/li>\n<li>c) peste valoare de 250\u00a0000 forin\u021bi: 3 ani<\/li>\n<\/ol>\n<p>Perioada de garan\u021bie \u00eencepe din ziua \u00een care produsul de consum este predat consumatorului, sau dac\u0103 societatea sau agentul acesteia efectueaz\u0103 punerea \u00een func\u021biune. Obligatia de garantie este suportata de distribuitor in raport cu produsele pe care le distribuie. \u00cen cazul \u00een care consumatorul pune \u00een func\u021biune produsul de consum mai mult de \u0219ase luni de la data pred\u0103rii, data \u00eenceperii perioadei de garan\u021bie este ziua \u00een care produsul de consum a fost predat. \u00cen cazul repar\u0103rii produsului de larg consum, perioada de garan\u021bie se prelunge\u0219te de la data livr\u0103rii pentru repara\u021bie cu timpul \u00een care consumatorul nu a putut folosi produsul de larg consum a\u0219a cum a fost prev\u0103zut din cauza defectului. Garan\u021bia nu afecteaz\u0103 drepturile legale ale consumatorului.<\/p>\n<p><strong><br \/>\nRaportarea unei cereri de garan\u021bie<\/strong><\/p>\n<p>Dup\u0103 descoperirea defectului, consumatorul este obligat s\u0103 raporteze imediat defectul. Consumatorul este responsabil pentru daunele rezultate din \u00eent\u00e2rzierea comunic\u0103rii. Drepturile de garan\u021bie pot fi revendicate de proprietarul produsului de consum, cu condi\u021bia ca acesta s\u0103 fie considerat consumator. Consumatorul este Ptk. conform unei persoane care \u00eencheie un contract \u00eentr-un scop \u00een afara sferei activit\u0103\u021bii economice sau profesionale, care \u00ee\u0219i anun\u021b\u0103 cererea de garan\u021bie prin prezentarea unei facturi \u0219i a unui card de garan\u021bie. Drepturile care decurg din garan\u021bie pot fi revendicate cu cardul de garan\u021bie. Consumatorul \u00ee\u0219i poate face reclama\u021bia de repara\u021bie direct la sediul companiei, la orice loca\u021bie, sucursal\u0103, sau la serviciul de repara\u021bii indicat de companie pe cardul de garan\u021bie. Garan\u021bia poate fi declarat\u0103 \u00een principal la urm\u0103toarea adres\u0103: 7673 P\u00e9cs-Cserk\u00fat 089\/36 hrsz. \u00cen cazul unui litigiu de consum, consumatorul poate ini\u021bia \u0219i procedura comisiei de conciliere operate de camerele de comer\u021b \u0219i industrie jude\u021bene.<\/p>\n<p><strong>Drepturile consumatorului \u00een temeiul garan\u021biei<\/strong><\/p>\n<p>Consumatorul este supus Legii V din 2013 privind Codul civil 6:159. conform regulilor prev\u0103zute la \u00a7 2 \u2212 poate solicita repararea sau \u00eenlocuirea, cu excep\u021bia cazului \u00een care \u00eendeplinirea revendic\u0103rii de garan\u021bie alese este imposibil\u0103, sau dac\u0103 ar duce la costuri suplimentare dispropor\u021bionate pentru creditor, fa\u021b\u0103 de \u00eendeplinirea unei alte cereri de garan\u021bie, lu\u00e2nd \u021bin\u00e2nd cont de valoarea reprezentat\u0103 de produsul de consum \u00een perfect\u0103 stare, \u00eenc\u0103lcarea greut\u0103\u021bii contractului \u0219i prejudiciul cauzat titularului dreptului prin \u00eendeplinirea dreptului de garan\u021bie. \u00cen repara\u021bie, este, de asemenea, necesar s\u0103 \u00een\u021belege\u021bi reinstalarea. \u00cen timpul repara\u021biilor, numai piese noi pot fi instalate \u00een produs. \u00cen cazul \u00een care, la prima repara\u021bie a produsului de larg consum, societatea stabile\u0219te c\u0103 produsul de larg consum nu poate fi reparat, societatea este obligat\u0103 s\u0103 \u00eenlocuiasc\u0103 produsul de larg consum \u00een termen de opt zile, dac\u0103 nu dispune altfel de c\u0103tre consumator. \u00cen cazul \u00een care nu este posibil\u0103 schimbarea produsului de consum, societatea este obligat\u0103 s\u0103 restituie consumatorului pre\u021bul de achizi\u021bie \u00een termen de opt zile de la data facturii sau chitan\u021bei emise \u00een baza Legii TVA. \u00cen cazul \u00een care articolul de consum nu este reparat \u00een cea de-a treizecea zi de la notificarea cererii de repara\u021bie c\u0103tre companie, &#8211; dac\u0103 nu dispune altfel de c\u0103tre consumator &#8211; societatea este obligat\u0103 s\u0103 \u00eenlocuiasc\u0103 produsul de consum \u00een termen de opt zile de la expirarea nereu\u0219it\u0103 a termenului de treizeci \u0219i termen de zi. Consumatorul poate trece de la dreptul de garan\u021bie la alegerea sa la altul, dar este obligat s\u0103 pl\u0103teasc\u0103 costurile cauzate de trecerea c\u0103tre companie, cu excep\u021bia cazului \u00een care societatea a dat un motiv pentru schimbare, sau schimbarea a fost altfel justificat\u0103. \u00cen cazul \u00een care societatea nu a \u00eentreprins repara\u021bia sau \u00eenlocuirea, sau nu este \u00een m\u0103sur\u0103 s\u0103 o fac\u0103 \u00een termenul corespunz\u0103tor acestei obliga\u021bii, f\u0103r\u0103 a cauza inconveniente semnificative consumatorului, consumatorul poate solicita reducerea propor\u021bional\u0103 a pre\u021bului de achizi\u021bie sau repararea defec\u021biunii la cheltuiala companiei el \u00eensu\u0219i sau pune pe altcineva s\u0103 o repare sau s\u0103 \u00eenceteze din contract. Nu exist\u0103 loc de anulare din cauza unei erori nesemnificative. Dac\u0103, \u00een perioada de garan\u021bie specificat\u0103, produsul de consum defecteaz\u0103 din nou dup\u0103 ce a fost reparat de trei ori &#8211; \u00een absen\u021ba unei prevederi diferite de c\u0103tre consumator &#8211; \u0219i dac\u0103 Legea V din 2013 privind Codul civil 6:159. \u00cen baza \u00a7 (2) lit. b), consumatorul nu cere o reducere propor\u021bional\u0103 a pre\u021bului de achizi\u021bie, iar consumatorul nu dore\u0219te s\u0103 repare produsul de consum pe cheltuiala companiei sau s\u0103 \u00eel fac\u0103 reparat de c\u0103tre altcineva, societatea este obligat\u0103. s\u0103 \u00eenlocuiasc\u0103 produsul de consum \u00een termen de opt zile. \u00cen cazul \u00een care consumatorul sus\u021bine o cerere de \u00eenlocuire \u00een termen de trei zile lucr\u0103toare de la achizi\u021bie (punerea \u00een func\u021biune) din cauza defec\u021biunii produsului de consum, societatea nu poate pretinde costuri suplimentare dispropor\u021bionate, ci este obligat\u0103 s\u0103 \u00eenlocuiasc\u0103 produsul de consum, cu condi\u021bia ca defec\u021biunea s\u0103 \u00eempiedice realizarea prev\u0103zut\u0103 de utilizare.<\/p>\n<\/div><\/section>\n\n","protected":false},"excerpt":{"rendered":"","protected":false},"author":1,"featured_media":0,"parent":8630,"menu_order":0,"comment_status":"closed","ping_status":"closed","template":"","meta":{"_monsterinsights_skip_tracking":false,"_monsterinsights_sitenote_active":false,"_monsterinsights_sitenote_note":"","_monsterinsights_sitenote_category":0,"footnotes":""},"class_list":["post-8629","page","type-page","status-publish","hentry"],"yoast_head":"<!-- This site is optimized with the Yoast SEO Premium plugin v27.1 (Yoast SEO v27.1.1) - https:\/\/yoast.com\/product\/yoast-seo-premium-wordpress\/ -->\n<title>Garan\u021bie - Berdo Alutechnic<\/title>\n<meta name=\"robots\" content=\"index, follow, max-snippet:-1, max-image-preview:large, max-video-preview:-1\" \/>\n<link rel=\"canonical\" href=\"https:\/\/berdoalutechnic.hu\/ro\/produse-finite\/informatii\/garantie\/\" \/>\n<meta property=\"og:locale\" content=\"ro_RO\" \/>\n<meta property=\"og:type\" content=\"article\" \/>\n<meta property=\"og:title\" content=\"Garan\u021bie\" \/>\n<meta property=\"og:url\" content=\"https:\/\/berdoalutechnic.hu\/ro\/produse-finite\/informatii\/garantie\/\" \/>\n<meta property=\"og:site_name\" content=\"Berdo Alutechnic\" \/>\n<meta property=\"article:modified_time\" content=\"2024-08-03T15:30:32+00:00\" \/>\n<meta name=\"twitter:card\" content=\"summary_large_image\" \/>\n<meta name=\"twitter:label1\" content=\"Timp estimat pentru citire\" \/>\n\t<meta name=\"twitter:data1\" content=\"5 minute\" \/>\n<script type=\"application\/ld+json\" class=\"yoast-schema-graph\">{\"@context\":\"https:\/\/schema.org\",\"@graph\":[{\"@type\":\"WebPage\",\"@id\":\"https:\/\/berdoalutechnic.hu\/ro\/produse-finite\/informatii\/garantie\/\",\"url\":\"https:\/\/berdoalutechnic.hu\/ro\/produse-finite\/informatii\/garantie\/\",\"name\":\"Garan\u021bie - Berdo Alutechnic\",\"isPartOf\":{\"@id\":\"https:\/\/berdoalutechnic.hu\/#website\"},\"datePublished\":\"2023-12-10T12:10:26+00:00\",\"dateModified\":\"2024-08-03T15:30:32+00:00\",\"breadcrumb\":{\"@id\":\"https:\/\/berdoalutechnic.hu\/ro\/produse-finite\/informatii\/garantie\/#breadcrumb\"},\"inLanguage\":\"ro-RO\",\"potentialAction\":[{\"@type\":\"ReadAction\",\"target\":[\"https:\/\/berdoalutechnic.hu\/ro\/produse-finite\/informatii\/garantie\/\"]}]},{\"@type\":\"BreadcrumbList\",\"@id\":\"https:\/\/berdoalutechnic.hu\/ro\/produse-finite\/informatii\/garantie\/#breadcrumb\",\"itemListElement\":[{\"@type\":\"ListItem\",\"position\":1,\"name\":\"Kezd\u0151lap\",\"item\":\"https:\/\/berdoalutechnic.hu\/ro\/pagina-principala\/\"},{\"@type\":\"ListItem\",\"position\":2,\"name\":\"Produse finite\",\"item\":\"https:\/\/berdoalutechnic.hu\/ro\/produse-finite\/\"},{\"@type\":\"ListItem\",\"position\":3,\"name\":\"Informa\u021bii\",\"item\":\"https:\/\/berdoalutechnic.hu\/ro\/produse-finite\/informatii\/\"},{\"@type\":\"ListItem\",\"position\":4,\"name\":\"Garan\u021bie\"}]},{\"@type\":\"WebSite\",\"@id\":\"https:\/\/berdoalutechnic.hu\/#website\",\"url\":\"https:\/\/berdoalutechnic.hu\/\",\"name\":\"Berdo Alutechnic\",\"description\":\"\",\"publisher\":{\"@id\":\"https:\/\/berdoalutechnic.hu\/#organization\"},\"potentialAction\":[{\"@type\":\"SearchAction\",\"target\":{\"@type\":\"EntryPoint\",\"urlTemplate\":\"https:\/\/berdoalutechnic.hu\/?s={search_term_string}\"},\"query-input\":{\"@type\":\"PropertyValueSpecification\",\"valueRequired\":true,\"valueName\":\"search_term_string\"}}],\"inLanguage\":\"ro-RO\"},{\"@type\":\"Organization\",\"@id\":\"https:\/\/berdoalutechnic.hu\/#organization\",\"name\":\"Berdo Alutechnic\",\"url\":\"https:\/\/berdoalutechnic.hu\/\",\"logo\":{\"@type\":\"ImageObject\",\"inLanguage\":\"ro-RO\",\"@id\":\"https:\/\/berdoalutechnic.hu\/#\/schema\/logo\/image\/\",\"url\":\"https:\/\/berdoalutechnic.hu\/wp-content\/uploads\/BALogo_email_tiny.png\",\"contentUrl\":\"https:\/\/berdoalutechnic.hu\/wp-content\/uploads\/BALogo_email_tiny.png\",\"width\":338,\"height\":167,\"caption\":\"Berdo Alutechnic\"},\"image\":{\"@id\":\"https:\/\/berdoalutechnic.hu\/#\/schema\/logo\/image\/\"}}]}<\/script>\n<!-- \/ Yoast SEO Premium plugin. -->","yoast_head_json":{"title":"Garan\u021bie - Berdo Alutechnic","robots":{"index":"index","follow":"follow","max-snippet":"max-snippet:-1","max-image-preview":"max-image-preview:large","max-video-preview":"max-video-preview:-1"},"canonical":"https:\/\/berdoalutechnic.hu\/ro\/produse-finite\/informatii\/garantie\/","og_locale":"ro_RO","og_type":"article","og_title":"Garan\u021bie","og_url":"https:\/\/berdoalutechnic.hu\/ro\/produse-finite\/informatii\/garantie\/","og_site_name":"Berdo Alutechnic","article_modified_time":"2024-08-03T15:30:32+00:00","twitter_card":"summary_large_image","twitter_misc":{"Timp estimat pentru citire":"5 minute"},"schema":{"@context":"https:\/\/schema.org","@graph":[{"@type":"WebPage","@id":"https:\/\/berdoalutechnic.hu\/ro\/produse-finite\/informatii\/garantie\/","url":"https:\/\/berdoalutechnic.hu\/ro\/produse-finite\/informatii\/garantie\/","name":"Garan\u021bie - Berdo Alutechnic","isPartOf":{"@id":"https:\/\/berdoalutechnic.hu\/#website"},"datePublished":"2023-12-10T12:10:26+00:00","dateModified":"2024-08-03T15:30:32+00:00","breadcrumb":{"@id":"https:\/\/berdoalutechnic.hu\/ro\/produse-finite\/informatii\/garantie\/#breadcrumb"},"inLanguage":"ro-RO","potentialAction":[{"@type":"ReadAction","target":["https:\/\/berdoalutechnic.hu\/ro\/produse-finite\/informatii\/garantie\/"]}]},{"@type":"BreadcrumbList","@id":"https:\/\/berdoalutechnic.hu\/ro\/produse-finite\/informatii\/garantie\/#breadcrumb","itemListElement":[{"@type":"ListItem","position":1,"name":"Kezd\u0151lap","item":"https:\/\/berdoalutechnic.hu\/ro\/pagina-principala\/"},{"@type":"ListItem","position":2,"name":"Produse finite","item":"https:\/\/berdoalutechnic.hu\/ro\/produse-finite\/"},{"@type":"ListItem","position":3,"name":"Informa\u021bii","item":"https:\/\/berdoalutechnic.hu\/ro\/produse-finite\/informatii\/"},{"@type":"ListItem","position":4,"name":"Garan\u021bie"}]},{"@type":"WebSite","@id":"https:\/\/berdoalutechnic.hu\/#website","url":"https:\/\/berdoalutechnic.hu\/","name":"Berdo Alutechnic","description":"","publisher":{"@id":"https:\/\/berdoalutechnic.hu\/#organization"},"potentialAction":[{"@type":"SearchAction","target":{"@type":"EntryPoint","urlTemplate":"https:\/\/berdoalutechnic.hu\/?s={search_term_string}"},"query-input":{"@type":"PropertyValueSpecification","valueRequired":true,"valueName":"search_term_string"}}],"inLanguage":"ro-RO"},{"@type":"Organization","@id":"https:\/\/berdoalutechnic.hu\/#organization","name":"Berdo Alutechnic","url":"https:\/\/berdoalutechnic.hu\/","logo":{"@type":"ImageObject","inLanguage":"ro-RO","@id":"https:\/\/berdoalutechnic.hu\/#\/schema\/logo\/image\/","url":"https:\/\/berdoalutechnic.hu\/wp-content\/uploads\/BALogo_email_tiny.png","contentUrl":"https:\/\/berdoalutechnic.hu\/wp-content\/uploads\/BALogo_email_tiny.png","width":338,"height":167,"caption":"Berdo Alutechnic"},"image":{"@id":"https:\/\/berdoalutechnic.hu\/#\/schema\/logo\/image\/"}}]}},"_links":{"self":[{"href":"https:\/\/berdoalutechnic.hu\/ro\/wp-json\/wp\/v2\/pages\/8629","targetHints":{"allow":["GET"]}}],"collection":[{"href":"https:\/\/berdoalutechnic.hu\/ro\/wp-json\/wp\/v2\/pages"}],"about":[{"href":"https:\/\/berdoalutechnic.hu\/ro\/wp-json\/wp\/v2\/types\/page"}],"author":[{"embeddable":true,"href":"https:\/\/berdoalutechnic.hu\/ro\/wp-json\/wp\/v2\/users\/1"}],"replies":[{"embeddable":true,"href":"https:\/\/berdoalutechnic.hu\/ro\/wp-json\/wp\/v2\/comments?post=8629"}],"version-history":[{"count":3,"href":"https:\/\/berdoalutechnic.hu\/ro\/wp-json\/wp\/v2\/pages\/8629\/revisions"}],"predecessor-version":[{"id":8637,"href":"https:\/\/berdoalutechnic.hu\/ro\/wp-json\/wp\/v2\/pages\/8629\/revisions\/8637"}],"up":[{"embeddable":true,"href":"https:\/\/berdoalutechnic.hu\/ro\/wp-json\/wp\/v2\/pages\/8630"}],"wp:attachment":[{"href":"https:\/\/berdoalutechnic.hu\/ro\/wp-json\/wp\/v2\/media?parent=8629"}],"curies":[{"name":"wp","href":"https:\/\/api.w.org\/{rel}","templated":true}]}}