{"id":8651,"date":"2023-08-29T20:00:38","date_gmt":"2023-08-29T18:00:38","guid":{"rendered":"https:\/\/berdoalutechnic.hu\/?page_id=8651"},"modified":"2024-08-03T17:45:10","modified_gmt":"2024-08-03T15:45:10","slug":"contact","status":"publish","type":"page","link":"https:\/\/berdoalutechnic.hu\/ro\/contact\/","title":{"rendered":"Contact"},"content":{"rendered":"<div id='av-layout-grid-1'  class='av-layout-grid-container av-18u3x87-5467f22f43d6a6459e936a5fcf817b5f entry-content-wrapper socket_color av-flex-cells  avia-builder-el-0  el_before_av_section  avia-builder-el-first   container_wrap fullsize'  >\n<div class='flex_cell av-17s71fb-cf6a90fdc281ebaeaa4d71ea80dd3e54 av-gridrow-cell av_one_full no_margin  avia-builder-el-1  avia-builder-el-no-sibling '  ><div class='flex_cell_inner'>\n<style type=\"text\/css\" data-created_by=\"avia_inline_auto\" id=\"style-css-av-lmg4sgt9-b010b27cbc06a0ee82a9808c636ccb55\">\n#top .av-special-heading.av-lmg4sgt9-b010b27cbc06a0ee82a9808c636ccb55{\npadding-bottom:10px;\n}\nbody .av-special-heading.av-lmg4sgt9-b010b27cbc06a0ee82a9808c636ccb55 .av-special-heading-tag .heading-char{\nfont-size:25px;\n}\n.av-special-heading.av-lmg4sgt9-b010b27cbc06a0ee82a9808c636ccb55 .av-subheading{\nfont-size:15px;\n}\n<\/style>\n<div  class='av-special-heading av-lmg4sgt9-b010b27cbc06a0ee82a9808c636ccb55 av-special-heading-h1 blockquote modern-quote modern-centered  avia-builder-el-2  avia-builder-el-no-sibling '><h1 class='av-special-heading-tag'  itemprop=\"headline\"  >Contact<\/h1><div class=\"special-heading-border\"><div class=\"special-heading-inner-border\"><\/div><\/div><\/div>\n<\/div><\/div><\/div><div id='av_section_1'  class='avia-section av-49btxj-9afa6fd450f4b11b0099764458cfdba2 main_color avia-section-default avia-no-border-styling  avia-builder-el-3  el_after_av_layout_row  el_before_av_section  avia-bg-style-scroll container_wrap fullsize'  ><div class='container av-section-cont-open' ><div class='template-page content  av-content-full alpha units'><div class='post-entry post-entry-type-page post-entry-8651'><div class='entry-content-wrapper clearfix'>\n<div  class='flex_column av-150gi5z-20119032e7891bca8bf191b7eeb2c407 av_one_half  avia-builder-el-4  el_before_av_one_half  avia-builder-el-first  first flex_column_div  '     ><p>\n<style type=\"text\/css\" data-created_by=\"avia_inline_auto\" id=\"style-css-av-lmg4x445-09a2111a225b29efc86c280e53559cb9\">\n#top .av-special-heading.av-lmg4x445-09a2111a225b29efc86c280e53559cb9{\nmargin:10px 0 0 0;\npadding-bottom:0;\n}\nbody .av-special-heading.av-lmg4x445-09a2111a225b29efc86c280e53559cb9 .av-special-heading-tag .heading-char{\nfont-size:25px;\n}\n#top #wrap_all .av-special-heading.av-lmg4x445-09a2111a225b29efc86c280e53559cb9 .av-special-heading-tag{\npadding:0 0 0 0;\n}\n.av-special-heading.av-lmg4x445-09a2111a225b29efc86c280e53559cb9 .av-subheading{\nfont-size:15px;\n}\n<\/style>\n<div  class='av-special-heading av-lmg4x445-09a2111a225b29efc86c280e53559cb9 av-special-heading-h3 blockquote modern-quote  avia-builder-el-5  el_before_av_hr  avia-builder-el-first '><h3 class='av-special-heading-tag'  itemprop=\"headline\"  >Berdo Alutechnic<\/h3><div class=\"special-heading-border\"><div class=\"special-heading-inner-border\"><\/div><\/div><\/div><br \/>\n\n<style type=\"text\/css\" data-created_by=\"avia_inline_auto\" id=\"style-css-av-2mouk7-c635922a6cd843383539f58014806ad2\">\n#top .hr.av-2mouk7-c635922a6cd843383539f58014806ad2{\nmargin-top:10px;\nmargin-bottom:10px;\n}\n.hr.av-2mouk7-c635922a6cd843383539f58014806ad2 .hr-inner{\nwidth:50px;\nborder-color:#066cff;\n}\n<\/style>\n<div  class='hr av-2mouk7-c635922a6cd843383539f58014806ad2 hr-custom  avia-builder-el-6  el_after_av_heading  el_before_av_image  hr-left hr-icon-no'><span class='hr-inner inner-border-av-border-fat'><span class=\"hr-inner-style\"><\/span><\/span><\/div><br \/>\n\n<style type=\"text\/css\" data-created_by=\"avia_inline_auto\" id=\"style-css-av-lmg4t7o0-f5396d90af5e185f4f4353237f908207\">\n.avia-image-container.av-lmg4t7o0-f5396d90af5e185f4f4353237f908207 img.avia_image{\nbox-shadow:none;\n}\n.avia-image-container.av-lmg4t7o0-f5396d90af5e185f4f4353237f908207 .av-image-caption-overlay-center{\ncolor:#ffffff;\n}\n<\/style>\n<div  class='avia-image-container av-lmg4t7o0-f5396d90af5e185f4f4353237f908207 av-styling- avia-align-center  avia-builder-el-7  el_after_av_hr  avia-builder-el-last '   itemprop=\"image\" itemscope=\"itemscope\" itemtype=\"https:\/\/schema.org\/ImageObject\" ><div class=\"avia-image-container-inner\"><div class=\"avia-image-overlay-wrap\"><img decoding=\"async\" class='wp-image-6664 avia-img-lazy-loading-not-6664 avia_image ' src=\"https:\/\/berdoalutechnic.hu\/wp-content\/uploads\/RM_113.jpg\" alt='' title='RM_113'  height=\"1920\" width=\"1280\"  itemprop=\"thumbnailUrl\" srcset=\"https:\/\/berdoalutechnic.hu\/wp-content\/uploads\/RM_113.jpg 1280w, https:\/\/berdoalutechnic.hu\/wp-content\/uploads\/RM_113-200x300.jpg 200w, https:\/\/berdoalutechnic.hu\/wp-content\/uploads\/RM_113-687x1030.jpg 687w, https:\/\/berdoalutechnic.hu\/wp-content\/uploads\/RM_113-768x1152.jpg 768w, https:\/\/berdoalutechnic.hu\/wp-content\/uploads\/RM_113-1024x1536.jpg 1024w, https:\/\/berdoalutechnic.hu\/wp-content\/uploads\/RM_113-1000x1500.jpg 1000w, https:\/\/berdoalutechnic.hu\/wp-content\/uploads\/RM_113-470x705.jpg 470w, https:\/\/berdoalutechnic.hu\/wp-content\/uploads\/RM_113-450x675.jpg 450w, https:\/\/berdoalutechnic.hu\/wp-content\/uploads\/RM_113-600x900.jpg 600w\" sizes=\"(max-width: 1280px) 100vw, 1280px\" \/><\/div><\/div><\/div><\/p><\/div><div  class='flex_column av-3v3cuv-3145cb7a593052def3ef0001be0f452f av_one_half  avia-builder-el-8  el_after_av_one_half  avia-builder-el-last  flex_column_div  '     ><p>\n<style type=\"text\/css\" data-created_by=\"avia_inline_auto\" id=\"style-css-av-10kk487-1168de662947aa576b89f9431751a458\">\n#top .av-special-heading.av-10kk487-1168de662947aa576b89f9431751a458{\nmargin:10px 0 0 0;\npadding-bottom:0;\n}\nbody .av-special-heading.av-10kk487-1168de662947aa576b89f9431751a458 .av-special-heading-tag .heading-char{\nfont-size:25px;\n}\n#top #wrap_all .av-special-heading.av-10kk487-1168de662947aa576b89f9431751a458 .av-special-heading-tag{\npadding:0 0 0 0;\n}\n.av-special-heading.av-10kk487-1168de662947aa576b89f9431751a458 .av-subheading{\nfont-size:15px;\n}\n<\/style>\n<div  class='av-special-heading av-10kk487-1168de662947aa576b89f9431751a458 av-special-heading-h3 blockquote modern-quote  avia-builder-el-9  el_before_av_hr  avia-builder-el-first '><h3 class='av-special-heading-tag'  itemprop=\"headline\"  >Trimitere mesaj<\/h3><div class=\"special-heading-border\"><div class=\"special-heading-inner-border\"><\/div><\/div><\/div><br \/>\n\n<style type=\"text\/css\" data-created_by=\"avia_inline_auto\" id=\"style-css-av-zym2vb-c65f0603bb171e43e781ee33bc0d6bfe\">\n#top .hr.av-zym2vb-c65f0603bb171e43e781ee33bc0d6bfe{\nmargin-top:10px;\nmargin-bottom:10px;\n}\n.hr.av-zym2vb-c65f0603bb171e43e781ee33bc0d6bfe .hr-inner{\nwidth:50px;\nborder-color:#066cff;\n}\n<\/style>\n<div  class='hr av-zym2vb-c65f0603bb171e43e781ee33bc0d6bfe hr-custom  avia-builder-el-10  el_after_av_heading  el_before_av_contact  hr-left hr-icon-no'><span class='hr-inner inner-border-av-border-fat'><span class=\"hr-inner-style\"><\/span><\/span><\/div><br \/>\n<form action=\"https:\/\/berdoalutechnic.hu\/ro\/contact\/\" method=\"post\" data-fields-with-error=\"Found errors in the following field(s):\" class=\"avia_ajax_form av-form-labels-hidden   avia-builder-el-11  el_after_av_hr  avia-builder-el-last   \" data-avia-form-id=\"1\" data-avia-redirect='' ><h3 class=''>Trimite un mesaj<\/h3><fieldset><p class='  first_form  form_element form_fullwidth' id='element_avia_1_1'><label for=\"avia_1_1\">Numele <abbr class=\"required\" title=\"required\">*<\/abbr><\/label> <input name=\"avia_1_1\" class=\"text_input is_empty\" type=\"text\" id=\"avia_1_1\" value=\"\"  placeholder='Numele*'\/><\/p><p class='  first_form  form_element form_fullwidth' id='element_avia_2_1'><label for=\"avia_2_1\">Adresa e-mail <abbr class=\"required\" title=\"required\">*<\/abbr><\/label> <input name=\"avia_2_1\" class=\"text_input is_email\" type=\"text\" id=\"avia_2_1\" value=\"\"  placeholder='Adresa e-mail*'\/><\/p><p class='  first_form  form_element form_fullwidth' id='element_avia_3_1'><label for=\"avia_3_1\">Subiect <abbr class=\"required\" title=\"required\">*<\/abbr><\/label> <input name=\"avia_3_1\" class=\"text_input is_empty\" type=\"text\" id=\"avia_3_1\" value=\"\"  placeholder='Subiect*'\/><\/p><p class='  first_form  form_element form_fullwidth' id='element_avia_4_1'><label for=\"avia_4_1\" class=\"textare_label hidden textare_label_avia_4_1\">Mesaj <abbr class=\"required\" title=\"required\">*<\/abbr><\/label><textarea  placeholder='Mesaj*' name=\"avia_4_1\" class=\"text_area is_empty\" cols=\"40\" rows=\"7\" id=\"avia_4_1\" ><\/textarea><\/p><p class=\"hidden\"><input type=\"text\" name=\"avia_5_1\" class=\"hidden \" id=\"avia_5_1\" value=\"\" \/><\/p><p class='   form_element form_fullwidth' id='element_avia_6_1'><span class='value_verifier_label'>0 + 4 = ?<\/span><input name=\"avia_6_1_verifier\" type=\"hidden\" id=\"avia_6_1_verifier\" value=\"625144247\"\/><label for=\"avia_6_1\">V\u0103 rug\u0103m s\u0103 dovede\u0219ti c\u0103 e\u0219ti om de rezolvarea ecuatiei <abbr class=\"required\" title=\"required\">*<\/abbr><\/label><input name=\"avia_6_1\" class=\"text_input captcha\" type=\"text\" id=\"avia_6_1\" value=\"\"\/><\/p><p class=\"form_element \"><input type=\"hidden\" value=\"1\" name=\"avia_generated_form1\" \/><input type=\"submit\" value=\"Trimite\" class=\"button\"  data-sending-label=\"Sending\"\/><\/p><\/fieldset><\/form><div id=\"ajaxresponse_1\" class=\"ajaxresponse ajaxresponse_1 hidden\"><\/div><\/p><\/div><\/div><\/div><\/div><!-- close content main div --><\/div><\/div>\n<style type=\"text\/css\" data-created_by=\"avia_inline_auto\" id=\"style-css-av-2js94n-e68c6e7cb9058700ca175bdca9e4d979\">\n.avia-section.av-2js94n-e68c6e7cb9058700ca175bdca9e4d979{\nbackground-color:#033a7d;\nbackground-image:unset;\n}\n<\/style>\n<div id='av_section_2'  class='avia-section av-2js94n-e68c6e7cb9058700ca175bdca9e4d979 main_color avia-section-default avia-no-border-styling  avia-builder-el-12  el_after_av_section  avia-builder-el-last  avia-bg-style-scroll container_wrap fullsize'  ><div class='container av-section-cont-open' ><div class='template-page content  av-content-full alpha units'><div class='post-entry post-entry-type-page post-entry-8651'><div class='entry-content-wrapper clearfix'>\n<div  class='flex_column av-nngxlj-0efae10d23e520333e245c8c186bad45 av_one_half  avia-builder-el-13  el_before_av_one_half  avia-builder-el-first  first flex_column_div  '     ><style type=\"text\/css\" data-created_by=\"avia_inline_auto\" id=\"style-css-av-lyei2v-db291024c13d22499edb36a630ad7d28\">\n#top .av-special-heading.av-lyei2v-db291024c13d22499edb36a630ad7d28{\nmargin:10px 0 0 0;\npadding-bottom:0;\ncolor:#ffffff;\n}\nbody .av-special-heading.av-lyei2v-db291024c13d22499edb36a630ad7d28 .av-special-heading-tag .heading-char{\nfont-size:25px;\n}\n#top #wrap_all .av-special-heading.av-lyei2v-db291024c13d22499edb36a630ad7d28 .av-special-heading-tag{\npadding:0 0 0 0;\n}\n.av-special-heading.av-lyei2v-db291024c13d22499edb36a630ad7d28 .special-heading-inner-border{\nborder-color:#ffffff;\n}\n.av-special-heading.av-lyei2v-db291024c13d22499edb36a630ad7d28 .av-subheading{\nfont-size:15px;\n}\n<\/style>\n<div  class='av-special-heading av-lyei2v-db291024c13d22499edb36a630ad7d28 av-special-heading-h1 custom-color-heading blockquote modern-quote  avia-builder-el-14  avia-builder-el-no-sibling '><h1 class='av-special-heading-tag'  itemprop=\"headline\"  >Contact<\/h1><div class=\"special-heading-border\"><div class=\"special-heading-inner-border\"><\/div><\/div><\/div><\/div><div  class='flex_column av-kg9cbr-5c276a75a26aa12f49d94da45de2fa70 av_one_half  avia-builder-el-15  el_after_av_one_half  avia-builder-el-last  flex_column_div  '     ><style type=\"text\/css\" data-created_by=\"avia_inline_auto\" id=\"style-css-av-1u66on-a07111a218440832a733b124cff4455d\">\n#top .avia-icon-list-container.av-1u66on-a07111a218440832a733b124cff4455d .iconlist_icon{\ncolor:#ffffff;\nbackground-color:#ffffff00;\nborder:1px solid #ffffff;\n}\n#top #wrap_all .avia-icon-list-container.av-1u66on-a07111a218440832a733b124cff4455d .av_iconlist_title{\ncolor:#ffffff;\n}\n.avia-icon-list-container.av-1u66on-a07111a218440832a733b124cff4455d .iconlist_content{\ncolor:#ffffff;\n}\n<\/style>\n<div  class='avia-icon-list-container av-1u66on-a07111a218440832a733b124cff4455d  avia-builder-el-16  avia-builder-el-no-sibling '><ul class='avia-icon-list avia_animate_when_almost_visible avia-icon-list-left av-iconlist-small av-1u66on-a07111a218440832a733b124cff4455d avia-iconlist-animate'>\n<li><div class='iconlist_icon av-h7i8lj-0dea889ba61207cbb72ffbc37228ef83 avia-font-entypo-fontello'><span class='iconlist-char' aria-hidden='true' data-av_icon='\ue854' data-av_iconfont='entypo-fontello'><\/span><\/div><article class=\"article-icon-entry av-iconlist-empty\"  itemscope=\"itemscope\" itemtype=\"https:\/\/schema.org\/CreativeWork\" ><div class=\"iconlist_content_wrap\"><header class=\"entry-content-header\"><div class='av_iconlist_title iconlist_title_small  av_inherit_color'  itemprop=\"headline\" >+36 70 415 5746<\/div><\/header><div class='iconlist_content av_inherit_color'  itemprop=\"text\" ><\/div><\/div><footer class=\"entry-footer\"><\/footer><\/article><div class=\"iconlist-timeline\"><\/div><\/li>\n<li><div class='iconlist_icon av-f6oa5z-30c9ce8ed6d33e60c00998d71f940c98 avia-font-entypo-fontello'><span class='iconlist-char' aria-hidden='true' data-av_icon='\ue842' data-av_iconfont='entypo-fontello'><\/span><\/div><article class=\"article-icon-entry av-iconlist-empty\"  itemscope=\"itemscope\" itemtype=\"https:\/\/schema.org\/CreativeWork\" ><div class=\"iconlist_content_wrap\"><header class=\"entry-content-header\"><div class='av_iconlist_title iconlist_title_small  av_inherit_color'  itemprop=\"headline\" >7635 Cserk\u00fat HSZ089\/36<\/div><\/header><div class='iconlist_content av_inherit_color'  itemprop=\"text\" ><\/div><\/div><footer class=\"entry-footer\"><\/footer><\/article><div class=\"iconlist-timeline\"><\/div><\/li>\n<li><div class='iconlist_icon av-eqtxrb-37775661971b479e1537f510fae11aee avia-font-entypo-fontello'><span class='iconlist-char' aria-hidden='true' data-av_icon='\ue805' data-av_iconfont='entypo-fontello'><\/span><\/div><article class=\"article-icon-entry av-iconlist-empty\"  itemscope=\"itemscope\" itemtype=\"https:\/\/schema.org\/CreativeWork\" ><div class=\"iconlist_content_wrap\"><header class=\"entry-content-header\"><div class='av_iconlist_title iconlist_title_small  av_inherit_color'  itemprop=\"headline\" >info@berdoalutechnic.hu<\/div><\/header><div class='iconlist_content av_inherit_color'  itemprop=\"text\" ><\/div><\/div><footer class=\"entry-footer\"><\/footer><\/article><div class=\"iconlist-timeline\"><\/div><\/li>\n<\/ul><\/div><\/div><\/p>\n","protected":false},"excerpt":{"rendered":"","protected":false},"author":1,"featured_media":0,"parent":0,"menu_order":0,"comment_status":"closed","ping_status":"closed","template":"","meta":{"_monsterinsights_skip_tracking":false,"_monsterinsights_sitenote_active":false,"_monsterinsights_sitenote_note":"","_monsterinsights_sitenote_category":0,"footnotes":""},"class_list":["post-8651","page","type-page","status-publish","hentry"],"yoast_head":"<!-- This site is optimized with the Yoast SEO Premium plugin v27.1 (Yoast SEO v27.1.1) - https:\/\/yoast.com\/product\/yoast-seo-premium-wordpress\/ -->\n<title>Contact - Berdo Alutechnic<\/title>\n<meta name=\"robots\" content=\"index, follow, max-snippet:-1, max-image-preview:large, max-video-preview:-1\" \/>\n<link rel=\"canonical\" href=\"https:\/\/berdoalutechnic.hu\/ro\/contact\/\" \/>\n<meta property=\"og:locale\" content=\"ro_RO\" \/>\n<meta property=\"og:type\" content=\"article\" \/>\n<meta property=\"og:title\" content=\"Contact\" \/>\n<meta property=\"og:url\" content=\"https:\/\/berdoalutechnic.hu\/ro\/contact\/\" \/>\n<meta property=\"og:site_name\" content=\"Berdo Alutechnic\" \/>\n<meta property=\"article:modified_time\" content=\"2024-08-03T15:45:10+00:00\" \/>\n<meta name=\"twitter:card\" content=\"summary_large_image\" \/>\n<meta name=\"twitter:label1\" content=\"Timp estimat pentru citire\" \/>\n\t<meta name=\"twitter:data1\" content=\"1 minut\" \/>\n<script type=\"application\/ld+json\" class=\"yoast-schema-graph\">{\"@context\":\"https:\/\/schema.org\",\"@graph\":[{\"@type\":\"WebPage\",\"@id\":\"https:\/\/berdoalutechnic.hu\/ro\/contact\/\",\"url\":\"https:\/\/berdoalutechnic.hu\/ro\/contact\/\",\"name\":\"Contact - Berdo Alutechnic\",\"isPartOf\":{\"@id\":\"https:\/\/berdoalutechnic.hu\/#website\"},\"datePublished\":\"2023-08-29T18:00:38+00:00\",\"dateModified\":\"2024-08-03T15:45:10+00:00\",\"breadcrumb\":{\"@id\":\"https:\/\/berdoalutechnic.hu\/ro\/contact\/#breadcrumb\"},\"inLanguage\":\"ro-RO\",\"potentialAction\":[{\"@type\":\"ReadAction\",\"target\":[\"https:\/\/berdoalutechnic.hu\/ro\/contact\/\"]}]},{\"@type\":\"BreadcrumbList\",\"@id\":\"https:\/\/berdoalutechnic.hu\/ro\/contact\/#breadcrumb\",\"itemListElement\":[{\"@type\":\"ListItem\",\"position\":1,\"name\":\"Kezd\u0151lap\",\"item\":\"https:\/\/berdoalutechnic.hu\/ro\/pagina-principala\/\"},{\"@type\":\"ListItem\",\"position\":2,\"name\":\"Contact\"}]},{\"@type\":\"WebSite\",\"@id\":\"https:\/\/berdoalutechnic.hu\/#website\",\"url\":\"https:\/\/berdoalutechnic.hu\/\",\"name\":\"Berdo Alutechnic\",\"description\":\"\",\"publisher\":{\"@id\":\"https:\/\/berdoalutechnic.hu\/#organization\"},\"potentialAction\":[{\"@type\":\"SearchAction\",\"target\":{\"@type\":\"EntryPoint\",\"urlTemplate\":\"https:\/\/berdoalutechnic.hu\/?s={search_term_string}\"},\"query-input\":{\"@type\":\"PropertyValueSpecification\",\"valueRequired\":true,\"valueName\":\"search_term_string\"}}],\"inLanguage\":\"ro-RO\"},{\"@type\":\"Organization\",\"@id\":\"https:\/\/berdoalutechnic.hu\/#organization\",\"name\":\"Berdo Alutechnic\",\"url\":\"https:\/\/berdoalutechnic.hu\/\",\"logo\":{\"@type\":\"ImageObject\",\"inLanguage\":\"ro-RO\",\"@id\":\"https:\/\/berdoalutechnic.hu\/#\/schema\/logo\/image\/\",\"url\":\"https:\/\/berdoalutechnic.hu\/wp-content\/uploads\/BALogo_email_tiny.png\",\"contentUrl\":\"https:\/\/berdoalutechnic.hu\/wp-content\/uploads\/BALogo_email_tiny.png\",\"width\":338,\"height\":167,\"caption\":\"Berdo Alutechnic\"},\"image\":{\"@id\":\"https:\/\/berdoalutechnic.hu\/#\/schema\/logo\/image\/\"}}]}<\/script>\n<!-- \/ Yoast SEO Premium plugin. -->","yoast_head_json":{"title":"Contact - Berdo Alutechnic","robots":{"index":"index","follow":"follow","max-snippet":"max-snippet:-1","max-image-preview":"max-image-preview:large","max-video-preview":"max-video-preview:-1"},"canonical":"https:\/\/berdoalutechnic.hu\/ro\/contact\/","og_locale":"ro_RO","og_type":"article","og_title":"Contact","og_url":"https:\/\/berdoalutechnic.hu\/ro\/contact\/","og_site_name":"Berdo Alutechnic","article_modified_time":"2024-08-03T15:45:10+00:00","twitter_card":"summary_large_image","twitter_misc":{"Timp estimat pentru citire":"1 minut"},"schema":{"@context":"https:\/\/schema.org","@graph":[{"@type":"WebPage","@id":"https:\/\/berdoalutechnic.hu\/ro\/contact\/","url":"https:\/\/berdoalutechnic.hu\/ro\/contact\/","name":"Contact - Berdo Alutechnic","isPartOf":{"@id":"https:\/\/berdoalutechnic.hu\/#website"},"datePublished":"2023-08-29T18:00:38+00:00","dateModified":"2024-08-03T15:45:10+00:00","breadcrumb":{"@id":"https:\/\/berdoalutechnic.hu\/ro\/contact\/#breadcrumb"},"inLanguage":"ro-RO","potentialAction":[{"@type":"ReadAction","target":["https:\/\/berdoalutechnic.hu\/ro\/contact\/"]}]},{"@type":"BreadcrumbList","@id":"https:\/\/berdoalutechnic.hu\/ro\/contact\/#breadcrumb","itemListElement":[{"@type":"ListItem","position":1,"name":"Kezd\u0151lap","item":"https:\/\/berdoalutechnic.hu\/ro\/pagina-principala\/"},{"@type":"ListItem","position":2,"name":"Contact"}]},{"@type":"WebSite","@id":"https:\/\/berdoalutechnic.hu\/#website","url":"https:\/\/berdoalutechnic.hu\/","name":"Berdo Alutechnic","description":"","publisher":{"@id":"https:\/\/berdoalutechnic.hu\/#organization"},"potentialAction":[{"@type":"SearchAction","target":{"@type":"EntryPoint","urlTemplate":"https:\/\/berdoalutechnic.hu\/?s={search_term_string}"},"query-input":{"@type":"PropertyValueSpecification","valueRequired":true,"valueName":"search_term_string"}}],"inLanguage":"ro-RO"},{"@type":"Organization","@id":"https:\/\/berdoalutechnic.hu\/#organization","name":"Berdo Alutechnic","url":"https:\/\/berdoalutechnic.hu\/","logo":{"@type":"ImageObject","inLanguage":"ro-RO","@id":"https:\/\/berdoalutechnic.hu\/#\/schema\/logo\/image\/","url":"https:\/\/berdoalutechnic.hu\/wp-content\/uploads\/BALogo_email_tiny.png","contentUrl":"https:\/\/berdoalutechnic.hu\/wp-content\/uploads\/BALogo_email_tiny.png","width":338,"height":167,"caption":"Berdo Alutechnic"},"image":{"@id":"https:\/\/berdoalutechnic.hu\/#\/schema\/logo\/image\/"}}]}},"_links":{"self":[{"href":"https:\/\/berdoalutechnic.hu\/ro\/wp-json\/wp\/v2\/pages\/8651","targetHints":{"allow":["GET"]}}],"collection":[{"href":"https:\/\/berdoalutechnic.hu\/ro\/wp-json\/wp\/v2\/pages"}],"about":[{"href":"https:\/\/berdoalutechnic.hu\/ro\/wp-json\/wp\/v2\/types\/page"}],"author":[{"embeddable":true,"href":"https:\/\/berdoalutechnic.hu\/ro\/wp-json\/wp\/v2\/users\/1"}],"replies":[{"embeddable":true,"href":"https:\/\/berdoalutechnic.hu\/ro\/wp-json\/wp\/v2\/comments?post=8651"}],"version-history":[{"count":3,"href":"https:\/\/berdoalutechnic.hu\/ro\/wp-json\/wp\/v2\/pages\/8651\/revisions"}],"predecessor-version":[{"id":8654,"href":"https:\/\/berdoalutechnic.hu\/ro\/wp-json\/wp\/v2\/pages\/8651\/revisions\/8654"}],"wp:attachment":[{"href":"https:\/\/berdoalutechnic.hu\/ro\/wp-json\/wp\/v2\/media?parent=8651"}],"curies":[{"name":"wp","href":"https:\/\/api.w.org\/{rel}","templated":true}]}}